{"id":7056,"date":"2024-09-10T13:39:24","date_gmt":"2024-09-10T05:39:24","guid":{"rendered":"https:\/\/www.sikortex.com\/?post_type=product&#038;p=7056"},"modified":"2025-08-18T14:04:33","modified_gmt":"2025-08-18T06:04:33","slug":"sk8344-poliester-bawelna-stretch-tkanina-4","status":"publish","type":"product","link":"https:\/\/www.sikortex.com\/pl\/produkt\/sk8344-poliester-bawelna-stretch-tkanina-4\/","title":{"rendered":"Tkaniny akrylowe barwione w roztworze do zastosowa\u0144 zewn\u0119trznych"},"content":{"rendered":"<p>Tkaniny akrylowe barwione w roztworze: wyj\u0105tkowa jako\u015b\u0107 dla Twoich potrzeb<\/p>\n<p>Je\u015bli chodzi o tkaniny, tkaniny akrylowe barwione w roztworze stanowi\u0105 wyr\u00f3\u017cniaj\u0105c\u0105 si\u0119 opcj\u0119, poniewa\u017c posiadaj\u0105 szereg cech, kt\u00f3re czyni\u0105 je niezwykle po\u017c\u0105danymi.<\/p>\n<p><strong>Zalety<\/strong>:<\/p>\n<p>Trwa\u0142o\u015b\u0107 kolor\u00f3w naszej barwionej w roztworze tkaniny akrylowej jest naprawd\u0119 niezwyk\u0142a. Dzi\u0119ki zdolno\u015bci do wytrzymania testu UV przez ponad 1500 godzin bez blakni\u0119cia, ta tkanina zapewnia, \u017ce jej \u017cywe odcienie b\u0119d\u0105 trwa\u0107 przez ponad 5 lat. Ta trwa\u0142o\u015b\u0107 koloru jest znacz\u0105c\u0105 zalet\u0105, szczeg\u00f3lnie w przypadku przedmiot\u00f3w, kt\u00f3re s\u0105 regularnie nara\u017cone na dzia\u0142anie \u015bwiat\u0142a s\u0142onecznego lub intensywnego o\u015bwietlenia. Niezale\u017cnie od tego, czy chodzi o meble ogrodowe, czy elementy dekoracyjne, mo\u017cesz by\u0107 pewien, \u017ce tkanina zachowa sw\u00f3j estetyczny wygl\u0105d.<\/p>\n<p>Elastyczno\u015b\u0107 zam\u00f3wie\u0144 to kolejna kluczowa zaleta. Nasza minimalna ilo\u015b\u0107 zam\u00f3wienia jest bardzo dostosowana, umo\u017cliwiaj\u0105c zar\u00f3wno klientom na ma\u0142\u0105, jak i du\u017c\u0105 skal\u0119 dost\u0119p do naszych wysokiej jako\u015bci tkanin. Standardowa szeroko\u015b\u0107 120 cm\/150 cm jest wygodna, a mo\u017cliwo\u015b\u0107 dostosowania szeroko\u015bci i kolor\u00f3w do konkretnych wymaga\u0144 daje naszym klientom swobod\u0119 tworzenia unikalnych i spersonalizowanych produkt\u00f3w.<\/p>\n<p>Wyko\u0144czenie teflonem na tkaninie zapewnia doskona\u0142\u0105 ochron\u0119. Jest ona odporna na olej, plamy i wod\u0119. Oznacza to, \u017ce przypadkowe rozlanie lub nara\u017cenie na r\u00f3\u017cne substancje mo\u017cna \u0142atwo naprawi\u0107. Cz\u0119sto wystarczy proste przetarcie, aby usun\u0105\u0107 plamy, dzi\u0119ki czemu konserwacja staje si\u0119 dziecinnie prosta. Ta cecha jest szczeg\u00f3lnie cenna w \u015brodowiskach, w kt\u00f3rych tkanina jest nara\u017cona na zabrudzenia lub wilgo\u0107.<\/p>\n<p><strong>Aplikacje<\/strong>:<\/p>\n<p>Zastosowania <span style=\"color: #3366ff;\"><a style=\"color: #3366ff;\" href=\"https:\/\/www.sikortex.com\/pl\/tkaniny-chroniace-przed-promieniowaniem-podczerwonym-3\/\">tkaniny akrylowe barwione w roztworze<\/a><\/span> s\u0105 r\u00f3\u017cnorodne. W przestrzeni zewn\u0119trznej s\u0105 idealne na poduszki na patio, parasole przeciws\u0142oneczne i zas\u0142ony zewn\u0119trzne. Odporno\u015b\u0107 tkaniny na promieniowanie UV i warunki atmosferyczne zapewniaj\u0105, \u017ce Twoje meble ogrodowe i dekoracje b\u0119d\u0105 wygl\u0105da\u0107 \u015bwietnie pomimo warunk\u00f3w atmosferycznych. W \u015bwiecie \u017ceglarskim mog\u0105 by\u0107 u\u017cywane do pokrowc\u00f3w na \u0142odzie i \u017cagle, poniewa\u017c wytrzymuj\u0105 trudne warunki na morzu. W przypadku wn\u0119trz domowych s\u0105 idealne do robienia zas\u0142on, dywan\u00f3w i tapicerki. Trwa\u0142o\u015b\u0107 tkaniny i \u0142atwo\u015b\u0107 czyszczenia sprawiaj\u0105, \u017ce jest to praktyczny wyb\u00f3r dla gospodarstw domowych. W sektorze komercyjnym mog\u0105 by\u0107 u\u017cywane w hotelach, restauracjach i kawiarniach na obrusy i pokrowce na krzes\u0142a.<\/p>\n<p>Podsumowuj\u0105c, barwione roztworem tkaniny akrylowe oferuj\u0105 unikaln\u0105 kombinacj\u0119 zalet. Ich trwa\u0142o\u015b\u0107 kolor\u00f3w, elastyczno\u015b\u0107 zam\u00f3wie\u0144 i wyko\u0144czenie ochronne sprawiaj\u0105, \u017ce s\u0105 doskona\u0142ym wyborem do szerokiej gamy zastosowa\u0144. Pomimo niewielkiego problemu z oddychalno\u015bci\u0105 w niekt\u00f3rych przypadkach, ich og\u00f3lna jako\u015b\u0107 i wydajno\u015b\u0107 s\u0105 naprawd\u0119 wyj\u0105tkowe. Skontaktuj si\u0119 z nami ju\u017c dzi\u015b, aby dowiedzie\u0107 si\u0119, w jaki spos\u00f3b te tkaniny mog\u0105 ulepszy\u0107 Twoje projekty.<\/p>\n<h4 style=\"text-align: center;\">Tkaniny akrylowe barwione w roztworze SIKOR-TEX TDS<\/h4>\n<table style=\"height: 757px;\" width=\"1333\">\n<tbody>\n<tr>\n<td style=\"text-align: center;\" width=\"271\"><strong>Elementy testowe<\/strong><\/td>\n<td style=\"text-align: center;\" width=\"229\"><strong>Metoda testowa<\/strong><\/td>\n<td style=\"text-align: center;\" width=\"218\"><strong>Wym\u00f3g<\/strong><\/td>\n<\/tr>\n<tr>\n<td style=\"text-align: center;\">Szeroko\u015b\u0107 rolki<\/td>\n<td style=\"text-align: center;\"><\/td>\n<td style=\"text-align: center;\" width=\"218\">54\u2033-61\u2033\/137-155 cm (\u00b12 cm)<\/td>\n<\/tr>\n<tr>\n<td style=\"text-align: center;\" width=\"271\">D\u0142ugo\u015b\u0107 rolki (\u015brednia)<\/td>\n<td style=\"text-align: center;\"><\/td>\n<td style=\"text-align: center;\" width=\"218\">50m<\/td>\n<\/tr>\n<tr>\n<td style=\"text-align: center;\" width=\"271\">Kompozycja<\/td>\n<td style=\"text-align: center;\"><\/td>\n<td style=\"text-align: center;\" width=\"218\">100%Solution Barwiony akryl<\/td>\n<\/tr>\n<tr>\n<td style=\"text-align: center;\">Waga<\/td>\n<td style=\"text-align: center;\"><\/td>\n<td style=\"text-align: center;\" width=\"218\">220-400g\/m\u00b2<\/td>\n<\/tr>\n<tr>\n<td style=\"text-align: center;\" width=\"271\">Odporno\u015b\u0107 kolor\u00f3w na tarcie<\/td>\n<td style=\"text-align: center;\">ISO 105-X12:2016<\/td>\n<td style=\"text-align: center;\" width=\"218\">Barwienie na sucho 4-5<br \/>\nBarwienie na mokro 4-5<\/td>\n<\/tr>\n<tr>\n<td style=\"text-align: center;\" width=\"271\">Odporno\u015b\u0107 kolor\u00f3w na \u015bwiat\u0142o<\/td>\n<td style=\"text-align: center;\" width=\"229\">ISO 105-B02:2014<\/td>\n<td style=\"text-align: center;\">8<\/td>\n<\/tr>\n<tr>\n<td style=\"text-align: center;\" width=\"271\">Odporno\u015b\u0107 kolor\u00f3w na warunki atmosferyczne<\/td>\n<td style=\"text-align: center;\">ISO 105-B04:1994<\/td>\n<td style=\"text-align: center;\">7<\/td>\n<\/tr>\n<tr>\n<td style=\"text-align: center;\" width=\"271\">Odporno\u015b\u0107 koloru na \u015bwiat\u0142o<br \/>\n(Po 1500 godzinach zmiany w Shad)<\/td>\n<td style=\"text-align: center;\" width=\"229\">AATCCTM 16.3-2014;<br \/>\nOpcja 3; Lampa \u0142ukowa ksenonowa<\/td>\n<td style=\"text-align: center;\" width=\"218\">4<\/td>\n<\/tr>\n<tr>\n<td style=\"text-align: center;\" width=\"271\">Wodoodporne<br \/>\n20\u00b12\u2103<\/td>\n<td style=\"text-align: center;\">1SO 4920:2012(E)Test natryskowy<\/td>\n<td style=\"text-align: center;\" width=\"218\">4-5<\/td>\n<\/tr>\n<tr>\n<td style=\"text-align: center;\" width=\"271\">\u015arodek odpychaj\u0105cy alkohol\/wod\u0119<br \/>\n0,6 cm 10s 45\u00b0<\/td>\n<td style=\"text-align: center;\">AATCC193<\/td>\n<td style=\"text-align: center;\">4<\/td>\n<\/tr>\n<tr>\n<td style=\"text-align: center;\" width=\"271\">\u015arodek odpychaj\u0105cy olej<br \/>\n0,6 cm 30 s 45\u00b0 27,3 mN\/m<\/td>\n<td style=\"text-align: center;\">AATCC118<\/td>\n<td style=\"text-align: center;\">3<\/td>\n<\/tr>\n<tr>\n<td style=\"text-align: center;\">Oceniony wsp\u00f3\u0142czynnik UPF<\/td>\n<td style=\"text-align: center;\">AATCC 183-2014<\/td>\n<td style=\"text-align: center;\" width=\"218\">50+<\/td>\n<\/tr>\n<\/tbody>\n<\/table>\n<p>&nbsp;<\/p>\n<p>&nbsp;<\/p>\n<p>&nbsp;<\/p>\n<p>&nbsp;<\/p>\n<p>&nbsp;<\/p>","protected":false},"excerpt":{"rendered":"<p><span style=\"vertical-align: inherit;\"><span style=\"vertical-align: inherit;\">1000 m (minimalne zam\u00f3wienie)<\/span><\/span><\/p>","protected":false},"featured_media":7125,"comment_status":"closed","ping_status":"closed","template":"","meta":{"_uag_custom_page_level_css":"","site-sidebar-layout":"default","site-content-layout":"default","ast-site-content-layout":"","site-content-style":"default","site-sidebar-style":"default","ast-global-header-display":"","ast-banner-title-visibility":"","ast-main-header-display":"","ast-hfb-above-header-display":"","ast-hfb-below-header-display":"","ast-hfb-mobile-header-display":"","site-post-title":"","ast-breadcrumbs-content":"","ast-featured-img":"","footer-sml-layout":"","theme-transparent-header-meta":"default","adv-header-id-meta":"","stick-header-meta":"default","header-above-stick-meta":"","header-main-stick-meta":"","header-below-stick-meta":"","astra-migrate-meta-layouts":"default","ast-page-background-enabled":"default","ast-page-background-meta":{"desktop":{"background-color":"","background-image":"","background-repeat":"repeat","background-position":"center center","background-size":"auto","background-attachment":"scroll","background-type":"","background-media":"","overlay-type":"","overlay-color":"","overlay-opacity":"","overlay-gradient":""},"tablet":{"background-color":"","background-image":"","background-repeat":"repeat","background-position":"center center","background-size":"auto","background-attachment":"scroll","background-type":"","background-media":"","overlay-type":"","overlay-color":"","overlay-opacity":"","overlay-gradient":""},"mobile":{"background-color":"","background-image":"","background-repeat":"repeat","background-position":"center center","background-size":"auto","background-attachment":"scroll","background-type":"","background-media":"","overlay-type":"","overlay-color":"","overlay-opacity":"","overlay-gradient":""}},"ast-content-background-meta":{"desktop":{"background-color":"var(--ast-global-color-5)","background-image":"","background-repeat":"repeat","background-position":"center center","background-size":"auto","background-attachment":"scroll","background-type":"","background-media":"","overlay-type":"","overlay-color":"","overlay-opacity":"","overlay-gradient":""},"tablet":{"background-color":"var(--ast-global-color-5)","background-image":"","background-repeat":"repeat","background-position":"center center","background-size":"auto","background-attachment":"scroll","background-type":"","background-media":"","overlay-type":"","overlay-color":"","overlay-opacity":"","overlay-gradient":""},"mobile":{"background-color":"var(--ast-global-color-5)","background-image":"","background-repeat":"repeat","background-position":"center center","background-size":"auto","background-attachment":"scroll","background-type":"","background-media":"","overlay-type":"","overlay-color":"","overlay-opacity":"","overlay-gradient":""}}},"product_brand":[],"product_cat":[1169,1126,433,1697,414],"product_tag":[],"class_list":{"0":"post-7056","1":"product","2":"type-product","3":"status-publish","4":"has-post-thumbnail","6":"product_cat-solution-dyed-acrylic-fabric","7":"product_cat-fabric-for-awning","8":"product_cat-textile-for-industrial","9":"product_cat-uv-protection-fabric","10":"product_cat-waterproof-fabrics","11":"pa_available_colors-1526-03","12":"pa_available_colors-1526-07","13":"pa_available_colors-1526-39","14":"pa_available_colors-1526-42","15":"pa_available_colors-1526-43","16":"pa_available_colors-1526-48","17":"pa_available_colors-1526-49","18":"pa_available_colors-1526-50","19":"pa_available_colors-1526-51","20":"pa_available_colors-1526-52","21":"desktop-align-left","22":"tablet-align-left","23":"mobile-align-left","24":"ast-product-gallery-layout-vertical-slider","25":"ast-product-tabs-layout-horizontal","27":"first","28":"instock","29":"shipping-taxable","30":"product-type-simple"},"uagb_featured_image_src":{"full":["https:\/\/www.sikortex.com\/wp-content\/uploads\/2024\/09\/Detail-01.jpg",800,800,false],"thumbnail":["https:\/\/www.sikortex.com\/wp-content\/uploads\/2024\/09\/Detail-01-150x150.jpg",150,150,true],"medium":["https:\/\/www.sikortex.com\/wp-content\/uploads\/2024\/09\/Detail-01-300x300.jpg",300,300,true],"medium_large":["https:\/\/www.sikortex.com\/wp-content\/uploads\/2024\/09\/Detail-01-768x768.jpg",768,768,true],"large":["https:\/\/www.sikortex.com\/wp-content\/uploads\/2024\/09\/Detail-01.jpg",800,800,false],"1536x1536":["https:\/\/www.sikortex.com\/wp-content\/uploads\/2024\/09\/Detail-01.jpg",800,800,false],"2048x2048":["https:\/\/www.sikortex.com\/wp-content\/uploads\/2024\/09\/Detail-01.jpg",800,800,false],"trp-custom-language-flag":["https:\/\/www.sikortex.com\/wp-content\/uploads\/2024\/09\/Detail-01-12x12.jpg",12,12,true],"woocommerce_thumbnail":["https:\/\/www.sikortex.com\/wp-content\/uploads\/2024\/09\/Detail-01-300x300.jpg",300,300,true],"woocommerce_single":["https:\/\/www.sikortex.com\/wp-content\/uploads\/2024\/09\/Detail-01-600x600.jpg",600,600,true],"woocommerce_gallery_thumbnail":["https:\/\/www.sikortex.com\/wp-content\/uploads\/2024\/09\/Detail-01-100x100.jpg",100,100,true]},"uagb_author_info":{"display_name":"Perry","author_link":"https:\/\/www.sikortex.com\/pl\/author\/"},"uagb_comment_info":0,"uagb_excerpt":"1000 m\uff08MOQ\uff09","_links":{"self":[{"href":"https:\/\/www.sikortex.com\/pl\/wp-json\/wp\/v2\/product\/7056","targetHints":{"allow":["GET"]}}],"collection":[{"href":"https:\/\/www.sikortex.com\/pl\/wp-json\/wp\/v2\/product"}],"about":[{"href":"https:\/\/www.sikortex.com\/pl\/wp-json\/wp\/v2\/types\/product"}],"replies":[{"embeddable":true,"href":"https:\/\/www.sikortex.com\/pl\/wp-json\/wp\/v2\/comments?post=7056"}],"wp:featuredmedia":[{"embeddable":true,"href":"https:\/\/www.sikortex.com\/pl\/wp-json\/wp\/v2\/media\/7125"}],"wp:attachment":[{"href":"https:\/\/www.sikortex.com\/pl\/wp-json\/wp\/v2\/media?parent=7056"}],"wp:term":[{"taxonomy":"product_brand","embeddable":true,"href":"https:\/\/www.sikortex.com\/pl\/wp-json\/wp\/v2\/product_brand?post=7056"},{"taxonomy":"product_cat","embeddable":true,"href":"https:\/\/www.sikortex.com\/pl\/wp-json\/wp\/v2\/product_cat?post=7056"},{"taxonomy":"product_tag","embeddable":true,"href":"https:\/\/www.sikortex.com\/pl\/wp-json\/wp\/v2\/product_tag?post=7056"}],"curies":[{"name":"wp","href":"https:\/\/api.w.org\/{rel}","templated":true}]}}