{"id":6995,"date":"2024-08-26T11:12:18","date_gmt":"2024-08-26T03:12:18","guid":{"rendered":"https:\/\/www.sikortex.com\/?post_type=product&#038;p=6995"},"modified":"2025-04-17T14:02:10","modified_gmt":"2025-04-17T06:02:10","slug":"sk8344-poliester-bawelna-stretch-tkanina-3","status":"publish","type":"product","link":"https:\/\/www.sikortex.com\/pl\/produkt\/sk8344-poliester-bawelna-stretch-tkanina-3\/","title":{"rendered":"Tkanina poliestrowo-bawe\u0142niana T400, elastyczna, ripstop, przeznaczona na odzie\u017c taktyczn\u0105"},"content":{"rendered":"<p>Producent tkanin o wysokiej wydajno\u015bci SIKOR-TEX<\/p>\n<p>Tkanina poliestrowo-bawe\u0142niana T400 stretch ripstop to wysokiej jako\u015bci materia\u0142, kt\u00f3ry idealnie nadaje si\u0119 na taktyczne mundury policyjne i odzie\u017c robocz\u0105. Jest wygodna w noszeniu i \u0142atwa w piel\u0119gnacji. Jest bardzo trwa\u0142a i odporna na rozdarcia, co oznacza, \u017ce mo\u017ce wytrzyma\u0107 zu\u017cycie i rozdarcie podczas codziennego u\u017cytkowania. Funkcja stretchu T400 zapewnia dodatkowy komfort i elastyczno\u015b\u0107, dzi\u0119ki czemu jest idealnym wyborem dla policjant\u00f3w i innych profesjonalist\u00f3w, kt\u00f3rzy potrzebuj\u0105 pe\u0142nego zakresu ruchu.<\/p>\n<p>Ponadto tkanina jest wykonana z w\u0142\u00f3kna poliestrowego 80%, kt\u00f3re ma wysok\u0105 odporno\u015b\u0107 na zu\u017cycie i dobr\u0105 elastyczno\u015b\u0107 w kierunku poprzecznym. Wsp\u00f3\u0142czynnik wyd\u0142u\u017cenia elastycznego przekracza 23%, a zawarto\u015b\u0107 bawe\u0142ny 20% zapewnia wygod\u0119 przy jednoczesnym zapewnieniu wytrzyma\u0142o\u015bci. Dodatkowe specjalne procesy wyko\u0144czeniowe, takie jak odporno\u015b\u0107 na promieniowanie UV, poch\u0142anianie potu i szybkie schni\u0119cie, hydrofobowo\u015b\u0107 bez fluoru, hydrofobowo\u015b\u0107, teflon i inne procesy wyko\u0144czeniowe zapewniaj\u0105 tkaninie wi\u0119cej funkcjonalnych opcji.<br \/>\nTa tkanina to prze\u0142omowa aplikacja najnowszej technologii w\u0142\u00f3kien poliestrowych stretch T400. Jest lekka, a jednocze\u015bnie zachowuje wytrzyma\u0142o\u015b\u0107 i grubo\u015b\u0107, co mo\u017ce zmniejszy\u0107 obci\u0105\u017cenie \u017co\u0142nierzy lub policjant\u00f3w i innych pracownik\u00f3w, a tak\u017ce trend lekkiego sprz\u0119tu w przysz\u0142o\u015bci.<\/p>\n<p>Og\u00f3lnie rzecz bior\u0105c, T400 Ripstop Stretch Fabric for Tactical Apparel to wszechstronny i trwa\u0142y materia\u0142 odpowiedni do szerokiej gamy zastosowa\u0144. Jego wyj\u0105tkowe cechy sprawiaj\u0105, \u017ce jest to idealny wyb\u00f3r na koszule i spodnie taktyczne, zapewniaj\u0105cy wygod\u0119 i trwa\u0142o\u015b\u0107 podczas codziennego u\u017cytku.<\/p>\n<p>Przegl\u0105daj wi\u0119cej <a href=\"https:\/\/www.sikortex.com\/pl\/military-fabric-ripstop-fabric\/\">materia\u0142y ripstopowe<\/a><\/p>","protected":false},"excerpt":{"rendered":"<p>1000 metr\u00f3w (min. zam\u00f3wienie)<\/p>","protected":false},"featured_media":6817,"comment_status":"closed","ping_status":"closed","template":"","meta":{"_uag_custom_page_level_css":"","site-sidebar-layout":"default","site-content-layout":"default","ast-site-content-layout":"default","site-content-style":"default","site-sidebar-style":"default","ast-global-header-display":"","ast-banner-title-visibility":"","ast-main-header-display":"","ast-hfb-above-header-display":"","ast-hfb-below-header-display":"","ast-hfb-mobile-header-display":"","site-post-title":"","ast-breadcrumbs-content":"","ast-featured-img":"","footer-sml-layout":"","theme-transparent-header-meta":"default","adv-header-id-meta":"","stick-header-meta":"default","header-above-stick-meta":"","header-main-stick-meta":"","header-below-stick-meta":"","astra-migrate-meta-layouts":"set","ast-page-background-enabled":"default","ast-page-background-meta":{"desktop":{"background-color":"","background-image":"","background-repeat":"repeat","background-position":"center center","background-size":"auto","background-attachment":"scroll","background-type":"","background-media":"","overlay-type":"","overlay-color":"","overlay-opacity":"","overlay-gradient":""},"tablet":{"background-color":"","background-image":"","background-repeat":"repeat","background-position":"center center","background-size":"auto","background-attachment":"scroll","background-type":"","background-media":"","overlay-type":"","overlay-color":"","overlay-opacity":"","overlay-gradient":""},"mobile":{"background-color":"","background-image":"","background-repeat":"repeat","background-position":"center center","background-size":"auto","background-attachment":"scroll","background-type":"","background-media":"","overlay-type":"","overlay-color":"","overlay-opacity":"","overlay-gradient":""}},"ast-content-background-meta":{"desktop":{"background-color":"var(--ast-global-color-5)","background-image":"","background-repeat":"repeat","background-position":"center center","background-size":"auto","background-attachment":"scroll","background-type":"","background-media":"","overlay-type":"","overlay-color":"","overlay-opacity":"","overlay-gradient":""},"tablet":{"background-color":"var(--ast-global-color-5)","background-image":"","background-repeat":"repeat","background-position":"center center","background-size":"auto","background-attachment":"scroll","background-type":"","background-media":"","overlay-type":"","overlay-color":"","overlay-opacity":"","overlay-gradient":""},"mobile":{"background-color":"var(--ast-global-color-5)","background-image":"","background-repeat":"repeat","background-position":"center center","background-size":"auto","background-attachment":"scroll","background-type":"","background-media":"","overlay-type":"","overlay-color":"","overlay-opacity":"","overlay-gradient":""}}},"product_brand":[],"product_cat":[423,403],"product_tag":[],"class_list":{"0":"post-6995","1":"product","2":"type-product","3":"status-publish","4":"has-post-thumbnail","6":"product_cat-fabric-for-military-police","7":"product_cat-polyester-fabrics","8":"pa_available_colors-1526-04","9":"pa_available_colors-1526-08","10":"pa_available_colors-8236-19","11":"pa_available_colors-8236-3","12":"pa_available_colors-911052-spc","13":"desktop-align-left","14":"tablet-align-left","15":"mobile-align-left","16":"ast-product-gallery-layout-vertical-slider","17":"ast-product-tabs-layout-horizontal","19":"first","20":"instock","21":"shipping-taxable","22":"product-type-simple"},"uagb_featured_image_src":{"full":["https:\/\/www.sikortex.com\/wp-content\/uploads\/2023\/06\/9ee724d85b21c5676c7af5e0991b710.jpg",800,800,false],"thumbnail":["https:\/\/www.sikortex.com\/wp-content\/uploads\/2023\/06\/9ee724d85b21c5676c7af5e0991b710-150x150.jpg",150,150,true],"medium":["https:\/\/www.sikortex.com\/wp-content\/uploads\/2023\/06\/9ee724d85b21c5676c7af5e0991b710-300x300.jpg",300,300,true],"medium_large":["https:\/\/www.sikortex.com\/wp-content\/uploads\/2023\/06\/9ee724d85b21c5676c7af5e0991b710-768x768.jpg",768,768,true],"large":["https:\/\/www.sikortex.com\/wp-content\/uploads\/2023\/06\/9ee724d85b21c5676c7af5e0991b710.jpg",800,800,false],"1536x1536":["https:\/\/www.sikortex.com\/wp-content\/uploads\/2023\/06\/9ee724d85b21c5676c7af5e0991b710.jpg",800,800,false],"2048x2048":["https:\/\/www.sikortex.com\/wp-content\/uploads\/2023\/06\/9ee724d85b21c5676c7af5e0991b710.jpg",800,800,false],"trp-custom-language-flag":["https:\/\/www.sikortex.com\/wp-content\/uploads\/2023\/06\/9ee724d85b21c5676c7af5e0991b710-12x12.jpg",12,12,true],"woocommerce_thumbnail":["https:\/\/www.sikortex.com\/wp-content\/uploads\/2023\/06\/9ee724d85b21c5676c7af5e0991b710-300x300.jpg",300,300,true],"woocommerce_single":["https:\/\/www.sikortex.com\/wp-content\/uploads\/2023\/06\/9ee724d85b21c5676c7af5e0991b710-600x600.jpg",600,600,true],"woocommerce_gallery_thumbnail":["https:\/\/www.sikortex.com\/wp-content\/uploads\/2023\/06\/9ee724d85b21c5676c7af5e0991b710-100x100.jpg",100,100,true]},"uagb_author_info":{"display_name":"Perry","author_link":"https:\/\/www.sikortex.com\/pl\/author\/"},"uagb_comment_info":0,"uagb_excerpt":"1000 Meters(Min.Order)","_links":{"self":[{"href":"https:\/\/www.sikortex.com\/pl\/wp-json\/wp\/v2\/product\/6995","targetHints":{"allow":["GET"]}}],"collection":[{"href":"https:\/\/www.sikortex.com\/pl\/wp-json\/wp\/v2\/product"}],"about":[{"href":"https:\/\/www.sikortex.com\/pl\/wp-json\/wp\/v2\/types\/product"}],"replies":[{"embeddable":true,"href":"https:\/\/www.sikortex.com\/pl\/wp-json\/wp\/v2\/comments?post=6995"}],"wp:featuredmedia":[{"embeddable":true,"href":"https:\/\/www.sikortex.com\/pl\/wp-json\/wp\/v2\/media\/6817"}],"wp:attachment":[{"href":"https:\/\/www.sikortex.com\/pl\/wp-json\/wp\/v2\/media?parent=6995"}],"wp:term":[{"taxonomy":"product_brand","embeddable":true,"href":"https:\/\/www.sikortex.com\/pl\/wp-json\/wp\/v2\/product_brand?post=6995"},{"taxonomy":"product_cat","embeddable":true,"href":"https:\/\/www.sikortex.com\/pl\/wp-json\/wp\/v2\/product_cat?post=6995"},{"taxonomy":"product_tag","embeddable":true,"href":"https:\/\/www.sikortex.com\/pl\/wp-json\/wp\/v2\/product_tag?post=6995"}],"curies":[{"name":"wp","href":"https:\/\/api.w.org\/{rel}","templated":true}]}}