{"id":6777,"date":"2023-11-06T09:41:55","date_gmt":"2023-11-06T01:41:55","guid":{"rendered":"https:\/\/www.sikortex.com\/?post_type=product&#038;p=6777"},"modified":"2023-11-06T10:05:01","modified_gmt":"2023-11-06T02:05:01","slug":"sk8238-3","status":"publish","type":"product","link":"https:\/\/www.sikortex.com\/pl\/produkt\/sk8238-3\/","title":{"rendered":"Dwustronna, wst\u0119pnie pikowana tkanina nadaj\u0105ca si\u0119 do recyklingu"},"content":{"rendered":"<p>Podw\u00f3jnie pikowana tkanina dwustronna firmy SIKOR-TEX nadaj\u0105ca si\u0119 do recyklingu<\/p>\n<p>Technologia \u0142\u0105czenia ultrad\u017awi\u0119kowego to metoda bezig\u0142owa i bezgwintowa, kt\u00f3ra wykorzystuje drgania ultrad\u017awi\u0119kowe do \u0142\u0105czenia dw\u00f3ch lub wi\u0119cej warstw materia\u0142\u00f3w poprzez tarcie o wysokiej cz\u0119stotliwo\u015bci. Technologia ta znajduje szerokie zastosowanie w sektorach takich jak tekstylia, tworzywa sztuczne, wn\u0119trza samochod\u00f3w i urz\u0105dzenia medyczne.<\/p>\n<p>Poliestrowa bawe\u0142na natryskowa to materia\u0142 wype\u0142niaj\u0105cy o dobrej mi\u0119kko\u015bci i spr\u0119\u017cysto\u015bci. Podczas procesu \u0142\u0105czenia poliestrowa bawe\u0142na natryskowa mo\u017ce zosta\u0107 umieszczona w po\u017c\u0105danym obszarze wype\u0142nienia, a nast\u0119pnie mo\u017ce zosta\u0107 zespolona z innymi materia\u0142ami za pomoc\u0105 wibracji ultrad\u017awi\u0119kowych, aby stworzy\u0107 mocne po\u0142\u0105czenie. Materia\u0142 wype\u0142niaj\u0105cy mo\u017ce zwi\u0119kszy\u0107 komfort produktu, elastyczno\u015b\u0107 i wydajno\u015b\u0107 izolacji.<\/p>\n<p>Podlegaj\u0105ca recyklingowi bawe\u0142na poliestrowa natryskowo-klejona odnosi si\u0119 do rodzaju materia\u0142u wype\u0142niaj\u0105cego, kt\u00f3ry mo\u017cna skutecznie odzyska\u0107 i ponownie wykorzysta\u0107. W trakcie u\u017cytkowania, je\u015bli zachodzi potrzeba wymiany materia\u0142u wype\u0142niaj\u0105cego lub wykonania konserwacji produktu, zu\u017cyta bawe\u0142na poliestrowa natryskowo-klejona mo\u017ce zosta\u0107 oddzielona i poddana recyklingowi przy u\u017cyciu odpowiednich metod. Ta zr\u00f3wnowa\u017cona praktyka przyczynia si\u0119 do recyklingu zasob\u00f3w i zmniejsza wp\u0142yw na \u015brodowisko.<\/p>\n<p>Nasze wst\u0119pnie pikowane tkaniny przyj\u0119\u0142y wygodn\u0105 technik\u0119 projektowania wzor\u00f3w w procesie \u0142\u0105czenia. Ta technologia spe\u0142nia kreatywne potrzeby projektant\u00f3w i ma bardzo nisk\u0105 minimaln\u0105 ilo\u015b\u0107 zam\u00f3wienia, eliminuj\u0105c obawy o koszty rozwoju. Zapewnia projektantom wygodne i ekonomiczne rozwi\u0105zanie, umo\u017cliwiaj\u0105c im realizacj\u0119 ich nowatorskich pomys\u0142\u00f3w.<\/p>\n<p>&nbsp;<\/p>\n<p>&nbsp;<\/p>\n<p>&nbsp;<\/p>","protected":false},"excerpt":{"rendered":"<p>1000 metr\u00f3w (min. zam\u00f3wienie)<\/p>","protected":false},"featured_media":6780,"comment_status":"closed","ping_status":"closed","template":"","meta":{"_uag_custom_page_level_css":"","site-sidebar-layout":"default","site-content-layout":"default","ast-site-content-layout":"","site-content-style":"default","site-sidebar-style":"default","ast-global-header-display":"","ast-banner-title-visibility":"","ast-main-header-display":"","ast-hfb-above-header-display":"","ast-hfb-below-header-display":"","ast-hfb-mobile-header-display":"","site-post-title":"","ast-breadcrumbs-content":"","ast-featured-img":"","footer-sml-layout":"","theme-transparent-header-meta":"default","adv-header-id-meta":"","stick-header-meta":"default","header-above-stick-meta":"","header-main-stick-meta":"","header-below-stick-meta":"","astra-migrate-meta-layouts":"default","ast-page-background-enabled":"default","ast-page-background-meta":{"desktop":{"background-color":"","background-image":"","background-repeat":"repeat","background-position":"center center","background-size":"auto","background-attachment":"scroll","background-type":"","background-media":"","overlay-type":"","overlay-color":"","overlay-opacity":"","overlay-gradient":""},"tablet":{"background-color":"","background-image":"","background-repeat":"repeat","background-position":"center center","background-size":"auto","background-attachment":"scroll","background-type":"","background-media":"","overlay-type":"","overlay-color":"","overlay-opacity":"","overlay-gradient":""},"mobile":{"background-color":"","background-image":"","background-repeat":"repeat","background-position":"center center","background-size":"auto","background-attachment":"scroll","background-type":"","background-media":"","overlay-type":"","overlay-color":"","overlay-opacity":"","overlay-gradient":""}},"ast-content-background-meta":{"desktop":{"background-color":"var(--ast-global-color-5)","background-image":"","background-repeat":"repeat","background-position":"center center","background-size":"auto","background-attachment":"scroll","background-type":"","background-media":"","overlay-type":"","overlay-color":"","overlay-opacity":"","overlay-gradient":""},"tablet":{"background-color":"var(--ast-global-color-5)","background-image":"","background-repeat":"repeat","background-position":"center center","background-size":"auto","background-attachment":"scroll","background-type":"","background-media":"","overlay-type":"","overlay-color":"","overlay-opacity":"","overlay-gradient":""},"mobile":{"background-color":"var(--ast-global-color-5)","background-image":"","background-repeat":"repeat","background-position":"center center","background-size":"auto","background-attachment":"scroll","background-type":"","background-media":"","overlay-type":"","overlay-color":"","overlay-opacity":"","overlay-gradient":""}}},"product_brand":[],"product_cat":[431,428,403,414],"product_tag":[],"class_list":{"0":"post-6777","1":"product","2":"type-product","3":"status-publish","4":"has-post-thumbnail","6":"product_cat-fabric-for-commuting-clothing","7":"product_cat-fabric-for-outdoor-sports","8":"product_cat-polyester-fabrics","9":"product_cat-waterproof-fabrics","10":"pa_available_colors-fluorescent-orange","11":"pa_available_colors-fluorescent-red","12":"pa_available_colors-fluorescent-yellow","13":"desktop-align-left","14":"tablet-align-left","15":"mobile-align-left","16":"ast-product-gallery-layout-vertical-slider","17":"ast-product-tabs-layout-horizontal","19":"first","20":"instock","21":"shipping-taxable","22":"product-type-simple"},"uagb_featured_image_src":{"full":["https:\/\/www.sikortex.com\/wp-content\/uploads\/2023\/11\/photobank-2023-10-31T092541.603.jpg",1000,667,false],"thumbnail":["https:\/\/www.sikortex.com\/wp-content\/uploads\/2023\/11\/photobank-2023-10-31T092541.603-150x150.jpg",150,150,true],"medium":["https:\/\/www.sikortex.com\/wp-content\/uploads\/2023\/11\/photobank-2023-10-31T092541.603-300x200.jpg",300,200,true],"medium_large":["https:\/\/www.sikortex.com\/wp-content\/uploads\/2023\/11\/photobank-2023-10-31T092541.603-768x512.jpg",768,512,true],"large":["https:\/\/www.sikortex.com\/wp-content\/uploads\/2023\/11\/photobank-2023-10-31T092541.603.jpg",1000,667,false],"1536x1536":["https:\/\/www.sikortex.com\/wp-content\/uploads\/2023\/11\/photobank-2023-10-31T092541.603.jpg",1000,667,false],"2048x2048":["https:\/\/www.sikortex.com\/wp-content\/uploads\/2023\/11\/photobank-2023-10-31T092541.603.jpg",1000,667,false],"trp-custom-language-flag":["https:\/\/www.sikortex.com\/wp-content\/uploads\/2023\/11\/photobank-2023-10-31T092541.603-18x12.jpg",18,12,true],"woocommerce_thumbnail":["https:\/\/www.sikortex.com\/wp-content\/uploads\/2023\/11\/photobank-2023-10-31T092541.603-300x300.jpg",300,300,true],"woocommerce_single":["https:\/\/www.sikortex.com\/wp-content\/uploads\/2023\/11\/photobank-2023-10-31T092541.603-600x400.jpg",600,400,true],"woocommerce_gallery_thumbnail":["https:\/\/www.sikortex.com\/wp-content\/uploads\/2023\/11\/photobank-2023-10-31T092541.603-100x100.jpg",100,100,true]},"uagb_author_info":{"display_name":"Perry","author_link":"https:\/\/www.sikortex.com\/pl\/author\/"},"uagb_comment_info":0,"uagb_excerpt":"1000 Meters(Min.Order)","_links":{"self":[{"href":"https:\/\/www.sikortex.com\/pl\/wp-json\/wp\/v2\/product\/6777","targetHints":{"allow":["GET"]}}],"collection":[{"href":"https:\/\/www.sikortex.com\/pl\/wp-json\/wp\/v2\/product"}],"about":[{"href":"https:\/\/www.sikortex.com\/pl\/wp-json\/wp\/v2\/types\/product"}],"replies":[{"embeddable":true,"href":"https:\/\/www.sikortex.com\/pl\/wp-json\/wp\/v2\/comments?post=6777"}],"wp:featuredmedia":[{"embeddable":true,"href":"https:\/\/www.sikortex.com\/pl\/wp-json\/wp\/v2\/media\/6780"}],"wp:attachment":[{"href":"https:\/\/www.sikortex.com\/pl\/wp-json\/wp\/v2\/media?parent=6777"}],"wp:term":[{"taxonomy":"product_brand","embeddable":true,"href":"https:\/\/www.sikortex.com\/pl\/wp-json\/wp\/v2\/product_brand?post=6777"},{"taxonomy":"product_cat","embeddable":true,"href":"https:\/\/www.sikortex.com\/pl\/wp-json\/wp\/v2\/product_cat?post=6777"},{"taxonomy":"product_tag","embeddable":true,"href":"https:\/\/www.sikortex.com\/pl\/wp-json\/wp\/v2\/product_tag?post=6777"}],"curies":[{"name":"wp","href":"https:\/\/api.w.org\/{rel}","templated":true}]}}