{"id":6737,"date":"2023-11-02T15:33:21","date_gmt":"2023-11-02T07:33:21","guid":{"rendered":"https:\/\/www.sikortex.com\/?post_type=product&#038;p=6737"},"modified":"2025-02-17T17:41:19","modified_gmt":"2025-02-17T09:41:19","slug":"sk8344-poliester-bawelna-stretch-tkanina-2","status":"publish","type":"product","link":"https:\/\/www.sikortex.com\/pl\/produkt\/sk8344-poliester-bawelna-stretch-tkanina-2\/","title":{"rendered":"Tkanina rozci\u0105gliwa T400 Ripstop na odzie\u017c taktyczn\u0105"},"content":{"rendered":"<p>SIKOR-TEX Producent tkanin o wysokiej wytrzyma\u0142o\u015bci<\/p>\n<p>T400 Ripstop Stretch Fabric For Tactical Clothing to wysokiej jako\u015bci materia\u0142 idealny na taktyczne mundury policyjne i odzie\u017c robocz\u0105. Wygodny w noszeniu i \u0142atwy w piel\u0119gnacji. Jest wyj\u0105tkowo wytrzyma\u0142y i odporny na rozdarcia, co oznacza, \u017ce wytrzymuje codzienne zu\u017cycie i rozdarcie. Funkcja rozci\u0105gliwo\u015bci T400 zapewnia dodatkowy komfort i elastyczno\u015b\u0107, dzi\u0119ki czemu jest idealny dla funkcjonariuszy policji i innych profesjonalist\u00f3w, kt\u00f3rzy wymagaj\u0105 pe\u0142nego zakresu ruchu.<\/p>\n<p>Ponadto, chocia\u017c tkanina jest poliestrem 100%, jest innowacyjnie stosowana do nowego rodzaju w\u0142\u00f3kna poliestrowego, kt\u00f3re imituje w\u0142\u00f3kno bawe\u0142niane. Jest podobna do bawe\u0142ny pod wzgl\u0119dem wygl\u0105du i tekstury, jest zmywalna, nie gniecie si\u0119 \u0142atwo, jest \u0142atwiejsza w utrzymaniu i czyszczeniu.<br \/>\nOferujemy r\u00f3wnie\u017c tkaniny ripstop wykonane z prawdziwej bawe\u0142ny i innych w\u0142\u00f3kien rozci\u0105gliwych, odpowiednie dla u\u017cytkownik\u00f3w o wy\u017cszych wymaganiach co do komfortu.<\/p>\n<p>Og\u00f3lnie rzecz bior\u0105c, T400 Ripstop Stretch Fabric For Tactical Clothing to wszechstronny i trwa\u0142y materia\u0142 odpowiedni do szerokiej gamy zastosowa\u0144. Jego unikalne cechy sprawiaj\u0105, \u017ce idealnie nadaje si\u0119 do koszul i spodni taktycznych, zapewniaj\u0105c wygod\u0119 i trwa\u0142o\u015b\u0107 podczas codziennego u\u017cytku.<\/p>\n<p>Przegl\u0105daj wi\u0119cej <a href=\"https:\/\/www.sikortex.com\/pl\/military-fabric-ripstop-fabric\/\">materia\u0142y ripstopowe<\/a><\/p>","protected":false},"excerpt":{"rendered":"<p>1000 metr\u00f3w (min. zam\u00f3wienie)<\/p>","protected":false},"featured_media":6739,"comment_status":"closed","ping_status":"closed","template":"","meta":{"_uag_custom_page_level_css":"","site-sidebar-layout":"default","site-content-layout":"default","ast-site-content-layout":"","site-content-style":"default","site-sidebar-style":"default","ast-global-header-display":"","ast-banner-title-visibility":"","ast-main-header-display":"","ast-hfb-above-header-display":"","ast-hfb-below-header-display":"","ast-hfb-mobile-header-display":"","site-post-title":"","ast-breadcrumbs-content":"","ast-featured-img":"","footer-sml-layout":"","theme-transparent-header-meta":"default","adv-header-id-meta":"","stick-header-meta":"default","header-above-stick-meta":"","header-main-stick-meta":"","header-below-stick-meta":"","astra-migrate-meta-layouts":"default","ast-page-background-enabled":"default","ast-page-background-meta":{"desktop":{"background-color":"","background-image":"","background-repeat":"repeat","background-position":"center center","background-size":"auto","background-attachment":"scroll","background-type":"","background-media":"","overlay-type":"","overlay-color":"","overlay-opacity":"","overlay-gradient":""},"tablet":{"background-color":"","background-image":"","background-repeat":"repeat","background-position":"center center","background-size":"auto","background-attachment":"scroll","background-type":"","background-media":"","overlay-type":"","overlay-color":"","overlay-opacity":"","overlay-gradient":""},"mobile":{"background-color":"","background-image":"","background-repeat":"repeat","background-position":"center center","background-size":"auto","background-attachment":"scroll","background-type":"","background-media":"","overlay-type":"","overlay-color":"","overlay-opacity":"","overlay-gradient":""}},"ast-content-background-meta":{"desktop":{"background-color":"var(--ast-global-color-5)","background-image":"","background-repeat":"repeat","background-position":"center center","background-size":"auto","background-attachment":"scroll","background-type":"","background-media":"","overlay-type":"","overlay-color":"","overlay-opacity":"","overlay-gradient":""},"tablet":{"background-color":"var(--ast-global-color-5)","background-image":"","background-repeat":"repeat","background-position":"center center","background-size":"auto","background-attachment":"scroll","background-type":"","background-media":"","overlay-type":"","overlay-color":"","overlay-opacity":"","overlay-gradient":""},"mobile":{"background-color":"var(--ast-global-color-5)","background-image":"","background-repeat":"repeat","background-position":"center center","background-size":"auto","background-attachment":"scroll","background-type":"","background-media":"","overlay-type":"","overlay-color":"","overlay-opacity":"","overlay-gradient":""}}},"product_brand":[],"product_cat":[423,1206,403],"product_tag":[],"class_list":{"0":"post-6737","1":"product","2":"type-product","3":"status-publish","4":"has-post-thumbnail","6":"product_cat-fabric-for-military-police","7":"product_cat-fabric-for-bag","8":"product_cat-polyester-fabrics","9":"pa_available_colors-h-black","10":"desktop-align-left","11":"tablet-align-left","12":"mobile-align-left","13":"ast-product-gallery-layout-vertical-slider","14":"ast-product-tabs-layout-horizontal","16":"first","17":"instock","18":"shipping-taxable","19":"product-type-simple"},"uagb_featured_image_src":{"full":["https:\/\/www.sikortex.com\/wp-content\/uploads\/2023\/11\/2.jpg",1920,1920,false],"thumbnail":["https:\/\/www.sikortex.com\/wp-content\/uploads\/2023\/11\/2-150x150.jpg",150,150,true],"medium":["https:\/\/www.sikortex.com\/wp-content\/uploads\/2023\/11\/2-300x300.jpg",300,300,true],"medium_large":["https:\/\/www.sikortex.com\/wp-content\/uploads\/2023\/11\/2-768x768.jpg",768,768,true],"large":["https:\/\/www.sikortex.com\/wp-content\/uploads\/2023\/11\/2-1024x1024.jpg",1024,1024,true],"1536x1536":["https:\/\/www.sikortex.com\/wp-content\/uploads\/2023\/11\/2-1536x1536.jpg",1536,1536,true],"2048x2048":["https:\/\/www.sikortex.com\/wp-content\/uploads\/2023\/11\/2.jpg",1920,1920,false],"trp-custom-language-flag":["https:\/\/www.sikortex.com\/wp-content\/uploads\/2023\/11\/2-12x12.jpg",12,12,true],"woocommerce_thumbnail":["https:\/\/www.sikortex.com\/wp-content\/uploads\/2023\/11\/2-300x300.jpg",300,300,true],"woocommerce_single":["https:\/\/www.sikortex.com\/wp-content\/uploads\/2023\/11\/2-600x600.jpg",600,600,true],"woocommerce_gallery_thumbnail":["https:\/\/www.sikortex.com\/wp-content\/uploads\/2023\/11\/2-100x100.jpg",100,100,true]},"uagb_author_info":{"display_name":"Perry","author_link":"https:\/\/www.sikortex.com\/pl\/author\/"},"uagb_comment_info":0,"uagb_excerpt":"1000 Meters(Min.Order)","_links":{"self":[{"href":"https:\/\/www.sikortex.com\/pl\/wp-json\/wp\/v2\/product\/6737","targetHints":{"allow":["GET"]}}],"collection":[{"href":"https:\/\/www.sikortex.com\/pl\/wp-json\/wp\/v2\/product"}],"about":[{"href":"https:\/\/www.sikortex.com\/pl\/wp-json\/wp\/v2\/types\/product"}],"replies":[{"embeddable":true,"href":"https:\/\/www.sikortex.com\/pl\/wp-json\/wp\/v2\/comments?post=6737"}],"wp:featuredmedia":[{"embeddable":true,"href":"https:\/\/www.sikortex.com\/pl\/wp-json\/wp\/v2\/media\/6739"}],"wp:attachment":[{"href":"https:\/\/www.sikortex.com\/pl\/wp-json\/wp\/v2\/media?parent=6737"}],"wp:term":[{"taxonomy":"product_brand","embeddable":true,"href":"https:\/\/www.sikortex.com\/pl\/wp-json\/wp\/v2\/product_brand?post=6737"},{"taxonomy":"product_cat","embeddable":true,"href":"https:\/\/www.sikortex.com\/pl\/wp-json\/wp\/v2\/product_cat?post=6737"},{"taxonomy":"product_tag","embeddable":true,"href":"https:\/\/www.sikortex.com\/pl\/wp-json\/wp\/v2\/product_tag?post=6737"}],"curies":[{"name":"wp","href":"https:\/\/api.w.org\/{rel}","templated":true}]}}