{"id":6445,"date":"2023-10-19T17:10:53","date_gmt":"2023-10-19T09:10:53","guid":{"rendered":"https:\/\/www.sikortex.com\/?post_type=product&#038;p=6445"},"modified":"2025-08-18T14:04:42","modified_gmt":"2025-08-18T06:04:42","slug":"sk8362-3","status":"publish","type":"product","link":"https:\/\/www.sikortex.com\/pl\/produkt\/sk8362-3\/","title":{"rendered":"Tkanina poliestrowa barwiona w roztworze 450D Tkanina powlekana poliuretanem na markizy"},"content":{"rendered":"<h4>Tkanina poliestrowa barwiona w roztworze 450D z pow\u0142ok\u0105 PU na markizy: idealne po\u0142\u0105czenie trwa\u0142o\u015bci i stylu<\/h4>\n<p>Je\u015bli chodzi o rozwi\u0105zania do u\u017cytku na zewn\u0105trz, najlepszym wyborem jest tkanina poliestrowa 450D barwiona w p\u0142ynie z pow\u0142ok\u0105 poliuretanow\u0105 (PU). <a href=\"https:\/\/www.sikortex.com\/pl\/producent-tkanin-markizowych\/\"><span style=\"color: #3366ff;\">markizy<\/span><\/a>\u0141\u0105cz\u0105c wytrzyma\u0142o\u015b\u0107, odporno\u015b\u0107 na warunki atmosferyczne i \u017cyw\u0105 estetyk\u0119, ta tkanina zosta\u0142a zaprojektowana tak, aby zapewnia\u0107 d\u0142ugotrwa\u0142\u0105 wydajno\u015b\u0107 w ka\u017cdym \u015brodowisku.<\/p>\n<p>Cechy materia\u0142u: Najwy\u017csza jako\u015b\u0107 zapewniaj\u0105ca trwa\u0142o\u015b\u0107 na zewn\u0105trz<\/p>\n<p>1. Zwi\u0119kszona g\u0142\u0119bia i jednolito\u015b\u0107 kolor\u00f3w:<br \/>\n<a href=\"https:\/\/www.sikortex.com\/pl\/tkaniny-chroniace-przed-promieniowaniem-podczerwonym-3\/\"><span style=\"color: #3366ff;\">Proces barwienia w p\u0142ynie<\/span><\/a> wnika g\u0142\u0119boko we w\u0142\u00f3kna, zapewniaj\u0105c bogaty, jednolity kolor, kt\u00f3ry nie blaknie pod wp\u0142ywem \u015bwiat\u0142a s\u0142onecznego i warunk\u00f3w atmosferycznych. Dzi\u0119ki temu masz pewno\u015b\u0107, \u017ce <a href=\"https:\/\/www.sikortex.com\/pl\/producent-tkanin-markizowych\/\"><span style=\"color: #3366ff;\">markizy<\/span><\/a> zachowuj\u0105 sw\u00f3j wygl\u0105d przez lata.<\/p>\n<p>2. 450<a href=\"https:\/\/www.sikortex.com\/pl\/2025\/01\/10\/co-to-jest-negacjonizm\/\"><span style=\"color: #3366ff;\">Zaprzeczaj\u0105cy<\/span><\/a> Wytrzyma\u0142o\u015b\u0107 poliestru:<br \/>\nDzi\u0119ki wska\u017anikowi wytrzyma\u0142o\u015bci 450Drating tkanina ta charakteryzuje si\u0119 wysok\u0105 wytrzyma\u0142o\u015bci\u0105 na rozci\u0105ganie i trwa\u0142o\u015bci\u0105, co czyni j\u0105 idealn\u0105 do zastosowa\u0144 zewn\u0119trznych, w kt\u00f3rych wyst\u0119puje nara\u017cenie na dzia\u0142anie wiatru, deszczu i s\u0142o\u0144ca.<\/p>\n<p>3. Pow\u0142oka PU zapewniaj\u0105ca maksymaln\u0105 ochron\u0119:<br \/>\nPow\u0142oka poliuretanowa zwi\u0119ksza odporno\u015b\u0107 na wod\u0119, zapobiega rozwojowi ple\u015bni i chroni przed plamami. Dzi\u0119ki temu tkanina pozostaje odporna w trudnych warunkach, zapewniaj\u0105c niezawodne schronienie i cie\u0144.<\/p>\n<p>4. Odporno\u015b\u0107 na promieniowanie UV i ple\u015b\u0144:<br \/>\nTkanina jest specjalnie zaprojektowana, aby <a href=\"\/pl\/tkanina-oxford-barwiona-w-roztworze\/\"><span style=\"color: #3366ff;\">odporny na promienie ultrafioletowe (UV)<\/span><\/a>, zmniejszaj\u0105c ryzyko blakni\u0119cia i degradacji. Ponadto, jego <a href=\"https:\/\/www.sikortex.com\/pl\/tkaniny-antybakteryjne\/\"><span style=\"color: #3366ff;\">odporno\u015b\u0107 na ple\u015b\u0144<\/span><\/a> utrzymuje czysto\u015b\u0107 i higien\u0119 nawet w wilgotnych \u015brodowiskach.<\/p>\n<p>G\u0142\u00f3wne zastosowania: Uniwersalne i niezawodne do wszystkich zastosowa\u0144 zewn\u0119trznych<\/p>\n<p>Tkanina poliestrowa 450D barwiona w roztworze idealnie nadaje si\u0119 do r\u00f3\u017cnych zastosowa\u0144 zewn\u0119trznych, w tym:<\/p>\n<p>Tkanina na <a href=\"https:\/\/www.sikortex.com\/pl\/producent-tkanin-markizowych\/\"><span style=\"color: #3366ff;\">Markiza<\/span><\/a>: do zastosowa\u0144 domowych i komercyjnych, zapewniaj\u0105ca trwa\u0142\u0105 i stylow\u0105 ochron\u0119 przeciws\u0142oneczn\u0105.<br \/>\nTkanina na pokrowce na meble ogrodowe: odporna na warunki atmosferyczne i zachowuj\u0105ca kolor.<br \/>\nTkanina na pokrowce morskie i <a href=\"https:\/\/www.sikortex.com\/pl\/producenci-tkanin-namiotowych\/\"><span style=\"color: #3366ff;\">Namioty<\/span><\/a>:gdzie wodoodporno\u015b\u0107 i ochrona przed promieniowaniem UV maj\u0105 kluczowe znaczenie.<\/p>\n<p>Wsparcie personalizacji: dopasuj swoj\u0105 tkanin\u0119 do perfekcji<\/p>\n<p>Oferujemy szerokie mo\u017cliwo\u015bci personalizacji, w tym szerok\u0105 gam\u0119 kolor\u00f3w, niestandardowe wymiary, r\u00f3\u017cne grubo\u015bci pow\u0142ok PU i nadruki do brandingu lub projektowania. Dostosuj tkanin\u0119 do swoich dok\u0142adnych potrzeb, zapewniaj\u0105c maksymalny wp\u0142yw i satysfakcj\u0119.<\/p>\n<p>Odkryj, w jaki spos\u00f3b barwiona w p\u0142ynie tkanina poliestrowa 450D mo\u017ce udoskonali\u0107 Twoje produkty outdoorowe, zapewniaj\u0105c im niezr\u00f3wnan\u0105 trwa\u0142o\u015b\u0107 i styl. <span style=\"color: #3366ff;\"><a style=\"color: #3366ff;\" href=\"https:\/\/www.sikortex.com\/pl\/skontaktuj-sie-z-nami\/\">Skontaktuj si\u0119 z nami<\/a><\/span> ju\u017c dzi\u015b, aby uzyska\u0107 wi\u0119cej informacji na temat personalizacji i dost\u0119pno\u015bci.<\/p>","protected":false},"excerpt":{"rendered":"<p>1200 metr\u00f3w (min. zam\u00f3wienie)<\/p>","protected":false},"featured_media":7070,"comment_status":"closed","ping_status":"closed","template":"","meta":{"_uag_custom_page_level_css":"","site-sidebar-layout":"default","site-content-layout":"default","ast-site-content-layout":"","site-content-style":"default","site-sidebar-style":"default","ast-global-header-display":"","ast-banner-title-visibility":"","ast-main-header-display":"","ast-hfb-above-header-display":"","ast-hfb-below-header-display":"","ast-hfb-mobile-header-display":"","site-post-title":"","ast-breadcrumbs-content":"","ast-featured-img":"","footer-sml-layout":"","theme-transparent-header-meta":"default","adv-header-id-meta":"","stick-header-meta":"default","header-above-stick-meta":"","header-main-stick-meta":"","header-below-stick-meta":"","astra-migrate-meta-layouts":"default","ast-page-background-enabled":"default","ast-page-background-meta":{"desktop":{"background-color":"","background-image":"","background-repeat":"repeat","background-position":"center center","background-size":"auto","background-attachment":"scroll","background-type":"","background-media":"","overlay-type":"","overlay-color":"","overlay-opacity":"","overlay-gradient":""},"tablet":{"background-color":"","background-image":"","background-repeat":"repeat","background-position":"center center","background-size":"auto","background-attachment":"scroll","background-type":"","background-media":"","overlay-type":"","overlay-color":"","overlay-opacity":"","overlay-gradient":""},"mobile":{"background-color":"","background-image":"","background-repeat":"repeat","background-position":"center center","background-size":"auto","background-attachment":"scroll","background-type":"","background-media":"","overlay-type":"","overlay-color":"","overlay-opacity":"","overlay-gradient":""}},"ast-content-background-meta":{"desktop":{"background-color":"var(--ast-global-color-5)","background-image":"","background-repeat":"repeat","background-position":"center center","background-size":"auto","background-attachment":"scroll","background-type":"","background-media":"","overlay-type":"","overlay-color":"","overlay-opacity":"","overlay-gradient":""},"tablet":{"background-color":"var(--ast-global-color-5)","background-image":"","background-repeat":"repeat","background-position":"center center","background-size":"auto","background-attachment":"scroll","background-type":"","background-media":"","overlay-type":"","overlay-color":"","overlay-opacity":"","overlay-gradient":""},"mobile":{"background-color":"var(--ast-global-color-5)","background-image":"","background-repeat":"repeat","background-position":"center center","background-size":"auto","background-attachment":"scroll","background-type":"","background-media":"","overlay-type":"","overlay-color":"","overlay-opacity":"","overlay-gradient":""}}},"product_brand":[],"product_cat":[1126,1169,433,1697,414],"product_tag":[],"class_list":{"0":"post-6445","1":"product","2":"type-product","3":"status-publish","4":"has-post-thumbnail","6":"product_cat-fabric-for-awning","7":"product_cat-solution-dyed-acrylic-fabric","8":"product_cat-textile-for-industrial","9":"product_cat-uv-protection-fabric","10":"product_cat-waterproof-fabrics","11":"pa_available_colors-911052-spc","12":"desktop-align-left","13":"tablet-align-left","14":"mobile-align-left","15":"ast-product-gallery-layout-vertical-slider","16":"ast-product-tabs-layout-horizontal","18":"first","19":"instock","20":"shipping-taxable","21":"product-type-simple"},"uagb_featured_image_src":{"full":["https:\/\/www.sikortex.com\/wp-content\/uploads\/2024\/09\/O1CN01AJNxka1HxtfJZgfy9_959560825-0-cib.jpg",800,800,false],"thumbnail":["https:\/\/www.sikortex.com\/wp-content\/uploads\/2024\/09\/O1CN01AJNxka1HxtfJZgfy9_959560825-0-cib-150x150.jpg",150,150,true],"medium":["https:\/\/www.sikortex.com\/wp-content\/uploads\/2024\/09\/O1CN01AJNxka1HxtfJZgfy9_959560825-0-cib-300x300.jpg",300,300,true],"medium_large":["https:\/\/www.sikortex.com\/wp-content\/uploads\/2024\/09\/O1CN01AJNxka1HxtfJZgfy9_959560825-0-cib-768x768.jpg",768,768,true],"large":["https:\/\/www.sikortex.com\/wp-content\/uploads\/2024\/09\/O1CN01AJNxka1HxtfJZgfy9_959560825-0-cib.jpg",800,800,false],"1536x1536":["https:\/\/www.sikortex.com\/wp-content\/uploads\/2024\/09\/O1CN01AJNxka1HxtfJZgfy9_959560825-0-cib.jpg",800,800,false],"2048x2048":["https:\/\/www.sikortex.com\/wp-content\/uploads\/2024\/09\/O1CN01AJNxka1HxtfJZgfy9_959560825-0-cib.jpg",800,800,false],"trp-custom-language-flag":["https:\/\/www.sikortex.com\/wp-content\/uploads\/2024\/09\/O1CN01AJNxka1HxtfJZgfy9_959560825-0-cib-12x12.jpg",12,12,true],"woocommerce_thumbnail":["https:\/\/www.sikortex.com\/wp-content\/uploads\/2024\/09\/O1CN01AJNxka1HxtfJZgfy9_959560825-0-cib-300x300.jpg",300,300,true],"woocommerce_single":["https:\/\/www.sikortex.com\/wp-content\/uploads\/2024\/09\/O1CN01AJNxka1HxtfJZgfy9_959560825-0-cib-600x600.jpg",600,600,true],"woocommerce_gallery_thumbnail":["https:\/\/www.sikortex.com\/wp-content\/uploads\/2024\/09\/O1CN01AJNxka1HxtfJZgfy9_959560825-0-cib-100x100.jpg",100,100,true]},"uagb_author_info":{"display_name":"Perry","author_link":"https:\/\/www.sikortex.com\/pl\/author\/"},"uagb_comment_info":0,"uagb_excerpt":"1200 Meters(Min.Order)","_links":{"self":[{"href":"https:\/\/www.sikortex.com\/pl\/wp-json\/wp\/v2\/product\/6445","targetHints":{"allow":["GET"]}}],"collection":[{"href":"https:\/\/www.sikortex.com\/pl\/wp-json\/wp\/v2\/product"}],"about":[{"href":"https:\/\/www.sikortex.com\/pl\/wp-json\/wp\/v2\/types\/product"}],"replies":[{"embeddable":true,"href":"https:\/\/www.sikortex.com\/pl\/wp-json\/wp\/v2\/comments?post=6445"}],"wp:featuredmedia":[{"embeddable":true,"href":"https:\/\/www.sikortex.com\/pl\/wp-json\/wp\/v2\/media\/7070"}],"wp:attachment":[{"href":"https:\/\/www.sikortex.com\/pl\/wp-json\/wp\/v2\/media?parent=6445"}],"wp:term":[{"taxonomy":"product_brand","embeddable":true,"href":"https:\/\/www.sikortex.com\/pl\/wp-json\/wp\/v2\/product_brand?post=6445"},{"taxonomy":"product_cat","embeddable":true,"href":"https:\/\/www.sikortex.com\/pl\/wp-json\/wp\/v2\/product_cat?post=6445"},{"taxonomy":"product_tag","embeddable":true,"href":"https:\/\/www.sikortex.com\/pl\/wp-json\/wp\/v2\/product_tag?post=6445"}],"curies":[{"name":"wp","href":"https:\/\/api.w.org\/{rel}","templated":true}]}}