{"id":6252,"date":"2023-09-24T12:03:42","date_gmt":"2023-09-24T04:03:42","guid":{"rendered":"https:\/\/www.sikortex.com\/?post_type=product&#038;p=6252"},"modified":"2023-10-23T11:19:11","modified_gmt":"2023-10-23T03:19:11","slug":"sk8263-nylonowa-bawelniana-tkanina-na-odziez-robocza-4","status":"publish","type":"product","link":"https:\/\/www.sikortex.com\/pl\/produkt\/sk8263-nylonowa-bawelniana-tkanina-na-odziez-robocza-4\/","title":{"rendered":"Nylonowa, bawe\u0142niana tkanina spandex na kurtki"},"content":{"rendered":"<p>SIKOR-TEX Nylon Cotton Spandex Fabric For Jackets to wyj\u0105tkowe po\u0142\u0105czenie wytrzyma\u0142o\u015bci, komfortu i stylu. Tkanina \u0142\u0105czy w sobie najlepsze cechy obu \u015bwiat\u00f3w, przeplataj\u0105c w\u0142\u00f3kna nylonowe w kierunku osnowy i prz\u0119dz\u0119 bawe\u0142nian\u0105 w kierunku w\u0105tku, a tak\u017ce dodaj\u0105c spandex, aby stworzy\u0107 wyj\u0105tkow\u0105 struktur\u0119 przeplatania, kt\u00f3ra odr\u00f3\u017cnia j\u0105 od tradycyjnych tkanin mieszanych.<br \/>\nDostarczamy tkaniny elastyczne z nylonu i bawe\u0142ny o gramaturze 80-350 gsm, o splocie p\u0142\u00f3ciennym, sko\u015bnym i dobby, a tak\u017ce wspieramy personalizacj\u0119 pr\u00f3bek.<\/p>\n<p>Przekonaj si\u0119 o doskona\u0142ym dotyku powierzchni naszej tkaniny, kt\u00f3ra ukazuje g\u0142adko\u015b\u0107 i odporno\u015b\u0107 na \u015bcieranie nylonu, a jednocze\u015bnie zapewnia subtelne nuty naturalnej tekstury prz\u0119dzy bawe\u0142nianej. Uosabia najlepsze cechy obu materia\u0142\u00f3w, oferuj\u0105c wysok\u0105 wytrzyma\u0142o\u015b\u0107, w\u0142a\u015bciwo\u015bci przeciwzmarszczkowe, a tak\u017ce przyjazne dla sk\u00f3ry i oddychaj\u0105ce w\u0142a\u015bciwo\u015bci podobne do bawe\u0142ny.<\/p>\n<p>Ta specjalna tkanina Nylon Cotton Spandex jest idealna do produkcji wszechstronnej odzie\u017cy, wiatr\u00f3wek, kurtek i artyku\u0142\u00f3w modowych. Zapewnia trwa\u0142o\u015b\u0107, zapewniaj\u0105c, \u017ce Twoje ubrania wytrzymaj\u0105 intensywne u\u017cytkowanie, a jednocze\u015bnie zapewnia poziom komfortu, kt\u00f3ry sprawia, \u017ce czujesz si\u0119 komfortowo przez ca\u0142y dzie\u0144.<\/p>","protected":false},"excerpt":{"rendered":"<p>1000 metr\u00f3w (min. zam\u00f3wienie)<\/p>","protected":false},"featured_media":6253,"comment_status":"closed","ping_status":"closed","template":"","meta":{"_uag_custom_page_level_css":"","site-sidebar-layout":"default","site-content-layout":"default","ast-site-content-layout":"","site-content-style":"default","site-sidebar-style":"default","ast-global-header-display":"","ast-banner-title-visibility":"","ast-main-header-display":"","ast-hfb-above-header-display":"","ast-hfb-below-header-display":"","ast-hfb-mobile-header-display":"","site-post-title":"","ast-breadcrumbs-content":"","ast-featured-img":"","footer-sml-layout":"","theme-transparent-header-meta":"default","adv-header-id-meta":"","stick-header-meta":"default","header-above-stick-meta":"","header-main-stick-meta":"","header-below-stick-meta":"","astra-migrate-meta-layouts":"default","ast-page-background-enabled":"default","ast-page-background-meta":{"desktop":{"background-color":"","background-image":"","background-repeat":"repeat","background-position":"center center","background-size":"auto","background-attachment":"scroll","background-type":"","background-media":"","overlay-type":"","overlay-color":"","overlay-opacity":"","overlay-gradient":""},"tablet":{"background-color":"","background-image":"","background-repeat":"repeat","background-position":"center center","background-size":"auto","background-attachment":"scroll","background-type":"","background-media":"","overlay-type":"","overlay-color":"","overlay-opacity":"","overlay-gradient":""},"mobile":{"background-color":"","background-image":"","background-repeat":"repeat","background-position":"center center","background-size":"auto","background-attachment":"scroll","background-type":"","background-media":"","overlay-type":"","overlay-color":"","overlay-opacity":"","overlay-gradient":""}},"ast-content-background-meta":{"desktop":{"background-color":"var(--ast-global-color-5)","background-image":"","background-repeat":"repeat","background-position":"center center","background-size":"auto","background-attachment":"scroll","background-type":"","background-media":"","overlay-type":"","overlay-color":"","overlay-opacity":"","overlay-gradient":""},"tablet":{"background-color":"var(--ast-global-color-5)","background-image":"","background-repeat":"repeat","background-position":"center center","background-size":"auto","background-attachment":"scroll","background-type":"","background-media":"","overlay-type":"","overlay-color":"","overlay-opacity":"","overlay-gradient":""},"mobile":{"background-color":"var(--ast-global-color-5)","background-image":"","background-repeat":"repeat","background-position":"center center","background-size":"auto","background-attachment":"scroll","background-type":"","background-media":"","overlay-type":"","overlay-color":"","overlay-opacity":"","overlay-gradient":""}}},"product_brand":[],"product_cat":[426,431,406,425,420],"product_tag":[],"class_list":{"0":"post-6252","1":"product","2":"type-product","3":"status-publish","4":"has-post-thumbnail","6":"product_cat-constructionmining","7":"product_cat-fabric-for-commuting-clothing","8":"product_cat-nylon-cotton","9":"product_cat-security-emergencies-road-services","10":"product_cat-stretch-fabrics","11":"pa_available_colors-911052-spc","12":"desktop-align-left","13":"tablet-align-left","14":"mobile-align-left","15":"ast-product-gallery-layout-vertical-slider","16":"ast-product-tabs-layout-horizontal","18":"first","19":"instock","20":"shipping-taxable","21":"product-type-simple"},"uagb_featured_image_src":{"full":["https:\/\/www.sikortex.com\/wp-content\/uploads\/2023\/09\/Nylon-cotton-fabrics.jpg",800,800,false],"thumbnail":["https:\/\/www.sikortex.com\/wp-content\/uploads\/2023\/09\/Nylon-cotton-fabrics-150x150.jpg",150,150,true],"medium":["https:\/\/www.sikortex.com\/wp-content\/uploads\/2023\/09\/Nylon-cotton-fabrics-300x300.jpg",300,300,true],"medium_large":["https:\/\/www.sikortex.com\/wp-content\/uploads\/2023\/09\/Nylon-cotton-fabrics-768x768.jpg",768,768,true],"large":["https:\/\/www.sikortex.com\/wp-content\/uploads\/2023\/09\/Nylon-cotton-fabrics.jpg",800,800,false],"1536x1536":["https:\/\/www.sikortex.com\/wp-content\/uploads\/2023\/09\/Nylon-cotton-fabrics.jpg",800,800,false],"2048x2048":["https:\/\/www.sikortex.com\/wp-content\/uploads\/2023\/09\/Nylon-cotton-fabrics.jpg",800,800,false],"trp-custom-language-flag":["https:\/\/www.sikortex.com\/wp-content\/uploads\/2023\/09\/Nylon-cotton-fabrics-12x12.jpg",12,12,true],"woocommerce_thumbnail":["https:\/\/www.sikortex.com\/wp-content\/uploads\/2023\/09\/Nylon-cotton-fabrics-300x300.jpg",300,300,true],"woocommerce_single":["https:\/\/www.sikortex.com\/wp-content\/uploads\/2023\/09\/Nylon-cotton-fabrics-600x600.jpg",600,600,true],"woocommerce_gallery_thumbnail":["https:\/\/www.sikortex.com\/wp-content\/uploads\/2023\/09\/Nylon-cotton-fabrics-100x100.jpg",100,100,true]},"uagb_author_info":{"display_name":"Perry","author_link":"https:\/\/www.sikortex.com\/pl\/author\/"},"uagb_comment_info":0,"uagb_excerpt":"1000 Meters(Min.Order)","_links":{"self":[{"href":"https:\/\/www.sikortex.com\/pl\/wp-json\/wp\/v2\/product\/6252","targetHints":{"allow":["GET"]}}],"collection":[{"href":"https:\/\/www.sikortex.com\/pl\/wp-json\/wp\/v2\/product"}],"about":[{"href":"https:\/\/www.sikortex.com\/pl\/wp-json\/wp\/v2\/types\/product"}],"replies":[{"embeddable":true,"href":"https:\/\/www.sikortex.com\/pl\/wp-json\/wp\/v2\/comments?post=6252"}],"wp:featuredmedia":[{"embeddable":true,"href":"https:\/\/www.sikortex.com\/pl\/wp-json\/wp\/v2\/media\/6253"}],"wp:attachment":[{"href":"https:\/\/www.sikortex.com\/pl\/wp-json\/wp\/v2\/media?parent=6252"}],"wp:term":[{"taxonomy":"product_brand","embeddable":true,"href":"https:\/\/www.sikortex.com\/pl\/wp-json\/wp\/v2\/product_brand?post=6252"},{"taxonomy":"product_cat","embeddable":true,"href":"https:\/\/www.sikortex.com\/pl\/wp-json\/wp\/v2\/product_cat?post=6252"},{"taxonomy":"product_tag","embeddable":true,"href":"https:\/\/www.sikortex.com\/pl\/wp-json\/wp\/v2\/product_tag?post=6252"}],"curies":[{"name":"wp","href":"https:\/\/api.w.org\/{rel}","templated":true}]}}