{"id":4879,"date":"2023-06-29T11:09:36","date_gmt":"2023-06-29T03:09:36","guid":{"rendered":"http:\/\/shihan.vihsu.com\/?post_type=product&#038;p=4879"},"modified":"2023-11-21T12:53:54","modified_gmt":"2023-11-21T04:53:54","slug":"tkanina-poliestrowo-kompozytowa","status":"publish","type":"product","link":"https:\/\/www.sikortex.com\/pl\/produkt\/tkanina-poliestrowo-kompozytowa\/","title":{"rendered":"Tkanina Xpore z poliestrowych w\u0142\u00f3kien kompozytowych"},"content":{"rendered":"<p><a href=\"https:\/\/www.sikortex.com\/pl\/\">SIKOR-TEX<\/a> Tkanina poliestrowa Composite Fibre Xpore \u2013 idealny wyb\u00f3r dla ka\u017cdego, kto szuka wysokiej jako\u015bci tkaniny, kt\u00f3ra jest jednocze\u015bnie trwa\u0142a i stylowa. Tkanina ta jest wytwarzana poprzez zmieszanie ze sob\u0105 r\u00f3\u017cnych termokurczliwych w\u0142\u00f3kien poliestrowych, co daje unikaln\u0105 tekstur\u0119 na\u015bladuj\u0105c\u0105 wygl\u0105dem i dotykiem bawe\u0142n\u0119, len lub we\u0142n\u0119. Poddane dzia\u0142aniu barwienia w wysokiej temperaturze w\u0142\u00f3kna kurcz\u0105 si\u0119 w r\u00f3\u017cny spos\u00f3b, tworz\u0105c specjaln\u0105 puszyst\u0105 tekstur\u0119, kt\u00f3ra dodaje zar\u00f3wno atrakcyjno\u015bci wizualnej, jak i komfortu.<br \/>\nPoliestrowa tkanina kompozytowa to doskona\u0142y wyb\u00f3r do wielu zaj\u0119\u0107 na \u015bwie\u017cym powietrzu, w tym do w\u0119dr\u00f3wek, biwakowania i odzie\u017cy roboczej. Jest zar\u00f3wno wodoodporny, jak i oddychaj\u0105cy, zapewniaj\u0105c sucho\u015b\u0107 i wygod\u0119 w ka\u017cdych warunkach pogodowych. Doskona\u0142a oddychalno\u015b\u0107 tkaniny oznacza, \u017ce mo\u017cna j\u0105 nosi\u0107 w wysokich temperaturach bez uczucia duszno\u015bci i dyskomfortu.<br \/>\nOpr\u00f3cz swoich praktycznych funkcji, tkanina poliestrowa Composite Fibre Xpore jest r\u00f3wnie\u017c bardzo stylowa. Unikalna faktura nadaje mu wyrafinowany wygl\u0105d, idealny zar\u00f3wno do noszenia na co dzie\u0144, jak i do formalnych stylizacji. Jest na tyle wszechstronny, \u017ce mo\u017cna go nosi\u0107 we wszystkim, od kurtek typu hardshell po odzie\u017c rekreacyjn\u0105.<\/p>","protected":false},"excerpt":{"rendered":"<p>600 metr\u00f3w (min. zam\u00f3wienie)<\/p>","protected":false},"featured_media":4660,"comment_status":"closed","ping_status":"closed","template":"","meta":{"_uag_custom_page_level_css":"","site-sidebar-layout":"default","site-content-layout":"default","ast-site-content-layout":"","site-content-style":"default","site-sidebar-style":"default","ast-global-header-display":"","ast-banner-title-visibility":"","ast-main-header-display":"","ast-hfb-above-header-display":"","ast-hfb-below-header-display":"","ast-hfb-mobile-header-display":"","site-post-title":"","ast-breadcrumbs-content":"","ast-featured-img":"","footer-sml-layout":"","theme-transparent-header-meta":"default","adv-header-id-meta":"","stick-header-meta":"default","header-above-stick-meta":"","header-main-stick-meta":"","header-below-stick-meta":"","astra-migrate-meta-layouts":"default","ast-page-background-enabled":"default","ast-page-background-meta":{"desktop":{"background-color":"","background-image":"","background-repeat":"repeat","background-position":"center center","background-size":"auto","background-attachment":"scroll","background-type":"","background-media":"","overlay-type":"","overlay-color":"","overlay-opacity":"","overlay-gradient":""},"tablet":{"background-color":"","background-image":"","background-repeat":"repeat","background-position":"center center","background-size":"auto","background-attachment":"scroll","background-type":"","background-media":"","overlay-type":"","overlay-color":"","overlay-opacity":"","overlay-gradient":""},"mobile":{"background-color":"","background-image":"","background-repeat":"repeat","background-position":"center center","background-size":"auto","background-attachment":"scroll","background-type":"","background-media":"","overlay-type":"","overlay-color":"","overlay-opacity":"","overlay-gradient":""}},"ast-content-background-meta":{"desktop":{"background-color":"var(--ast-global-color-5)","background-image":"","background-repeat":"repeat","background-position":"center center","background-size":"auto","background-attachment":"scroll","background-type":"","background-media":"","overlay-type":"","overlay-color":"","overlay-opacity":"","overlay-gradient":""},"tablet":{"background-color":"var(--ast-global-color-5)","background-image":"","background-repeat":"repeat","background-position":"center center","background-size":"auto","background-attachment":"scroll","background-type":"","background-media":"","overlay-type":"","overlay-color":"","overlay-opacity":"","overlay-gradient":""},"mobile":{"background-color":"var(--ast-global-color-5)","background-image":"","background-repeat":"repeat","background-position":"center center","background-size":"auto","background-attachment":"scroll","background-type":"","background-media":"","overlay-type":"","overlay-color":"","overlay-opacity":"","overlay-gradient":""}}},"product_brand":[],"product_cat":[431,428,403],"product_tag":[],"class_list":{"0":"post-4879","1":"product","2":"type-product","3":"status-publish","4":"has-post-thumbnail","6":"product_cat-fabric-for-commuting-clothing","7":"product_cat-fabric-for-outdoor-sports","8":"product_cat-polyester-fabrics","9":"pa_available_colors-911052-spc","10":"desktop-align-left","11":"tablet-align-left","12":"mobile-align-left","13":"ast-product-gallery-layout-vertical-slider","14":"ast-product-tabs-layout-horizontal","16":"first","17":"instock","18":"shipping-taxable","19":"product-type-simple"},"uagb_featured_image_src":{"full":["https:\/\/www.sikortex.com\/wp-content\/uploads\/2023\/06\/IMG_5382-scaled.jpg",2560,1707,false],"thumbnail":["https:\/\/www.sikortex.com\/wp-content\/uploads\/2023\/06\/IMG_5382-150x150.jpg",150,150,true],"medium":["https:\/\/www.sikortex.com\/wp-content\/uploads\/2023\/06\/IMG_5382-300x200.jpg",300,200,true],"medium_large":["https:\/\/www.sikortex.com\/wp-content\/uploads\/2023\/06\/IMG_5382-768x512.jpg",768,512,true],"large":["https:\/\/www.sikortex.com\/wp-content\/uploads\/2023\/06\/IMG_5382-1024x683.jpg",1024,683,true],"1536x1536":["https:\/\/www.sikortex.com\/wp-content\/uploads\/2023\/06\/IMG_5382-1536x1024.jpg",1536,1024,true],"2048x2048":["https:\/\/www.sikortex.com\/wp-content\/uploads\/2023\/06\/IMG_5382-2048x1365.jpg",2048,1365,true],"trp-custom-language-flag":["https:\/\/www.sikortex.com\/wp-content\/uploads\/2023\/06\/IMG_5382-scaled.jpg",18,12,false],"woocommerce_thumbnail":["https:\/\/www.sikortex.com\/wp-content\/uploads\/2023\/06\/IMG_5382-300x300.jpg",300,300,true],"woocommerce_single":["https:\/\/www.sikortex.com\/wp-content\/uploads\/2023\/06\/IMG_5382-600x400.jpg",600,400,true],"woocommerce_gallery_thumbnail":["https:\/\/www.sikortex.com\/wp-content\/uploads\/2023\/06\/IMG_5382-100x100.jpg",100,100,true]},"uagb_author_info":{"display_name":"Perry","author_link":"https:\/\/www.sikortex.com\/pl\/author\/"},"uagb_comment_info":0,"uagb_excerpt":"600 Meters(Min.Order)","_links":{"self":[{"href":"https:\/\/www.sikortex.com\/pl\/wp-json\/wp\/v2\/product\/4879","targetHints":{"allow":["GET"]}}],"collection":[{"href":"https:\/\/www.sikortex.com\/pl\/wp-json\/wp\/v2\/product"}],"about":[{"href":"https:\/\/www.sikortex.com\/pl\/wp-json\/wp\/v2\/types\/product"}],"replies":[{"embeddable":true,"href":"https:\/\/www.sikortex.com\/pl\/wp-json\/wp\/v2\/comments?post=4879"}],"wp:featuredmedia":[{"embeddable":true,"href":"https:\/\/www.sikortex.com\/pl\/wp-json\/wp\/v2\/media\/4660"}],"wp:attachment":[{"href":"https:\/\/www.sikortex.com\/pl\/wp-json\/wp\/v2\/media?parent=4879"}],"wp:term":[{"taxonomy":"product_brand","embeddable":true,"href":"https:\/\/www.sikortex.com\/pl\/wp-json\/wp\/v2\/product_brand?post=4879"},{"taxonomy":"product_cat","embeddable":true,"href":"https:\/\/www.sikortex.com\/pl\/wp-json\/wp\/v2\/product_cat?post=4879"},{"taxonomy":"product_tag","embeddable":true,"href":"https:\/\/www.sikortex.com\/pl\/wp-json\/wp\/v2\/product_tag?post=4879"}],"curies":[{"name":"wp","href":"https:\/\/api.w.org\/{rel}","templated":true}]}}