{"id":4764,"date":"2023-06-28T16:30:46","date_gmt":"2023-06-28T08:30:46","guid":{"rendered":"http:\/\/shihan.vihsu.com\/?post_type=product&#038;p=4764"},"modified":"2025-02-17T17:43:19","modified_gmt":"2025-02-17T09:43:19","slug":"tkanina-500d-cordura-oxford-nylon-66","status":"publish","type":"product","link":"https:\/\/www.sikortex.com\/pl\/produkt\/tkanina-500d-cordura-oxford-nylon-66\/","title":{"rendered":"Nylon 500D 66 Tessuto Cordura Oxford"},"content":{"rendered":"<p>Przedstawiamy nasz\u0105 tkanin\u0119 Oxford 500D Nylon 66 Tessuto Cordura, doskona\u0142y wyb\u00f3r do wymagaj\u0105cych zastosowa\u0144, kt\u00f3re wymagaj\u0105 trwa\u0142o\u015bci i wytrzyma\u0142o\u015bci. Tkanina ta, utkana z prz\u0119dzy teksturowanej Nylon 66 Air o g\u0119sto\u015bci 500 Denier, oferuje wygl\u0105d i dotyk prz\u0119dzy bawe\u0142nianej, zapewniaj\u0105c jednocze\u015bnie wyj\u0105tkow\u0105 trwa\u0142o\u015b\u0107.<\/p>\n<p>W\u0142\u00f3kna w tej tkaninie s\u0105 ze sob\u0105 po\u0142\u0105czone, co zapewnia zwi\u0119kszon\u0105 odporno\u015b\u0107 na tarcie zewn\u0119trzne i zwi\u0119ksza og\u00f3ln\u0105 trwa\u0142o\u015b\u0107. Nylon 66, znany ze swoich w\u0142a\u015bciwo\u015bci o wysokiej wytrzyma\u0142o\u015bci, oferuje trzykrotnie wi\u0119ksz\u0105 wytrzyma\u0142o\u015b\u0107 ni\u017c poliester i dwukrotnie wi\u0119ksz\u0105 ni\u017c nylon 6, co czyni go doskona\u0142ym wyborem do trudnych zastosowa\u0144.<\/p>\n<p>Ponadto z dum\u0105 oferujemy <span style=\"color: #3366ff;\"><a style=\"color: #3366ff;\" href=\"https:\/\/www.cordura.com\/\" target=\"_blank\" rel=\"noopener\">Cordura<\/a><\/span> w\u0142\u00f3kna wykorzystuj\u0105ce technologi\u0119 INVISTA opracowan\u0105 przez firm\u0119 DuPont, znan\u0105 ze swojej wydajno\u015bci i jako\u015bci. Do naszych tkanin mo\u017cna do\u0142\u0105czy\u0107 przywieszki Cordura, co stanowi dodatkow\u0105 gwarancj\u0119 ich trwa\u0142o\u015bci i niezawodno\u015bci.<\/p>\n<p>Tkanina Oxford 500D Nylon 66 znajduje szerokie zastosowanie w produkcji kamizelek taktycznych, mundur\u00f3w wojskowych, os\u0142on tarcz i odpornej na zu\u017cycie odzie\u017cy roboczej w przemy\u015ble ci\u0119\u017ckim. Wybierz nasz\u0105 tkanin\u0119 ze wzgl\u0119du na jej wyj\u0105tkow\u0105 wytrzyma\u0142o\u015b\u0107, trwa\u0142o\u015b\u0107 i niezawodno\u015b\u0107 w wymagaj\u0105cych warunkach.<\/p>\n<p><span style=\"color: #3366ff;\"><a style=\"color: #3366ff;\" href=\"https:\/\/www.sikortex.com\/pl\/military-police-and-protective\/\">Tkanina dla \u017candarmerii i sprz\u0119tu ochronnego<\/a><\/span><\/p>","protected":false},"excerpt":{"rendered":"<p>600 metr\u00f3w (min. zam\u00f3wienie)<\/p>","protected":false},"featured_media":3807,"comment_status":"closed","ping_status":"closed","template":"","meta":{"_uag_custom_page_level_css":"","site-sidebar-layout":"default","site-content-layout":"default","ast-site-content-layout":"","site-content-style":"default","site-sidebar-style":"default","ast-global-header-display":"","ast-banner-title-visibility":"","ast-main-header-display":"","ast-hfb-above-header-display":"","ast-hfb-below-header-display":"","ast-hfb-mobile-header-display":"","site-post-title":"","ast-breadcrumbs-content":"","ast-featured-img":"","footer-sml-layout":"","theme-transparent-header-meta":"default","adv-header-id-meta":"","stick-header-meta":"default","header-above-stick-meta":"","header-main-stick-meta":"","header-below-stick-meta":"","astra-migrate-meta-layouts":"default","ast-page-background-enabled":"default","ast-page-background-meta":{"desktop":{"background-color":"","background-image":"","background-repeat":"repeat","background-position":"center center","background-size":"auto","background-attachment":"scroll","background-type":"","background-media":"","overlay-type":"","overlay-color":"","overlay-opacity":"","overlay-gradient":""},"tablet":{"background-color":"","background-image":"","background-repeat":"repeat","background-position":"center center","background-size":"auto","background-attachment":"scroll","background-type":"","background-media":"","overlay-type":"","overlay-color":"","overlay-opacity":"","overlay-gradient":""},"mobile":{"background-color":"","background-image":"","background-repeat":"repeat","background-position":"center center","background-size":"auto","background-attachment":"scroll","background-type":"","background-media":"","overlay-type":"","overlay-color":"","overlay-opacity":"","overlay-gradient":""}},"ast-content-background-meta":{"desktop":{"background-color":"var(--ast-global-color-5)","background-image":"","background-repeat":"repeat","background-position":"center center","background-size":"auto","background-attachment":"scroll","background-type":"","background-media":"","overlay-type":"","overlay-color":"","overlay-opacity":"","overlay-gradient":""},"tablet":{"background-color":"var(--ast-global-color-5)","background-image":"","background-repeat":"repeat","background-position":"center center","background-size":"auto","background-attachment":"scroll","background-type":"","background-media":"","overlay-type":"","overlay-color":"","overlay-opacity":"","overlay-gradient":""},"mobile":{"background-color":"var(--ast-global-color-5)","background-image":"","background-repeat":"repeat","background-position":"center center","background-size":"auto","background-attachment":"scroll","background-type":"","background-media":"","overlay-type":"","overlay-color":"","overlay-opacity":"","overlay-gradient":""}}},"product_brand":[],"product_cat":[426,1206,423,432,404,1184,433],"product_tag":[],"class_list":{"0":"post-4764","1":"product","2":"type-product","3":"status-publish","4":"has-post-thumbnail","6":"product_cat-constructionmining","7":"product_cat-fabric-for-bag","8":"product_cat-fabric-for-military-police","9":"product_cat-fabric-for-tent","10":"product_cat-nylon-fabrics","11":"product_cat-oxford-fabric","12":"product_cat-textile-for-industrial","13":"pa_available_colors-911052-spc","14":"desktop-align-left","15":"tablet-align-left","16":"mobile-align-left","17":"ast-product-gallery-layout-vertical-slider","18":"ast-product-tabs-layout-horizontal","20":"first","21":"instock","22":"shipping-taxable","23":"product-type-simple"},"uagb_featured_image_src":{"full":["https:\/\/www.sikortex.com\/wp-content\/uploads\/2023\/06\/15064610600_1956646661.jpg",1024,1024,false],"thumbnail":["https:\/\/www.sikortex.com\/wp-content\/uploads\/2023\/06\/15064610600_1956646661-150x150.jpg",150,150,true],"medium":["https:\/\/www.sikortex.com\/wp-content\/uploads\/2023\/06\/15064610600_1956646661-300x300.jpg",300,300,true],"medium_large":["https:\/\/www.sikortex.com\/wp-content\/uploads\/2023\/06\/15064610600_1956646661-768x768.jpg",768,768,true],"large":["https:\/\/www.sikortex.com\/wp-content\/uploads\/2023\/06\/15064610600_1956646661.jpg",1024,1024,false],"1536x1536":["https:\/\/www.sikortex.com\/wp-content\/uploads\/2023\/06\/15064610600_1956646661.jpg",1024,1024,false],"2048x2048":["https:\/\/www.sikortex.com\/wp-content\/uploads\/2023\/06\/15064610600_1956646661.jpg",1024,1024,false],"trp-custom-language-flag":["https:\/\/www.sikortex.com\/wp-content\/uploads\/2023\/06\/15064610600_1956646661.jpg",12,12,false],"woocommerce_thumbnail":["https:\/\/www.sikortex.com\/wp-content\/uploads\/2023\/06\/15064610600_1956646661-300x300.jpg",300,300,true],"woocommerce_single":["https:\/\/www.sikortex.com\/wp-content\/uploads\/2023\/06\/15064610600_1956646661-600x600.jpg",600,600,true],"woocommerce_gallery_thumbnail":["https:\/\/www.sikortex.com\/wp-content\/uploads\/2023\/06\/15064610600_1956646661-100x100.jpg",100,100,true]},"uagb_author_info":{"display_name":"Perry","author_link":"https:\/\/www.sikortex.com\/pl\/author\/"},"uagb_comment_info":0,"uagb_excerpt":"600 Meters(Min.Order)","_links":{"self":[{"href":"https:\/\/www.sikortex.com\/pl\/wp-json\/wp\/v2\/product\/4764","targetHints":{"allow":["GET"]}}],"collection":[{"href":"https:\/\/www.sikortex.com\/pl\/wp-json\/wp\/v2\/product"}],"about":[{"href":"https:\/\/www.sikortex.com\/pl\/wp-json\/wp\/v2\/types\/product"}],"replies":[{"embeddable":true,"href":"https:\/\/www.sikortex.com\/pl\/wp-json\/wp\/v2\/comments?post=4764"}],"wp:featuredmedia":[{"embeddable":true,"href":"https:\/\/www.sikortex.com\/pl\/wp-json\/wp\/v2\/media\/3807"}],"wp:attachment":[{"href":"https:\/\/www.sikortex.com\/pl\/wp-json\/wp\/v2\/media?parent=4764"}],"wp:term":[{"taxonomy":"product_brand","embeddable":true,"href":"https:\/\/www.sikortex.com\/pl\/wp-json\/wp\/v2\/product_brand?post=4764"},{"taxonomy":"product_cat","embeddable":true,"href":"https:\/\/www.sikortex.com\/pl\/wp-json\/wp\/v2\/product_cat?post=4764"},{"taxonomy":"product_tag","embeddable":true,"href":"https:\/\/www.sikortex.com\/pl\/wp-json\/wp\/v2\/product_tag?post=4764"}],"curies":[{"name":"wp","href":"https:\/\/api.w.org\/{rel}","templated":true}]}}