{"id":4758,"date":"2023-06-28T16:09:41","date_gmt":"2023-06-28T08:09:41","guid":{"rendered":"http:\/\/shihan.vihsu.com\/?post_type=product&#038;p=4758"},"modified":"2025-02-17T17:43:37","modified_gmt":"2025-02-17T09:43:37","slug":"600d-dty-oxford-antybakteryjne-tkaniny","status":"publish","type":"product","link":"https:\/\/www.sikortex.com\/pl\/produkt\/600d-dty-oxford-antybakteryjne-tkaniny\/","title":{"rendered":"1200D Poliester Tkaniny Ci\u0119\u017ckie Tkaniny Przemys\u0142owe"},"content":{"rendered":"<p>Tkanina poliestrowa 1200D ma zastosowanie przemys\u0142owe. Mo\u017ce by\u0107 powlekana, aby by\u0142a wodoodporna i oddychaj\u0105ca, lub mo\u017ce by\u0107 wykonana z tkaniny trudnopalnej.<br \/>\nJako tkanina przemys\u0142owa ma szerokie zastosowanie w ochronie przemys\u0142owej.<\/p>\n<p>Plandeka przemys\u0142owa:<br \/>\nW dziedzinach przemys\u0142owych, takich jak budownictwo i transport \u0142adunk\u00f3w, tkanina poliestrowa 1200D mo\u017ce by\u0107 przetworzona na plandek\u0119 przemys\u0142ow\u0105 po pokryciu jej w\u0142a\u015bciwo\u015bciami wodoodpornymi i oddychaj\u0105cymi. W przypadku pokrywania materia\u0142\u00f3w budowlanych mo\u017ce skutecznie zapobiega\u0107 uszkodzeniom materia\u0142\u00f3w przez deszcz, a oddychalno\u015b\u0107 pomaga zapobiega\u0107 ple\u015bnieniu materia\u0142\u00f3w pod plandek\u0105. W transporcie \u0142adunk\u00f3w mo\u017ce niezawodnie chroni\u0107 towary przed warunkami atmosferycznymi, a oddychalno\u015b\u0107 mo\u017ce zapobiega\u0107 uszkodzeniom towar\u00f3w z powodu d\u0142ugotrwa\u0142ego uszczelnienia.<\/p>\n<p>Pokrowiec ochronny na sprz\u0119t:<br \/>\nStosowane do przykrywania i ochrony r\u00f3\u017cnego rodzaju maszyn i urz\u0105dze\u0144 przemys\u0142owych, takich jak du\u017ce obrabiarki, silniki, spr\u0119\u017carki itp. Wodoodporno\u015b\u0107 zapobiega erozji kluczowych element\u00f3w sprz\u0119tu pod wp\u0142ywem deszczu i wilgoci, a oddychalno\u015b\u0107 zapobiega rdzewieniu i korozji powierzchni lub wewn\u0119trznego metalu sprz\u0119tu z powodu braku cyrkulacji powietrza w pokrywie, wyd\u0142u\u017caj\u0105c \u017cywotno\u015b\u0107 sprz\u0119tu i zapewniaj\u0105c jego stabiln\u0105 prac\u0119.<\/p>\n<p>Obiekty zewn\u0119trzne<br \/>\nMarkizy zewn\u0119trzne i markizy przeciwdeszczowe: mog\u0105 by\u0107 u\u017cywane do produkcji obiekt\u00f3w zewn\u0119trznych, takich jak markizy na zewn\u0105trz budynk\u00f3w i markizy przeciwdeszczowe na parkingach na wolnym powietrzu. Ich wodoodporno\u015b\u0107 mo\u017ce skutecznie blokowa\u0107 wnikanie wody deszczowej i zapewnia\u0107 such\u0105 przestrze\u0144 dla obszaru poni\u017cej w porze deszczowej; funkcja oddychaj\u0105ca mo\u017ce zmniejszy\u0107 problemy z kondensacj\u0105 i ple\u015bni\u0105, kt\u00f3re mog\u0105 wyst\u0105pi\u0107 w d\u0142ugoterminowym zamkni\u0119tym \u015brodowisku, utrzyma\u0107 stabilno\u015b\u0107 w\u0142asnej wydajno\u015bci plandeki i zapewni\u0107 ludziom wygodne schronienie na zewn\u0105trz przez d\u0142ugi czas.<\/p>\n<p>Przechowywanie i pakowanie<br \/>\nMateria\u0142y opakowaniowe do du\u017cych \u0142adunk\u00f3w: W przechowywaniu i transporcie niekt\u00f3rych du\u017cych produkt\u00f3w przemys\u0142owych lub surowc\u00f3w o wysokich wymaganiach dotycz\u0105cych odporno\u015bci na wilgo\u0107, ta wodoodporna i oddychaj\u0105ca tkanina poliestrowa 1200D mo\u017ce by\u0107 stosowana jako materia\u0142 opakowaniowy. Mo\u017ce ona zapobiega\u0107 przedostawaniu si\u0119 wilgoci zewn\u0119trznej do opakowania i powodowaniu uszkodze\u0144 towar\u00f3w oraz mo\u017ce zapewni\u0107 pewien stopie\u0144 cyrkulacji powietrza w opakowaniu, zapobiegaj\u0105c gromadzeniu si\u0119 pary wodnej i pogorszeniu jako\u015bci towar\u00f3w spowodowanemu ca\u0142kowitym uszczelnieniem, a tak\u017ce zapewniaj\u0105c jako\u015b\u0107 i bezpiecze\u0144stwo towar\u00f3w podczas przechowywania i transportu.<br \/>\nZastosowanie funkcji zmniejszaj\u0105cej palno\u015b\u0107<\/p>\n<p>Gaszenie po\u017car\u00f3w i ratownictwo<br \/>\nMateria\u0142y pomocnicze do sprz\u0119tu ga\u015bniczego: takie jak du\u017ce pokrowce ochronne na sprz\u0119t ga\u015bniczy w miejscu akcji ratowniczej oraz zewn\u0119trzne materia\u0142y ochronne w\u0119\u017cy stra\u017cackich. W z\u0142o\u017conym i niebezpiecznym \u015brodowisku miejsca po\u017caru ognioodporna tkanina poliestrowa 1200D mo\u017ce skutecznie przeciwstawi\u0107 si\u0119 wtargni\u0119ciu p\u0142omieni, zapobiega\u0107 uszkodzeniom sprz\u0119tu przez rozprzestrzenianie si\u0119 p\u0142omieni, zapewnia\u0107 normalne u\u017cytkowanie sprz\u0119tu ga\u015bniczego w krytycznych momentach i zapewnia\u0107 silne wsparcie dla p\u0142ynnego post\u0119pu prac ga\u015bniczych i ratowniczych.<\/p>\n<p>Tymczasowe obiekty do cel\u00f3w ratownictwa:<br \/>\nNa miejscu po\u017caru lub innych miejscach akcji ratunkowych w przypadku katastrof, tymczasowe obiekty, takie jak tymczasowe namioty centrum dowodzenia i namioty do przechowywania materia\u0142\u00f3w ratowniczych wykonane z trudnopalnych tkanin poliestrowych 1200D. Mog\u0105 one zapobiec zapaleniu si\u0119 namiot\u00f3w przez otaczaj\u0105ce p\u0142omienie, zapewni\u0107 bezpieczny rozw\u00f3j prac ratowniczych, zapewni\u0107 wzgl\u0119dnie bezpieczn\u0105 przestrze\u0144 dla ratownik\u00f3w i ofiar katastrof oraz zapewni\u0107 uporz\u0105dkowany przebieg operacji ratowniczych.<\/p>\n<p>Transport<br \/>\nOchrona wn\u0119trz pojazd\u00f3w: Stosowanie trudnopalnych tkanin Heavy Weight we wn\u0119trzach du\u017cych pojazd\u00f3w, takich jak statki i poci\u0105gi, takich jak pokrowce na siedzenia i materia\u0142y do owijania paneli wewn\u0119trznych, mo\u017ce poprawi\u0107 og\u00f3lne bezpiecze\u0144stwo pojazd\u00f3w. W przypadku sytuacji awaryjnej, takiej jak po\u017car, trudnopalne tkaniny mog\u0105 op\u00f3\u017ani\u0107 rozprzestrzenianie si\u0119 ognia, zapewni\u0107 pasa\u017cerom wi\u0119cej czasu na ewakuacj\u0119 oraz zmniejszy\u0107 liczb\u0119 ofiar i straty materialne spowodowane po\u017carami.<\/p>\n<p>Bezpiecze\u0144stwo przemys\u0142owe<br \/>\nObiekty ochronne w obszarach wysokiego ryzyka: Obiekty ochronne w niekt\u00f3rych obiektach przemys\u0142owych o ekstremalnie wysokim zagro\u017ceniu po\u017carowym, takich jak obszary operacyjne o wysokiej temperaturze oraz obszary magazynowania materia\u0142\u00f3w \u0142atwopalnych i wybuchowych w bran\u017cach takich jak petrochemia i hutnictwo metali. Na przyk\u0142ad kurtyny izolacyjne, materia\u0142y pokrywaj\u0105ce \u015bciany ogniowe itp. Gdy pracownicy pracuj\u0105 w tych obszarach, te obiekty ochronne wykonane z trudnopalnych tkanin przemys\u0142owych z poliestru 1200D mog\u0105 skutecznie zmniejszy\u0107 ryzyko rozprzestrzeniania si\u0119 ognia spowodowanego po\u017carem, zapewni\u0107 bezpiecze\u0144stwo personelu i stabiln\u0105 prac\u0119 obiekt\u00f3w produkcyjnych oraz zmniejszy\u0107 straty na du\u017c\u0105 skal\u0119 spowodowane po\u017carami.<\/p>\n<p>Przemys\u0142 energetyczny<br \/>\nOs\u0142ony ochronne urz\u0105dze\u0144 energetycznych: Os\u0142ony ochronne wykonane z tkanin o du\u017cej wadze i ognioodporno\u015bci mo\u017cna stosowa\u0107 w przypadku urz\u0105dze\u0144 energetycznych, takich jak du\u017ce transformatory i szafy rozdzielcze w podstacjach. Gdy po\u017car wybuchnie z powodu awarii urz\u0105dze\u0144 energetycznych, os\u0142ona ochronna mo\u017ce zapobiec rozprzestrzenianiu si\u0119 ognia, chroni\u0107 otaczaj\u0105cy sprz\u0119t i obiekty, zmniejszy\u0107 straty spowodowane po\u017carem, unikn\u0105\u0107 reakcji \u0142a\u0144cuchowych spowodowanych po\u017carem w jednym urz\u0105dzeniu i sparali\u017cowa\u0107 ca\u0142y system energetyczny oraz zapewni\u0107 stabilno\u015b\u0107 i bezpiecze\u0144stwo zasilania.<\/p>","protected":false},"excerpt":{"rendered":"<p>1000 metr\u00f3w (min. zam\u00f3wienie)<\/p>","protected":false},"featured_media":4901,"comment_status":"closed","ping_status":"closed","template":"","meta":{"_uag_custom_page_level_css":"","site-sidebar-layout":"default","site-content-layout":"default","ast-site-content-layout":"","site-content-style":"default","site-sidebar-style":"default","ast-global-header-display":"","ast-banner-title-visibility":"","ast-main-header-display":"","ast-hfb-above-header-display":"","ast-hfb-below-header-display":"","ast-hfb-mobile-header-display":"","site-post-title":"","ast-breadcrumbs-content":"","ast-featured-img":"","footer-sml-layout":"","theme-transparent-header-meta":"default","adv-header-id-meta":"","stick-header-meta":"default","header-above-stick-meta":"","header-main-stick-meta":"","header-below-stick-meta":"","astra-migrate-meta-layouts":"default","ast-page-background-enabled":"default","ast-page-background-meta":{"desktop":{"background-color":"","background-image":"","background-repeat":"repeat","background-position":"center center","background-size":"auto","background-attachment":"scroll","background-type":"","background-media":"","overlay-type":"","overlay-color":"","overlay-opacity":"","overlay-gradient":""},"tablet":{"background-color":"","background-image":"","background-repeat":"repeat","background-position":"center center","background-size":"auto","background-attachment":"scroll","background-type":"","background-media":"","overlay-type":"","overlay-color":"","overlay-opacity":"","overlay-gradient":""},"mobile":{"background-color":"","background-image":"","background-repeat":"repeat","background-position":"center center","background-size":"auto","background-attachment":"scroll","background-type":"","background-media":"","overlay-type":"","overlay-color":"","overlay-opacity":"","overlay-gradient":""}},"ast-content-background-meta":{"desktop":{"background-color":"var(--ast-global-color-5)","background-image":"","background-repeat":"repeat","background-position":"center center","background-size":"auto","background-attachment":"scroll","background-type":"","background-media":"","overlay-type":"","overlay-color":"","overlay-opacity":"","overlay-gradient":""},"tablet":{"background-color":"var(--ast-global-color-5)","background-image":"","background-repeat":"repeat","background-position":"center center","background-size":"auto","background-attachment":"scroll","background-type":"","background-media":"","overlay-type":"","overlay-color":"","overlay-opacity":"","overlay-gradient":""},"mobile":{"background-color":"var(--ast-global-color-5)","background-image":"","background-repeat":"repeat","background-position":"center center","background-size":"auto","background-attachment":"scroll","background-type":"","background-media":"","overlay-type":"","overlay-color":"","overlay-opacity":"","overlay-gradient":""}}},"product_brand":[],"product_cat":[417,1206,1183,432,1184,403,433,414],"product_tag":[],"class_list":{"0":"post-4758","1":"product","2":"type-product","3":"status-publish","4":"has-post-thumbnail","6":"product_cat-anti-bacterial-fabrics","7":"product_cat-fabric-for-bag","8":"product_cat-fabric-for-horse-blankets","9":"product_cat-fabric-for-tent","10":"product_cat-oxford-fabric","11":"product_cat-polyester-fabrics","12":"product_cat-textile-for-industrial","13":"product_cat-waterproof-fabrics","14":"pa_available_colors-911052-spc","15":"desktop-align-left","16":"tablet-align-left","17":"mobile-align-left","18":"ast-product-gallery-layout-vertical-slider","19":"ast-product-tabs-layout-horizontal","21":"first","22":"instock","23":"shipping-taxable","24":"product-type-simple"},"uagb_featured_image_src":{"full":["https:\/\/www.sikortex.com\/wp-content\/uploads\/2023\/06\/1-18.jpg",800,800,false],"thumbnail":["https:\/\/www.sikortex.com\/wp-content\/uploads\/2023\/06\/1-18-150x150.jpg",150,150,true],"medium":["https:\/\/www.sikortex.com\/wp-content\/uploads\/2023\/06\/1-18-300x300.jpg",300,300,true],"medium_large":["https:\/\/www.sikortex.com\/wp-content\/uploads\/2023\/06\/1-18-768x768.jpg",768,768,true],"large":["https:\/\/www.sikortex.com\/wp-content\/uploads\/2023\/06\/1-18.jpg",800,800,false],"1536x1536":["https:\/\/www.sikortex.com\/wp-content\/uploads\/2023\/06\/1-18.jpg",800,800,false],"2048x2048":["https:\/\/www.sikortex.com\/wp-content\/uploads\/2023\/06\/1-18.jpg",800,800,false],"trp-custom-language-flag":["https:\/\/www.sikortex.com\/wp-content\/uploads\/2023\/06\/1-18.jpg",12,12,false],"woocommerce_thumbnail":["https:\/\/www.sikortex.com\/wp-content\/uploads\/2023\/06\/1-18-300x300.jpg",300,300,true],"woocommerce_single":["https:\/\/www.sikortex.com\/wp-content\/uploads\/2023\/06\/1-18-600x600.jpg",600,600,true],"woocommerce_gallery_thumbnail":["https:\/\/www.sikortex.com\/wp-content\/uploads\/2023\/06\/1-18-100x100.jpg",100,100,true]},"uagb_author_info":{"display_name":"Perry","author_link":"https:\/\/www.sikortex.com\/pl\/author\/"},"uagb_comment_info":0,"uagb_excerpt":"1000 Meters(Min.Order)","_links":{"self":[{"href":"https:\/\/www.sikortex.com\/pl\/wp-json\/wp\/v2\/product\/4758","targetHints":{"allow":["GET"]}}],"collection":[{"href":"https:\/\/www.sikortex.com\/pl\/wp-json\/wp\/v2\/product"}],"about":[{"href":"https:\/\/www.sikortex.com\/pl\/wp-json\/wp\/v2\/types\/product"}],"replies":[{"embeddable":true,"href":"https:\/\/www.sikortex.com\/pl\/wp-json\/wp\/v2\/comments?post=4758"}],"wp:featuredmedia":[{"embeddable":true,"href":"https:\/\/www.sikortex.com\/pl\/wp-json\/wp\/v2\/media\/4901"}],"wp:attachment":[{"href":"https:\/\/www.sikortex.com\/pl\/wp-json\/wp\/v2\/media?parent=4758"}],"wp:term":[{"taxonomy":"product_brand","embeddable":true,"href":"https:\/\/www.sikortex.com\/pl\/wp-json\/wp\/v2\/product_brand?post=4758"},{"taxonomy":"product_cat","embeddable":true,"href":"https:\/\/www.sikortex.com\/pl\/wp-json\/wp\/v2\/product_cat?post=4758"},{"taxonomy":"product_tag","embeddable":true,"href":"https:\/\/www.sikortex.com\/pl\/wp-json\/wp\/v2\/product_tag?post=4758"}],"curies":[{"name":"wp","href":"https:\/\/api.w.org\/{rel}","templated":true}]}}