{"id":4755,"date":"2023-06-28T16:04:24","date_gmt":"2023-06-28T08:04:24","guid":{"rendered":"http:\/\/shihan.vihsu.com\/?post_type=product&#038;p=4755"},"modified":"2025-04-22T15:19:58","modified_gmt":"2025-04-22T07:19:58","slug":"3-warstwowa-tkanina-poliestrowa-bez-fluoru","status":"publish","type":"product","link":"https:\/\/www.sikortex.com\/pl\/produkt\/3-warstwowa-tkanina-poliestrowa-bez-fluoru\/","title":{"rendered":"3-warstwowa tkanina poliestrowa Jeanette, wodoodporna i niezawieraj\u0105ca fluoru"},"content":{"rendered":"<p>SIKOR-TEX Poliester Jeanette 3-warstwowy wodoodporny materia\u0142 bez fluoru <a href=\"https:\/\/www.sikortex.com\/pl\/czasopismo\/waterproof-and-water-repellent\/\">Wodoodporne<\/a>\u00a0 Tkanina to najlepszy materia\u0142 do wszelkich aktywno\u015bci na \u015bwie\u017cym powietrzu i odzie\u017cy roboczej. Ten wysokiej jako\u015bci materia\u0142 zosta\u0142 zaprojektowany tak, aby zapewni\u0107 optymaln\u0105 ochron\u0119 przed \u017cywio\u0142ami, gdziekolwiek zabior\u0105 Ci\u0119 przygody.<br \/>\nDzi\u0119ki hydrofobowej obr\u00f3bce bez PFC tkanina jest przyjazna dla \u015brodowiska i stanowi doskona\u0142y wyb\u00f3r dla os\u00f3b, kt\u00f3re martwi\u0105 si\u0119 o sw\u00f3j wp\u0142yw na planet\u0119. Gruby i trwa\u0142y materia\u0142 gwarantuje, \u017ce wytrzyma rygory aktywno\u015bci na \u015bwie\u017cym powietrzu i odzie\u017c robocz\u0105, zapewniaj\u0105c d\u0142ugotrwa\u0142\u0105 wydajno\u015b\u0107.<br \/>\nTkanina jest nie tylko gruba i mi\u0119kka, ale tak\u017ce wodoodporna i oddychaj\u0105ca, aby zapewni\u0107 sucho\u015b\u0107 i wygod\u0119 w ka\u017cdych warunkach pogodowych. Niezale\u017cnie od tego, czy w\u0119drujesz po dziczy, biwakujesz pod gwiazdami, czy pracujesz na zewn\u0105trz, 3-warstwowy materia\u0142 poliestrowy zapewni Ci os\u0142on\u0119.<\/p>","protected":false},"excerpt":{"rendered":"<p>1000 metr\u00f3w (min. zam\u00f3wienie)<\/p>","protected":false},"featured_media":4635,"comment_status":"closed","ping_status":"closed","template":"","meta":{"_uag_custom_page_level_css":"","site-sidebar-layout":"default","site-content-layout":"default","ast-site-content-layout":"default","site-content-style":"default","site-sidebar-style":"default","ast-global-header-display":"","ast-banner-title-visibility":"","ast-main-header-display":"","ast-hfb-above-header-display":"","ast-hfb-below-header-display":"","ast-hfb-mobile-header-display":"","site-post-title":"","ast-breadcrumbs-content":"","ast-featured-img":"","footer-sml-layout":"","theme-transparent-header-meta":"default","adv-header-id-meta":"","stick-header-meta":"default","header-above-stick-meta":"","header-main-stick-meta":"","header-below-stick-meta":"","astra-migrate-meta-layouts":"set","ast-page-background-enabled":"default","ast-page-background-meta":{"desktop":{"background-color":"","background-image":"","background-repeat":"repeat","background-position":"center center","background-size":"auto","background-attachment":"scroll","background-type":"","background-media":"","overlay-type":"","overlay-color":"","overlay-opacity":"","overlay-gradient":""},"tablet":{"background-color":"","background-image":"","background-repeat":"repeat","background-position":"center center","background-size":"auto","background-attachment":"scroll","background-type":"","background-media":"","overlay-type":"","overlay-color":"","overlay-opacity":"","overlay-gradient":""},"mobile":{"background-color":"","background-image":"","background-repeat":"repeat","background-position":"center center","background-size":"auto","background-attachment":"scroll","background-type":"","background-media":"","overlay-type":"","overlay-color":"","overlay-opacity":"","overlay-gradient":""}},"ast-content-background-meta":{"desktop":{"background-color":"var(--ast-global-color-5)","background-image":"","background-repeat":"repeat","background-position":"center center","background-size":"auto","background-attachment":"scroll","background-type":"","background-media":"","overlay-type":"","overlay-color":"","overlay-opacity":"","overlay-gradient":""},"tablet":{"background-color":"var(--ast-global-color-5)","background-image":"","background-repeat":"repeat","background-position":"center center","background-size":"auto","background-attachment":"scroll","background-type":"","background-media":"","overlay-type":"","overlay-color":"","overlay-opacity":"","overlay-gradient":""},"mobile":{"background-color":"var(--ast-global-color-5)","background-image":"","background-repeat":"repeat","background-position":"center center","background-size":"auto","background-attachment":"scroll","background-type":"","background-media":"","overlay-type":"","overlay-color":"","overlay-opacity":"","overlay-gradient":""}}},"product_brand":[],"product_cat":[431,428,421,1153,403,414],"product_tag":[],"class_list":{"0":"post-4755","1":"product","2":"type-product","3":"status-publish","4":"has-post-thumbnail","6":"product_cat-fabric-for-commuting-clothing","7":"product_cat-fabric-for-outdoor-sports","8":"product_cat-foul-weather-fabrics","9":"product_cat-nano-breathable-fabric","10":"product_cat-polyester-fabrics","11":"product_cat-waterproof-fabrics","12":"pa_available_colors-h-black","13":"desktop-align-left","14":"tablet-align-left","15":"mobile-align-left","16":"ast-product-gallery-layout-vertical-slider","17":"ast-product-tabs-layout-horizontal","19":"first","20":"instock","21":"shipping-taxable","22":"product-type-simple"},"uagb_featured_image_src":{"full":["https:\/\/www.sikortex.com\/wp-content\/uploads\/2023\/06\/DSC00379.jpg",1024,1024,false],"thumbnail":["https:\/\/www.sikortex.com\/wp-content\/uploads\/2023\/06\/DSC00379-150x150.jpg",150,150,true],"medium":["https:\/\/www.sikortex.com\/wp-content\/uploads\/2023\/06\/DSC00379-300x300.jpg",300,300,true],"medium_large":["https:\/\/www.sikortex.com\/wp-content\/uploads\/2023\/06\/DSC00379-768x768.jpg",768,768,true],"large":["https:\/\/www.sikortex.com\/wp-content\/uploads\/2023\/06\/DSC00379.jpg",1024,1024,false],"1536x1536":["https:\/\/www.sikortex.com\/wp-content\/uploads\/2023\/06\/DSC00379.jpg",1024,1024,false],"2048x2048":["https:\/\/www.sikortex.com\/wp-content\/uploads\/2023\/06\/DSC00379.jpg",1024,1024,false],"trp-custom-language-flag":["https:\/\/www.sikortex.com\/wp-content\/uploads\/2023\/06\/DSC00379.jpg",12,12,false],"woocommerce_thumbnail":["https:\/\/www.sikortex.com\/wp-content\/uploads\/2023\/06\/DSC00379-300x300.jpg",300,300,true],"woocommerce_single":["https:\/\/www.sikortex.com\/wp-content\/uploads\/2023\/06\/DSC00379-600x600.jpg",600,600,true],"woocommerce_gallery_thumbnail":["https:\/\/www.sikortex.com\/wp-content\/uploads\/2023\/06\/DSC00379-100x100.jpg",100,100,true]},"uagb_author_info":{"display_name":"Perry","author_link":"https:\/\/www.sikortex.com\/pl\/author\/"},"uagb_comment_info":0,"uagb_excerpt":"1000 Meters(Min.Order)","_links":{"self":[{"href":"https:\/\/www.sikortex.com\/pl\/wp-json\/wp\/v2\/product\/4755","targetHints":{"allow":["GET"]}}],"collection":[{"href":"https:\/\/www.sikortex.com\/pl\/wp-json\/wp\/v2\/product"}],"about":[{"href":"https:\/\/www.sikortex.com\/pl\/wp-json\/wp\/v2\/types\/product"}],"replies":[{"embeddable":true,"href":"https:\/\/www.sikortex.com\/pl\/wp-json\/wp\/v2\/comments?post=4755"}],"wp:featuredmedia":[{"embeddable":true,"href":"https:\/\/www.sikortex.com\/pl\/wp-json\/wp\/v2\/media\/4635"}],"wp:attachment":[{"href":"https:\/\/www.sikortex.com\/pl\/wp-json\/wp\/v2\/media?parent=4755"}],"wp:term":[{"taxonomy":"product_brand","embeddable":true,"href":"https:\/\/www.sikortex.com\/pl\/wp-json\/wp\/v2\/product_brand?post=4755"},{"taxonomy":"product_cat","embeddable":true,"href":"https:\/\/www.sikortex.com\/pl\/wp-json\/wp\/v2\/product_cat?post=4755"},{"taxonomy":"product_tag","embeddable":true,"href":"https:\/\/www.sikortex.com\/pl\/wp-json\/wp\/v2\/product_tag?post=4755"}],"curies":[{"name":"wp","href":"https:\/\/api.w.org\/{rel}","templated":true}]}}