{"id":4687,"date":"2023-06-28T11:33:49","date_gmt":"2023-06-28T03:33:49","guid":{"rendered":"http:\/\/shihan.vihsu.com\/?post_type=product&#038;p=4687"},"modified":"2023-10-20T13:30:53","modified_gmt":"2023-10-20T05:30:53","slug":"grafen-50d-tkanina-wielofunkcyjna","status":"publish","type":"product","link":"https:\/\/www.sikortex.com\/pl\/produkt\/grafen-50d-tkanina-wielofunkcyjna\/","title":{"rendered":"Wielofunkcyjna tkanina grafenowa 50D"},"content":{"rendered":"<p>Wielofunkcyjna tkanina grafenowa SIKOR-TEX 50D \u2013 idealny wyb\u00f3r dla ka\u017cdego, kto od swojej odzie\u017cy wymaga zar\u00f3wno funkcjonalno\u015bci, jak i stylu. Tkanina ta jest wykonana z poliestru 55% i w\u0142\u00f3kna grafenowego 45%, co daje wyj\u0105tkow\u0105 mieszank\u0119 zapewniaj\u0105c\u0105 u\u017cytkownikowi szereg korzy\u015bci.<br \/>\nTkanina grafenowa to nie tylko wygl\u0105d. Jest tak\u017ce niezwykle wytrzyma\u0142y i wytrzymuje nawet najci\u0119\u017csze warunki. Twarda konstrukcja sprawia, \u017ce nadaje si\u0119 do szeregu aktywno\u015bci na \u015bwie\u017cym powietrzu, od odzie\u017cy codziennej po wyczynow\u0105 odzie\u017c sportow\u0105. Tkanina jest wodoodporna i oddychaj\u0105ca, dzi\u0119ki czemu zapewnia sucho\u015b\u0107 i wygod\u0119 w ka\u017cd\u0105 pogod\u0119. Doskona\u0142a oddychalno\u015b\u0107 oznacza, \u017ce mo\u017cna go nosi\u0107 w wysokich temperaturach, nie powoduj\u0105c uczucia duszno\u015bci i dyskomfortu.<br \/>\nOpr\u00f3cz swoich praktycznych funkcji, tkanina grafenowa oferuje r\u00f3wnie\u017c szereg korzy\u015bci zdrowotnych. Dzia\u0142a antybakteryjnie i przeciwwirusowo, zapobiegaj\u0105c rozwojowi szkodliwych bakterii i wirus\u00f3w. Jego promieniowanie dalekiej podczerwieni i w\u0142a\u015bciwo\u015bci uwalniania jon\u00f3w ujemnych sprzyjaj\u0105 lepszemu kr\u0105\u017ceniu krwi i og\u00f3lnemu zdrowiu. Jego w\u0142a\u015bciwo\u015bci antystatyczne i odporne na promieniowanie UV chroni\u0105 u\u017cytkownika przed szkodliwym promieniowaniem i wy\u0142adowaniami statycznymi.<br \/>\nTkanina ta idealnie nadaje si\u0119 do tworzenia kurtek typu hardshell, odzie\u017cy rekreacyjnej, odzie\u017cy bawe\u0142nianej i kurtek puchowych, kt\u00f3re s\u0105 zar\u00f3wno stylowe, jak i praktyczne. Unikalne w\u0142a\u015bciwo\u015bci i trwa\u0142a konstrukcja wyr\u00f3\u017cniaj\u0105 j\u0105 spo\u015br\u00f3d innych tkanin powszechnie stosowanych w odzie\u017cy outdoorowej.<\/p>","protected":false},"excerpt":{"rendered":"<p>600 metr\u00f3w (min. zam\u00f3wienie)<\/p>","protected":false},"featured_media":4623,"comment_status":"closed","ping_status":"closed","template":"","meta":{"_uag_custom_page_level_css":"","site-sidebar-layout":"default","site-content-layout":"default","ast-site-content-layout":"","site-content-style":"default","site-sidebar-style":"default","ast-global-header-display":"","ast-banner-title-visibility":"","ast-main-header-display":"","ast-hfb-above-header-display":"","ast-hfb-below-header-display":"","ast-hfb-mobile-header-display":"","site-post-title":"","ast-breadcrumbs-content":"","ast-featured-img":"","footer-sml-layout":"","theme-transparent-header-meta":"default","adv-header-id-meta":"","stick-header-meta":"default","header-above-stick-meta":"","header-main-stick-meta":"","header-below-stick-meta":"","astra-migrate-meta-layouts":"default","ast-page-background-enabled":"default","ast-page-background-meta":{"desktop":{"background-color":"","background-image":"","background-repeat":"repeat","background-position":"center center","background-size":"auto","background-attachment":"scroll","background-type":"","background-media":"","overlay-type":"","overlay-color":"","overlay-opacity":"","overlay-gradient":""},"tablet":{"background-color":"","background-image":"","background-repeat":"repeat","background-position":"center center","background-size":"auto","background-attachment":"scroll","background-type":"","background-media":"","overlay-type":"","overlay-color":"","overlay-opacity":"","overlay-gradient":""},"mobile":{"background-color":"","background-image":"","background-repeat":"repeat","background-position":"center center","background-size":"auto","background-attachment":"scroll","background-type":"","background-media":"","overlay-type":"","overlay-color":"","overlay-opacity":"","overlay-gradient":""}},"ast-content-background-meta":{"desktop":{"background-color":"var(--ast-global-color-5)","background-image":"","background-repeat":"repeat","background-position":"center center","background-size":"auto","background-attachment":"scroll","background-type":"","background-media":"","overlay-type":"","overlay-color":"","overlay-opacity":"","overlay-gradient":""},"tablet":{"background-color":"var(--ast-global-color-5)","background-image":"","background-repeat":"repeat","background-position":"center center","background-size":"auto","background-attachment":"scroll","background-type":"","background-media":"","overlay-type":"","overlay-color":"","overlay-opacity":"","overlay-gradient":""},"mobile":{"background-color":"var(--ast-global-color-5)","background-image":"","background-repeat":"repeat","background-position":"center center","background-size":"auto","background-attachment":"scroll","background-type":"","background-media":"","overlay-type":"","overlay-color":"","overlay-opacity":"","overlay-gradient":""}}},"product_brand":[],"product_cat":[431,428,1145,424,403],"product_tag":[],"class_list":{"0":"post-4687","1":"product","2":"type-product","3":"status-publish","4":"has-post-thumbnail","6":"product_cat-fabric-for-commuting-clothing","7":"product_cat-fabric-for-outdoor-sports","8":"product_cat-lightweight-fabric","9":"product_cat-medical-protection-product","10":"product_cat-polyester-fabrics","11":"pa_available_colors-911052-spc","12":"desktop-align-left","13":"tablet-align-left","14":"mobile-align-left","15":"ast-product-gallery-layout-vertical-slider","16":"ast-product-tabs-layout-horizontal","18":"first","19":"instock","20":"shipping-taxable","21":"product-type-simple"},"uagb_featured_image_src":{"full":["https:\/\/www.sikortex.com\/wp-content\/uploads\/2023\/06\/O1CN01Fj9Gsu1fGQmZMBIRP_2215713353979-0-cib.jpg",800,800,false],"thumbnail":["https:\/\/www.sikortex.com\/wp-content\/uploads\/2023\/06\/O1CN01Fj9Gsu1fGQmZMBIRP_2215713353979-0-cib-150x150.jpg",150,150,true],"medium":["https:\/\/www.sikortex.com\/wp-content\/uploads\/2023\/06\/O1CN01Fj9Gsu1fGQmZMBIRP_2215713353979-0-cib-300x300.jpg",300,300,true],"medium_large":["https:\/\/www.sikortex.com\/wp-content\/uploads\/2023\/06\/O1CN01Fj9Gsu1fGQmZMBIRP_2215713353979-0-cib-768x768.jpg",768,768,true],"large":["https:\/\/www.sikortex.com\/wp-content\/uploads\/2023\/06\/O1CN01Fj9Gsu1fGQmZMBIRP_2215713353979-0-cib.jpg",800,800,false],"1536x1536":["https:\/\/www.sikortex.com\/wp-content\/uploads\/2023\/06\/O1CN01Fj9Gsu1fGQmZMBIRP_2215713353979-0-cib.jpg",800,800,false],"2048x2048":["https:\/\/www.sikortex.com\/wp-content\/uploads\/2023\/06\/O1CN01Fj9Gsu1fGQmZMBIRP_2215713353979-0-cib.jpg",800,800,false],"trp-custom-language-flag":["https:\/\/www.sikortex.com\/wp-content\/uploads\/2023\/06\/O1CN01Fj9Gsu1fGQmZMBIRP_2215713353979-0-cib.jpg",12,12,false],"woocommerce_thumbnail":["https:\/\/www.sikortex.com\/wp-content\/uploads\/2023\/06\/O1CN01Fj9Gsu1fGQmZMBIRP_2215713353979-0-cib-300x300.jpg",300,300,true],"woocommerce_single":["https:\/\/www.sikortex.com\/wp-content\/uploads\/2023\/06\/O1CN01Fj9Gsu1fGQmZMBIRP_2215713353979-0-cib-600x600.jpg",600,600,true],"woocommerce_gallery_thumbnail":["https:\/\/www.sikortex.com\/wp-content\/uploads\/2023\/06\/O1CN01Fj9Gsu1fGQmZMBIRP_2215713353979-0-cib-100x100.jpg",100,100,true]},"uagb_author_info":{"display_name":"Perry","author_link":"https:\/\/www.sikortex.com\/pl\/author\/"},"uagb_comment_info":0,"uagb_excerpt":"600 Meters(Min.Order)","_links":{"self":[{"href":"https:\/\/www.sikortex.com\/pl\/wp-json\/wp\/v2\/product\/4687","targetHints":{"allow":["GET"]}}],"collection":[{"href":"https:\/\/www.sikortex.com\/pl\/wp-json\/wp\/v2\/product"}],"about":[{"href":"https:\/\/www.sikortex.com\/pl\/wp-json\/wp\/v2\/types\/product"}],"replies":[{"embeddable":true,"href":"https:\/\/www.sikortex.com\/pl\/wp-json\/wp\/v2\/comments?post=4687"}],"wp:featuredmedia":[{"embeddable":true,"href":"https:\/\/www.sikortex.com\/pl\/wp-json\/wp\/v2\/media\/4623"}],"wp:attachment":[{"href":"https:\/\/www.sikortex.com\/pl\/wp-json\/wp\/v2\/media?parent=4687"}],"wp:term":[{"taxonomy":"product_brand","embeddable":true,"href":"https:\/\/www.sikortex.com\/pl\/wp-json\/wp\/v2\/product_brand?post=4687"},{"taxonomy":"product_cat","embeddable":true,"href":"https:\/\/www.sikortex.com\/pl\/wp-json\/wp\/v2\/product_cat?post=4687"},{"taxonomy":"product_tag","embeddable":true,"href":"https:\/\/www.sikortex.com\/pl\/wp-json\/wp\/v2\/product_tag?post=4687"}],"curies":[{"name":"wp","href":"https:\/\/api.w.org\/{rel}","templated":true}]}}