{"id":4676,"date":"2023-06-27T16:57:22","date_gmt":"2023-06-27T08:57:22","guid":{"rendered":"http:\/\/shihan.vihsu.com\/?post_type=product&#038;p=4676"},"modified":"2023-10-17T13:56:48","modified_gmt":"2023-10-17T05:56:48","slug":"nylonowo-poliestrowa-tkanina-przeplatana-elastyczna-tkanina-wspinaczkowa","status":"publish","type":"product","link":"https:\/\/www.sikortex.com\/pl\/produkt\/nylonowo-poliestrowa-tkanina-przeplatana-elastyczna-tkanina-wspinaczkowa\/","title":{"rendered":"Elastyczna tkanina do wspinaczki z nylonu i poliestru"},"content":{"rendered":"<p>SIKOR-TEX Nylonowa tkanina poliestrowa przeplatana elastyczna tkanina wspinaczkowa \u2013 idealna tkanina dla tych, kt\u00f3rzy oczekuj\u0105 zar\u00f3wno stylu, jak i funkcjonalno\u015bci w swojej odzie\u017cy outdoorowej. Tkanina ta powstaje poprzez przeplatanie dw\u00f3ch materia\u0142\u00f3w, z kt\u00f3rych ka\u017cdy jest barwiony innym rodzajem barwnika, aby stworzy\u0107 niepowtarzalny efekt dwukolorowy. R\u00f3\u017cne w\u0142a\u015bciwo\u015bci termokurczliwe obu materia\u0142\u00f3w powoduj\u0105 kierunkowy efekt marszczenia, kt\u00f3ry dodaje tkaninie tekstury i wymiaru.<\/p>\n<p>Elastyczna tkanina wspinaczkowa z przeplatanym nylonem i poliestrem jest idealna do szeregu zaj\u0119\u0107 na \u015bwie\u017cym powietrzu, od pieszych w\u0119dr\u00f3wek i wspinaczki po sporty motocyklowe i odzie\u017c robocz\u0105. Jest elastyczny i trwa\u0142y, dzi\u0119ki czemu idealnie nadaje si\u0119 do trudnych aktywno\u015bci na \u015bwie\u017cym powietrzu. Tkanina jest r\u00f3wnie\u017c oddychaj\u0105ca, co zapewnia komfort w wysokich temperaturach.<\/p>\n<p>Ta tkanina nylonowo-poliestrowa idealnie nadaje si\u0119 do tworzenia kurtek, spodni\/\u015bliniak\u00f3w i szelek\/kombinezon\u00f3w, kt\u00f3re s\u0105 zar\u00f3wno stylowe, jak i praktyczne. Jest mi\u0119kka w dotyku i \u0142atwa w piel\u0119gnacji, dzi\u0119ki czemu pozostanie w doskona\u0142ym stanie nawet po wielokrotnym praniu.<\/p>","protected":false},"excerpt":{"rendered":"<p>1200 metr\u00f3w (min. zam\u00f3wienie)<\/p>","protected":false},"featured_media":4677,"comment_status":"closed","ping_status":"closed","template":"","meta":{"_uag_custom_page_level_css":"","site-sidebar-layout":"default","site-content-layout":"default","ast-site-content-layout":"","site-content-style":"default","site-sidebar-style":"default","ast-global-header-display":"","ast-banner-title-visibility":"","ast-main-header-display":"","ast-hfb-above-header-display":"","ast-hfb-below-header-display":"","ast-hfb-mobile-header-display":"","site-post-title":"","ast-breadcrumbs-content":"","ast-featured-img":"","footer-sml-layout":"","theme-transparent-header-meta":"default","adv-header-id-meta":"","stick-header-meta":"default","header-above-stick-meta":"","header-main-stick-meta":"","header-below-stick-meta":"","astra-migrate-meta-layouts":"default","ast-page-background-enabled":"default","ast-page-background-meta":{"desktop":{"background-color":"","background-image":"","background-repeat":"repeat","background-position":"center center","background-size":"auto","background-attachment":"scroll","background-type":"","background-media":"","overlay-type":"","overlay-color":"","overlay-opacity":"","overlay-gradient":""},"tablet":{"background-color":"","background-image":"","background-repeat":"repeat","background-position":"center center","background-size":"auto","background-attachment":"scroll","background-type":"","background-media":"","overlay-type":"","overlay-color":"","overlay-opacity":"","overlay-gradient":""},"mobile":{"background-color":"","background-image":"","background-repeat":"repeat","background-position":"center center","background-size":"auto","background-attachment":"scroll","background-type":"","background-media":"","overlay-type":"","overlay-color":"","overlay-opacity":"","overlay-gradient":""}},"ast-content-background-meta":{"desktop":{"background-color":"var(--ast-global-color-5)","background-image":"","background-repeat":"repeat","background-position":"center center","background-size":"auto","background-attachment":"scroll","background-type":"","background-media":"","overlay-type":"","overlay-color":"","overlay-opacity":"","overlay-gradient":""},"tablet":{"background-color":"var(--ast-global-color-5)","background-image":"","background-repeat":"repeat","background-position":"center center","background-size":"auto","background-attachment":"scroll","background-type":"","background-media":"","overlay-type":"","overlay-color":"","overlay-opacity":"","overlay-gradient":""},"mobile":{"background-color":"var(--ast-global-color-5)","background-image":"","background-repeat":"repeat","background-position":"center center","background-size":"auto","background-attachment":"scroll","background-type":"","background-media":"","overlay-type":"","overlay-color":"","overlay-opacity":"","overlay-gradient":""}}},"product_brand":[],"product_cat":[431,428,429,1041,420],"product_tag":[],"class_list":{"0":"post-4676","1":"product","2":"type-product","3":"status-publish","4":"has-post-thumbnail","6":"product_cat-fabric-for-commuting-clothing","7":"product_cat-fabric-for-outdoor-sports","8":"product_cat-fabric-for-sportswear","9":"product_cat-polyester-nylon","10":"product_cat-stretch-fabrics","11":"pa_available_colors-h-black","12":"desktop-align-left","13":"tablet-align-left","14":"mobile-align-left","15":"ast-product-gallery-layout-vertical-slider","16":"ast-product-tabs-layout-horizontal","18":"first","19":"instock","20":"shipping-taxable","21":"product-type-simple"},"uagb_featured_image_src":{"full":["https:\/\/www.sikortex.com\/wp-content\/uploads\/2023\/06\/IMG_5364-e1693107198302.jpg",800,800,false],"thumbnail":["https:\/\/www.sikortex.com\/wp-content\/uploads\/2023\/06\/IMG_5364-e1693107198302-150x150.jpg",150,150,true],"medium":["https:\/\/www.sikortex.com\/wp-content\/uploads\/2023\/06\/IMG_5364-e1693107198302-300x300.jpg",300,300,true],"medium_large":["https:\/\/www.sikortex.com\/wp-content\/uploads\/2023\/06\/IMG_5364-e1693107198302-768x768.jpg",768,768,true],"large":["https:\/\/www.sikortex.com\/wp-content\/uploads\/2023\/06\/IMG_5364-e1693107198302.jpg",800,800,false],"1536x1536":["https:\/\/www.sikortex.com\/wp-content\/uploads\/2023\/06\/IMG_5364-e1693107198302.jpg",800,800,false],"2048x2048":["https:\/\/www.sikortex.com\/wp-content\/uploads\/2023\/06\/IMG_5364-e1693107198302.jpg",800,800,false],"trp-custom-language-flag":["https:\/\/www.sikortex.com\/wp-content\/uploads\/2023\/06\/IMG_5364-e1693107198302-12x12.jpg",12,12,true],"woocommerce_thumbnail":["https:\/\/www.sikortex.com\/wp-content\/uploads\/2023\/06\/IMG_5364-e1693107198302-300x300.jpg",300,300,true],"woocommerce_single":["https:\/\/www.sikortex.com\/wp-content\/uploads\/2023\/06\/IMG_5364-e1693107198302-600x600.jpg",600,600,true],"woocommerce_gallery_thumbnail":["https:\/\/www.sikortex.com\/wp-content\/uploads\/2023\/06\/IMG_5364-e1693107198302-100x100.jpg",100,100,true]},"uagb_author_info":{"display_name":"Perry","author_link":"https:\/\/www.sikortex.com\/pl\/author\/"},"uagb_comment_info":0,"uagb_excerpt":"1200 Meters(Min.Order)","_links":{"self":[{"href":"https:\/\/www.sikortex.com\/pl\/wp-json\/wp\/v2\/product\/4676","targetHints":{"allow":["GET"]}}],"collection":[{"href":"https:\/\/www.sikortex.com\/pl\/wp-json\/wp\/v2\/product"}],"about":[{"href":"https:\/\/www.sikortex.com\/pl\/wp-json\/wp\/v2\/types\/product"}],"replies":[{"embeddable":true,"href":"https:\/\/www.sikortex.com\/pl\/wp-json\/wp\/v2\/comments?post=4676"}],"wp:featuredmedia":[{"embeddable":true,"href":"https:\/\/www.sikortex.com\/pl\/wp-json\/wp\/v2\/media\/4677"}],"wp:attachment":[{"href":"https:\/\/www.sikortex.com\/pl\/wp-json\/wp\/v2\/media?parent=4676"}],"wp:term":[{"taxonomy":"product_brand","embeddable":true,"href":"https:\/\/www.sikortex.com\/pl\/wp-json\/wp\/v2\/product_brand?post=4676"},{"taxonomy":"product_cat","embeddable":true,"href":"https:\/\/www.sikortex.com\/pl\/wp-json\/wp\/v2\/product_cat?post=4676"},{"taxonomy":"product_tag","embeddable":true,"href":"https:\/\/www.sikortex.com\/pl\/wp-json\/wp\/v2\/product_tag?post=4676"}],"curies":[{"name":"wp","href":"https:\/\/api.w.org\/{rel}","templated":true}]}}