{"id":4656,"date":"2023-06-27T16:46:36","date_gmt":"2023-06-27T08:46:36","guid":{"rendered":"http:\/\/shihan.vihsu.com\/?post_type=product&#038;p=4656"},"modified":"2023-11-07T10:04:58","modified_gmt":"2023-11-07T02:04:58","slug":"nylonowo-poliestrowa-przedza-kompozytowa-rozciagliwa-w-czterech-kierunkach","status":"publish","type":"product","link":"https:\/\/www.sikortex.com\/pl\/produkt\/nylonowo-poliestrowa-przedza-kompozytowa-rozciagliwa-w-czterech-kierunkach\/","title":{"rendered":"Wodoodporna, elastyczna tkanina z nylonowej prz\u0119dzy kompozytowej"},"content":{"rendered":"<p>Wodoodporna, rozci\u0105gliwa tkanina SIKOR-TEX z elastycznej tkaniny z domieszk\u0105 nylonu i poliestru \u2013 idealny wyb\u00f3r dla ka\u017cdego, kto szuka zar\u00f3wno stylu, jak i funkcjonalno\u015bci w odzie\u017cy outdoorowej. Ten rodzaj tkaniny to tkanina o wysokiej elastyczno\u015bci, powstaj\u0105ca poprzez zmieszanie w\u0142\u00f3kien nylonowych i poliestrowych, a nast\u0119pnie owini\u0119cie w ni\u0105 spandexu, kt\u00f3ry doskonale nadaje si\u0119 do r\u00f3\u017cnych aktywno\u015bci na \u015bwie\u017cym powietrzu. Unikalny efekt dwukolorowo\u015bci tkaniny uzyskano dzi\u0119ki zastosowaniu barwnik\u00f3w dyspersyjnych i kwasowych, tworz\u0105c pi\u0119kn\u0105 i niepowtarzaln\u0105 faktur\u0119, kt\u00f3ra odr\u00f3\u017cnia j\u0105 od innych tkanin powszechnie stosowanych w odzie\u017cy outdoorowej.<\/p>\n<p>Ten wodoodporny, elastyczny materia\u0142 idealnie nadaje si\u0119 na kurtki softshell, odzie\u017c dzienn\u0105 i robocz\u0105, kt\u00f3re s\u0105 zar\u00f3wno stylowe, jak i funkcjonalne. Jest mi\u0119kka w dotyku i \u0142atwa w piel\u0119gnacji, dzi\u0119ki czemu pozostaje w doskona\u0142ym stanie nawet po wielokrotnym praniu.<br \/>\nNiezale\u017cnie od tego, czy odkrywasz wspania\u0142e tereny na \u015bwie\u017cym powietrzu, czy pracujesz w trudnych warunkach, tkanina kompozytowa nylonowo-poliestrowa rozci\u0105gliwa w czterech kierunkach zapewni Ci ochron\u0119.<\/p>\n<p>Przegl\u0105daj wi\u0119cej <a href=\"https:\/\/www.sikortex.com\/pl\/tkaniny-wodoodporne\/\">tkaniny wodoodporne<\/a><\/p>\n<p>&nbsp;<\/p>","protected":false},"excerpt":{"rendered":"<p>1200 metr\u00f3w (min. zam\u00f3wienie)<\/p>","protected":false},"featured_media":4657,"comment_status":"closed","ping_status":"closed","template":"","meta":{"_uag_custom_page_level_css":"","site-sidebar-layout":"default","site-content-layout":"default","ast-site-content-layout":"","site-content-style":"default","site-sidebar-style":"default","ast-global-header-display":"","ast-banner-title-visibility":"","ast-main-header-display":"","ast-hfb-above-header-display":"","ast-hfb-below-header-display":"","ast-hfb-mobile-header-display":"","site-post-title":"","ast-breadcrumbs-content":"","ast-featured-img":"","footer-sml-layout":"","theme-transparent-header-meta":"default","adv-header-id-meta":"","stick-header-meta":"default","header-above-stick-meta":"","header-main-stick-meta":"","header-below-stick-meta":"","astra-migrate-meta-layouts":"default","ast-page-background-enabled":"default","ast-page-background-meta":{"desktop":{"background-color":"","background-image":"","background-repeat":"repeat","background-position":"center center","background-size":"auto","background-attachment":"scroll","background-type":"","background-media":"","overlay-type":"","overlay-color":"","overlay-opacity":"","overlay-gradient":""},"tablet":{"background-color":"","background-image":"","background-repeat":"repeat","background-position":"center center","background-size":"auto","background-attachment":"scroll","background-type":"","background-media":"","overlay-type":"","overlay-color":"","overlay-opacity":"","overlay-gradient":""},"mobile":{"background-color":"","background-image":"","background-repeat":"repeat","background-position":"center center","background-size":"auto","background-attachment":"scroll","background-type":"","background-media":"","overlay-type":"","overlay-color":"","overlay-opacity":"","overlay-gradient":""}},"ast-content-background-meta":{"desktop":{"background-color":"var(--ast-global-color-5)","background-image":"","background-repeat":"repeat","background-position":"center center","background-size":"auto","background-attachment":"scroll","background-type":"","background-media":"","overlay-type":"","overlay-color":"","overlay-opacity":"","overlay-gradient":""},"tablet":{"background-color":"var(--ast-global-color-5)","background-image":"","background-repeat":"repeat","background-position":"center center","background-size":"auto","background-attachment":"scroll","background-type":"","background-media":"","overlay-type":"","overlay-color":"","overlay-opacity":"","overlay-gradient":""},"mobile":{"background-color":"var(--ast-global-color-5)","background-image":"","background-repeat":"repeat","background-position":"center center","background-size":"auto","background-attachment":"scroll","background-type":"","background-media":"","overlay-type":"","overlay-color":"","overlay-opacity":"","overlay-gradient":""}}},"product_brand":[],"product_cat":[431,428,1041,420],"product_tag":[],"class_list":{"0":"post-4656","1":"product","2":"type-product","3":"status-publish","4":"has-post-thumbnail","6":"product_cat-fabric-for-commuting-clothing","7":"product_cat-fabric-for-outdoor-sports","8":"product_cat-polyester-nylon","9":"product_cat-stretch-fabrics","10":"pa_available_colors-911052-spc","11":"desktop-align-left","12":"tablet-align-left","13":"mobile-align-left","14":"ast-product-gallery-layout-vertical-slider","15":"ast-product-tabs-layout-horizontal","17":"first","18":"instock","19":"shipping-taxable","20":"product-type-simple"},"uagb_featured_image_src":{"full":["https:\/\/www.sikortex.com\/wp-content\/uploads\/2023\/06\/IMG_5383.jpg",1024,1024,false],"thumbnail":["https:\/\/www.sikortex.com\/wp-content\/uploads\/2023\/06\/IMG_5383-150x150.jpg",150,150,true],"medium":["https:\/\/www.sikortex.com\/wp-content\/uploads\/2023\/06\/IMG_5383-300x300.jpg",300,300,true],"medium_large":["https:\/\/www.sikortex.com\/wp-content\/uploads\/2023\/06\/IMG_5383-768x768.jpg",768,768,true],"large":["https:\/\/www.sikortex.com\/wp-content\/uploads\/2023\/06\/IMG_5383.jpg",1024,1024,false],"1536x1536":["https:\/\/www.sikortex.com\/wp-content\/uploads\/2023\/06\/IMG_5383.jpg",1024,1024,false],"2048x2048":["https:\/\/www.sikortex.com\/wp-content\/uploads\/2023\/06\/IMG_5383.jpg",1024,1024,false],"trp-custom-language-flag":["https:\/\/www.sikortex.com\/wp-content\/uploads\/2023\/06\/IMG_5383.jpg",12,12,false],"woocommerce_thumbnail":["https:\/\/www.sikortex.com\/wp-content\/uploads\/2023\/06\/IMG_5383-300x300.jpg",300,300,true],"woocommerce_single":["https:\/\/www.sikortex.com\/wp-content\/uploads\/2023\/06\/IMG_5383-600x600.jpg",600,600,true],"woocommerce_gallery_thumbnail":["https:\/\/www.sikortex.com\/wp-content\/uploads\/2023\/06\/IMG_5383-100x100.jpg",100,100,true]},"uagb_author_info":{"display_name":"Perry","author_link":"https:\/\/www.sikortex.com\/pl\/author\/"},"uagb_comment_info":0,"uagb_excerpt":"1200 Meters(Min.Order)","_links":{"self":[{"href":"https:\/\/www.sikortex.com\/pl\/wp-json\/wp\/v2\/product\/4656","targetHints":{"allow":["GET"]}}],"collection":[{"href":"https:\/\/www.sikortex.com\/pl\/wp-json\/wp\/v2\/product"}],"about":[{"href":"https:\/\/www.sikortex.com\/pl\/wp-json\/wp\/v2\/types\/product"}],"replies":[{"embeddable":true,"href":"https:\/\/www.sikortex.com\/pl\/wp-json\/wp\/v2\/comments?post=4656"}],"wp:featuredmedia":[{"embeddable":true,"href":"https:\/\/www.sikortex.com\/pl\/wp-json\/wp\/v2\/media\/4657"}],"wp:attachment":[{"href":"https:\/\/www.sikortex.com\/pl\/wp-json\/wp\/v2\/media?parent=4656"}],"wp:term":[{"taxonomy":"product_brand","embeddable":true,"href":"https:\/\/www.sikortex.com\/pl\/wp-json\/wp\/v2\/product_brand?post=4656"},{"taxonomy":"product_cat","embeddable":true,"href":"https:\/\/www.sikortex.com\/pl\/wp-json\/wp\/v2\/product_cat?post=4656"},{"taxonomy":"product_tag","embeddable":true,"href":"https:\/\/www.sikortex.com\/pl\/wp-json\/wp\/v2\/product_tag?post=4656"}],"curies":[{"name":"wp","href":"https:\/\/api.w.org\/{rel}","templated":true}]}}