{"id":4652,"date":"2023-06-27T16:45:56","date_gmt":"2023-06-27T08:45:56","guid":{"rendered":"http:\/\/shihan.vihsu.com\/?post_type=product&#038;p=4652"},"modified":"2023-10-17T14:15:22","modified_gmt":"2023-10-17T06:15:22","slug":"dwuwarstwowa-tkanina-nylonowa-rozciagliwa-w-4-kierunkach","status":"publish","type":"product","link":"https:\/\/www.sikortex.com\/pl\/produkt\/dwuwarstwowa-tkanina-nylonowa-rozciagliwa-w-4-kierunkach\/","title":{"rendered":"Dwuwarstwowa tkanina nylonowa rozci\u0105gliwa w 4 kierunkach"},"content":{"rendered":"<p>SIKOR-TEX Dwuwarstwowa tkanina nylonowa rozci\u0105gliwa w 4 kierunkach, idealna tkanina dla ka\u017cdego, kto oczekuje od swojej odzie\u017cy zar\u00f3wno wygody, jak i trwa\u0142o\u015bci. Tkanina ta charakteryzuje si\u0119 doskona\u0142\u0105 elastyczno\u015bci\u0105, odporno\u015bci\u0105 na zu\u017cycie, mi\u0119kko\u015bci\u0105 i oddychalno\u015bci\u0105, dzi\u0119ki czemu idealnie nadaje si\u0119 do szeregu aktywno\u015bci, od pieszych w\u0119dr\u00f3wek i kemping\u00f3w po odzie\u017c rekreacyjn\u0105 i robocz\u0105.<br \/>\nDwuwarstwowa tkanina nylonowa rozci\u0105gliwa w czterech kierunkach wykonana jest z wysokiej jako\u015bci nylonu i wyko\u0144czona pow\u0142ok\u0105 antystatyczn\u0105, dzi\u0119ki czemu pozostaje w doskona\u0142ym stanie nawet po wielokrotnym praniu. Idealnie nadaje si\u0119 do tworzenia kurtek, spodni, \u015bliniak\u00f3w, szelek, kombinezon\u00f3w i nie tylko.<br \/>\nElastyczno\u015b\u0107 tej rozci\u0105gliwej w 4 kierunkach tkaniny zapewnia wygod\u0119 noszenia i porusza si\u0119 wraz z cia\u0142em, dzi\u0119ki czemu idealnie nadaje si\u0119 do szeregu aktywno\u015bci. Jego odporno\u015b\u0107 na zu\u017cycie oznacza, \u017ce wytrzyma intensywne u\u017cytkowanie, dzi\u0119ki czemu idealnie nadaje si\u0119 do odzie\u017cy roboczej lub zaj\u0119\u0107 na \u015bwie\u017cym powietrzu. Jego mi\u0119kko\u015b\u0107 zapewnia wygod\u0119 dla sk\u00f3ry, a oddychalno\u015b\u0107 zapewnia ch\u0142\u00f3d i sucho\u015b\u0107 w ka\u017cdych warunkach pogodowych.<\/p>","protected":false},"excerpt":{"rendered":"<p>1000 metr\u00f3w (min. zam\u00f3wienie)<\/p>","protected":false},"featured_media":4662,"comment_status":"closed","ping_status":"closed","template":"","meta":{"_uag_custom_page_level_css":"","site-sidebar-layout":"default","site-content-layout":"default","ast-site-content-layout":"","site-content-style":"default","site-sidebar-style":"default","ast-global-header-display":"","ast-banner-title-visibility":"","ast-main-header-display":"","ast-hfb-above-header-display":"","ast-hfb-below-header-display":"","ast-hfb-mobile-header-display":"","site-post-title":"","ast-breadcrumbs-content":"","ast-featured-img":"","footer-sml-layout":"","theme-transparent-header-meta":"default","adv-header-id-meta":"","stick-header-meta":"default","header-above-stick-meta":"","header-main-stick-meta":"","header-below-stick-meta":"","astra-migrate-meta-layouts":"default","ast-page-background-enabled":"default","ast-page-background-meta":{"desktop":{"background-color":"","background-image":"","background-repeat":"repeat","background-position":"center center","background-size":"auto","background-attachment":"scroll","background-type":"","background-media":"","overlay-type":"","overlay-color":"","overlay-opacity":"","overlay-gradient":""},"tablet":{"background-color":"","background-image":"","background-repeat":"repeat","background-position":"center center","background-size":"auto","background-attachment":"scroll","background-type":"","background-media":"","overlay-type":"","overlay-color":"","overlay-opacity":"","overlay-gradient":""},"mobile":{"background-color":"","background-image":"","background-repeat":"repeat","background-position":"center center","background-size":"auto","background-attachment":"scroll","background-type":"","background-media":"","overlay-type":"","overlay-color":"","overlay-opacity":"","overlay-gradient":""}},"ast-content-background-meta":{"desktop":{"background-color":"var(--ast-global-color-5)","background-image":"","background-repeat":"repeat","background-position":"center center","background-size":"auto","background-attachment":"scroll","background-type":"","background-media":"","overlay-type":"","overlay-color":"","overlay-opacity":"","overlay-gradient":""},"tablet":{"background-color":"var(--ast-global-color-5)","background-image":"","background-repeat":"repeat","background-position":"center center","background-size":"auto","background-attachment":"scroll","background-type":"","background-media":"","overlay-type":"","overlay-color":"","overlay-opacity":"","overlay-gradient":""},"mobile":{"background-color":"var(--ast-global-color-5)","background-image":"","background-repeat":"repeat","background-position":"center center","background-size":"auto","background-attachment":"scroll","background-type":"","background-media":"","overlay-type":"","overlay-color":"","overlay-opacity":"","overlay-gradient":""}}},"product_brand":[],"product_cat":[431,428,420],"product_tag":[],"class_list":{"0":"post-4652","1":"product","2":"type-product","3":"status-publish","4":"has-post-thumbnail","6":"product_cat-fabric-for-commuting-clothing","7":"product_cat-fabric-for-outdoor-sports","8":"product_cat-stretch-fabrics","9":"pa_available_colors-911052-spc","10":"desktop-align-left","11":"tablet-align-left","12":"mobile-align-left","13":"ast-product-gallery-layout-vertical-slider","14":"ast-product-tabs-layout-horizontal","16":"first","17":"instock","18":"shipping-taxable","19":"product-type-simple"},"uagb_featured_image_src":{"full":["https:\/\/www.sikortex.com\/wp-content\/uploads\/2023\/06\/IMG_5427-1.jpg",1024,1024,false],"thumbnail":["https:\/\/www.sikortex.com\/wp-content\/uploads\/2023\/06\/IMG_5427-1-150x150.jpg",150,150,true],"medium":["https:\/\/www.sikortex.com\/wp-content\/uploads\/2023\/06\/IMG_5427-1-300x300.jpg",300,300,true],"medium_large":["https:\/\/www.sikortex.com\/wp-content\/uploads\/2023\/06\/IMG_5427-1-768x768.jpg",768,768,true],"large":["https:\/\/www.sikortex.com\/wp-content\/uploads\/2023\/06\/IMG_5427-1.jpg",1024,1024,false],"1536x1536":["https:\/\/www.sikortex.com\/wp-content\/uploads\/2023\/06\/IMG_5427-1.jpg",1024,1024,false],"2048x2048":["https:\/\/www.sikortex.com\/wp-content\/uploads\/2023\/06\/IMG_5427-1.jpg",1024,1024,false],"trp-custom-language-flag":["https:\/\/www.sikortex.com\/wp-content\/uploads\/2023\/06\/IMG_5427-1.jpg",12,12,false],"woocommerce_thumbnail":["https:\/\/www.sikortex.com\/wp-content\/uploads\/2023\/06\/IMG_5427-1-300x300.jpg",300,300,true],"woocommerce_single":["https:\/\/www.sikortex.com\/wp-content\/uploads\/2023\/06\/IMG_5427-1-600x600.jpg",600,600,true],"woocommerce_gallery_thumbnail":["https:\/\/www.sikortex.com\/wp-content\/uploads\/2023\/06\/IMG_5427-1-100x100.jpg",100,100,true]},"uagb_author_info":{"display_name":"Perry","author_link":"https:\/\/www.sikortex.com\/pl\/author\/"},"uagb_comment_info":0,"uagb_excerpt":"1000 Meters(Min.Order)","_links":{"self":[{"href":"https:\/\/www.sikortex.com\/pl\/wp-json\/wp\/v2\/product\/4652","targetHints":{"allow":["GET"]}}],"collection":[{"href":"https:\/\/www.sikortex.com\/pl\/wp-json\/wp\/v2\/product"}],"about":[{"href":"https:\/\/www.sikortex.com\/pl\/wp-json\/wp\/v2\/types\/product"}],"replies":[{"embeddable":true,"href":"https:\/\/www.sikortex.com\/pl\/wp-json\/wp\/v2\/comments?post=4652"}],"wp:featuredmedia":[{"embeddable":true,"href":"https:\/\/www.sikortex.com\/pl\/wp-json\/wp\/v2\/media\/4662"}],"wp:attachment":[{"href":"https:\/\/www.sikortex.com\/pl\/wp-json\/wp\/v2\/media?parent=4652"}],"wp:term":[{"taxonomy":"product_brand","embeddable":true,"href":"https:\/\/www.sikortex.com\/pl\/wp-json\/wp\/v2\/product_brand?post=4652"},{"taxonomy":"product_cat","embeddable":true,"href":"https:\/\/www.sikortex.com\/pl\/wp-json\/wp\/v2\/product_cat?post=4652"},{"taxonomy":"product_tag","embeddable":true,"href":"https:\/\/www.sikortex.com\/pl\/wp-json\/wp\/v2\/product_tag?post=4652"}],"curies":[{"name":"wp","href":"https:\/\/api.w.org\/{rel}","templated":true}]}}