{"id":4641,"date":"2023-06-27T16:36:33","date_gmt":"2023-06-27T08:36:33","guid":{"rendered":"http:\/\/shihan.vihsu.com\/?post_type=product&#038;p=4641"},"modified":"2023-11-21T17:32:51","modified_gmt":"2023-11-21T09:32:51","slug":"nylon-zakard-taslan","status":"publish","type":"product","link":"https:\/\/www.sikortex.com\/pl\/produkt\/nylon-zakard-taslan\/","title":{"rendered":"\u017bakardowa nylonowa tkanina Taslan na kurtki"},"content":{"rendered":"<p>SIKOR-TEX \u017bakardowa tkanina nylonowa Taslan na kurtki charakteryzuje si\u0119 wyj\u0105tkowym wygl\u0105dem i przypomina bawe\u0142n\u0119, dzi\u0119ki czemu jest zar\u00f3wno estetyczna, jak i wygodna w noszeniu. Specjalny wz\u00f3r splotu \u017cakardowego dodaje tkaninie faktury i wymiaru, wyr\u00f3\u017cniaj\u0105c j\u0105 spo\u015br\u00f3d innych materia\u0142\u00f3w powszechnie stosowanych w odzie\u017cy outdoorowej.<br \/>\nJednak tkanina Nylon Jacquard Taslan to nie tylko wygl\u0105d. Jest tak\u017ce niezwykle wytrzyma\u0142y i wytrzymuje nawet najci\u0119\u017csze warunki. Twarda konstrukcja sprawia, \u017ce nadaje si\u0119 do szeregu aktywno\u015bci na \u015bwie\u017cym powietrzu, od odzie\u017cy codziennej po rolnicz\u0105 odzie\u017c robocz\u0105. Tkanina jest wodoodporna i oddychaj\u0105ca, dzi\u0119ki czemu zapewnia sucho\u015b\u0107 i wygod\u0119 w ka\u017cd\u0105 pogod\u0119. Doskona\u0142a oddychalno\u015b\u0107 oznacza, \u017ce mo\u017cna go nosi\u0107 w wysokich temperaturach, nie powoduj\u0105c uczucia duszno\u015bci i dyskomfortu.<br \/>\nZaprojektowany z my\u015bl\u0105 o wytrzyma\u0142o\u015bci i trwa\u0142o\u015bci, nylonowy \u017cakard Taslan to idealny wyb\u00f3r dla tych, kt\u00f3rzy potrzebuj\u0105, aby ich odzie\u017c wytrzyma\u0142a intensywne u\u017cytkowanie. Jest wyj\u0105tkowo odporny na zu\u017cycie, dzi\u0119ki czemu idealnie nadaje si\u0119 do trudnych zaj\u0119\u0107 na \u015bwie\u017cym powietrzu. Tkanina ta jest r\u00f3wnie\u017c \u0142atwa w piel\u0119gnacji, co gwarantuje, \u017ce pozostanie w doskona\u0142ym stanie nawet po wielokrotnym praniu.<\/p>\n<p><a href=\"https:\/\/www.sikortex.com\/pl\/wyszukiwarka-tkanin\/\">Wyszukiwarka tkanin<\/a><\/p>","protected":false},"excerpt":{"rendered":"<p>1000 metr\u00f3w (min. zam\u00f3wienie)<\/p>","protected":false},"featured_media":4643,"comment_status":"closed","ping_status":"closed","template":"","meta":{"_uag_custom_page_level_css":"","site-sidebar-layout":"default","site-content-layout":"default","ast-site-content-layout":"","site-content-style":"default","site-sidebar-style":"default","ast-global-header-display":"","ast-banner-title-visibility":"","ast-main-header-display":"","ast-hfb-above-header-display":"","ast-hfb-below-header-display":"","ast-hfb-mobile-header-display":"","site-post-title":"","ast-breadcrumbs-content":"","ast-featured-img":"","footer-sml-layout":"","theme-transparent-header-meta":"default","adv-header-id-meta":"","stick-header-meta":"default","header-above-stick-meta":"","header-main-stick-meta":"","header-below-stick-meta":"","astra-migrate-meta-layouts":"default","ast-page-background-enabled":"default","ast-page-background-meta":{"desktop":{"background-color":"","background-image":"","background-repeat":"repeat","background-position":"center center","background-size":"auto","background-attachment":"scroll","background-type":"","background-media":"","overlay-type":"","overlay-color":"","overlay-opacity":"","overlay-gradient":""},"tablet":{"background-color":"","background-image":"","background-repeat":"repeat","background-position":"center center","background-size":"auto","background-attachment":"scroll","background-type":"","background-media":"","overlay-type":"","overlay-color":"","overlay-opacity":"","overlay-gradient":""},"mobile":{"background-color":"","background-image":"","background-repeat":"repeat","background-position":"center center","background-size":"auto","background-attachment":"scroll","background-type":"","background-media":"","overlay-type":"","overlay-color":"","overlay-opacity":"","overlay-gradient":""}},"ast-content-background-meta":{"desktop":{"background-color":"var(--ast-global-color-5)","background-image":"","background-repeat":"repeat","background-position":"center center","background-size":"auto","background-attachment":"scroll","background-type":"","background-media":"","overlay-type":"","overlay-color":"","overlay-opacity":"","overlay-gradient":""},"tablet":{"background-color":"var(--ast-global-color-5)","background-image":"","background-repeat":"repeat","background-position":"center center","background-size":"auto","background-attachment":"scroll","background-type":"","background-media":"","overlay-type":"","overlay-color":"","overlay-opacity":"","overlay-gradient":""},"mobile":{"background-color":"var(--ast-global-color-5)","background-image":"","background-repeat":"repeat","background-position":"center center","background-size":"auto","background-attachment":"scroll","background-type":"","background-media":"","overlay-type":"","overlay-color":"","overlay-opacity":"","overlay-gradient":""}}},"product_brand":[],"product_cat":[431,428,404],"product_tag":[],"class_list":{"0":"post-4641","1":"product","2":"type-product","3":"status-publish","4":"has-post-thumbnail","6":"product_cat-fabric-for-commuting-clothing","7":"product_cat-fabric-for-outdoor-sports","8":"product_cat-nylon-fabrics","9":"pa_available_colors-h-black","10":"desktop-align-left","11":"tablet-align-left","12":"mobile-align-left","13":"ast-product-gallery-layout-vertical-slider","14":"ast-product-tabs-layout-horizontal","16":"first","17":"instock","18":"shipping-taxable","19":"product-type-simple"},"uagb_featured_image_src":{"full":["https:\/\/www.sikortex.com\/wp-content\/uploads\/2023\/06\/DSC00375.jpg",1024,1024,false],"thumbnail":["https:\/\/www.sikortex.com\/wp-content\/uploads\/2023\/06\/DSC00375-150x150.jpg",150,150,true],"medium":["https:\/\/www.sikortex.com\/wp-content\/uploads\/2023\/06\/DSC00375-300x300.jpg",300,300,true],"medium_large":["https:\/\/www.sikortex.com\/wp-content\/uploads\/2023\/06\/DSC00375-768x768.jpg",768,768,true],"large":["https:\/\/www.sikortex.com\/wp-content\/uploads\/2023\/06\/DSC00375.jpg",1024,1024,false],"1536x1536":["https:\/\/www.sikortex.com\/wp-content\/uploads\/2023\/06\/DSC00375.jpg",1024,1024,false],"2048x2048":["https:\/\/www.sikortex.com\/wp-content\/uploads\/2023\/06\/DSC00375.jpg",1024,1024,false],"trp-custom-language-flag":["https:\/\/www.sikortex.com\/wp-content\/uploads\/2023\/06\/DSC00375.jpg",12,12,false],"woocommerce_thumbnail":["https:\/\/www.sikortex.com\/wp-content\/uploads\/2023\/06\/DSC00375-300x300.jpg",300,300,true],"woocommerce_single":["https:\/\/www.sikortex.com\/wp-content\/uploads\/2023\/06\/DSC00375-600x600.jpg",600,600,true],"woocommerce_gallery_thumbnail":["https:\/\/www.sikortex.com\/wp-content\/uploads\/2023\/06\/DSC00375-100x100.jpg",100,100,true]},"uagb_author_info":{"display_name":"Perry","author_link":"https:\/\/www.sikortex.com\/pl\/author\/"},"uagb_comment_info":0,"uagb_excerpt":"1000 Meters(Min.Order)","_links":{"self":[{"href":"https:\/\/www.sikortex.com\/pl\/wp-json\/wp\/v2\/product\/4641","targetHints":{"allow":["GET"]}}],"collection":[{"href":"https:\/\/www.sikortex.com\/pl\/wp-json\/wp\/v2\/product"}],"about":[{"href":"https:\/\/www.sikortex.com\/pl\/wp-json\/wp\/v2\/types\/product"}],"replies":[{"embeddable":true,"href":"https:\/\/www.sikortex.com\/pl\/wp-json\/wp\/v2\/comments?post=4641"}],"wp:featuredmedia":[{"embeddable":true,"href":"https:\/\/www.sikortex.com\/pl\/wp-json\/wp\/v2\/media\/4643"}],"wp:attachment":[{"href":"https:\/\/www.sikortex.com\/pl\/wp-json\/wp\/v2\/media?parent=4641"}],"wp:term":[{"taxonomy":"product_brand","embeddable":true,"href":"https:\/\/www.sikortex.com\/pl\/wp-json\/wp\/v2\/product_brand?post=4641"},{"taxonomy":"product_cat","embeddable":true,"href":"https:\/\/www.sikortex.com\/pl\/wp-json\/wp\/v2\/product_cat?post=4641"},{"taxonomy":"product_tag","embeddable":true,"href":"https:\/\/www.sikortex.com\/pl\/wp-json\/wp\/v2\/product_tag?post=4641"}],"curies":[{"name":"wp","href":"https:\/\/api.w.org\/{rel}","templated":true}]}}