{"id":4630,"date":"2023-06-27T16:33:30","date_gmt":"2023-06-27T08:33:30","guid":{"rendered":"http:\/\/shihan.vihsu.com\/?post_type=product&#038;p=4630"},"modified":"2024-12-17T10:30:32","modified_gmt":"2024-12-17T02:30:32","slug":"nylonowo-poliestrowa-przedza-kompozytowa-0-1cm-siatka-elastyczna-tkanina","status":"publish","type":"product","link":"https:\/\/www.sikortex.com\/pl\/produkt\/nylonowo-poliestrowa-przedza-kompozytowa-0-1cm-siatka-elastyczna-tkanina\/","title":{"rendered":"Prz\u0119dza kompozytowa z nylonu i poliestru o grubo\u015bci 0,1 cm, elastyczna tkanina"},"content":{"rendered":"<p>SIKOR-TEX Elastyczna tkanina poliestrowa z domieszk\u0105 nylonu \u2013 idealny wyb\u00f3r dla ka\u017cdego, kto oczekuje zar\u00f3wno stylu, jak i funkcjonalno\u015bci w swojej odzie\u017cy outdoorowej. Tkanina ta powstaje poprzez przeplatanie si\u0119 ze sob\u0105 w\u0142\u00f3kien nylonowych i poliestrowych oraz farbowanie ich w celu uzyskania unikalnego dwukolorowego efektu, kt\u00f3ry nadaje tkaninie wyrazisty wygl\u0105d. Kratkowy wz\u00f3r dodaje tekstury i zwi\u0119ksza odporno\u015b\u0107 materia\u0142u na rozdarcie, dzi\u0119ki czemu idealnie nadaje si\u0119 do trudnych zaj\u0119\u0107 na \u015bwie\u017cym powietrzu.<br \/>\nElastyczna tkanina z nylonowo-poliestrowej prz\u0119dzy kompozytowej o grubo\u015bci 0,1 cm jest zar\u00f3wno elastyczna, jak i trwa\u0142a, dzi\u0119ki czemu idealnie nadaje si\u0119 do szeregu aktywno\u015bci na \u015bwie\u017cym powietrzu, od odzie\u017cy codziennej po odzie\u017c sportow\u0105 motocyklow\u0105. Tkanina jest r\u00f3wnie\u017c wodoodporna, dzi\u0119ki czemu zapewnia sucho\u015b\u0107 i wygod\u0119 w ka\u017cdych warunkach pogodowych. Doskona\u0142a oddychalno\u015b\u0107 oznacza, \u017ce mo\u017cna go nosi\u0107 w wysokich temperaturach, nie powoduj\u0105c uczucia duszno\u015bci i dyskomfortu.<br \/>\nTkanina ta idealnie nadaje si\u0119 do tworzenia odzie\u017cy rekreacyjnej, odzie\u017cy outdoorowej na zimne dni i odzie\u017cy sportowej motocyklowej, kt\u00f3ra jest zar\u00f3wno stylowa, jak i praktyczna. Unikalny wygl\u0105d i trwa\u0142a konstrukcja wyr\u00f3\u017cniaj\u0105 j\u0105 spo\u015br\u00f3d innych tkanin powszechnie stosowanych w odzie\u017cy outdoorowej.<\/p>\n<p><span style=\"color: #3366ff;\"><a style=\"color: #3366ff;\" href=\"https:\/\/www.sikortex.com\/pl\/wyszukiwarka-tkanin\/\">WYSZUKIWARKA TKANINY<\/a><\/span> Tkaniny rozci\u0105gliwe<\/p>","protected":false},"excerpt":{"rendered":"<p>1200 metr\u00f3w (min. zam\u00f3wienie)<\/p>","protected":false},"featured_media":4635,"comment_status":"closed","ping_status":"closed","template":"","meta":{"_uag_custom_page_level_css":"","site-sidebar-layout":"default","site-content-layout":"default","ast-site-content-layout":"","site-content-style":"default","site-sidebar-style":"default","ast-global-header-display":"","ast-banner-title-visibility":"","ast-main-header-display":"","ast-hfb-above-header-display":"","ast-hfb-below-header-display":"","ast-hfb-mobile-header-display":"","site-post-title":"","ast-breadcrumbs-content":"","ast-featured-img":"","footer-sml-layout":"","theme-transparent-header-meta":"default","adv-header-id-meta":"","stick-header-meta":"default","header-above-stick-meta":"","header-main-stick-meta":"","header-below-stick-meta":"","astra-migrate-meta-layouts":"default","ast-page-background-enabled":"default","ast-page-background-meta":{"desktop":{"background-color":"","background-image":"","background-repeat":"repeat","background-position":"center center","background-size":"auto","background-attachment":"scroll","background-type":"","background-media":"","overlay-type":"","overlay-color":"","overlay-opacity":"","overlay-gradient":""},"tablet":{"background-color":"","background-image":"","background-repeat":"repeat","background-position":"center center","background-size":"auto","background-attachment":"scroll","background-type":"","background-media":"","overlay-type":"","overlay-color":"","overlay-opacity":"","overlay-gradient":""},"mobile":{"background-color":"","background-image":"","background-repeat":"repeat","background-position":"center center","background-size":"auto","background-attachment":"scroll","background-type":"","background-media":"","overlay-type":"","overlay-color":"","overlay-opacity":"","overlay-gradient":""}},"ast-content-background-meta":{"desktop":{"background-color":"var(--ast-global-color-5)","background-image":"","background-repeat":"repeat","background-position":"center center","background-size":"auto","background-attachment":"scroll","background-type":"","background-media":"","overlay-type":"","overlay-color":"","overlay-opacity":"","overlay-gradient":""},"tablet":{"background-color":"var(--ast-global-color-5)","background-image":"","background-repeat":"repeat","background-position":"center center","background-size":"auto","background-attachment":"scroll","background-type":"","background-media":"","overlay-type":"","overlay-color":"","overlay-opacity":"","overlay-gradient":""},"mobile":{"background-color":"var(--ast-global-color-5)","background-image":"","background-repeat":"repeat","background-position":"center center","background-size":"auto","background-attachment":"scroll","background-type":"","background-media":"","overlay-type":"","overlay-color":"","overlay-opacity":"","overlay-gradient":""}}},"product_brand":[],"product_cat":[431,428,432,1041,433],"product_tag":[],"class_list":{"0":"post-4630","1":"product","2":"type-product","3":"status-publish","4":"has-post-thumbnail","6":"product_cat-fabric-for-commuting-clothing","7":"product_cat-fabric-for-outdoor-sports","8":"product_cat-fabric-for-tent","9":"product_cat-polyester-nylon","10":"product_cat-textile-for-industrial","11":"pa_available_colors-h-black","12":"desktop-align-left","13":"tablet-align-left","14":"mobile-align-left","15":"ast-product-gallery-layout-vertical-slider","16":"ast-product-tabs-layout-horizontal","18":"first","19":"instock","20":"shipping-taxable","21":"product-type-simple"},"uagb_featured_image_src":{"full":["https:\/\/www.sikortex.com\/wp-content\/uploads\/2023\/06\/DSC00379.jpg",1024,1024,false],"thumbnail":["https:\/\/www.sikortex.com\/wp-content\/uploads\/2023\/06\/DSC00379-150x150.jpg",150,150,true],"medium":["https:\/\/www.sikortex.com\/wp-content\/uploads\/2023\/06\/DSC00379-300x300.jpg",300,300,true],"medium_large":["https:\/\/www.sikortex.com\/wp-content\/uploads\/2023\/06\/DSC00379-768x768.jpg",768,768,true],"large":["https:\/\/www.sikortex.com\/wp-content\/uploads\/2023\/06\/DSC00379.jpg",1024,1024,false],"1536x1536":["https:\/\/www.sikortex.com\/wp-content\/uploads\/2023\/06\/DSC00379.jpg",1024,1024,false],"2048x2048":["https:\/\/www.sikortex.com\/wp-content\/uploads\/2023\/06\/DSC00379.jpg",1024,1024,false],"trp-custom-language-flag":["https:\/\/www.sikortex.com\/wp-content\/uploads\/2023\/06\/DSC00379.jpg",12,12,false],"woocommerce_thumbnail":["https:\/\/www.sikortex.com\/wp-content\/uploads\/2023\/06\/DSC00379-300x300.jpg",300,300,true],"woocommerce_single":["https:\/\/www.sikortex.com\/wp-content\/uploads\/2023\/06\/DSC00379-600x600.jpg",600,600,true],"woocommerce_gallery_thumbnail":["https:\/\/www.sikortex.com\/wp-content\/uploads\/2023\/06\/DSC00379-100x100.jpg",100,100,true]},"uagb_author_info":{"display_name":"Perry","author_link":"https:\/\/www.sikortex.com\/pl\/author\/"},"uagb_comment_info":0,"uagb_excerpt":"1200 Meters(Min.Order)","_links":{"self":[{"href":"https:\/\/www.sikortex.com\/pl\/wp-json\/wp\/v2\/product\/4630","targetHints":{"allow":["GET"]}}],"collection":[{"href":"https:\/\/www.sikortex.com\/pl\/wp-json\/wp\/v2\/product"}],"about":[{"href":"https:\/\/www.sikortex.com\/pl\/wp-json\/wp\/v2\/types\/product"}],"replies":[{"embeddable":true,"href":"https:\/\/www.sikortex.com\/pl\/wp-json\/wp\/v2\/comments?post=4630"}],"wp:featuredmedia":[{"embeddable":true,"href":"https:\/\/www.sikortex.com\/pl\/wp-json\/wp\/v2\/media\/4635"}],"wp:attachment":[{"href":"https:\/\/www.sikortex.com\/pl\/wp-json\/wp\/v2\/media?parent=4630"}],"wp:term":[{"taxonomy":"product_brand","embeddable":true,"href":"https:\/\/www.sikortex.com\/pl\/wp-json\/wp\/v2\/product_brand?post=4630"},{"taxonomy":"product_cat","embeddable":true,"href":"https:\/\/www.sikortex.com\/pl\/wp-json\/wp\/v2\/product_cat?post=4630"},{"taxonomy":"product_tag","embeddable":true,"href":"https:\/\/www.sikortex.com\/pl\/wp-json\/wp\/v2\/product_tag?post=4630"}],"curies":[{"name":"wp","href":"https:\/\/api.w.org\/{rel}","templated":true}]}}