{"id":4621,"date":"2023-06-27T16:26:35","date_gmt":"2023-06-27T08:26:35","guid":{"rendered":"http:\/\/shihan.vihsu.com\/?post_type=product&#038;p=4621"},"modified":"2023-09-24T14:27:42","modified_gmt":"2023-09-24T06:27:42","slug":"najciensza-rozciagliwa-3-warstwowa-tkanina-nylonowa","status":"publish","type":"product","link":"https:\/\/www.sikortex.com\/pl\/produkt\/najciensza-rozciagliwa-3-warstwowa-tkanina-nylonowa\/","title":{"rendered":"Najcie\u0144szy 3-warstwowy materia\u0142 nylonowy ze stretchem"},"content":{"rendered":"<p>Przedstawiamy najcie\u0144szy, 3-warstwowy, rozci\u0105gliwy nylonowy materia\u0142 \u2013 idealny wyb\u00f3r dla tych, kt\u00f3rzy oczekuj\u0105 zar\u00f3wno mody, jak i funkcjonalno\u015bci w swojej odzie\u017cy outdoorowej. Tkanina ta jest wytwarzana poprzez owini\u0119cie razem w\u0142\u00f3kien nylonu 20 denier\u00f3w i spandexu 20 denier\u00f3w i laminowanie ich dzianin\u0105 i foli\u0105 PU, w wyniku czego uzyskano najcie\u0144sz\u0105 obecnie dost\u0119pn\u0105 tkanin\u0119 3-warstwow\u0105. Lekka konstrukcja u\u0142atwia noszenie i pakowanie, a wysoka wytrzyma\u0142o\u015b\u0107 i odporno\u015b\u0107 na \u015bcieranie sprawiaj\u0105, \u017ce jest wystarczaj\u0105co trwa\u0142y, aby wytrzyma\u0107 intensywne u\u017cytkowanie. Tkanina jest wodoodporna przy ci\u015bnieniu wody do 10000 mm i oddychaj\u0105ca do 10000 g\/m\u00b2\/24 godziny, dzi\u0119ki czemu zapewnia sucho\u015b\u0107 i wygod\u0119 w ka\u017cd\u0105 pogod\u0119.<br \/>\nSIKOR-TEX to tkanina idealna na kurtki softshell, kurtki puchowe, odzie\u017c domow\u0105 i odzie\u017c sportow\u0105 outdoorow\u0105. Unikalne po\u0142\u0105czenie lekko\u015bci, rozci\u0105gliwo\u015bci, trwa\u0142o\u015bci i wodoodporno\u015bci, oddychalno\u015bci sprawia, \u017ce idealnie nadaje si\u0119 do szeregu aktywno\u015bci na \u015bwie\u017cym powietrzu, od odzie\u017cy codziennej po sporty motorowe.<br \/>\nJu\u017c dzi\u015b do\u015bwiadcz komfortu i funkcjonalno\u015bci najcie\u0144szego, 3-warstwowego, rozci\u0105gliwego nylonu i przenie\u015b swoje przygody na \u015bwie\u017cym powietrzu na wy\u017cszy poziom.<\/p>\n<p><a href=\"https:\/\/www.sikortex.com\/pl\/wyszukiwarka-tkanin\/\">WYSZUKIWARKA TKANINY<\/a> Wodoodporny i oddychaj\u0105cy, Gore tex 20000 mm, 28000 mm, tkanina Softshell<\/p>","protected":false},"excerpt":{"rendered":"<p>600 metr\u00f3w (min. zam\u00f3wienie)<\/p>","protected":false},"featured_media":4602,"comment_status":"closed","ping_status":"closed","template":"","meta":{"_uag_custom_page_level_css":"","site-sidebar-layout":"default","site-content-layout":"default","ast-site-content-layout":"","site-content-style":"default","site-sidebar-style":"default","ast-global-header-display":"","ast-banner-title-visibility":"","ast-main-header-display":"","ast-hfb-above-header-display":"","ast-hfb-below-header-display":"","ast-hfb-mobile-header-display":"","site-post-title":"","ast-breadcrumbs-content":"","ast-featured-img":"","footer-sml-layout":"","theme-transparent-header-meta":"default","adv-header-id-meta":"","stick-header-meta":"default","header-above-stick-meta":"","header-main-stick-meta":"","header-below-stick-meta":"","astra-migrate-meta-layouts":"default","ast-page-background-enabled":"default","ast-page-background-meta":{"desktop":{"background-color":"","background-image":"","background-repeat":"repeat","background-position":"center center","background-size":"auto","background-attachment":"scroll","background-type":"","background-media":"","overlay-type":"","overlay-color":"","overlay-opacity":"","overlay-gradient":""},"tablet":{"background-color":"","background-image":"","background-repeat":"repeat","background-position":"center center","background-size":"auto","background-attachment":"scroll","background-type":"","background-media":"","overlay-type":"","overlay-color":"","overlay-opacity":"","overlay-gradient":""},"mobile":{"background-color":"","background-image":"","background-repeat":"repeat","background-position":"center center","background-size":"auto","background-attachment":"scroll","background-type":"","background-media":"","overlay-type":"","overlay-color":"","overlay-opacity":"","overlay-gradient":""}},"ast-content-background-meta":{"desktop":{"background-color":"var(--ast-global-color-5)","background-image":"","background-repeat":"repeat","background-position":"center center","background-size":"auto","background-attachment":"scroll","background-type":"","background-media":"","overlay-type":"","overlay-color":"","overlay-opacity":"","overlay-gradient":""},"tablet":{"background-color":"var(--ast-global-color-5)","background-image":"","background-repeat":"repeat","background-position":"center center","background-size":"auto","background-attachment":"scroll","background-type":"","background-media":"","overlay-type":"","overlay-color":"","overlay-opacity":"","overlay-gradient":""},"mobile":{"background-color":"var(--ast-global-color-5)","background-image":"","background-repeat":"repeat","background-position":"center center","background-size":"auto","background-attachment":"scroll","background-type":"","background-media":"","overlay-type":"","overlay-color":"","overlay-opacity":"","overlay-gradient":""}}},"product_brand":[],"product_cat":[431,428,421,404,415,414],"product_tag":[],"class_list":{"0":"post-4621","1":"product","2":"type-product","3":"status-publish","4":"has-post-thumbnail","6":"product_cat-fabric-for-commuting-clothing","7":"product_cat-fabric-for-outdoor-sports","8":"product_cat-foul-weather-fabrics","9":"product_cat-nylon-fabrics","10":"product_cat-oil-repellent-fabric","11":"product_cat-waterproof-fabrics","12":"pa_available_colors-911052-spc","13":"desktop-align-left","14":"tablet-align-left","15":"mobile-align-left","16":"ast-product-gallery-layout-vertical-slider","17":"ast-product-tabs-layout-horizontal","19":"first","20":"instock","21":"shipping-taxable","22":"product-type-simple"},"uagb_featured_image_src":{"full":["https:\/\/www.sikortex.com\/wp-content\/uploads\/2023\/06\/DSC02841-e1693107037461.jpg",800,800,false],"thumbnail":["https:\/\/www.sikortex.com\/wp-content\/uploads\/2023\/06\/DSC02841-e1693107037461-150x150.jpg",150,150,true],"medium":["https:\/\/www.sikortex.com\/wp-content\/uploads\/2023\/06\/DSC02841-e1693107037461-300x300.jpg",300,300,true],"medium_large":["https:\/\/www.sikortex.com\/wp-content\/uploads\/2023\/06\/DSC02841-e1693107037461-768x768.jpg",768,768,true],"large":["https:\/\/www.sikortex.com\/wp-content\/uploads\/2023\/06\/DSC02841-e1693107037461.jpg",800,800,false],"1536x1536":["https:\/\/www.sikortex.com\/wp-content\/uploads\/2023\/06\/DSC02841-e1693107037461.jpg",800,800,false],"2048x2048":["https:\/\/www.sikortex.com\/wp-content\/uploads\/2023\/06\/DSC02841-e1693107037461.jpg",800,800,false],"trp-custom-language-flag":["https:\/\/www.sikortex.com\/wp-content\/uploads\/2023\/06\/DSC02841-e1693107037461-12x12.jpg",12,12,true],"woocommerce_thumbnail":["https:\/\/www.sikortex.com\/wp-content\/uploads\/2023\/06\/DSC02841-e1693107037461-300x300.jpg",300,300,true],"woocommerce_single":["https:\/\/www.sikortex.com\/wp-content\/uploads\/2023\/06\/DSC02841-e1693107037461-600x600.jpg",600,600,true],"woocommerce_gallery_thumbnail":["https:\/\/www.sikortex.com\/wp-content\/uploads\/2023\/06\/DSC02841-e1693107037461-100x100.jpg",100,100,true]},"uagb_author_info":{"display_name":"Perry","author_link":"https:\/\/www.sikortex.com\/pl\/author\/"},"uagb_comment_info":0,"uagb_excerpt":"600 Meters(Min.Order)","_links":{"self":[{"href":"https:\/\/www.sikortex.com\/pl\/wp-json\/wp\/v2\/product\/4621","targetHints":{"allow":["GET"]}}],"collection":[{"href":"https:\/\/www.sikortex.com\/pl\/wp-json\/wp\/v2\/product"}],"about":[{"href":"https:\/\/www.sikortex.com\/pl\/wp-json\/wp\/v2\/types\/product"}],"replies":[{"embeddable":true,"href":"https:\/\/www.sikortex.com\/pl\/wp-json\/wp\/v2\/comments?post=4621"}],"wp:featuredmedia":[{"embeddable":true,"href":"https:\/\/www.sikortex.com\/pl\/wp-json\/wp\/v2\/media\/4602"}],"wp:attachment":[{"href":"https:\/\/www.sikortex.com\/pl\/wp-json\/wp\/v2\/media?parent=4621"}],"wp:term":[{"taxonomy":"product_brand","embeddable":true,"href":"https:\/\/www.sikortex.com\/pl\/wp-json\/wp\/v2\/product_brand?post=4621"},{"taxonomy":"product_cat","embeddable":true,"href":"https:\/\/www.sikortex.com\/pl\/wp-json\/wp\/v2\/product_cat?post=4621"},{"taxonomy":"product_tag","embeddable":true,"href":"https:\/\/www.sikortex.com\/pl\/wp-json\/wp\/v2\/product_tag?post=4621"}],"curies":[{"name":"wp","href":"https:\/\/api.w.org\/{rel}","templated":true}]}}