{"id":4587,"date":"2023-06-27T16:04:45","date_gmt":"2023-06-27T08:04:45","guid":{"rendered":"http:\/\/shihan.vihsu.com\/?post_type=product&#038;p=4587"},"modified":"2025-01-08T12:46:49","modified_gmt":"2025-01-08T04:46:49","slug":"t400-watek-tkanina-poliestrowa-elastyczna","status":"publish","type":"product","link":"https:\/\/www.sikortex.com\/pl\/produkt\/t400-watek-tkanina-poliestrowa-elastyczna\/","title":{"rendered":"T400 Poliester Elastyczna Tkanina Fluorescencyjno-\u017b\u00f3\u0142ta o Wysokiej Widoczno\u015bci"},"content":{"rendered":"<h5>SIKOR-TEX Producent tkanin o wysokiej widoczno\u015bci<\/h5>\n<p>SIKOR-TEX T400 Poliester <a href=\"https:\/\/www.sikortex.com\/pl\/tkaniny-rozciagliwe\/\"><span style=\"color: #3366ff;\">Elastyczny<\/span><\/a> Fluorescent Yellow Fabric to materia\u0142 o wysokiej wydajno\u015bci, kt\u00f3ry jest przeznaczony do r\u00f3\u017cnych zastosowa\u0144. Jego wyj\u0105tkowe w\u0142a\u015bciwo\u015bci sprawiaj\u0105, \u017ce idealnie nadaje si\u0119 do stosowania w transporcie, ratownictwie drogowym i odzie\u017cy roboczej do pracy na zewn\u0105trz.<br \/>\nTkanina fluorescencyjna \u017c\u00f3\u0142ta charakteryzuje si\u0119 elastyczno\u015bci\u0105, <a href=\"https:\/\/www.sikortex.com\/pl\/tkaniny-o-wysokiej-widocznosci\/\"><span style=\"color: #3366ff;\">wysoka widoczno\u015b\u0107<\/span><\/a>, I <a href=\"https:\/\/www.sikortex.com\/pl\/wodoodporny-oddychajacy-material\/\"><span style=\"color: #3366ff;\">wodoodporno\u015b\u0107 i oddychalno\u015b\u0107<\/span><\/a>, co czyni go wszechstronnym materia\u0142em, kt\u00f3ry mo\u017cna stosowa\u0107 w wielu r\u00f3\u017cnych \u015brodowiskach. Laminowane wyko\u0144czenie TPU dodaje dodatkow\u0105 warstw\u0119 trwa\u0142o\u015bci i ochrony, zapewniaj\u0105c, \u017ce tkanina wytrzyma nawet najtrudniejsze warunki. Fluorescencyjny \u017c\u00f3\u0142ty kolor Elastic <a href=\"https:\/\/www.sikortex.com\/pl\/tkaniny-o-wysokiej-widocznosci\/\"><span style=\"color: #3366ff;\">Wysoka widoczno\u015b\u0107<\/span><\/a> tkanina zwi\u0119ksza widoczno\u015b\u0107 w warunkach s\u0142abego o\u015bwietlenia, dzi\u0119ki czemu idealnie nadaje si\u0119 do stosowania w sytuacjach, w kt\u00f3rych bezpiecze\u0144stwo jest priorytetem. Ponadto tkanina jest \u0142atwa w piel\u0119gnacji i mo\u017cna j\u0105 pra\u0107 w pralce i suszy\u0107. Og\u00f3lnie rzecz bior\u0105c, osnowa poliestrowa T400 Fluorescencyjna \u017b\u00f3\u0142ta <a href=\"https:\/\/www.sikortex.com\/pl\/tkaniny-rozciagliwe\/\"><span style=\"color: #3366ff;\">Elastyczny<\/span><\/a> Tkanina to wysokiej jako\u015bci materia\u0142, kt\u00f3ry nadaje si\u0119 do szerokiej gamy zastosowa\u0144 i \u015brodowisk.<\/p>\n<p><a href=\"https:\/\/www.sikortex.com\/pl\/wyszukiwarka-tkanin\/\">WYSZUKIWARKA TKANINY<\/a><\/p>","protected":false},"excerpt":{"rendered":"<p>1000 metr\u00f3w (min. zam\u00f3wienie)<\/p>","protected":false},"featured_media":4593,"comment_status":"closed","ping_status":"closed","template":"","meta":{"_uag_custom_page_level_css":"","site-sidebar-layout":"default","site-content-layout":"default","ast-site-content-layout":"","site-content-style":"default","site-sidebar-style":"default","ast-global-header-display":"","ast-banner-title-visibility":"","ast-main-header-display":"","ast-hfb-above-header-display":"","ast-hfb-below-header-display":"","ast-hfb-mobile-header-display":"","site-post-title":"","ast-breadcrumbs-content":"","ast-featured-img":"","footer-sml-layout":"","theme-transparent-header-meta":"default","adv-header-id-meta":"","stick-header-meta":"default","header-above-stick-meta":"","header-main-stick-meta":"","header-below-stick-meta":"","astra-migrate-meta-layouts":"default","ast-page-background-enabled":"default","ast-page-background-meta":{"desktop":{"background-color":"","background-image":"","background-repeat":"repeat","background-position":"center center","background-size":"auto","background-attachment":"scroll","background-type":"","background-media":"","overlay-type":"","overlay-color":"","overlay-opacity":"","overlay-gradient":""},"tablet":{"background-color":"","background-image":"","background-repeat":"repeat","background-position":"center center","background-size":"auto","background-attachment":"scroll","background-type":"","background-media":"","overlay-type":"","overlay-color":"","overlay-opacity":"","overlay-gradient":""},"mobile":{"background-color":"","background-image":"","background-repeat":"repeat","background-position":"center center","background-size":"auto","background-attachment":"scroll","background-type":"","background-media":"","overlay-type":"","overlay-color":"","overlay-opacity":"","overlay-gradient":""}},"ast-content-background-meta":{"desktop":{"background-color":"var(--ast-global-color-5)","background-image":"","background-repeat":"repeat","background-position":"center center","background-size":"auto","background-attachment":"scroll","background-type":"","background-media":"","overlay-type":"","overlay-color":"","overlay-opacity":"","overlay-gradient":""},"tablet":{"background-color":"var(--ast-global-color-5)","background-image":"","background-repeat":"repeat","background-position":"center center","background-size":"auto","background-attachment":"scroll","background-type":"","background-media":"","overlay-type":"","overlay-color":"","overlay-opacity":"","overlay-gradient":""},"mobile":{"background-color":"var(--ast-global-color-5)","background-image":"","background-repeat":"repeat","background-position":"center center","background-size":"auto","background-attachment":"scroll","background-type":"","background-media":"","overlay-type":"","overlay-color":"","overlay-opacity":"","overlay-gradient":""}}},"product_brand":[],"product_cat":[431,428,403,420],"product_tag":[],"class_list":{"0":"post-4587","1":"product","2":"type-product","3":"status-publish","4":"has-post-thumbnail","6":"product_cat-fabric-for-commuting-clothing","7":"product_cat-fabric-for-outdoor-sports","8":"product_cat-polyester-fabrics","9":"product_cat-stretch-fabrics","10":"pa_available_colors-fluorescent-yellow","11":"desktop-align-left","12":"tablet-align-left","13":"mobile-align-left","14":"ast-product-gallery-layout-vertical-slider","15":"ast-product-tabs-layout-horizontal","17":"first","18":"instock","19":"shipping-taxable","20":"product-type-simple"},"uagb_featured_image_src":{"full":["https:\/\/www.sikortex.com\/wp-content\/uploads\/2023\/06\/IMG_5175-e1693106898297.jpg",800,800,false],"thumbnail":["https:\/\/www.sikortex.com\/wp-content\/uploads\/2023\/06\/IMG_5175-e1693106898297-150x150.jpg",150,150,true],"medium":["https:\/\/www.sikortex.com\/wp-content\/uploads\/2023\/06\/IMG_5175-e1693106898297-300x300.jpg",300,300,true],"medium_large":["https:\/\/www.sikortex.com\/wp-content\/uploads\/2023\/06\/IMG_5175-e1693106898297-768x768.jpg",768,768,true],"large":["https:\/\/www.sikortex.com\/wp-content\/uploads\/2023\/06\/IMG_5175-e1693106898297.jpg",800,800,false],"1536x1536":["https:\/\/www.sikortex.com\/wp-content\/uploads\/2023\/06\/IMG_5175-e1693106898297.jpg",800,800,false],"2048x2048":["https:\/\/www.sikortex.com\/wp-content\/uploads\/2023\/06\/IMG_5175-e1693106898297.jpg",800,800,false],"trp-custom-language-flag":["https:\/\/www.sikortex.com\/wp-content\/uploads\/2023\/06\/IMG_5175-e1693106898297-12x12.jpg",12,12,true],"woocommerce_thumbnail":["https:\/\/www.sikortex.com\/wp-content\/uploads\/2023\/06\/IMG_5175-e1693106898297-300x300.jpg",300,300,true],"woocommerce_single":["https:\/\/www.sikortex.com\/wp-content\/uploads\/2023\/06\/IMG_5175-e1693106898297-600x600.jpg",600,600,true],"woocommerce_gallery_thumbnail":["https:\/\/www.sikortex.com\/wp-content\/uploads\/2023\/06\/IMG_5175-e1693106898297-100x100.jpg",100,100,true]},"uagb_author_info":{"display_name":"Perry","author_link":"https:\/\/www.sikortex.com\/pl\/author\/"},"uagb_comment_info":0,"uagb_excerpt":"1000 Meters(Min.Order)","_links":{"self":[{"href":"https:\/\/www.sikortex.com\/pl\/wp-json\/wp\/v2\/product\/4587","targetHints":{"allow":["GET"]}}],"collection":[{"href":"https:\/\/www.sikortex.com\/pl\/wp-json\/wp\/v2\/product"}],"about":[{"href":"https:\/\/www.sikortex.com\/pl\/wp-json\/wp\/v2\/types\/product"}],"replies":[{"embeddable":true,"href":"https:\/\/www.sikortex.com\/pl\/wp-json\/wp\/v2\/comments?post=4587"}],"wp:featuredmedia":[{"embeddable":true,"href":"https:\/\/www.sikortex.com\/pl\/wp-json\/wp\/v2\/media\/4593"}],"wp:attachment":[{"href":"https:\/\/www.sikortex.com\/pl\/wp-json\/wp\/v2\/media?parent=4587"}],"wp:term":[{"taxonomy":"product_brand","embeddable":true,"href":"https:\/\/www.sikortex.com\/pl\/wp-json\/wp\/v2\/product_brand?post=4587"},{"taxonomy":"product_cat","embeddable":true,"href":"https:\/\/www.sikortex.com\/pl\/wp-json\/wp\/v2\/product_cat?post=4587"},{"taxonomy":"product_tag","embeddable":true,"href":"https:\/\/www.sikortex.com\/pl\/wp-json\/wp\/v2\/product_tag?post=4587"}],"curies":[{"name":"wp","href":"https:\/\/api.w.org\/{rel}","templated":true}]}}