{"id":4568,"date":"2023-06-27T15:32:59","date_gmt":"2023-06-27T07:32:59","guid":{"rendered":"http:\/\/shihan.vihsu.com\/?post_type=product&#038;p=4568"},"modified":"2025-01-09T10:47:25","modified_gmt":"2025-01-09T02:47:25","slug":"nylon-6-6-30d-podwojna-siatka-tkanina-ripstop","status":"publish","type":"product","link":"https:\/\/www.sikortex.com\/pl\/produkt\/nylon-6-6-30d-podwojna-siatka-tkanina-ripstop\/","title":{"rendered":"Nylon 6.6 30D Double Line Grid Ripstop Odporny na zu\u017cycie materia\u0142"},"content":{"rendered":"<p><a href=\"https:\/\/www.sikortex.com\/pl\/profil-firmy\/\"><span style=\"color: #3366ff;\">SIKOR-TEX<\/span><\/a> Siatka podw\u00f3jna Nylon 6.6 30D <a href=\"https:\/\/www.sikortex.com\/pl\/2024\/09\/05\/dostawca-tkanin-ripstop-material-ripstop\/\"><span style=\"color: #3366ff;\">Ripstop<\/span><\/a> Tkanina odporna na zu\u017cycie, Nylon 6\/6 jest sztywniejszy i zwykle trwalszy ni\u017c Nylon 6, z lepsz\u0105 odporno\u015bci\u0105 chemiczn\u0105 na nasycony chlorek wapnia, wi\u0119kszym skurczem formy i wy\u017csz\u0105 odporno\u015bci\u0105 na \u015bcieranie. Materia\u0142 jest <a href=\"https:\/\/www.sikortex.com\/pl\/nylonowo-bawelniana-tkanina-ripstop-tkanina-wiatrowka-3\/\"><span style=\"color: #3366ff;\">lekki<\/span><\/a> i ma wysok\u0105 wytrzyma\u0142o\u015b\u0107 mechaniczn\u0105, wytrzyma\u0142o\u015b\u0107, sztywno\u015b\u0107 i twardo\u015b\u0107. Ma r\u00f3wnie\u017c dobr\u0105 odporno\u015b\u0107 na zm\u0119czenie i uderzenia, doskona\u0142\u0105 odporno\u015b\u0107 na zu\u017cycie, dobre w\u0142a\u015bciwo\u015bci izolacyjne i doskona\u0142\u0105 odporno\u015b\u0107 na paliwo i olej.<\/p>\n<p>Je\u015bli szukasz wszechstronnej i odpornej na zu\u017cycie tkaniny, nie szukaj dalej ni\u017c Nylon 6\/6. Dzi\u0119ki doskona\u0142ym w\u0142a\u015bciwo\u015bciom mechanicznym, w tym wysokiej wytrzyma\u0142o\u015bci, twardo\u015bci i sztywno\u015bci, jest idealny do szerokiej gamy zastosowa\u0144. Niezale\u017cnie od tego, czy chcesz produkowa\u0107 sprz\u0119t outdoorowy, wytrzyma\u0142e torby czy trwa\u0142\u0105 odzie\u017c, tkanina Nylon 6\/6 jest doskona\u0142ym wyborem. Jej doskona\u0142a odporno\u015b\u0107 na paliwo i olej sprawia, \u017ce idealnie nadaje si\u0119 do zastosowa\u0144 w motoryzacji i <a href=\"https:\/\/www.sikortex.com\/pl\/odziez-robocza-do-transportu-i\/\"><span style=\"color: #3366ff;\">przemys\u0142owy<\/span><\/a> aplikacje, podczas gdy jego <a href=\"https:\/\/www.sikortex.com\/pl\/nylonowo-bawelniana-tkanina-ripstop-tkanina-wiatrowka-3\/\"><span style=\"color: #3366ff;\">lekki<\/span><\/a> konstrukcja sprawia, \u017ce jest idealny do wszystkiego, co musi by\u0107 jednocze\u015bnie mocne i \u0142atwe do przenoszenia. Bior\u0105c pod uwag\u0119 wszystkie te zalety, jasne jest, \u017ce tkanina Nylon 6\/6 jest m\u0105drym wyborem dla ka\u017cdego, kto chce tworzy\u0107 wysokiej jako\u015bci, trwa\u0142e produkty.<\/p>\n<p><span style=\"color: #3366ff;\"><a style=\"color: #3366ff;\" href=\"https:\/\/www.sikortex.com\/pl\/wyszukiwarka-tkanin\/\">WYSZUKIWARKA TKANINY<\/a><\/span><\/p>","protected":false},"excerpt":{"rendered":"<p>1000 metr\u00f3w (min. zam\u00f3wienie)<\/p>","protected":false},"featured_media":4566,"comment_status":"closed","ping_status":"closed","template":"","meta":{"_uag_custom_page_level_css":"","site-sidebar-layout":"default","site-content-layout":"default","ast-site-content-layout":"","site-content-style":"default","site-sidebar-style":"default","ast-global-header-display":"","ast-banner-title-visibility":"","ast-main-header-display":"","ast-hfb-above-header-display":"","ast-hfb-below-header-display":"","ast-hfb-mobile-header-display":"","site-post-title":"","ast-breadcrumbs-content":"","ast-featured-img":"","footer-sml-layout":"","theme-transparent-header-meta":"default","adv-header-id-meta":"","stick-header-meta":"default","header-above-stick-meta":"","header-main-stick-meta":"","header-below-stick-meta":"","astra-migrate-meta-layouts":"default","ast-page-background-enabled":"default","ast-page-background-meta":{"desktop":{"background-color":"","background-image":"","background-repeat":"repeat","background-position":"center center","background-size":"auto","background-attachment":"scroll","background-type":"","background-media":"","overlay-type":"","overlay-color":"","overlay-opacity":"","overlay-gradient":""},"tablet":{"background-color":"","background-image":"","background-repeat":"repeat","background-position":"center center","background-size":"auto","background-attachment":"scroll","background-type":"","background-media":"","overlay-type":"","overlay-color":"","overlay-opacity":"","overlay-gradient":""},"mobile":{"background-color":"","background-image":"","background-repeat":"repeat","background-position":"center center","background-size":"auto","background-attachment":"scroll","background-type":"","background-media":"","overlay-type":"","overlay-color":"","overlay-opacity":"","overlay-gradient":""}},"ast-content-background-meta":{"desktop":{"background-color":"var(--ast-global-color-5)","background-image":"","background-repeat":"repeat","background-position":"center center","background-size":"auto","background-attachment":"scroll","background-type":"","background-media":"","overlay-type":"","overlay-color":"","overlay-opacity":"","overlay-gradient":""},"tablet":{"background-color":"var(--ast-global-color-5)","background-image":"","background-repeat":"repeat","background-position":"center center","background-size":"auto","background-attachment":"scroll","background-type":"","background-media":"","overlay-type":"","overlay-color":"","overlay-opacity":"","overlay-gradient":""},"mobile":{"background-color":"var(--ast-global-color-5)","background-image":"","background-repeat":"repeat","background-position":"center center","background-size":"auto","background-attachment":"scroll","background-type":"","background-media":"","overlay-type":"","overlay-color":"","overlay-opacity":"","overlay-gradient":""}}},"product_brand":[],"product_cat":[428,432,1145,404,433],"product_tag":[],"class_list":{"0":"post-4568","1":"product","2":"type-product","3":"status-publish","4":"has-post-thumbnail","6":"product_cat-fabric-for-outdoor-sports","7":"product_cat-fabric-for-tent","8":"product_cat-lightweight-fabric","9":"product_cat-nylon-fabrics","10":"product_cat-textile-for-industrial","11":"pa_available_colors-h-black","12":"desktop-align-left","13":"tablet-align-left","14":"mobile-align-left","15":"ast-product-gallery-layout-vertical-slider","16":"ast-product-tabs-layout-horizontal","18":"first","19":"instock","20":"shipping-taxable","21":"product-type-simple"},"uagb_featured_image_src":{"full":["https:\/\/www.sikortex.com\/wp-content\/uploads\/2023\/06\/9312958505_1058445396.jpg",1024,1024,false],"thumbnail":["https:\/\/www.sikortex.com\/wp-content\/uploads\/2023\/06\/9312958505_1058445396-150x150.jpg",150,150,true],"medium":["https:\/\/www.sikortex.com\/wp-content\/uploads\/2023\/06\/9312958505_1058445396-300x300.jpg",300,300,true],"medium_large":["https:\/\/www.sikortex.com\/wp-content\/uploads\/2023\/06\/9312958505_1058445396-768x768.jpg",768,768,true],"large":["https:\/\/www.sikortex.com\/wp-content\/uploads\/2023\/06\/9312958505_1058445396.jpg",1024,1024,false],"1536x1536":["https:\/\/www.sikortex.com\/wp-content\/uploads\/2023\/06\/9312958505_1058445396.jpg",1024,1024,false],"2048x2048":["https:\/\/www.sikortex.com\/wp-content\/uploads\/2023\/06\/9312958505_1058445396.jpg",1024,1024,false],"trp-custom-language-flag":["https:\/\/www.sikortex.com\/wp-content\/uploads\/2023\/06\/9312958505_1058445396.jpg",12,12,false],"woocommerce_thumbnail":["https:\/\/www.sikortex.com\/wp-content\/uploads\/2023\/06\/9312958505_1058445396-300x300.jpg",300,300,true],"woocommerce_single":["https:\/\/www.sikortex.com\/wp-content\/uploads\/2023\/06\/9312958505_1058445396-600x600.jpg",600,600,true],"woocommerce_gallery_thumbnail":["https:\/\/www.sikortex.com\/wp-content\/uploads\/2023\/06\/9312958505_1058445396-100x100.jpg",100,100,true]},"uagb_author_info":{"display_name":"Perry","author_link":"https:\/\/www.sikortex.com\/pl\/author\/"},"uagb_comment_info":0,"uagb_excerpt":"1000 Meters(Min.Order)","_links":{"self":[{"href":"https:\/\/www.sikortex.com\/pl\/wp-json\/wp\/v2\/product\/4568","targetHints":{"allow":["GET"]}}],"collection":[{"href":"https:\/\/www.sikortex.com\/pl\/wp-json\/wp\/v2\/product"}],"about":[{"href":"https:\/\/www.sikortex.com\/pl\/wp-json\/wp\/v2\/types\/product"}],"replies":[{"embeddable":true,"href":"https:\/\/www.sikortex.com\/pl\/wp-json\/wp\/v2\/comments?post=4568"}],"wp:featuredmedia":[{"embeddable":true,"href":"https:\/\/www.sikortex.com\/pl\/wp-json\/wp\/v2\/media\/4566"}],"wp:attachment":[{"href":"https:\/\/www.sikortex.com\/pl\/wp-json\/wp\/v2\/media?parent=4568"}],"wp:term":[{"taxonomy":"product_brand","embeddable":true,"href":"https:\/\/www.sikortex.com\/pl\/wp-json\/wp\/v2\/product_brand?post=4568"},{"taxonomy":"product_cat","embeddable":true,"href":"https:\/\/www.sikortex.com\/pl\/wp-json\/wp\/v2\/product_cat?post=4568"},{"taxonomy":"product_tag","embeddable":true,"href":"https:\/\/www.sikortex.com\/pl\/wp-json\/wp\/v2\/product_tag?post=4568"}],"curies":[{"name":"wp","href":"https:\/\/api.w.org\/{rel}","templated":true}]}}