{"id":4561,"date":"2023-06-27T15:27:29","date_gmt":"2023-06-27T07:27:29","guid":{"rendered":"http:\/\/shihan.vihsu.com\/?post_type=product&#038;p=4561"},"modified":"2024-12-17T10:34:35","modified_gmt":"2024-12-17T02:34:35","slug":"nylon-15d-podwojna-nitka-siatka-ultra-lekka-tkanina","status":"publish","type":"product","link":"https:\/\/www.sikortex.com\/pl\/produkt\/nylon-15d-podwojna-nitka-siatka-ultra-lekka-tkanina\/","title":{"rendered":"Ultralekka tkanina z nylonu 15D z recyklingu z podw\u00f3jn\u0105 nitk\u0105"},"content":{"rendered":"<p>Nylonowa tkanina kratowa z podw\u00f3jn\u0105 lini\u0105<\/p>\n<p>Recyklingowany nylon 15D Double Thread Grid Ultra Light Fabric to rodzaj nylonowej tkaniny ripstop, kt\u00f3ra zosta\u0142a zaprojektowana z unikalnym wzorem podw\u00f3jnej siatki. Ten wz\u00f3r zapewnia jeszcze wi\u0119ksz\u0105 wytrzyma\u0142o\u015b\u0107 i trwa\u0142o\u015b\u0107 ni\u017c tradycyjny nylon ripstop, co czyni go idealnym wyborem nawet do najbardziej wymagaj\u0105cych zaj\u0119\u0107 na \u015bwie\u017cym powietrzu.<\/p>\n<p>Nylonowa tkanina w krat\u0119 z podw\u00f3jn\u0105 lini\u0105 jest r\u00f3wnie\u017c lekka i oddychaj\u0105ca, dzi\u0119ki czemu jest wygodna w noszeniu nawet w gor\u0105cych i wilgotnych warunkach. Jest szybkoschn\u0105cy i wodoodporny, dzi\u0119ki czemu zapewnia sucho\u015b\u0107 i wygod\u0119 podczas niespodziewanych opad\u00f3w deszczu.<\/p>\n<p>Og\u00f3lnie rzecz bior\u0105c, nylonowa tkanina kratowa z podw\u00f3jn\u0105 lini\u0105 to idealny wyb\u00f3r dla ka\u017cdego, kto szuka trwa\u0142ego i wygodnego materia\u0142u na przygody na \u015bwie\u017cym powietrzu. Niezale\u017cnie od tego, czy jeste\u015b na kempingu, w\u0119dr\u00f3wce czy w\u0119dr\u00f3wce z plecakiem, ta tkanina zapewni Ci ochron\u0119 i wygod\u0119 bez wzgl\u0119du na wyzwania, jakie mo\u017cesz napotka\u0107.<\/p>\n<p>Opr\u00f3cz sprz\u0119tu i odzie\u017cy outdoorowej nylon ripstop jest r\u00f3wnie\u017c powszechnie u\u017cywany do produkcji spadochron\u00f3w, lotni, balon\u00f3w, parasoli, \u017cagli, latawc\u00f3w i flag ze wzgl\u0119du na swoj\u0105 wytrzyma\u0142o\u015b\u0107 i trwa\u0142o\u015b\u0107.<\/p>\n<p><span style=\"color: #3366ff;\"><a style=\"color: #3366ff;\" href=\"https:\/\/www.sikortex.com\/pl\/wyszukiwarka-tkanin\/\">WYSZUKIWARKA TKANINY<\/a><\/span><\/p>","protected":false},"excerpt":{"rendered":"<p>600 metr\u00f3w (min. zam\u00f3wienie)<\/p>","protected":false},"featured_media":4562,"comment_status":"closed","ping_status":"closed","template":"","meta":{"_uag_custom_page_level_css":"","site-sidebar-layout":"default","site-content-layout":"default","ast-site-content-layout":"","site-content-style":"default","site-sidebar-style":"default","ast-global-header-display":"","ast-banner-title-visibility":"","ast-main-header-display":"","ast-hfb-above-header-display":"","ast-hfb-below-header-display":"","ast-hfb-mobile-header-display":"","site-post-title":"","ast-breadcrumbs-content":"","ast-featured-img":"","footer-sml-layout":"","theme-transparent-header-meta":"default","adv-header-id-meta":"","stick-header-meta":"default","header-above-stick-meta":"","header-main-stick-meta":"","header-below-stick-meta":"","astra-migrate-meta-layouts":"default","ast-page-background-enabled":"default","ast-page-background-meta":{"desktop":{"background-color":"","background-image":"","background-repeat":"repeat","background-position":"center center","background-size":"auto","background-attachment":"scroll","background-type":"","background-media":"","overlay-type":"","overlay-color":"","overlay-opacity":"","overlay-gradient":""},"tablet":{"background-color":"","background-image":"","background-repeat":"repeat","background-position":"center center","background-size":"auto","background-attachment":"scroll","background-type":"","background-media":"","overlay-type":"","overlay-color":"","overlay-opacity":"","overlay-gradient":""},"mobile":{"background-color":"","background-image":"","background-repeat":"repeat","background-position":"center center","background-size":"auto","background-attachment":"scroll","background-type":"","background-media":"","overlay-type":"","overlay-color":"","overlay-opacity":"","overlay-gradient":""}},"ast-content-background-meta":{"desktop":{"background-color":"var(--ast-global-color-5)","background-image":"","background-repeat":"repeat","background-position":"center center","background-size":"auto","background-attachment":"scroll","background-type":"","background-media":"","overlay-type":"","overlay-color":"","overlay-opacity":"","overlay-gradient":""},"tablet":{"background-color":"var(--ast-global-color-5)","background-image":"","background-repeat":"repeat","background-position":"center center","background-size":"auto","background-attachment":"scroll","background-type":"","background-media":"","overlay-type":"","overlay-color":"","overlay-opacity":"","overlay-gradient":""},"mobile":{"background-color":"var(--ast-global-color-5)","background-image":"","background-repeat":"repeat","background-position":"center center","background-size":"auto","background-attachment":"scroll","background-type":"","background-media":"","overlay-type":"","overlay-color":"","overlay-opacity":"","overlay-gradient":""}}},"product_brand":[],"product_cat":[428,432,1145,404,433],"product_tag":[],"class_list":{"0":"post-4561","1":"product","2":"type-product","3":"status-publish","4":"has-post-thumbnail","6":"product_cat-fabric-for-outdoor-sports","7":"product_cat-fabric-for-tent","8":"product_cat-lightweight-fabric","9":"product_cat-nylon-fabrics","10":"product_cat-textile-for-industrial","11":"pa_available_colors-h-black","12":"desktop-align-left","13":"tablet-align-left","14":"mobile-align-left","15":"ast-product-gallery-layout-vertical-slider","16":"ast-product-tabs-layout-horizontal","18":"first","19":"instock","20":"shipping-taxable","21":"product-type-simple"},"uagb_featured_image_src":{"full":["https:\/\/www.sikortex.com\/wp-content\/uploads\/2023\/06\/9170235199_1058445396.jpg",1024,1024,false],"thumbnail":["https:\/\/www.sikortex.com\/wp-content\/uploads\/2023\/06\/9170235199_1058445396-150x150.jpg",150,150,true],"medium":["https:\/\/www.sikortex.com\/wp-content\/uploads\/2023\/06\/9170235199_1058445396-300x300.jpg",300,300,true],"medium_large":["https:\/\/www.sikortex.com\/wp-content\/uploads\/2023\/06\/9170235199_1058445396-768x768.jpg",768,768,true],"large":["https:\/\/www.sikortex.com\/wp-content\/uploads\/2023\/06\/9170235199_1058445396.jpg",1024,1024,false],"1536x1536":["https:\/\/www.sikortex.com\/wp-content\/uploads\/2023\/06\/9170235199_1058445396.jpg",1024,1024,false],"2048x2048":["https:\/\/www.sikortex.com\/wp-content\/uploads\/2023\/06\/9170235199_1058445396.jpg",1024,1024,false],"trp-custom-language-flag":["https:\/\/www.sikortex.com\/wp-content\/uploads\/2023\/06\/9170235199_1058445396.jpg",12,12,false],"woocommerce_thumbnail":["https:\/\/www.sikortex.com\/wp-content\/uploads\/2023\/06\/9170235199_1058445396-300x300.jpg",300,300,true],"woocommerce_single":["https:\/\/www.sikortex.com\/wp-content\/uploads\/2023\/06\/9170235199_1058445396-600x600.jpg",600,600,true],"woocommerce_gallery_thumbnail":["https:\/\/www.sikortex.com\/wp-content\/uploads\/2023\/06\/9170235199_1058445396-100x100.jpg",100,100,true]},"uagb_author_info":{"display_name":"Perry","author_link":"https:\/\/www.sikortex.com\/pl\/author\/"},"uagb_comment_info":0,"uagb_excerpt":"600 Meters(Min.Order)","_links":{"self":[{"href":"https:\/\/www.sikortex.com\/pl\/wp-json\/wp\/v2\/product\/4561","targetHints":{"allow":["GET"]}}],"collection":[{"href":"https:\/\/www.sikortex.com\/pl\/wp-json\/wp\/v2\/product"}],"about":[{"href":"https:\/\/www.sikortex.com\/pl\/wp-json\/wp\/v2\/types\/product"}],"replies":[{"embeddable":true,"href":"https:\/\/www.sikortex.com\/pl\/wp-json\/wp\/v2\/comments?post=4561"}],"wp:featuredmedia":[{"embeddable":true,"href":"https:\/\/www.sikortex.com\/pl\/wp-json\/wp\/v2\/media\/4562"}],"wp:attachment":[{"href":"https:\/\/www.sikortex.com\/pl\/wp-json\/wp\/v2\/media?parent=4561"}],"wp:term":[{"taxonomy":"product_brand","embeddable":true,"href":"https:\/\/www.sikortex.com\/pl\/wp-json\/wp\/v2\/product_brand?post=4561"},{"taxonomy":"product_cat","embeddable":true,"href":"https:\/\/www.sikortex.com\/pl\/wp-json\/wp\/v2\/product_cat?post=4561"},{"taxonomy":"product_tag","embeddable":true,"href":"https:\/\/www.sikortex.com\/pl\/wp-json\/wp\/v2\/product_tag?post=4561"}],"curies":[{"name":"wp","href":"https:\/\/api.w.org\/{rel}","templated":true}]}}