{"id":4476,"date":"2023-06-27T13:56:34","date_gmt":"2023-06-27T05:56:34","guid":{"rendered":"http:\/\/shihan.vihsu.com\/?post_type=product&#038;p=4476"},"modified":"2024-12-16T15:57:45","modified_gmt":"2024-12-16T07:57:45","slug":"ciezka-bawelniana-trudnopalna-tkanina","status":"publish","type":"product","link":"https:\/\/www.sikortex.com\/pl\/produkt\/ciezka-bawelniana-trudnopalna-tkanina\/","title":{"rendered":"Tkanina trudnopalna z grubej bawe\u0142ny"},"content":{"rendered":"<p>Wysokiej jako\u015bci tkanina trudnopalna o sko\u015bnym splocie bawe\u0142nianym, idealna na mundury robocze w przemy\u015ble naftowym, chemicznym, wydobywczym i mechanicznym. Przy gramaturze 420 g\/m2, kt\u00f3ra jest stosunkowo rzadk\u0105 grubo\u015bci\u0105, tkanina zapewnia niezr\u00f3wnan\u0105 trwa\u0142o\u015b\u0107 i wygod\u0119 dla profesjonalist\u00f3w w tych sektorach.<\/p>\n<p>Nasze tkaniny s\u0105 wykonane z najwy\u017cszej jako\u015bci bawe\u0142ny, kt\u00f3ra zapewnia przewiewno\u015b\u0107 i mi\u0119kko\u015b\u0107 w dotyku, zapewniaj\u0105c pracownikom wygod\u0119 podczas wymagaj\u0105cych zmian. Splot sko\u015bny dodaje wytrzyma\u0142o\u015bci, dzi\u0119ki czemu idealnie nadaje si\u0119 do trudnych warunk\u00f3w pracy.<\/p>\n<p>Nasze tkaniny spe\u0142niaj\u0105 standardy bran\u017cowe w zakresie doskona\u0142ej ochrony i swobody ruch\u00f3w. Niezale\u017cnie od tego, czy pracujesz w przemy\u015ble naftowym i gazowym, w kopalniach czy maszynach, nasza bawe\u0142niana tkanina diagonalna 100% zosta\u0142a zaprojektowana tak, aby wytrzyma\u0107 trudne warunki, zapewniaj\u0105c jednocze\u015bnie komfort przez ca\u0142y dzie\u0144.<\/p>\n<p><span style=\"color: #3366ff;\"><a style=\"color: #3366ff;\" href=\"https:\/\/www.sikortex.com\/pl\/wyszukiwarka-tkanin\/\">Wyszukiwarka tkanin<\/a><\/span><\/p>","protected":false},"excerpt":{"rendered":"<p>600 metr\u00f3w (min. zam\u00f3wienie)<\/p>","protected":false},"featured_media":4478,"comment_status":"closed","ping_status":"closed","template":"","meta":{"_uag_custom_page_level_css":"","site-sidebar-layout":"default","site-content-layout":"default","ast-site-content-layout":"","site-content-style":"default","site-sidebar-style":"default","ast-global-header-display":"","ast-banner-title-visibility":"","ast-main-header-display":"","ast-hfb-above-header-display":"","ast-hfb-below-header-display":"","ast-hfb-mobile-header-display":"","site-post-title":"","ast-breadcrumbs-content":"","ast-featured-img":"","footer-sml-layout":"","theme-transparent-header-meta":"default","adv-header-id-meta":"","stick-header-meta":"default","header-above-stick-meta":"","header-main-stick-meta":"","header-below-stick-meta":"","astra-migrate-meta-layouts":"default","ast-page-background-enabled":"default","ast-page-background-meta":{"desktop":{"background-color":"","background-image":"","background-repeat":"repeat","background-position":"center center","background-size":"auto","background-attachment":"scroll","background-type":"","background-media":"","overlay-type":"","overlay-color":"","overlay-opacity":"","overlay-gradient":""},"tablet":{"background-color":"","background-image":"","background-repeat":"repeat","background-position":"center center","background-size":"auto","background-attachment":"scroll","background-type":"","background-media":"","overlay-type":"","overlay-color":"","overlay-opacity":"","overlay-gradient":""},"mobile":{"background-color":"","background-image":"","background-repeat":"repeat","background-position":"center center","background-size":"auto","background-attachment":"scroll","background-type":"","background-media":"","overlay-type":"","overlay-color":"","overlay-opacity":"","overlay-gradient":""}},"ast-content-background-meta":{"desktop":{"background-color":"var(--ast-global-color-5)","background-image":"","background-repeat":"repeat","background-position":"center center","background-size":"auto","background-attachment":"scroll","background-type":"","background-media":"","overlay-type":"","overlay-color":"","overlay-opacity":"","overlay-gradient":""},"tablet":{"background-color":"var(--ast-global-color-5)","background-image":"","background-repeat":"repeat","background-position":"center center","background-size":"auto","background-attachment":"scroll","background-type":"","background-media":"","overlay-type":"","overlay-color":"","overlay-opacity":"","overlay-gradient":""},"mobile":{"background-color":"var(--ast-global-color-5)","background-image":"","background-repeat":"repeat","background-position":"center center","background-size":"auto","background-attachment":"scroll","background-type":"","background-media":"","overlay-type":"","overlay-color":"","overlay-opacity":"","overlay-gradient":""}}},"product_brand":[],"product_cat":[427,425],"product_tag":[],"class_list":{"0":"post-4476","1":"product","2":"type-product","3":"status-publish","4":"has-post-thumbnail","6":"product_cat-petroleum-and-petrochemical","7":"product_cat-security-emergencies-road-services","8":"pa_available_colors-911052-spc","9":"desktop-align-left","10":"tablet-align-left","11":"mobile-align-left","12":"ast-product-gallery-layout-vertical-slider","13":"ast-product-tabs-layout-horizontal","15":"first","16":"instock","17":"shipping-taxable","18":"product-type-simple"},"uagb_featured_image_src":{"full":["https:\/\/www.sikortex.com\/wp-content\/uploads\/2023\/06\/O1CN01OP5NJC27k1afY5HPp_2215440777834-0-cib.jpg",1024,1024,false],"thumbnail":["https:\/\/www.sikortex.com\/wp-content\/uploads\/2023\/06\/O1CN01OP5NJC27k1afY5HPp_2215440777834-0-cib-150x150.jpg",150,150,true],"medium":["https:\/\/www.sikortex.com\/wp-content\/uploads\/2023\/06\/O1CN01OP5NJC27k1afY5HPp_2215440777834-0-cib-300x300.jpg",300,300,true],"medium_large":["https:\/\/www.sikortex.com\/wp-content\/uploads\/2023\/06\/O1CN01OP5NJC27k1afY5HPp_2215440777834-0-cib-768x768.jpg",768,768,true],"large":["https:\/\/www.sikortex.com\/wp-content\/uploads\/2023\/06\/O1CN01OP5NJC27k1afY5HPp_2215440777834-0-cib.jpg",1024,1024,false],"1536x1536":["https:\/\/www.sikortex.com\/wp-content\/uploads\/2023\/06\/O1CN01OP5NJC27k1afY5HPp_2215440777834-0-cib.jpg",1024,1024,false],"2048x2048":["https:\/\/www.sikortex.com\/wp-content\/uploads\/2023\/06\/O1CN01OP5NJC27k1afY5HPp_2215440777834-0-cib.jpg",1024,1024,false],"trp-custom-language-flag":["https:\/\/www.sikortex.com\/wp-content\/uploads\/2023\/06\/O1CN01OP5NJC27k1afY5HPp_2215440777834-0-cib.jpg",12,12,false],"woocommerce_thumbnail":["https:\/\/www.sikortex.com\/wp-content\/uploads\/2023\/06\/O1CN01OP5NJC27k1afY5HPp_2215440777834-0-cib-300x300.jpg",300,300,true],"woocommerce_single":["https:\/\/www.sikortex.com\/wp-content\/uploads\/2023\/06\/O1CN01OP5NJC27k1afY5HPp_2215440777834-0-cib-600x600.jpg",600,600,true],"woocommerce_gallery_thumbnail":["https:\/\/www.sikortex.com\/wp-content\/uploads\/2023\/06\/O1CN01OP5NJC27k1afY5HPp_2215440777834-0-cib-100x100.jpg",100,100,true]},"uagb_author_info":{"display_name":"Perry","author_link":"https:\/\/www.sikortex.com\/pl\/author\/"},"uagb_comment_info":0,"uagb_excerpt":"600 Meters(Min.Order)","_links":{"self":[{"href":"https:\/\/www.sikortex.com\/pl\/wp-json\/wp\/v2\/product\/4476","targetHints":{"allow":["GET"]}}],"collection":[{"href":"https:\/\/www.sikortex.com\/pl\/wp-json\/wp\/v2\/product"}],"about":[{"href":"https:\/\/www.sikortex.com\/pl\/wp-json\/wp\/v2\/types\/product"}],"replies":[{"embeddable":true,"href":"https:\/\/www.sikortex.com\/pl\/wp-json\/wp\/v2\/comments?post=4476"}],"wp:featuredmedia":[{"embeddable":true,"href":"https:\/\/www.sikortex.com\/pl\/wp-json\/wp\/v2\/media\/4478"}],"wp:attachment":[{"href":"https:\/\/www.sikortex.com\/pl\/wp-json\/wp\/v2\/media?parent=4476"}],"wp:term":[{"taxonomy":"product_brand","embeddable":true,"href":"https:\/\/www.sikortex.com\/pl\/wp-json\/wp\/v2\/product_brand?post=4476"},{"taxonomy":"product_cat","embeddable":true,"href":"https:\/\/www.sikortex.com\/pl\/wp-json\/wp\/v2\/product_cat?post=4476"},{"taxonomy":"product_tag","embeddable":true,"href":"https:\/\/www.sikortex.com\/pl\/wp-json\/wp\/v2\/product_tag?post=4476"}],"curies":[{"name":"wp","href":"https:\/\/api.w.org\/{rel}","templated":true}]}}