{"id":4347,"date":"2023-06-26T17:16:07","date_gmt":"2023-06-26T09:16:07","guid":{"rendered":"http:\/\/shihan.vihsu.com\/?post_type=product&#038;p=4347"},"modified":"2025-08-18T14:04:52","modified_gmt":"2025-08-18T06:04:52","slug":"poliester-600d-szyfrowany-oxford","status":"publish","type":"product","link":"https:\/\/www.sikortex.com\/pl\/produkt\/poliester-600d-szyfrowany-oxford\/","title":{"rendered":"Tkanina Oxford z szyfrowanego poliestru 600D barwiona w roztworze"},"content":{"rendered":"<h5>SIKOR-TEX to wysokiej klasy producent tkanin z siedzib\u0105 w Chinach<\/h5>\n<p>Tkanina Oxford 600D z poliestru barwionego metod\u0105 rozpuszczania i laminowana TPU to wysokiej jako\u015bci materia\u0142, kt\u00f3ry doskonale nadaje si\u0119 do tworzenia trwa\u0142ych, <a href=\"https:\/\/www.sikortex.com\/pl\/wodoodporny-oddychajacy-material\/\"><span style=\"color: #3366ff;\">wodoodporny i oddychaj\u0105cy<\/span><\/a> odzie\u017c. Ta tkanina jest idealna do robienia <a href=\"https:\/\/www.sikortex.com\/pl\/tkanina-na-odziez-motoryzacyjna\/\"><span style=\"color: #3366ff;\">kurtki motocyklowe<\/span><\/a>, <a href=\"https:\/\/www.sikortex.com\/pl\/tkanina-wojskowa-ripstop\/\"><span style=\"color: #3366ff;\">mundury policyjne<\/span><\/a>, I <a href=\"https:\/\/www.sikortex.com\/pl\/czasopismo\/tkaniny-na-odziez-robocza\/\"><span style=\"color: #3366ff;\">odzie\u017c robocza na zewn\u0105trz<\/span><\/a>.<\/p>\n<p>Tkanina wykonana jest z wytrzyma\u0142ych w\u0142\u00f3kien poliestrowych, kt\u00f3re s\u0105 \u015bci\u015ble splecione ze sob\u0105, tworz\u0105c mocny i trwa\u0142y materia\u0142. Laminowanie TPU zapewnia dodatkow\u0105 warstw\u0119 ochrony przed wod\u0105, dzi\u0119ki czemu idealnie nadaje si\u0119 do stosowania w wilgotnym \u015brodowisku.<\/p>\n<p>Opr\u00f3cz trwa\u0142o\u015bci i wodoodporno\u015bci, Encrypted <a href=\"https:\/\/www.sikortex.com\/pl\/nylonowo-bawelniana-tkanina-ripstop-tkanina-wiatrowka-5\/\"><span style=\"color: #3366ff;\">Oksford<\/span><\/a> tkanina z laminacj\u0105 TPU jest r\u00f3wnie\u017c oddychaj\u0105ca. Dzi\u0119ki temu jest wygodna w noszeniu przez d\u0142u\u017cszy czas, nawet w ciep\u0142ych warunkach. Oddychalno\u015b\u0107 tkaniny pomaga r\u00f3wnie\u017c zapobiega\u0107 gromadzeniu si\u0119 wilgoci, co mo\u017ce by\u0107 nieprzyjemne i prowadzi\u0107 do podra\u017cnie\u0144 sk\u00f3ry.<\/p>","protected":false},"excerpt":{"rendered":"<p>800 metr\u00f3w (min. zam\u00f3wienie)<\/p>","protected":false},"featured_media":4349,"comment_status":"closed","ping_status":"closed","template":"","meta":{"_uag_custom_page_level_css":"","site-sidebar-layout":"default","site-content-layout":"default","ast-site-content-layout":"","site-content-style":"default","site-sidebar-style":"default","ast-global-header-display":"","ast-banner-title-visibility":"","ast-main-header-display":"","ast-hfb-above-header-display":"","ast-hfb-below-header-display":"","ast-hfb-mobile-header-display":"","site-post-title":"","ast-breadcrumbs-content":"","ast-featured-img":"","footer-sml-layout":"","theme-transparent-header-meta":"default","adv-header-id-meta":"","stick-header-meta":"default","header-above-stick-meta":"","header-main-stick-meta":"","header-below-stick-meta":"","astra-migrate-meta-layouts":"default","ast-page-background-enabled":"default","ast-page-background-meta":{"desktop":{"background-color":"","background-image":"","background-repeat":"repeat","background-position":"center center","background-size":"auto","background-attachment":"scroll","background-type":"","background-media":"","overlay-type":"","overlay-color":"","overlay-opacity":"","overlay-gradient":""},"tablet":{"background-color":"","background-image":"","background-repeat":"repeat","background-position":"center center","background-size":"auto","background-attachment":"scroll","background-type":"","background-media":"","overlay-type":"","overlay-color":"","overlay-opacity":"","overlay-gradient":""},"mobile":{"background-color":"","background-image":"","background-repeat":"repeat","background-position":"center center","background-size":"auto","background-attachment":"scroll","background-type":"","background-media":"","overlay-type":"","overlay-color":"","overlay-opacity":"","overlay-gradient":""}},"ast-content-background-meta":{"desktop":{"background-color":"var(--ast-global-color-5)","background-image":"","background-repeat":"repeat","background-position":"center center","background-size":"auto","background-attachment":"scroll","background-type":"","background-media":"","overlay-type":"","overlay-color":"","overlay-opacity":"","overlay-gradient":""},"tablet":{"background-color":"var(--ast-global-color-5)","background-image":"","background-repeat":"repeat","background-position":"center center","background-size":"auto","background-attachment":"scroll","background-type":"","background-media":"","overlay-type":"","overlay-color":"","overlay-opacity":"","overlay-gradient":""},"mobile":{"background-color":"var(--ast-global-color-5)","background-image":"","background-repeat":"repeat","background-position":"center center","background-size":"auto","background-attachment":"scroll","background-type":"","background-media":"","overlay-type":"","overlay-color":"","overlay-opacity":"","overlay-gradient":""}}},"product_brand":[],"product_cat":[1126,1206,432,1218,1184,403,1185,433,1697,414],"product_tag":[],"class_list":{"0":"post-4347","1":"product","2":"type-product","3":"status-publish","4":"has-post-thumbnail","6":"product_cat-fabric-for-awning","7":"product_cat-fabric-for-bag","8":"product_cat-fabric-for-tent","9":"product_cat-marine-fabrics","10":"product_cat-oxford-fabric","11":"product_cat-polyester-fabrics","12":"product_cat-solution-dyed-polyester-fabrics","13":"product_cat-textile-for-industrial","14":"product_cat-uv-protection-fabric","15":"product_cat-waterproof-fabrics","16":"pa_available_colors-911052-spc","17":"desktop-align-left","18":"tablet-align-left","19":"mobile-align-left","20":"ast-product-gallery-layout-vertical-slider","21":"ast-product-tabs-layout-horizontal","23":"first","24":"instock","25":"shipping-taxable","26":"product-type-simple"},"uagb_featured_image_src":{"full":["https:\/\/www.sikortex.com\/wp-content\/uploads\/2023\/06\/O1CN01XYQMrO1zLHFkmoRgf_956506697-0-cib.jpg",1024,1024,false],"thumbnail":["https:\/\/www.sikortex.com\/wp-content\/uploads\/2023\/06\/O1CN01XYQMrO1zLHFkmoRgf_956506697-0-cib-150x150.jpg",150,150,true],"medium":["https:\/\/www.sikortex.com\/wp-content\/uploads\/2023\/06\/O1CN01XYQMrO1zLHFkmoRgf_956506697-0-cib-300x300.jpg",300,300,true],"medium_large":["https:\/\/www.sikortex.com\/wp-content\/uploads\/2023\/06\/O1CN01XYQMrO1zLHFkmoRgf_956506697-0-cib-768x768.jpg",768,768,true],"large":["https:\/\/www.sikortex.com\/wp-content\/uploads\/2023\/06\/O1CN01XYQMrO1zLHFkmoRgf_956506697-0-cib.jpg",1024,1024,false],"1536x1536":["https:\/\/www.sikortex.com\/wp-content\/uploads\/2023\/06\/O1CN01XYQMrO1zLHFkmoRgf_956506697-0-cib.jpg",1024,1024,false],"2048x2048":["https:\/\/www.sikortex.com\/wp-content\/uploads\/2023\/06\/O1CN01XYQMrO1zLHFkmoRgf_956506697-0-cib.jpg",1024,1024,false],"trp-custom-language-flag":["https:\/\/www.sikortex.com\/wp-content\/uploads\/2023\/06\/O1CN01XYQMrO1zLHFkmoRgf_956506697-0-cib.jpg",12,12,false],"woocommerce_thumbnail":["https:\/\/www.sikortex.com\/wp-content\/uploads\/2023\/06\/O1CN01XYQMrO1zLHFkmoRgf_956506697-0-cib-300x300.jpg",300,300,true],"woocommerce_single":["https:\/\/www.sikortex.com\/wp-content\/uploads\/2023\/06\/O1CN01XYQMrO1zLHFkmoRgf_956506697-0-cib-600x600.jpg",600,600,true],"woocommerce_gallery_thumbnail":["https:\/\/www.sikortex.com\/wp-content\/uploads\/2023\/06\/O1CN01XYQMrO1zLHFkmoRgf_956506697-0-cib-100x100.jpg",100,100,true]},"uagb_author_info":{"display_name":"Perry","author_link":"https:\/\/www.sikortex.com\/pl\/author\/"},"uagb_comment_info":0,"uagb_excerpt":"800 Meters(Min.Order)","_links":{"self":[{"href":"https:\/\/www.sikortex.com\/pl\/wp-json\/wp\/v2\/product\/4347","targetHints":{"allow":["GET"]}}],"collection":[{"href":"https:\/\/www.sikortex.com\/pl\/wp-json\/wp\/v2\/product"}],"about":[{"href":"https:\/\/www.sikortex.com\/pl\/wp-json\/wp\/v2\/types\/product"}],"replies":[{"embeddable":true,"href":"https:\/\/www.sikortex.com\/pl\/wp-json\/wp\/v2\/comments?post=4347"}],"wp:featuredmedia":[{"embeddable":true,"href":"https:\/\/www.sikortex.com\/pl\/wp-json\/wp\/v2\/media\/4349"}],"wp:attachment":[{"href":"https:\/\/www.sikortex.com\/pl\/wp-json\/wp\/v2\/media?parent=4347"}],"wp:term":[{"taxonomy":"product_brand","embeddable":true,"href":"https:\/\/www.sikortex.com\/pl\/wp-json\/wp\/v2\/product_brand?post=4347"},{"taxonomy":"product_cat","embeddable":true,"href":"https:\/\/www.sikortex.com\/pl\/wp-json\/wp\/v2\/product_cat?post=4347"},{"taxonomy":"product_tag","embeddable":true,"href":"https:\/\/www.sikortex.com\/pl\/wp-json\/wp\/v2\/product_tag?post=4347"}],"curies":[{"name":"wp","href":"https:\/\/api.w.org\/{rel}","templated":true}]}}