{"id":4321,"date":"2023-06-26T17:06:48","date_gmt":"2023-06-26T09:06:48","guid":{"rendered":"http:\/\/shihan.vihsu.com\/?post_type=product&#038;p=4321"},"modified":"2025-01-09T10:59:53","modified_gmt":"2025-01-09T02:59:53","slug":"tkanina-40d-nylon-6-6-cavalry-twill","status":"publish","type":"product","link":"https:\/\/www.sikortex.com\/pl\/produkt\/tkanina-40d-nylon-6-6-cavalry-twill\/","title":{"rendered":"Tkanina Cavalry Twill 40D Nylon 66 Tkanina Ripstop"},"content":{"rendered":"<p><a href=\"https:\/\/www.sikortex.com\/pl\/profil-firmy\/\"><span style=\"color: #3366ff;\">SIKOR-TEX<\/span><\/a> Tkanina kawaleryjska 40D <a href=\"https:\/\/www.sikortex.com\/pl\/producent-tkanin-nylonowych\/\"><span style=\"color: #3366ff;\">Nylon<\/span><\/a> 66 Tkanina <a href=\"https:\/\/www.sikortex.com\/pl\/2024\/09\/05\/dostawca-tkanin-ripstop-material-ripstop\/\"><span style=\"color: #3366ff;\">Ripstop<\/span><\/a> Tkanina \u2013 materia\u0142 o wysokiej wytrzyma\u0142o\u015bci i trwa\u0142o\u015bci, idealny na kurtki, spodnie, kurtki puchowe i ocieplane. Inny ni\u017c zwyk\u0142e <a href=\"https:\/\/www.sikortex.com\/pl\/producent-tkanin-nylonowych\/\"><span style=\"color: #3366ff;\">nylon<\/span><\/a> w\u0142\u00f3kna, w\u0105tek prz\u0119dzy trwa\u0142y <a href=\"https:\/\/www.sikortex.com\/pl\/producent-tkanin-nylonowych\/\"><span style=\"color: #3366ff;\">nylon<\/span><\/a> 66 w\u0142\u00f3kien w tej tkaninie to w\u0142\u00f3kna o wysokiej elastyczno\u015bci, wi\u0119c ta tkanina jest tkanin\u0105 elastyczn\u0105 o w\u0105tku, elastyczno\u015b\u0107 jest zbli\u017cona do tkaniny spandex, a elastyczno\u015b\u0107 jest bardzo trwa\u0142a. Jej unikalny splot sko\u015bny kawalerii dodaje wizualnego zainteresowania i faktury, a tak\u017ce zapewnia doskona\u0142\u0105 odporno\u015b\u0107 na \u015bcieranie i rozdarcie. Dzi\u0119ki temu idealnie nadaje si\u0119 do aktywno\u015bci na \u015bwie\u017cym powietrzu i codziennego noszenia.<br \/>\nLekkie tkaniny odporne na \u015bcieranie i trwa\u0142o\u015b\u0107 zapewniaj\u0105, \u017ce wytrzymaj\u0105 trudy u\u017cytkowania na zewn\u0105trz, co czyni je solidnym wyborem dla tych, kt\u00f3rzy lubi\u0105 sp\u0119dza\u0107 czas na \u0142onie natury. Dzi\u0119ki wszechstronnemu zastosowaniu i wysokiej wydajno\u015bci, <a href=\"https:\/\/www.sikortex.com\/pl\/profil-firmy\/\"><span style=\"color: #3366ff;\">SIKOR-TEX<\/span><\/a> Szczup\u0142y <a href=\"https:\/\/www.sikortex.com\/pl\/producent-tkanin-nylonowych\/\"><span style=\"color: #3366ff;\">Nylon<\/span><\/a> 6.6 Seria rozci\u0105gania <a href=\"https:\/\/www.sikortex.com\/pl\/2024\/09\/05\/dostawca-tkanin-ripstop-material-ripstop\/\"><span style=\"color: #3366ff;\">Ripstop<\/span><\/a> Tkaniny s\u0105 niezb\u0119dne dla ka\u017cdego, kto szuka trwa\u0142ego i niezawodnego materia\u0142u do swojego kolejnego projektu.<\/p>","protected":false},"excerpt":{"rendered":"<p>1200 metr\u00f3w (min. zam\u00f3wienie)<\/p>","protected":false},"featured_media":4323,"comment_status":"closed","ping_status":"closed","template":"","meta":{"_uag_custom_page_level_css":"","site-sidebar-layout":"default","site-content-layout":"default","ast-site-content-layout":"","site-content-style":"default","site-sidebar-style":"default","ast-global-header-display":"","ast-banner-title-visibility":"","ast-main-header-display":"","ast-hfb-above-header-display":"","ast-hfb-below-header-display":"","ast-hfb-mobile-header-display":"","site-post-title":"","ast-breadcrumbs-content":"","ast-featured-img":"","footer-sml-layout":"","theme-transparent-header-meta":"default","adv-header-id-meta":"","stick-header-meta":"default","header-above-stick-meta":"","header-main-stick-meta":"","header-below-stick-meta":"","astra-migrate-meta-layouts":"default","ast-page-background-enabled":"default","ast-page-background-meta":{"desktop":{"background-color":"","background-image":"","background-repeat":"repeat","background-position":"center center","background-size":"auto","background-attachment":"scroll","background-type":"","background-media":"","overlay-type":"","overlay-color":"","overlay-opacity":"","overlay-gradient":""},"tablet":{"background-color":"","background-image":"","background-repeat":"repeat","background-position":"center center","background-size":"auto","background-attachment":"scroll","background-type":"","background-media":"","overlay-type":"","overlay-color":"","overlay-opacity":"","overlay-gradient":""},"mobile":{"background-color":"","background-image":"","background-repeat":"repeat","background-position":"center center","background-size":"auto","background-attachment":"scroll","background-type":"","background-media":"","overlay-type":"","overlay-color":"","overlay-opacity":"","overlay-gradient":""}},"ast-content-background-meta":{"desktop":{"background-color":"var(--ast-global-color-5)","background-image":"","background-repeat":"repeat","background-position":"center center","background-size":"auto","background-attachment":"scroll","background-type":"","background-media":"","overlay-type":"","overlay-color":"","overlay-opacity":"","overlay-gradient":""},"tablet":{"background-color":"var(--ast-global-color-5)","background-image":"","background-repeat":"repeat","background-position":"center center","background-size":"auto","background-attachment":"scroll","background-type":"","background-media":"","overlay-type":"","overlay-color":"","overlay-opacity":"","overlay-gradient":""},"mobile":{"background-color":"var(--ast-global-color-5)","background-image":"","background-repeat":"repeat","background-position":"center center","background-size":"auto","background-attachment":"scroll","background-type":"","background-media":"","overlay-type":"","overlay-color":"","overlay-opacity":"","overlay-gradient":""}}},"product_brand":[],"product_cat":[431,428,1145,404],"product_tag":[],"class_list":{"0":"post-4321","1":"product","2":"type-product","3":"status-publish","4":"has-post-thumbnail","6":"product_cat-fabric-for-commuting-clothing","7":"product_cat-fabric-for-outdoor-sports","8":"product_cat-lightweight-fabric","9":"product_cat-nylon-fabrics","10":"pa_available_colors-911052-spc","11":"desktop-align-left","12":"tablet-align-left","13":"mobile-align-left","14":"ast-product-gallery-layout-vertical-slider","15":"ast-product-tabs-layout-horizontal","17":"first","18":"instock","19":"shipping-taxable","20":"product-type-simple"},"uagb_featured_image_src":{"full":["https:\/\/www.sikortex.com\/wp-content\/uploads\/2023\/06\/O1CN01NLIW1K281QbPIRC4T_2819757872-0-cib.jpg",1024,1024,false],"thumbnail":["https:\/\/www.sikortex.com\/wp-content\/uploads\/2023\/06\/O1CN01NLIW1K281QbPIRC4T_2819757872-0-cib-150x150.jpg",150,150,true],"medium":["https:\/\/www.sikortex.com\/wp-content\/uploads\/2023\/06\/O1CN01NLIW1K281QbPIRC4T_2819757872-0-cib-300x300.jpg",300,300,true],"medium_large":["https:\/\/www.sikortex.com\/wp-content\/uploads\/2023\/06\/O1CN01NLIW1K281QbPIRC4T_2819757872-0-cib-768x768.jpg",768,768,true],"large":["https:\/\/www.sikortex.com\/wp-content\/uploads\/2023\/06\/O1CN01NLIW1K281QbPIRC4T_2819757872-0-cib.jpg",1024,1024,false],"1536x1536":["https:\/\/www.sikortex.com\/wp-content\/uploads\/2023\/06\/O1CN01NLIW1K281QbPIRC4T_2819757872-0-cib.jpg",1024,1024,false],"2048x2048":["https:\/\/www.sikortex.com\/wp-content\/uploads\/2023\/06\/O1CN01NLIW1K281QbPIRC4T_2819757872-0-cib.jpg",1024,1024,false],"trp-custom-language-flag":["https:\/\/www.sikortex.com\/wp-content\/uploads\/2023\/06\/O1CN01NLIW1K281QbPIRC4T_2819757872-0-cib.jpg",12,12,false],"woocommerce_thumbnail":["https:\/\/www.sikortex.com\/wp-content\/uploads\/2023\/06\/O1CN01NLIW1K281QbPIRC4T_2819757872-0-cib-300x300.jpg",300,300,true],"woocommerce_single":["https:\/\/www.sikortex.com\/wp-content\/uploads\/2023\/06\/O1CN01NLIW1K281QbPIRC4T_2819757872-0-cib-600x600.jpg",600,600,true],"woocommerce_gallery_thumbnail":["https:\/\/www.sikortex.com\/wp-content\/uploads\/2023\/06\/O1CN01NLIW1K281QbPIRC4T_2819757872-0-cib-100x100.jpg",100,100,true]},"uagb_author_info":{"display_name":"Perry","author_link":"https:\/\/www.sikortex.com\/pl\/author\/"},"uagb_comment_info":0,"uagb_excerpt":"1200 Meters(Min.Order)","_links":{"self":[{"href":"https:\/\/www.sikortex.com\/pl\/wp-json\/wp\/v2\/product\/4321","targetHints":{"allow":["GET"]}}],"collection":[{"href":"https:\/\/www.sikortex.com\/pl\/wp-json\/wp\/v2\/product"}],"about":[{"href":"https:\/\/www.sikortex.com\/pl\/wp-json\/wp\/v2\/types\/product"}],"replies":[{"embeddable":true,"href":"https:\/\/www.sikortex.com\/pl\/wp-json\/wp\/v2\/comments?post=4321"}],"wp:featuredmedia":[{"embeddable":true,"href":"https:\/\/www.sikortex.com\/pl\/wp-json\/wp\/v2\/media\/4323"}],"wp:attachment":[{"href":"https:\/\/www.sikortex.com\/pl\/wp-json\/wp\/v2\/media?parent=4321"}],"wp:term":[{"taxonomy":"product_brand","embeddable":true,"href":"https:\/\/www.sikortex.com\/pl\/wp-json\/wp\/v2\/product_brand?post=4321"},{"taxonomy":"product_cat","embeddable":true,"href":"https:\/\/www.sikortex.com\/pl\/wp-json\/wp\/v2\/product_cat?post=4321"},{"taxonomy":"product_tag","embeddable":true,"href":"https:\/\/www.sikortex.com\/pl\/wp-json\/wp\/v2\/product_tag?post=4321"}],"curies":[{"name":"wp","href":"https:\/\/api.w.org\/{rel}","templated":true}]}}