{"id":4314,"date":"2023-06-26T17:00:55","date_gmt":"2023-06-26T09:00:55","guid":{"rendered":"http:\/\/shihan.vihsu.com\/?post_type=product&#038;p=4314"},"modified":"2023-10-20T13:28:45","modified_gmt":"2023-10-20T05:28:45","slug":"nylon-spandex-30d-tkanina-rozciagliwa-w-4-kierunkach","status":"publish","type":"product","link":"https:\/\/www.sikortex.com\/pl\/produkt\/nylon-spandex-30d-tkanina-rozciagliwa-w-4-kierunkach\/","title":{"rendered":"Nylon Spandex 30D rozci\u0105gliwy w 4 kierunkach materia\u0142"},"content":{"rendered":"<p>Nylon Spandex 30D, rozci\u0105gliwy w 4 kierunkach, to wysokiej jako\u015bci materia\u0142, kt\u00f3ry idealnie nadaje si\u0119 do produkcji kurtek, spodni, odzie\u017cy wy\u015bcie\u0142anej i kurtek puchowych. Posiada szereg cech, kt\u00f3re czyni\u0105 go idealnym wyborem do odzie\u017cy aktywnej na \u015bwie\u017cym powietrzu. Tkanina jest bardzo elastyczna, wodoodporna, oddychaj\u0105ca, ultracienka, g\u0142adka i trwa\u0142a.<br \/>\nMo\u017ce by\u0107 laminowany TPU lub innymi materia\u0142ami w celu rozszerzenia zastosowa\u0144 tkaniny. Tkanina ta nadaje si\u0119 do r\u00f3\u017cnorodnych aktywno\u015bci na \u015bwie\u017cym powietrzu, takich jak jazda na nartach, piesze w\u0119dr\u00f3wki i wspinaczka g\u00f3rska. Doskona\u0142a elastyczno\u015b\u0107 i trwa\u0142o\u015b\u0107 sprawiaj\u0105, \u017ce idealnie nadaje si\u0119 do odzie\u017cy sportowej, kt\u00f3ra wymaga elastyczno\u015bci i ochrony przed \u017cywio\u0142ami. Wodoodporne i oddychaj\u0105ce w\u0142a\u015bciwo\u015bci materia\u0142u zapewniaj\u0105 sucho\u015b\u0107 cia\u0142a i wygod\u0119 podczas intensywnych \u0107wicze\u0144. Ultra cienka i g\u0142adka faktura materia\u0142u zapewnia wygod\u0119 i g\u0142adko\u015b\u0107 noszenia. Nylonowa tkanina rozci\u0105gliwa w czterech kierunkach SIKOR-TEX to idealny wyb\u00f3r dla tych, kt\u00f3rzy oczekuj\u0105 od swojej odzie\u017cy sportowej wysokiej jako\u015bci wykonania.<\/p>","protected":false},"excerpt":{"rendered":"<p>1200 metr\u00f3w (min. zam\u00f3wienie)<\/p>","protected":false},"featured_media":4315,"comment_status":"closed","ping_status":"closed","template":"","meta":{"_uag_custom_page_level_css":"","site-sidebar-layout":"default","site-content-layout":"default","ast-site-content-layout":"","site-content-style":"default","site-sidebar-style":"default","ast-global-header-display":"","ast-banner-title-visibility":"","ast-main-header-display":"","ast-hfb-above-header-display":"","ast-hfb-below-header-display":"","ast-hfb-mobile-header-display":"","site-post-title":"","ast-breadcrumbs-content":"","ast-featured-img":"","footer-sml-layout":"","theme-transparent-header-meta":"default","adv-header-id-meta":"","stick-header-meta":"default","header-above-stick-meta":"","header-main-stick-meta":"","header-below-stick-meta":"","astra-migrate-meta-layouts":"default","ast-page-background-enabled":"default","ast-page-background-meta":{"desktop":{"background-color":"","background-image":"","background-repeat":"repeat","background-position":"center center","background-size":"auto","background-attachment":"scroll","background-type":"","background-media":"","overlay-type":"","overlay-color":"","overlay-opacity":"","overlay-gradient":""},"tablet":{"background-color":"","background-image":"","background-repeat":"repeat","background-position":"center center","background-size":"auto","background-attachment":"scroll","background-type":"","background-media":"","overlay-type":"","overlay-color":"","overlay-opacity":"","overlay-gradient":""},"mobile":{"background-color":"","background-image":"","background-repeat":"repeat","background-position":"center center","background-size":"auto","background-attachment":"scroll","background-type":"","background-media":"","overlay-type":"","overlay-color":"","overlay-opacity":"","overlay-gradient":""}},"ast-content-background-meta":{"desktop":{"background-color":"var(--ast-global-color-5)","background-image":"","background-repeat":"repeat","background-position":"center center","background-size":"auto","background-attachment":"scroll","background-type":"","background-media":"","overlay-type":"","overlay-color":"","overlay-opacity":"","overlay-gradient":""},"tablet":{"background-color":"var(--ast-global-color-5)","background-image":"","background-repeat":"repeat","background-position":"center center","background-size":"auto","background-attachment":"scroll","background-type":"","background-media":"","overlay-type":"","overlay-color":"","overlay-opacity":"","overlay-gradient":""},"mobile":{"background-color":"var(--ast-global-color-5)","background-image":"","background-repeat":"repeat","background-position":"center center","background-size":"auto","background-attachment":"scroll","background-type":"","background-media":"","overlay-type":"","overlay-color":"","overlay-opacity":"","overlay-gradient":""}}},"product_brand":[],"product_cat":[431,428,429,1145,404,420],"product_tag":[],"class_list":{"0":"post-4314","1":"product","2":"type-product","3":"status-publish","4":"has-post-thumbnail","6":"product_cat-fabric-for-commuting-clothing","7":"product_cat-fabric-for-outdoor-sports","8":"product_cat-fabric-for-sportswear","9":"product_cat-lightweight-fabric","10":"product_cat-nylon-fabrics","11":"product_cat-stretch-fabrics","12":"pa_available_colors-911052-spc","13":"desktop-align-left","14":"tablet-align-left","15":"mobile-align-left","16":"ast-product-gallery-layout-vertical-slider","17":"ast-product-tabs-layout-horizontal","19":"first","20":"instock","21":"shipping-taxable","22":"product-type-simple"},"uagb_featured_image_src":{"full":["https:\/\/www.sikortex.com\/wp-content\/uploads\/2023\/06\/O1CN01U7TvOQ1pn54HYuhRL_2212853605404-0-cib.jpg",1024,1024,false],"thumbnail":["https:\/\/www.sikortex.com\/wp-content\/uploads\/2023\/06\/O1CN01U7TvOQ1pn54HYuhRL_2212853605404-0-cib-150x150.jpg",150,150,true],"medium":["https:\/\/www.sikortex.com\/wp-content\/uploads\/2023\/06\/O1CN01U7TvOQ1pn54HYuhRL_2212853605404-0-cib-300x300.jpg",300,300,true],"medium_large":["https:\/\/www.sikortex.com\/wp-content\/uploads\/2023\/06\/O1CN01U7TvOQ1pn54HYuhRL_2212853605404-0-cib-768x768.jpg",768,768,true],"large":["https:\/\/www.sikortex.com\/wp-content\/uploads\/2023\/06\/O1CN01U7TvOQ1pn54HYuhRL_2212853605404-0-cib.jpg",1024,1024,false],"1536x1536":["https:\/\/www.sikortex.com\/wp-content\/uploads\/2023\/06\/O1CN01U7TvOQ1pn54HYuhRL_2212853605404-0-cib.jpg",1024,1024,false],"2048x2048":["https:\/\/www.sikortex.com\/wp-content\/uploads\/2023\/06\/O1CN01U7TvOQ1pn54HYuhRL_2212853605404-0-cib.jpg",1024,1024,false],"trp-custom-language-flag":["https:\/\/www.sikortex.com\/wp-content\/uploads\/2023\/06\/O1CN01U7TvOQ1pn54HYuhRL_2212853605404-0-cib.jpg",12,12,false],"woocommerce_thumbnail":["https:\/\/www.sikortex.com\/wp-content\/uploads\/2023\/06\/O1CN01U7TvOQ1pn54HYuhRL_2212853605404-0-cib-300x300.jpg",300,300,true],"woocommerce_single":["https:\/\/www.sikortex.com\/wp-content\/uploads\/2023\/06\/O1CN01U7TvOQ1pn54HYuhRL_2212853605404-0-cib-600x600.jpg",600,600,true],"woocommerce_gallery_thumbnail":["https:\/\/www.sikortex.com\/wp-content\/uploads\/2023\/06\/O1CN01U7TvOQ1pn54HYuhRL_2212853605404-0-cib-100x100.jpg",100,100,true]},"uagb_author_info":{"display_name":"Perry","author_link":"https:\/\/www.sikortex.com\/pl\/author\/"},"uagb_comment_info":0,"uagb_excerpt":"1200 Meters(Min.Order)","_links":{"self":[{"href":"https:\/\/www.sikortex.com\/pl\/wp-json\/wp\/v2\/product\/4314","targetHints":{"allow":["GET"]}}],"collection":[{"href":"https:\/\/www.sikortex.com\/pl\/wp-json\/wp\/v2\/product"}],"about":[{"href":"https:\/\/www.sikortex.com\/pl\/wp-json\/wp\/v2\/types\/product"}],"replies":[{"embeddable":true,"href":"https:\/\/www.sikortex.com\/pl\/wp-json\/wp\/v2\/comments?post=4314"}],"wp:featuredmedia":[{"embeddable":true,"href":"https:\/\/www.sikortex.com\/pl\/wp-json\/wp\/v2\/media\/4315"}],"wp:attachment":[{"href":"https:\/\/www.sikortex.com\/pl\/wp-json\/wp\/v2\/media?parent=4314"}],"wp:term":[{"taxonomy":"product_brand","embeddable":true,"href":"https:\/\/www.sikortex.com\/pl\/wp-json\/wp\/v2\/product_brand?post=4314"},{"taxonomy":"product_cat","embeddable":true,"href":"https:\/\/www.sikortex.com\/pl\/wp-json\/wp\/v2\/product_cat?post=4314"},{"taxonomy":"product_tag","embeddable":true,"href":"https:\/\/www.sikortex.com\/pl\/wp-json\/wp\/v2\/product_tag?post=4314"}],"curies":[{"name":"wp","href":"https:\/\/api.w.org\/{rel}","templated":true}]}}