{"id":4308,"date":"2023-06-26T16:47:44","date_gmt":"2023-06-26T08:47:44","guid":{"rendered":"http:\/\/shihan.vihsu.com\/?post_type=product&#038;p=4308"},"modified":"2025-01-18T14:13:08","modified_gmt":"2025-01-18T06:13:08","slug":"bardzo-elastyczna-tkanina-40d-nylon-66","status":"publish","type":"product","link":"https:\/\/www.sikortex.com\/pl\/produkt\/bardzo-elastyczna-tkanina-40d-nylon-66\/","title":{"rendered":"Super elastyczny materia\u0142 40D Nylon 66"},"content":{"rendered":"<p><a href=\"https:\/\/www.sikortex.com\/pl\/profil-firmy\/\"><span style=\"color: #3366ff;\">SIKOR-TEX<\/span><\/a> 40D <a href=\"https:\/\/www.sikortex.com\/pl\/producent-tkanin-nylonowych\/\"><span style=\"color: #3366ff;\">Nylon<\/span><\/a> 66 Cavalry Twill \u2013 bardzo wytrzyma\u0142y i trwa\u0142y materia\u0142 idealny na kurtki, spodnie, kurtki puchowe i ocieplane. Inny ni\u017c zwyk\u0142e <a href=\"https:\/\/www.sikortex.com\/pl\/producent-tkanin-nylonowych\/\"><span style=\"color: #3366ff;\">nylon<\/span><\/a> w\u0142\u00f3kna, prz\u0119dza w\u0105tkowa <a href=\"https:\/\/www.sikortex.com\/pl\/producent-tkanin-nylonowych\/\"><span style=\"color: #3366ff;\">nylon<\/span><\/a> 66 w\u0142\u00f3kien w tej tkaninie to w\u0142\u00f3kna o wysokiej elastyczno\u015bci, wi\u0119c ta tkanina jest tkanin\u0105 elastyczn\u0105 o w\u0105tku, elastyczno\u015b\u0107 jest zbli\u017cona do tkaniny spandex, a elastyczno\u015b\u0107 jest bardzo trwa\u0142a. Jej unikalny splot sko\u015bny kawalerii dodaje wizualnego zainteresowania i faktury, a tak\u017ce zapewnia doskona\u0142e \u015bcieranie i <a href=\"\/pl\/dostawca-tkanin-ripstop\/\"><span style=\"color: #3366ff;\">odporno\u015b\u0107 na rozdarcie<\/span><\/a>Dzi\u0119ki temu idealnie nadaje si\u0119 do aktywno\u015bci na \u015bwie\u017cym powietrzu i noszenia na co dzie\u0144.<br \/>\nWysoka wytrzyma\u0142o\u015b\u0107 i trwa\u0142o\u015b\u0107 tkaniny zapewniaj\u0105, \u017ce wytrzyma ona trudy u\u017cytkowania na zewn\u0105trz, co czyni j\u0105 solidnym wyborem dla os\u00f3b lubi\u0105cych sp\u0119dza\u0107 czas na \u0142onie natury. Dzi\u0119ki wszechstronnemu zastosowaniu i wysokiej wydajno\u015bci, <a href=\"https:\/\/www.sikortex.com\/pl\/profil-firmy\/\"><span style=\"color: #3366ff;\">SIKOR-TEX<\/span><\/a> Szczup\u0142y <a href=\"https:\/\/www.sikortex.com\/pl\/producent-tkanin-nylonowych\/\"><span style=\"color: #3366ff;\">Nylon<\/span><\/a> Tkaniny rozci\u0105gliwe serii 6.6 to produkt niezb\u0119dny dla ka\u017cdego, kto poszukuje trwa\u0142ego i niezawodnego materia\u0142u do swojego kolejnego projektu.<\/p>","protected":false},"excerpt":{"rendered":"<p>600 metr\u00f3w (min. zam\u00f3wienie)<\/p>","protected":false},"featured_media":4310,"comment_status":"closed","ping_status":"closed","template":"","meta":{"_uag_custom_page_level_css":"","site-sidebar-layout":"default","site-content-layout":"default","ast-site-content-layout":"","site-content-style":"default","site-sidebar-style":"default","ast-global-header-display":"","ast-banner-title-visibility":"","ast-main-header-display":"","ast-hfb-above-header-display":"","ast-hfb-below-header-display":"","ast-hfb-mobile-header-display":"","site-post-title":"","ast-breadcrumbs-content":"","ast-featured-img":"","footer-sml-layout":"","theme-transparent-header-meta":"default","adv-header-id-meta":"","stick-header-meta":"default","header-above-stick-meta":"","header-main-stick-meta":"","header-below-stick-meta":"","astra-migrate-meta-layouts":"set","ast-page-background-enabled":"default","ast-page-background-meta":{"desktop":{"background-color":"","background-image":"","background-repeat":"repeat","background-position":"center center","background-size":"auto","background-attachment":"scroll","background-type":"","background-media":"","overlay-type":"","overlay-color":"","overlay-opacity":"","overlay-gradient":""},"tablet":{"background-color":"","background-image":"","background-repeat":"repeat","background-position":"center center","background-size":"auto","background-attachment":"scroll","background-type":"","background-media":"","overlay-type":"","overlay-color":"","overlay-opacity":"","overlay-gradient":""},"mobile":{"background-color":"","background-image":"","background-repeat":"repeat","background-position":"center center","background-size":"auto","background-attachment":"scroll","background-type":"","background-media":"","overlay-type":"","overlay-color":"","overlay-opacity":"","overlay-gradient":""}},"ast-content-background-meta":{"desktop":{"background-color":"var(--ast-global-color-5)","background-image":"","background-repeat":"repeat","background-position":"center center","background-size":"auto","background-attachment":"scroll","background-type":"","background-media":"","overlay-type":"","overlay-color":"","overlay-opacity":"","overlay-gradient":""},"tablet":{"background-color":"var(--ast-global-color-5)","background-image":"","background-repeat":"repeat","background-position":"center center","background-size":"auto","background-attachment":"scroll","background-type":"","background-media":"","overlay-type":"","overlay-color":"","overlay-opacity":"","overlay-gradient":""},"mobile":{"background-color":"var(--ast-global-color-5)","background-image":"","background-repeat":"repeat","background-position":"center center","background-size":"auto","background-attachment":"scroll","background-type":"","background-media":"","overlay-type":"","overlay-color":"","overlay-opacity":"","overlay-gradient":""}}},"product_brand":[],"product_cat":[431,428,1145,404,420],"product_tag":[],"class_list":{"0":"post-4308","1":"product","2":"type-product","3":"status-publish","4":"has-post-thumbnail","6":"product_cat-fabric-for-commuting-clothing","7":"product_cat-fabric-for-outdoor-sports","8":"product_cat-lightweight-fabric","9":"product_cat-nylon-fabrics","10":"product_cat-stretch-fabrics","11":"pa_available_colors-911052-spc","12":"desktop-align-left","13":"tablet-align-left","14":"mobile-align-left","15":"ast-product-gallery-layout-vertical-slider","16":"ast-product-tabs-layout-horizontal","18":"first","19":"instock","20":"shipping-taxable","21":"product-type-simple"},"uagb_featured_image_src":{"full":["https:\/\/www.sikortex.com\/wp-content\/uploads\/2023\/06\/O1CN01TSy2Vs2IhEwOYaSW3_2213990669317-0-cib.jpg",1024,1024,false],"thumbnail":["https:\/\/www.sikortex.com\/wp-content\/uploads\/2023\/06\/O1CN01TSy2Vs2IhEwOYaSW3_2213990669317-0-cib-150x150.jpg",150,150,true],"medium":["https:\/\/www.sikortex.com\/wp-content\/uploads\/2023\/06\/O1CN01TSy2Vs2IhEwOYaSW3_2213990669317-0-cib-300x300.jpg",300,300,true],"medium_large":["https:\/\/www.sikortex.com\/wp-content\/uploads\/2023\/06\/O1CN01TSy2Vs2IhEwOYaSW3_2213990669317-0-cib-768x768.jpg",768,768,true],"large":["https:\/\/www.sikortex.com\/wp-content\/uploads\/2023\/06\/O1CN01TSy2Vs2IhEwOYaSW3_2213990669317-0-cib.jpg",1024,1024,false],"1536x1536":["https:\/\/www.sikortex.com\/wp-content\/uploads\/2023\/06\/O1CN01TSy2Vs2IhEwOYaSW3_2213990669317-0-cib.jpg",1024,1024,false],"2048x2048":["https:\/\/www.sikortex.com\/wp-content\/uploads\/2023\/06\/O1CN01TSy2Vs2IhEwOYaSW3_2213990669317-0-cib.jpg",1024,1024,false],"trp-custom-language-flag":["https:\/\/www.sikortex.com\/wp-content\/uploads\/2023\/06\/O1CN01TSy2Vs2IhEwOYaSW3_2213990669317-0-cib.jpg",12,12,false],"woocommerce_thumbnail":["https:\/\/www.sikortex.com\/wp-content\/uploads\/2023\/06\/O1CN01TSy2Vs2IhEwOYaSW3_2213990669317-0-cib-300x300.jpg",300,300,true],"woocommerce_single":["https:\/\/www.sikortex.com\/wp-content\/uploads\/2023\/06\/O1CN01TSy2Vs2IhEwOYaSW3_2213990669317-0-cib-600x600.jpg",600,600,true],"woocommerce_gallery_thumbnail":["https:\/\/www.sikortex.com\/wp-content\/uploads\/2023\/06\/O1CN01TSy2Vs2IhEwOYaSW3_2213990669317-0-cib-100x100.jpg",100,100,true]},"uagb_author_info":{"display_name":"Perry","author_link":"https:\/\/www.sikortex.com\/pl\/author\/"},"uagb_comment_info":0,"uagb_excerpt":"600 Meters(Min.Order)","_links":{"self":[{"href":"https:\/\/www.sikortex.com\/pl\/wp-json\/wp\/v2\/product\/4308","targetHints":{"allow":["GET"]}}],"collection":[{"href":"https:\/\/www.sikortex.com\/pl\/wp-json\/wp\/v2\/product"}],"about":[{"href":"https:\/\/www.sikortex.com\/pl\/wp-json\/wp\/v2\/types\/product"}],"replies":[{"embeddable":true,"href":"https:\/\/www.sikortex.com\/pl\/wp-json\/wp\/v2\/comments?post=4308"}],"wp:featuredmedia":[{"embeddable":true,"href":"https:\/\/www.sikortex.com\/pl\/wp-json\/wp\/v2\/media\/4310"}],"wp:attachment":[{"href":"https:\/\/www.sikortex.com\/pl\/wp-json\/wp\/v2\/media?parent=4308"}],"wp:term":[{"taxonomy":"product_brand","embeddable":true,"href":"https:\/\/www.sikortex.com\/pl\/wp-json\/wp\/v2\/product_brand?post=4308"},{"taxonomy":"product_cat","embeddable":true,"href":"https:\/\/www.sikortex.com\/pl\/wp-json\/wp\/v2\/product_cat?post=4308"},{"taxonomy":"product_tag","embeddable":true,"href":"https:\/\/www.sikortex.com\/pl\/wp-json\/wp\/v2\/product_tag?post=4308"}],"curies":[{"name":"wp","href":"https:\/\/api.w.org\/{rel}","templated":true}]}}