{"id":4303,"date":"2023-06-26T16:40:12","date_gmt":"2023-06-26T08:40:12","guid":{"rendered":"http:\/\/shihan.vihsu.com\/?post_type=product&#038;p=4303"},"modified":"2024-12-31T13:55:45","modified_gmt":"2024-12-31T05:55:45","slug":"coolmax-fabric-t400-odprowadzajacy-wilgoc","status":"publish","type":"product","link":"https:\/\/www.sikortex.com\/pl\/produkt\/coolmax-fabric-t400-odprowadzajacy-wilgoc\/","title":{"rendered":"Odprowadzaj\u0105ca wilgo\u0107 bawe\u0142na T400 COOLMAX Rozci\u0105gliwe p\u0142\u00f3tno"},"content":{"rendered":"<p>SIKOR-TEX T400 Cotton Moisture Wicking Stretch COOLMAX Fabric Canvas to szybkoschn\u0105ca tkanina wykonana z poliestru T400 spandex i bawe\u0142ny splecionej, kt\u00f3ra ma doskona\u0142e w\u0142a\u015bciwo\u015bci odprowadzania wilgoci i rozci\u0105gania. Tkanina jest r\u00f3wnie\u017c wystarczaj\u0105co trwa\u0142a, aby wytrzyma\u0107 trudy pracy na zewn\u0105trz.<\/p>\n<p>Unikalny splot materia\u0142u zapewnia maksymaln\u0105 oddychalno\u015b\u0107, a jednocze\u015bnie zapewnia doskona\u0142e w\u0142a\u015bciwo\u015bci rozci\u0105gliwe. Tkanina zosta\u0142a zaprojektowana tak, aby poch\u0142ania\u0107 pot i wilgo\u0107 z cia\u0142a i przenosi\u0107 je na powierzchni\u0119 tkaniny, gdzie mog\u0105 szybko odparowa\u0107, zapewniaj\u0105c u\u017cytkownikowi ch\u0142\u00f3d i sucho\u015b\u0107.<\/p>\n<p>Tkanina ta zosta\u0142a poddana dobrze znanemu procesowi wyka\u0144czania tekstyli\u00f3w COOLMAX i mo\u017cna j\u0105 wielokrotnie pra\u0107 i suszy\u0107 bez utraty w\u0142a\u015bciwo\u015bci odprowadzania wilgoci. Tkanina posiada r\u00f3wnie\u017c przywieszki COOLMAX, kt\u00f3re dodaj\u0105 warto\u015bci odzie\u017cy.<\/p>\n<p>Og\u00f3lnie rzecz bior\u0105c, COOLMAX Stretch Canvas to wszechstronny materia\u0142 o wysokiej wydajno\u015bci, idealny na mundury policyjne, odzie\u017c robocz\u0105 i odzie\u017c wierzchni\u0105. Jego unikalne w\u0142a\u015bciwo\u015bci sprawiaj\u0105, \u017ce idealnie nadaje si\u0119 do stosowania w trudnych warunkach, zapewniaj\u0105c jednocze\u015bnie maksymalny komfort i oddychalno\u015b\u0107.<\/p>","protected":false},"excerpt":{"rendered":"<p>600 metr\u00f3w (min. zam\u00f3wienie)<\/p>","protected":false},"featured_media":4304,"comment_status":"closed","ping_status":"closed","template":"","meta":{"_uag_custom_page_level_css":"","site-sidebar-layout":"default","site-content-layout":"default","ast-site-content-layout":"","site-content-style":"default","site-sidebar-style":"default","ast-global-header-display":"","ast-banner-title-visibility":"","ast-main-header-display":"","ast-hfb-above-header-display":"","ast-hfb-below-header-display":"","ast-hfb-mobile-header-display":"","site-post-title":"","ast-breadcrumbs-content":"","ast-featured-img":"","footer-sml-layout":"","theme-transparent-header-meta":"default","adv-header-id-meta":"","stick-header-meta":"default","header-above-stick-meta":"","header-main-stick-meta":"","header-below-stick-meta":"","astra-migrate-meta-layouts":"default","ast-page-background-enabled":"default","ast-page-background-meta":{"desktop":{"background-color":"","background-image":"","background-repeat":"repeat","background-position":"center center","background-size":"auto","background-attachment":"scroll","background-type":"","background-media":"","overlay-type":"","overlay-color":"","overlay-opacity":"","overlay-gradient":""},"tablet":{"background-color":"","background-image":"","background-repeat":"repeat","background-position":"center center","background-size":"auto","background-attachment":"scroll","background-type":"","background-media":"","overlay-type":"","overlay-color":"","overlay-opacity":"","overlay-gradient":""},"mobile":{"background-color":"","background-image":"","background-repeat":"repeat","background-position":"center center","background-size":"auto","background-attachment":"scroll","background-type":"","background-media":"","overlay-type":"","overlay-color":"","overlay-opacity":"","overlay-gradient":""}},"ast-content-background-meta":{"desktop":{"background-color":"var(--ast-global-color-5)","background-image":"","background-repeat":"repeat","background-position":"center center","background-size":"auto","background-attachment":"scroll","background-type":"","background-media":"","overlay-type":"","overlay-color":"","overlay-opacity":"","overlay-gradient":""},"tablet":{"background-color":"var(--ast-global-color-5)","background-image":"","background-repeat":"repeat","background-position":"center center","background-size":"auto","background-attachment":"scroll","background-type":"","background-media":"","overlay-type":"","overlay-color":"","overlay-opacity":"","overlay-gradient":""},"mobile":{"background-color":"var(--ast-global-color-5)","background-image":"","background-repeat":"repeat","background-position":"center center","background-size":"auto","background-attachment":"scroll","background-type":"","background-media":"","overlay-type":"","overlay-color":"","overlay-opacity":"","overlay-gradient":""}}},"product_brand":[],"product_cat":[431,428,403,425,420],"product_tag":[],"class_list":{"0":"post-4303","1":"product","2":"type-product","3":"status-publish","4":"has-post-thumbnail","6":"product_cat-fabric-for-commuting-clothing","7":"product_cat-fabric-for-outdoor-sports","8":"product_cat-polyester-fabrics","9":"product_cat-security-emergencies-road-services","10":"product_cat-stretch-fabrics","11":"pa_available_colors-911052-spc","12":"desktop-align-left","13":"tablet-align-left","14":"mobile-align-left","15":"ast-product-gallery-layout-vertical-slider","16":"ast-product-tabs-layout-horizontal","18":"first","19":"instock","20":"shipping-taxable","21":"product-type-simple"},"uagb_featured_image_src":{"full":["https:\/\/www.sikortex.com\/wp-content\/uploads\/2023\/06\/O1CN011YQEqT1Y80Ad1ihab_2215595343013-0-cib.jpg",1024,1024,false],"thumbnail":["https:\/\/www.sikortex.com\/wp-content\/uploads\/2023\/06\/O1CN011YQEqT1Y80Ad1ihab_2215595343013-0-cib-150x150.jpg",150,150,true],"medium":["https:\/\/www.sikortex.com\/wp-content\/uploads\/2023\/06\/O1CN011YQEqT1Y80Ad1ihab_2215595343013-0-cib-300x300.jpg",300,300,true],"medium_large":["https:\/\/www.sikortex.com\/wp-content\/uploads\/2023\/06\/O1CN011YQEqT1Y80Ad1ihab_2215595343013-0-cib-768x768.jpg",768,768,true],"large":["https:\/\/www.sikortex.com\/wp-content\/uploads\/2023\/06\/O1CN011YQEqT1Y80Ad1ihab_2215595343013-0-cib.jpg",1024,1024,false],"1536x1536":["https:\/\/www.sikortex.com\/wp-content\/uploads\/2023\/06\/O1CN011YQEqT1Y80Ad1ihab_2215595343013-0-cib.jpg",1024,1024,false],"2048x2048":["https:\/\/www.sikortex.com\/wp-content\/uploads\/2023\/06\/O1CN011YQEqT1Y80Ad1ihab_2215595343013-0-cib.jpg",1024,1024,false],"trp-custom-language-flag":["https:\/\/www.sikortex.com\/wp-content\/uploads\/2023\/06\/O1CN011YQEqT1Y80Ad1ihab_2215595343013-0-cib.jpg",12,12,false],"woocommerce_thumbnail":["https:\/\/www.sikortex.com\/wp-content\/uploads\/2023\/06\/O1CN011YQEqT1Y80Ad1ihab_2215595343013-0-cib-300x300.jpg",300,300,true],"woocommerce_single":["https:\/\/www.sikortex.com\/wp-content\/uploads\/2023\/06\/O1CN011YQEqT1Y80Ad1ihab_2215595343013-0-cib-600x600.jpg",600,600,true],"woocommerce_gallery_thumbnail":["https:\/\/www.sikortex.com\/wp-content\/uploads\/2023\/06\/O1CN011YQEqT1Y80Ad1ihab_2215595343013-0-cib-100x100.jpg",100,100,true]},"uagb_author_info":{"display_name":"Perry","author_link":"https:\/\/www.sikortex.com\/pl\/author\/"},"uagb_comment_info":0,"uagb_excerpt":"600 Meters(Min.Order)","_links":{"self":[{"href":"https:\/\/www.sikortex.com\/pl\/wp-json\/wp\/v2\/product\/4303","targetHints":{"allow":["GET"]}}],"collection":[{"href":"https:\/\/www.sikortex.com\/pl\/wp-json\/wp\/v2\/product"}],"about":[{"href":"https:\/\/www.sikortex.com\/pl\/wp-json\/wp\/v2\/types\/product"}],"replies":[{"embeddable":true,"href":"https:\/\/www.sikortex.com\/pl\/wp-json\/wp\/v2\/comments?post=4303"}],"wp:featuredmedia":[{"embeddable":true,"href":"https:\/\/www.sikortex.com\/pl\/wp-json\/wp\/v2\/media\/4304"}],"wp:attachment":[{"href":"https:\/\/www.sikortex.com\/pl\/wp-json\/wp\/v2\/media?parent=4303"}],"wp:term":[{"taxonomy":"product_brand","embeddable":true,"href":"https:\/\/www.sikortex.com\/pl\/wp-json\/wp\/v2\/product_brand?post=4303"},{"taxonomy":"product_cat","embeddable":true,"href":"https:\/\/www.sikortex.com\/pl\/wp-json\/wp\/v2\/product_cat?post=4303"},{"taxonomy":"product_tag","embeddable":true,"href":"https:\/\/www.sikortex.com\/pl\/wp-json\/wp\/v2\/product_tag?post=4303"}],"curies":[{"name":"wp","href":"https:\/\/api.w.org\/{rel}","templated":true}]}}