{"id":4291,"date":"2023-06-26T16:22:56","date_gmt":"2023-06-26T08:22:56","guid":{"rendered":"http:\/\/shihan.vihsu.com\/?post_type=product&#038;p=4291"},"modified":"2025-02-17T17:44:03","modified_gmt":"2025-02-17T09:44:03","slug":"poliester-900d-kamuflaz-wodoodporna-tkanina-powlekana-pu","status":"publish","type":"product","link":"https:\/\/www.sikortex.com\/pl\/produkt\/poliester-900d-kamuflaz-wodoodporna-tkanina-powlekana-pu\/","title":{"rendered":"Poliester 900D Kamufla\u017c Wodoodporna tkanina powlekana PU"},"content":{"rendered":"<h6>SIKOR-TEX <span style=\"color: #3366ff;\"><a style=\"color: #3366ff;\" href=\"https:\/\/www.sikortex.com\/pl\/nylonowo-bawelniana-tkanina-ripstop-tkanina-wiatrowka-5\/\">Tkanina oksfordzka<\/a><\/span> producent<\/h6>\n<p>Wodoodporna tkanina poliestrowa SIKOR-TEX 900D w kamufla\u017cu powlekana PU to wysokiej jako\u015bci materia\u0142 powszechnie u\u017cywany do zastosowa\u0144 zewn\u0119trznych, takich jak plecaki, namioty i p\u0142aszcze przeciwdeszczowe. Jest to trwa\u0142y i wszechstronny materia\u0142, kt\u00f3ry jest odporny na dzia\u0142anie czynnik\u00f3w atmosferycznych, w tym deszczu, wiatru i s\u0142o\u0144ca.<br \/>\nWz\u00f3r kamufla\u017cu na tkaninie zwi\u0119ksza atrakcyjno\u015b\u0107 wizualn\u0105 i pomaga tkaninie wtapia\u0107 si\u0119 w naturalne otoczenie. Tkanina jest r\u00f3wnie\u017c wodoodporna, dzi\u0119ki czemu idealnie nadaje si\u0119 do stosowania w sprz\u0119cie outdoorowym, kt\u00f3ry musi chroni\u0107 zawarto\u015b\u0107 przed wilgoci\u0105. Jego trwa\u0142o\u015b\u0107 i odporno\u015b\u0107 na \u015bcieranie i rozdarcia sprawiaj\u0105, \u017ce nadaje si\u0119 do stosowania w plecakach i innym sprz\u0119cie, kt\u00f3ry wymaga dodatkowej wytrzyma\u0142o\u015bci.<br \/>\nOpr\u00f3cz zastosowania w sprz\u0119cie outdoorowym, tkanina poliestrowa 900D Camouflage Wodoodporna powlekana PU mo\u017ce by\u0107 r\u00f3wnie\u017c wykorzystywana do produkcji odzie\u017cy i sprz\u0119tu wojskowego. Jego wz\u00f3r kamufla\u017cu i trwa\u0142o\u015b\u0107 sprawiaj\u0105, \u017ce jest to idealny materia\u0142 na produkty wymagaj\u0105ce tkanin o wysokiej wydajno\u015bci.<br \/>\nPodsumowuj\u0105c, poliester 900D kamufla\u017c wodoodporny PU powlekany jest wszechstronnym i trwa\u0142ym materia\u0142em, kt\u00f3ry nadaje si\u0119 do szerokiego zakresu zastosowa\u0144, w tym sprz\u0119tu outdoorowego oraz odzie\u017cy i sprz\u0119tu wojskowego. Jego unikalne w\u0142a\u015bciwo\u015bci sprawiaj\u0105, \u017ce jest to idealny wyb\u00f3r dla produkt\u00f3w wymagaj\u0105cych tkanin o wysokich parametrach u\u017cytkowych.<\/p>","protected":false},"excerpt":{"rendered":"<p>600 metr\u00f3w (min. zam\u00f3wienie)<\/p>","protected":false},"featured_media":4292,"comment_status":"closed","ping_status":"closed","template":"","meta":{"_uag_custom_page_level_css":"","site-sidebar-layout":"default","site-content-layout":"default","ast-site-content-layout":"","site-content-style":"default","site-sidebar-style":"default","ast-global-header-display":"","ast-banner-title-visibility":"","ast-main-header-display":"","ast-hfb-above-header-display":"","ast-hfb-below-header-display":"","ast-hfb-mobile-header-display":"","site-post-title":"","ast-breadcrumbs-content":"","ast-featured-img":"","footer-sml-layout":"","theme-transparent-header-meta":"default","adv-header-id-meta":"","stick-header-meta":"default","header-above-stick-meta":"","header-main-stick-meta":"","header-below-stick-meta":"","astra-migrate-meta-layouts":"default","ast-page-background-enabled":"default","ast-page-background-meta":{"desktop":{"background-color":"","background-image":"","background-repeat":"repeat","background-position":"center center","background-size":"auto","background-attachment":"scroll","background-type":"","background-media":"","overlay-type":"","overlay-color":"","overlay-opacity":"","overlay-gradient":""},"tablet":{"background-color":"","background-image":"","background-repeat":"repeat","background-position":"center center","background-size":"auto","background-attachment":"scroll","background-type":"","background-media":"","overlay-type":"","overlay-color":"","overlay-opacity":"","overlay-gradient":""},"mobile":{"background-color":"","background-image":"","background-repeat":"repeat","background-position":"center center","background-size":"auto","background-attachment":"scroll","background-type":"","background-media":"","overlay-type":"","overlay-color":"","overlay-opacity":"","overlay-gradient":""}},"ast-content-background-meta":{"desktop":{"background-color":"var(--ast-global-color-5)","background-image":"","background-repeat":"repeat","background-position":"center center","background-size":"auto","background-attachment":"scroll","background-type":"","background-media":"","overlay-type":"","overlay-color":"","overlay-opacity":"","overlay-gradient":""},"tablet":{"background-color":"var(--ast-global-color-5)","background-image":"","background-repeat":"repeat","background-position":"center center","background-size":"auto","background-attachment":"scroll","background-type":"","background-media":"","overlay-type":"","overlay-color":"","overlay-opacity":"","overlay-gradient":""},"mobile":{"background-color":"var(--ast-global-color-5)","background-image":"","background-repeat":"repeat","background-position":"center center","background-size":"auto","background-attachment":"scroll","background-type":"","background-media":"","overlay-type":"","overlay-color":"","overlay-opacity":"","overlay-gradient":""}}},"product_brand":[],"product_cat":[1206,430,432,1184,403,414],"product_tag":[],"class_list":{"0":"post-4291","1":"product","2":"type-product","3":"status-publish","4":"has-post-thumbnail","6":"product_cat-fabric-for-bag","7":"product_cat-fabric-for-motorwear","8":"product_cat-fabric-for-tent","9":"product_cat-oxford-fabric","10":"product_cat-polyester-fabrics","11":"product_cat-waterproof-fabrics","12":"pa_available_colors-911052-spc","13":"desktop-align-left","14":"tablet-align-left","15":"mobile-align-left","16":"ast-product-gallery-layout-vertical-slider","17":"ast-product-tabs-layout-horizontal","19":"first","20":"instock","21":"shipping-taxable","22":"product-type-simple"},"uagb_featured_image_src":{"full":["https:\/\/www.sikortex.com\/wp-content\/uploads\/2023\/06\/O1CN01ZSJ3N01tSFTZGgDMI_2692505900-0-cib.jpg",1024,1024,false],"thumbnail":["https:\/\/www.sikortex.com\/wp-content\/uploads\/2023\/06\/O1CN01ZSJ3N01tSFTZGgDMI_2692505900-0-cib-150x150.jpg",150,150,true],"medium":["https:\/\/www.sikortex.com\/wp-content\/uploads\/2023\/06\/O1CN01ZSJ3N01tSFTZGgDMI_2692505900-0-cib-300x300.jpg",300,300,true],"medium_large":["https:\/\/www.sikortex.com\/wp-content\/uploads\/2023\/06\/O1CN01ZSJ3N01tSFTZGgDMI_2692505900-0-cib-768x768.jpg",768,768,true],"large":["https:\/\/www.sikortex.com\/wp-content\/uploads\/2023\/06\/O1CN01ZSJ3N01tSFTZGgDMI_2692505900-0-cib.jpg",1024,1024,false],"1536x1536":["https:\/\/www.sikortex.com\/wp-content\/uploads\/2023\/06\/O1CN01ZSJ3N01tSFTZGgDMI_2692505900-0-cib.jpg",1024,1024,false],"2048x2048":["https:\/\/www.sikortex.com\/wp-content\/uploads\/2023\/06\/O1CN01ZSJ3N01tSFTZGgDMI_2692505900-0-cib.jpg",1024,1024,false],"trp-custom-language-flag":["https:\/\/www.sikortex.com\/wp-content\/uploads\/2023\/06\/O1CN01ZSJ3N01tSFTZGgDMI_2692505900-0-cib.jpg",12,12,false],"woocommerce_thumbnail":["https:\/\/www.sikortex.com\/wp-content\/uploads\/2023\/06\/O1CN01ZSJ3N01tSFTZGgDMI_2692505900-0-cib-300x300.jpg",300,300,true],"woocommerce_single":["https:\/\/www.sikortex.com\/wp-content\/uploads\/2023\/06\/O1CN01ZSJ3N01tSFTZGgDMI_2692505900-0-cib-600x600.jpg",600,600,true],"woocommerce_gallery_thumbnail":["https:\/\/www.sikortex.com\/wp-content\/uploads\/2023\/06\/O1CN01ZSJ3N01tSFTZGgDMI_2692505900-0-cib-100x100.jpg",100,100,true]},"uagb_author_info":{"display_name":"Perry","author_link":"https:\/\/www.sikortex.com\/pl\/author\/"},"uagb_comment_info":0,"uagb_excerpt":"600 Meters(Min.Order)","_links":{"self":[{"href":"https:\/\/www.sikortex.com\/pl\/wp-json\/wp\/v2\/product\/4291","targetHints":{"allow":["GET"]}}],"collection":[{"href":"https:\/\/www.sikortex.com\/pl\/wp-json\/wp\/v2\/product"}],"about":[{"href":"https:\/\/www.sikortex.com\/pl\/wp-json\/wp\/v2\/types\/product"}],"replies":[{"embeddable":true,"href":"https:\/\/www.sikortex.com\/pl\/wp-json\/wp\/v2\/comments?post=4291"}],"wp:featuredmedia":[{"embeddable":true,"href":"https:\/\/www.sikortex.com\/pl\/wp-json\/wp\/v2\/media\/4292"}],"wp:attachment":[{"href":"https:\/\/www.sikortex.com\/pl\/wp-json\/wp\/v2\/media?parent=4291"}],"wp:term":[{"taxonomy":"product_brand","embeddable":true,"href":"https:\/\/www.sikortex.com\/pl\/wp-json\/wp\/v2\/product_brand?post=4291"},{"taxonomy":"product_cat","embeddable":true,"href":"https:\/\/www.sikortex.com\/pl\/wp-json\/wp\/v2\/product_cat?post=4291"},{"taxonomy":"product_tag","embeddable":true,"href":"https:\/\/www.sikortex.com\/pl\/wp-json\/wp\/v2\/product_tag?post=4291"}],"curies":[{"name":"wp","href":"https:\/\/api.w.org\/{rel}","templated":true}]}}