{"id":4266,"date":"2023-06-26T15:44:57","date_gmt":"2023-06-26T07:44:57","guid":{"rendered":"http:\/\/shihan.vihsu.com\/?post_type=product&#038;p=4266"},"modified":"2025-02-24T14:23:05","modified_gmt":"2025-02-24T06:23:05","slug":"poliester-600d-wodoodporny-tkanina-powlekana-pcv","status":"publish","type":"product","link":"https:\/\/www.sikortex.com\/pl\/produkt\/poliester-600d-wodoodporny-tkanina-powlekana-pcv\/","title":{"rendered":"Wodoodporna tkanina poliestrowa Oxford 600D z PVC"},"content":{"rendered":"<h5><a href=\"https:\/\/www.sikortex.com\/pl\/profil-firmy\/\"><span style=\"color: #3366ff;\">SIKOR-TEX<\/span><\/a> jest producentem tkanin o wysokiej wydajno\u015bci z siedzib\u0105 w Chinach<\/h5>\n<p>Poliester 600D Wodoodporny <a href=\"https:\/\/www.sikortex.com\/pl\/nylonowo-bawelniana-tkanina-ripstop-tkanina-wiatrowka-5\/\"><span style=\"color: #3366ff;\">Oksford<\/span><\/a> Tkanina PVC to wysokiej jako\u015bci materia\u0142, kt\u00f3ry doskonale nadaje si\u0119 do tworzenia trwa\u0142ych i wodoodpornych toreb oraz sprz\u0119tu outdoorowego. Tkanina jest wytwarzana przy u\u017cyciu procesu spieniania PVC, kt\u00f3ry zwi\u0119ksza grubo\u015b\u0107 <a href=\"https:\/\/www.sikortex.com\/pl\/nylonowo-bawelniana-tkanina-ripstop-tkanina-wiatrowka-5\/\"><span style=\"color: #3366ff;\">Oksford<\/span><\/a> tkaniny o gramaturze ponad 400g\/\u33a1, co czyni j\u0105 mocn\u0105 i trwa\u0142\u0105. Tkanina jest r\u00f3wnie\u017c wodoodporna i ma wysok\u0105 trwa\u0142o\u015b\u0107 kolor\u00f3w, co zapewnia, \u017ce zachowuje swoje \u017cywe kolory nawet po d\u0142u\u017cszym u\u017cytkowaniu.<br \/>\nWodoodporny poliester powlekany Oxford PVC jest idealny do tworzenia r\u00f3\u017cnych produkt\u00f3w do u\u017cytku zewn\u0119trznego i wewn\u0119trznego, kt\u00f3re wymagaj\u0105 trwa\u0142ego i wodoodpornego materia\u0142u. Mo\u017cna go stosowa\u0107 do produkcji toreb, plecak\u00f3w, sprz\u0119tu kempingowego i innego sprz\u0119tu outdoorowego. Jego trwa\u0142o\u015b\u0107 i odporno\u015b\u0107 na \u015bcieranie i rozdarcie sprawiaj\u0105, \u017ce idealnie nadaje si\u0119 do produkt\u00f3w, kt\u00f3re musz\u0105 wytrzyma\u0107 trudne warunki i codzienne zu\u017cycie. Ponadto jego wodoodporne w\u0142a\u015bciwo\u015bci sprawiaj\u0105, \u017ce nadaje si\u0119 do stosowania w produktach, kt\u00f3re musz\u0105 chroni\u0107 swoj\u0105 zawarto\u015b\u0107 przed uszkodzeniem przez wod\u0119<\/p>","protected":false},"excerpt":{"rendered":"<p>600 metr\u00f3w (min. zam\u00f3wienie)<\/p>","protected":false},"featured_media":4268,"comment_status":"closed","ping_status":"closed","template":"","meta":{"_uag_custom_page_level_css":"","site-sidebar-layout":"default","site-content-layout":"default","ast-site-content-layout":"default","site-content-style":"default","site-sidebar-style":"default","ast-global-header-display":"","ast-banner-title-visibility":"","ast-main-header-display":"","ast-hfb-above-header-display":"","ast-hfb-below-header-display":"","ast-hfb-mobile-header-display":"","site-post-title":"","ast-breadcrumbs-content":"","ast-featured-img":"","footer-sml-layout":"","theme-transparent-header-meta":"default","adv-header-id-meta":"","stick-header-meta":"default","header-above-stick-meta":"","header-main-stick-meta":"","header-below-stick-meta":"","astra-migrate-meta-layouts":"set","ast-page-background-enabled":"default","ast-page-background-meta":{"desktop":{"background-color":"","background-image":"","background-repeat":"repeat","background-position":"center center","background-size":"auto","background-attachment":"scroll","background-type":"","background-media":"","overlay-type":"","overlay-color":"","overlay-opacity":"","overlay-gradient":""},"tablet":{"background-color":"","background-image":"","background-repeat":"repeat","background-position":"center center","background-size":"auto","background-attachment":"scroll","background-type":"","background-media":"","overlay-type":"","overlay-color":"","overlay-opacity":"","overlay-gradient":""},"mobile":{"background-color":"","background-image":"","background-repeat":"repeat","background-position":"center center","background-size":"auto","background-attachment":"scroll","background-type":"","background-media":"","overlay-type":"","overlay-color":"","overlay-opacity":"","overlay-gradient":""}},"ast-content-background-meta":{"desktop":{"background-color":"var(--ast-global-color-5)","background-image":"","background-repeat":"repeat","background-position":"center center","background-size":"auto","background-attachment":"scroll","background-type":"","background-media":"","overlay-type":"","overlay-color":"","overlay-opacity":"","overlay-gradient":""},"tablet":{"background-color":"var(--ast-global-color-5)","background-image":"","background-repeat":"repeat","background-position":"center center","background-size":"auto","background-attachment":"scroll","background-type":"","background-media":"","overlay-type":"","overlay-color":"","overlay-opacity":"","overlay-gradient":""},"mobile":{"background-color":"var(--ast-global-color-5)","background-image":"","background-repeat":"repeat","background-position":"center center","background-size":"auto","background-attachment":"scroll","background-type":"","background-media":"","overlay-type":"","overlay-color":"","overlay-opacity":"","overlay-gradient":""}}},"product_brand":[],"product_cat":[1206,432,1184,403,433,414],"product_tag":[],"class_list":{"0":"post-4266","1":"product","2":"type-product","3":"status-publish","4":"has-post-thumbnail","6":"product_cat-fabric-for-bag","7":"product_cat-fabric-for-tent","8":"product_cat-oxford-fabric","9":"product_cat-polyester-fabrics","10":"product_cat-textile-for-industrial","11":"product_cat-waterproof-fabrics","12":"pa_available_colors-h-black","13":"desktop-align-left","14":"tablet-align-left","15":"mobile-align-left","16":"ast-product-gallery-layout-vertical-slider","17":"ast-product-tabs-layout-horizontal","19":"first","20":"instock","21":"shipping-taxable","22":"product-type-simple"},"uagb_featured_image_src":{"full":["https:\/\/www.sikortex.com\/wp-content\/uploads\/2023\/06\/10564491052_404532953.jpg",1024,1024,false],"thumbnail":["https:\/\/www.sikortex.com\/wp-content\/uploads\/2023\/06\/10564491052_404532953-150x150.jpg",150,150,true],"medium":["https:\/\/www.sikortex.com\/wp-content\/uploads\/2023\/06\/10564491052_404532953-300x300.jpg",300,300,true],"medium_large":["https:\/\/www.sikortex.com\/wp-content\/uploads\/2023\/06\/10564491052_404532953-768x768.jpg",768,768,true],"large":["https:\/\/www.sikortex.com\/wp-content\/uploads\/2023\/06\/10564491052_404532953.jpg",1024,1024,false],"1536x1536":["https:\/\/www.sikortex.com\/wp-content\/uploads\/2023\/06\/10564491052_404532953.jpg",1024,1024,false],"2048x2048":["https:\/\/www.sikortex.com\/wp-content\/uploads\/2023\/06\/10564491052_404532953.jpg",1024,1024,false],"trp-custom-language-flag":["https:\/\/www.sikortex.com\/wp-content\/uploads\/2023\/06\/10564491052_404532953.jpg",12,12,false],"woocommerce_thumbnail":["https:\/\/www.sikortex.com\/wp-content\/uploads\/2023\/06\/10564491052_404532953-300x300.jpg",300,300,true],"woocommerce_single":["https:\/\/www.sikortex.com\/wp-content\/uploads\/2023\/06\/10564491052_404532953-600x600.jpg",600,600,true],"woocommerce_gallery_thumbnail":["https:\/\/www.sikortex.com\/wp-content\/uploads\/2023\/06\/10564491052_404532953-100x100.jpg",100,100,true]},"uagb_author_info":{"display_name":"Perry","author_link":"https:\/\/www.sikortex.com\/pl\/author\/"},"uagb_comment_info":0,"uagb_excerpt":"600 Meters(Min.Order)","_links":{"self":[{"href":"https:\/\/www.sikortex.com\/pl\/wp-json\/wp\/v2\/product\/4266","targetHints":{"allow":["GET"]}}],"collection":[{"href":"https:\/\/www.sikortex.com\/pl\/wp-json\/wp\/v2\/product"}],"about":[{"href":"https:\/\/www.sikortex.com\/pl\/wp-json\/wp\/v2\/types\/product"}],"replies":[{"embeddable":true,"href":"https:\/\/www.sikortex.com\/pl\/wp-json\/wp\/v2\/comments?post=4266"}],"wp:featuredmedia":[{"embeddable":true,"href":"https:\/\/www.sikortex.com\/pl\/wp-json\/wp\/v2\/media\/4268"}],"wp:attachment":[{"href":"https:\/\/www.sikortex.com\/pl\/wp-json\/wp\/v2\/media?parent=4266"}],"wp:term":[{"taxonomy":"product_brand","embeddable":true,"href":"https:\/\/www.sikortex.com\/pl\/wp-json\/wp\/v2\/product_brand?post=4266"},{"taxonomy":"product_cat","embeddable":true,"href":"https:\/\/www.sikortex.com\/pl\/wp-json\/wp\/v2\/product_cat?post=4266"},{"taxonomy":"product_tag","embeddable":true,"href":"https:\/\/www.sikortex.com\/pl\/wp-json\/wp\/v2\/product_tag?post=4266"}],"curies":[{"name":"wp","href":"https:\/\/api.w.org\/{rel}","templated":true}]}}