{"id":4242,"date":"2023-06-26T15:32:21","date_gmt":"2023-06-26T07:32:21","guid":{"rendered":"http:\/\/shihan.vihsu.com\/?post_type=product&#038;p=4242"},"modified":"2025-02-24T13:36:14","modified_gmt":"2025-02-24T05:36:14","slug":"tkanina-powloka-poliester-900d-cyfrowa-kamuflaz-pvc","status":"publish","type":"product","link":"https:\/\/www.sikortex.com\/pl\/produkt\/tkanina-powloka-poliester-900d-cyfrowa-kamuflaz-pvc\/","title":{"rendered":"Tkanina Oxford z poliestru 900D w kamufla\u017cu cyfrowym PVC"},"content":{"rendered":"<h6>SIKOR-TEX <span style=\"color: #3366ff;\"><a style=\"color: #3366ff;\" href=\"https:\/\/www.sikortex.com\/pl\/nylonowo-bawelniana-tkanina-ripstop-tkanina-wiatrowka-5\/\">Tkanina oksfordzka<\/a><\/span> producent<\/h6>\n<p><a href=\"https:\/\/www.sikortex.com\/pl\/profil-firmy\/\"><span style=\"color: #3366ff;\">SIKOR-TEX<\/span><\/a> Poliester 900D Digital Camouflage PVC Oxford Fabric to wysokiej jako\u015bci materia\u0142, kt\u00f3ry idealnie nadaje si\u0119 do stosowania w szerokim zakresie zastosowa\u0144 zewn\u0119trznych i wojskowych. Dzi\u0119ki trwa\u0142ej konstrukcji i pow\u0142oce PVC tkanina ta wytrzymuje trudy u\u017cytkowania na zewn\u0105trz, co czyni j\u0105 idealn\u0105 do stosowania w torbach, markizach, namiotach, butach i innym sprz\u0119cie outdoorowym.<br \/>\nJedn\u0105 z kluczowych cech tej tkaniny jest cyfrowy wz\u00f3r kamufla\u017cu, kt\u00f3ry zapewnia doskona\u0142y kamufla\u017c w \u015brodowisku zewn\u0119trznym. Dzi\u0119ki temu jest to idealny wyb\u00f3r do stosowania w odzie\u017cy i sprz\u0119cie wojskowym, a tak\u017ce sprz\u0119cie my\u015bliwskim i innych zastosowaniach zewn\u0119trznych.<br \/>\nOpr\u00f3cz swojej trwa\u0142o\u015bci i w\u0142a\u015bciwo\u015bci kamufla\u017cowych, poliestrowa tkanina kamufla\u017cowa jest r\u00f3wnie\u017c wodoodporna i odporna na dzia\u0142anie czynnik\u00f3w atmosferycznych. Dzi\u0119ki temu Tw\u00f3j sprz\u0119t pozostanie suchy i chroniony w mokrych warunkach.<\/p>","protected":false},"excerpt":{"rendered":"<p>600 metr\u00f3w (min. zam\u00f3wienie)<\/p>","protected":false},"featured_media":4259,"comment_status":"closed","ping_status":"closed","template":"","meta":{"_uag_custom_page_level_css":"","site-sidebar-layout":"default","site-content-layout":"default","ast-site-content-layout":"default","site-content-style":"default","site-sidebar-style":"default","ast-global-header-display":"","ast-banner-title-visibility":"","ast-main-header-display":"","ast-hfb-above-header-display":"","ast-hfb-below-header-display":"","ast-hfb-mobile-header-display":"","site-post-title":"","ast-breadcrumbs-content":"","ast-featured-img":"","footer-sml-layout":"","theme-transparent-header-meta":"default","adv-header-id-meta":"","stick-header-meta":"default","header-above-stick-meta":"","header-main-stick-meta":"","header-below-stick-meta":"","astra-migrate-meta-layouts":"set","ast-page-background-enabled":"default","ast-page-background-meta":{"desktop":{"background-color":"","background-image":"","background-repeat":"repeat","background-position":"center center","background-size":"auto","background-attachment":"scroll","background-type":"","background-media":"","overlay-type":"","overlay-color":"","overlay-opacity":"","overlay-gradient":""},"tablet":{"background-color":"","background-image":"","background-repeat":"repeat","background-position":"center center","background-size":"auto","background-attachment":"scroll","background-type":"","background-media":"","overlay-type":"","overlay-color":"","overlay-opacity":"","overlay-gradient":""},"mobile":{"background-color":"","background-image":"","background-repeat":"repeat","background-position":"center center","background-size":"auto","background-attachment":"scroll","background-type":"","background-media":"","overlay-type":"","overlay-color":"","overlay-opacity":"","overlay-gradient":""}},"ast-content-background-meta":{"desktop":{"background-color":"var(--ast-global-color-5)","background-image":"","background-repeat":"repeat","background-position":"center center","background-size":"auto","background-attachment":"scroll","background-type":"","background-media":"","overlay-type":"","overlay-color":"","overlay-opacity":"","overlay-gradient":""},"tablet":{"background-color":"var(--ast-global-color-5)","background-image":"","background-repeat":"repeat","background-position":"center center","background-size":"auto","background-attachment":"scroll","background-type":"","background-media":"","overlay-type":"","overlay-color":"","overlay-opacity":"","overlay-gradient":""},"mobile":{"background-color":"var(--ast-global-color-5)","background-image":"","background-repeat":"repeat","background-position":"center center","background-size":"auto","background-attachment":"scroll","background-type":"","background-media":"","overlay-type":"","overlay-color":"","overlay-opacity":"","overlay-gradient":""}}},"product_brand":[],"product_cat":[1206,432,1184,403,433,414],"product_tag":[],"class_list":{"0":"post-4242","1":"product","2":"type-product","3":"status-publish","4":"has-post-thumbnail","6":"product_cat-fabric-for-bag","7":"product_cat-fabric-for-tent","8":"product_cat-oxford-fabric","9":"product_cat-polyester-fabrics","10":"product_cat-textile-for-industrial","11":"product_cat-waterproof-fabrics","12":"pa_available_colors-911052-spc","13":"desktop-align-left","14":"tablet-align-left","15":"mobile-align-left","16":"ast-product-gallery-layout-vertical-slider","17":"ast-product-tabs-layout-horizontal","19":"first","20":"instock","21":"shipping-taxable","22":"product-type-simple"},"uagb_featured_image_src":{"full":["https:\/\/www.sikortex.com\/wp-content\/uploads\/2023\/06\/1024.jpg",1024,1024,false],"thumbnail":["https:\/\/www.sikortex.com\/wp-content\/uploads\/2023\/06\/1024-150x150.jpg",150,150,true],"medium":["https:\/\/www.sikortex.com\/wp-content\/uploads\/2023\/06\/1024-300x300.jpg",300,300,true],"medium_large":["https:\/\/www.sikortex.com\/wp-content\/uploads\/2023\/06\/1024-768x768.jpg",768,768,true],"large":["https:\/\/www.sikortex.com\/wp-content\/uploads\/2023\/06\/1024.jpg",1024,1024,false],"1536x1536":["https:\/\/www.sikortex.com\/wp-content\/uploads\/2023\/06\/1024.jpg",1024,1024,false],"2048x2048":["https:\/\/www.sikortex.com\/wp-content\/uploads\/2023\/06\/1024.jpg",1024,1024,false],"trp-custom-language-flag":["https:\/\/www.sikortex.com\/wp-content\/uploads\/2023\/06\/1024.jpg",12,12,false],"woocommerce_thumbnail":["https:\/\/www.sikortex.com\/wp-content\/uploads\/2023\/06\/1024-300x300.jpg",300,300,true],"woocommerce_single":["https:\/\/www.sikortex.com\/wp-content\/uploads\/2023\/06\/1024-600x600.jpg",600,600,true],"woocommerce_gallery_thumbnail":["https:\/\/www.sikortex.com\/wp-content\/uploads\/2023\/06\/1024-100x100.jpg",100,100,true]},"uagb_author_info":{"display_name":"Perry","author_link":"https:\/\/www.sikortex.com\/pl\/author\/"},"uagb_comment_info":0,"uagb_excerpt":"600 Meters(Min.Order)","_links":{"self":[{"href":"https:\/\/www.sikortex.com\/pl\/wp-json\/wp\/v2\/product\/4242","targetHints":{"allow":["GET"]}}],"collection":[{"href":"https:\/\/www.sikortex.com\/pl\/wp-json\/wp\/v2\/product"}],"about":[{"href":"https:\/\/www.sikortex.com\/pl\/wp-json\/wp\/v2\/types\/product"}],"replies":[{"embeddable":true,"href":"https:\/\/www.sikortex.com\/pl\/wp-json\/wp\/v2\/comments?post=4242"}],"wp:featuredmedia":[{"embeddable":true,"href":"https:\/\/www.sikortex.com\/pl\/wp-json\/wp\/v2\/media\/4259"}],"wp:attachment":[{"href":"https:\/\/www.sikortex.com\/pl\/wp-json\/wp\/v2\/media?parent=4242"}],"wp:term":[{"taxonomy":"product_brand","embeddable":true,"href":"https:\/\/www.sikortex.com\/pl\/wp-json\/wp\/v2\/product_brand?post=4242"},{"taxonomy":"product_cat","embeddable":true,"href":"https:\/\/www.sikortex.com\/pl\/wp-json\/wp\/v2\/product_cat?post=4242"},{"taxonomy":"product_tag","embeddable":true,"href":"https:\/\/www.sikortex.com\/pl\/wp-json\/wp\/v2\/product_tag?post=4242"}],"curies":[{"name":"wp","href":"https:\/\/api.w.org\/{rel}","templated":true}]}}