{"id":4236,"date":"2023-06-26T15:03:46","date_gmt":"2023-06-26T07:03:46","guid":{"rendered":"http:\/\/shihan.vihsu.com\/?post_type=product&#038;p=4236"},"modified":"2025-02-24T12:33:22","modified_gmt":"2025-02-24T04:33:22","slug":"tkanina-skrecona-zakardowo-poliestrowa-oxford-600d","status":"publish","type":"product","link":"https:\/\/www.sikortex.com\/pl\/produkt\/tkanina-skrecona-zakardowo-poliestrowa-oxford-600d\/","title":{"rendered":"Skr\u0119cona \u017cakardowa tkanina poliestrowa Oxford 600D"},"content":{"rendered":"<p>Producent tkanin u\u017cytkowych SIKOR-TEX<\/p>\n<p><span style=\"color: #3366ff;\"><a style=\"color: #3366ff;\" href=\"https:\/\/www.sikortex.com\/pl\/profil-firmy\/\">SIKOR-TEX<\/a><\/span> Skr\u0119cony \u017cakard poliestrowy <a href=\"https:\/\/www.sikortex.com\/pl\/nylonowo-bawelniana-tkanina-ripstop-tkanina-wiatrowka-5\/\"><span style=\"color: #3366ff;\">Oksford<\/span><\/a> Tkanina 600D to wysokiej jako\u015bci tkanina, kt\u00f3ra jest trwa\u0142a, <a href=\"https:\/\/www.sikortex.com\/pl\/wodoodporny-oddychajacy-material\/\"><span style=\"color: #3366ff;\">wodoodporny i oddychaj\u0105cy<\/span><\/a>Nadaje si\u0119 do stosowania w takich dziedzinach, jak odzie\u017c motocyklowa, mundury policyjne i odzie\u017c robocza na zewn\u0105trz.<\/p>\n<p>Skr\u0119cona prz\u0119dza zwi\u0119ksza sp\u00f3jno\u015b\u0107 pomi\u0119dzy w\u0142\u00f3knami, poprawiaj\u0105c odporno\u015b\u0107 na zu\u017cycie. Jednocze\u015bnie powierzchnia tkaniny posiada delikatny po\u0142ysk, kt\u00f3ry nadaje jej eleganck\u0105 faktur\u0119.<\/p>\n<p>Do odzie\u017cy motocyklowej i <a href=\"https:\/\/www.sikortex.com\/pl\/tkanina-wojskowa-ripstop\/\"><span style=\"color: #3366ff;\">mundury policyjne<\/span><\/a>, trwa\u0142o\u015b\u0107 tkaniny i jej w\u0142a\u015bciwo\u015bci wodoodporne s\u0105 niezb\u0119dne. Tego typu odzie\u017c wymaga materia\u0142\u00f3w, kt\u00f3re mog\u0105 wytrzyma\u0107 r\u00f3\u017cne wyzwania \u015brodowiskowe i fizyczne, a jednocze\u015bnie s\u0105 wodoodporne i wiatroszczelne.<\/p>\n<p>W dziedzinie outdooru <a href=\"https:\/\/www.sikortex.com\/pl\/czasopismo\/tkaniny-na-odziez-robocza\/\"><span style=\"color: #3366ff;\">odzie\u017c robocza<\/span><\/a>, Poliester 600D Twisted Jacquard Oxford Fabric to r\u00f3wnie\u017c idealny materia\u0142. Odzie\u017c robocza do u\u017cytku na zewn\u0105trz musi by\u0107 trwa\u0142a, wodoodporna i oddychaj\u0105ca, aby chroni\u0107 bezpiecze\u0144stwo i zdrowie pracownik\u00f3w. Ponadto materia\u0142 ten mo\u017cna powleka\u0107, aby zwi\u0119kszy\u0107 jego wodoodporno\u015b\u0107 i trwa\u0142o\u015b\u0107 w zale\u017cno\u015bci od konkretnych wymaga\u0144.<\/p>\n<p>&nbsp;<\/p>","protected":false},"excerpt":{"rendered":"<p>600 metr\u00f3w (min. zam\u00f3wienie)<\/p>","protected":false},"featured_media":4250,"comment_status":"closed","ping_status":"closed","template":"","meta":{"_uag_custom_page_level_css":"","site-sidebar-layout":"default","site-content-layout":"default","ast-site-content-layout":"default","site-content-style":"default","site-sidebar-style":"default","ast-global-header-display":"","ast-banner-title-visibility":"","ast-main-header-display":"","ast-hfb-above-header-display":"","ast-hfb-below-header-display":"","ast-hfb-mobile-header-display":"","site-post-title":"","ast-breadcrumbs-content":"","ast-featured-img":"","footer-sml-layout":"","theme-transparent-header-meta":"default","adv-header-id-meta":"","stick-header-meta":"default","header-above-stick-meta":"","header-main-stick-meta":"","header-below-stick-meta":"","astra-migrate-meta-layouts":"set","ast-page-background-enabled":"default","ast-page-background-meta":{"desktop":{"background-color":"","background-image":"","background-repeat":"repeat","background-position":"center center","background-size":"auto","background-attachment":"scroll","background-type":"","background-media":"","overlay-type":"","overlay-color":"","overlay-opacity":"","overlay-gradient":""},"tablet":{"background-color":"","background-image":"","background-repeat":"repeat","background-position":"center center","background-size":"auto","background-attachment":"scroll","background-type":"","background-media":"","overlay-type":"","overlay-color":"","overlay-opacity":"","overlay-gradient":""},"mobile":{"background-color":"","background-image":"","background-repeat":"repeat","background-position":"center center","background-size":"auto","background-attachment":"scroll","background-type":"","background-media":"","overlay-type":"","overlay-color":"","overlay-opacity":"","overlay-gradient":""}},"ast-content-background-meta":{"desktop":{"background-color":"var(--ast-global-color-5)","background-image":"","background-repeat":"repeat","background-position":"center center","background-size":"auto","background-attachment":"scroll","background-type":"","background-media":"","overlay-type":"","overlay-color":"","overlay-opacity":"","overlay-gradient":""},"tablet":{"background-color":"var(--ast-global-color-5)","background-image":"","background-repeat":"repeat","background-position":"center center","background-size":"auto","background-attachment":"scroll","background-type":"","background-media":"","overlay-type":"","overlay-color":"","overlay-opacity":"","overlay-gradient":""},"mobile":{"background-color":"var(--ast-global-color-5)","background-image":"","background-repeat":"repeat","background-position":"center center","background-size":"auto","background-attachment":"scroll","background-type":"","background-media":"","overlay-type":"","overlay-color":"","overlay-opacity":"","overlay-gradient":""}}},"product_brand":[],"product_cat":[1206,432,1184,403,433,414],"product_tag":[],"class_list":{"0":"post-4236","1":"product","2":"type-product","3":"status-publish","4":"has-post-thumbnail","6":"product_cat-fabric-for-bag","7":"product_cat-fabric-for-tent","8":"product_cat-oxford-fabric","9":"product_cat-polyester-fabrics","10":"product_cat-textile-for-industrial","11":"product_cat-waterproof-fabrics","12":"pa_available_colors-h-black","13":"desktop-align-left","14":"tablet-align-left","15":"mobile-align-left","16":"ast-product-gallery-layout-vertical-slider","17":"ast-product-tabs-layout-horizontal","19":"first","20":"instock","21":"shipping-taxable","22":"product-type-simple"},"uagb_featured_image_src":{"full":["https:\/\/www.sikortex.com\/wp-content\/uploads\/2023\/06\/9233997470_1202519561-1.jpg",1024,1024,false],"thumbnail":["https:\/\/www.sikortex.com\/wp-content\/uploads\/2023\/06\/9233997470_1202519561-1-150x150.jpg",150,150,true],"medium":["https:\/\/www.sikortex.com\/wp-content\/uploads\/2023\/06\/9233997470_1202519561-1-300x300.jpg",300,300,true],"medium_large":["https:\/\/www.sikortex.com\/wp-content\/uploads\/2023\/06\/9233997470_1202519561-1-768x768.jpg",768,768,true],"large":["https:\/\/www.sikortex.com\/wp-content\/uploads\/2023\/06\/9233997470_1202519561-1.jpg",1024,1024,false],"1536x1536":["https:\/\/www.sikortex.com\/wp-content\/uploads\/2023\/06\/9233997470_1202519561-1.jpg",1024,1024,false],"2048x2048":["https:\/\/www.sikortex.com\/wp-content\/uploads\/2023\/06\/9233997470_1202519561-1.jpg",1024,1024,false],"trp-custom-language-flag":["https:\/\/www.sikortex.com\/wp-content\/uploads\/2023\/06\/9233997470_1202519561-1.jpg",12,12,false],"woocommerce_thumbnail":["https:\/\/www.sikortex.com\/wp-content\/uploads\/2023\/06\/9233997470_1202519561-1-300x300.jpg",300,300,true],"woocommerce_single":["https:\/\/www.sikortex.com\/wp-content\/uploads\/2023\/06\/9233997470_1202519561-1-600x600.jpg",600,600,true],"woocommerce_gallery_thumbnail":["https:\/\/www.sikortex.com\/wp-content\/uploads\/2023\/06\/9233997470_1202519561-1-100x100.jpg",100,100,true]},"uagb_author_info":{"display_name":"Perry","author_link":"https:\/\/www.sikortex.com\/pl\/author\/"},"uagb_comment_info":0,"uagb_excerpt":"600 Meters(Min.Order)","_links":{"self":[{"href":"https:\/\/www.sikortex.com\/pl\/wp-json\/wp\/v2\/product\/4236","targetHints":{"allow":["GET"]}}],"collection":[{"href":"https:\/\/www.sikortex.com\/pl\/wp-json\/wp\/v2\/product"}],"about":[{"href":"https:\/\/www.sikortex.com\/pl\/wp-json\/wp\/v2\/types\/product"}],"replies":[{"embeddable":true,"href":"https:\/\/www.sikortex.com\/pl\/wp-json\/wp\/v2\/comments?post=4236"}],"wp:featuredmedia":[{"embeddable":true,"href":"https:\/\/www.sikortex.com\/pl\/wp-json\/wp\/v2\/media\/4250"}],"wp:attachment":[{"href":"https:\/\/www.sikortex.com\/pl\/wp-json\/wp\/v2\/media?parent=4236"}],"wp:term":[{"taxonomy":"product_brand","embeddable":true,"href":"https:\/\/www.sikortex.com\/pl\/wp-json\/wp\/v2\/product_brand?post=4236"},{"taxonomy":"product_cat","embeddable":true,"href":"https:\/\/www.sikortex.com\/pl\/wp-json\/wp\/v2\/product_cat?post=4236"},{"taxonomy":"product_tag","embeddable":true,"href":"https:\/\/www.sikortex.com\/pl\/wp-json\/wp\/v2\/product_tag?post=4236"}],"curies":[{"name":"wp","href":"https:\/\/api.w.org\/{rel}","templated":true}]}}