{"id":4180,"date":"2023-06-25T15:16:24","date_gmt":"2023-06-25T07:16:24","guid":{"rendered":"http:\/\/shihan.vihsu.com\/?post_type=product&#038;p=4180"},"modified":"2025-01-18T11:32:54","modified_gmt":"2025-01-18T03:32:54","slug":"nylon-320d-skosny-rozciagliwy-w-czterech-kierunkach-laminowany-tpu-tkanina","status":"publish","type":"product","link":"https:\/\/www.sikortex.com\/pl\/produkt\/nylon-320d-skosny-rozciagliwy-w-czterech-kierunkach-laminowany-tpu-tkanina\/","title":{"rendered":"Tkanina TPU laminowana nylonem 320D i spandexem"},"content":{"rendered":"<h6>Producent tkanin u\u017cytkowych SIKOR-TEX<\/h6>\n<p><a href=\"https:\/\/www.sikortex.com\/pl\/profil-firmy\/\"><span style=\"color: #3366ff;\">SIKOR-TEX<\/span><\/a> 320D <a href=\"https:\/\/www.sikortex.com\/pl\/producent-tkanin-nylonowych\/\"><span style=\"color: #3366ff;\">Nylon<\/span><\/a> Spandex Laminated TPU Fabric, najlepszy towarzysz dla entuzjast\u00f3w outdooru i poszukiwaczy przyg\u00f3d. Zaprojektowany z precyzj\u0105 i innowacj\u0105, ten materia\u0142 zosta\u0142 zaprojektowany, aby da\u0107 Ci si\u0142\u0119 podczas Twoich g\u00f3rskich wypraw.<\/p>\n<p>Wykonany z wysokiej jako\u015bci mieszanki nylonu i lycry, nasz materia\u0142 zapewnia wyj\u0105tkow\u0105 rozci\u0105gliwo\u015b\u0107 i elastyczno\u015b\u0107, zapewniaj\u0105c nieograniczony ruch i zwinno\u015b\u0107 nawet w najtrudniejszym terenie. Ciesz si\u0119 swobod\u0105 przekraczania granic przy zachowaniu optymalnego komfortu.<\/p>\n<p>Dzi\u0119ki zaawansowanym w\u0142a\u015bciwo\u015bciom odprowadzania wilgoci nasza tkanina TPU zapewnia sucho\u015b\u0107 i wygod\u0119, pozwalaj\u0105c cia\u0142u oddycha\u0107 podczas intensywnych \u0107wicze\u0144 fizycznych. Po\u017cegnaj dyskomfort spowodowany potem i powitaj zwi\u0119kszon\u0105 wydajno\u015b\u0107.<\/p>\n<p>Trwa\u0142a konstrukcja naszego materia\u0142u TPU zapewnia d\u0142ugotrwa\u0142e u\u017cytkowanie i <a href=\"\/pl\/dostawca-tkanin-ripstop\/\"><span style=\"color: #3366ff;\">odporno\u015b\u0107 na rozdarcie<\/span><\/a>, dzi\u0119ki czemu mo\u017cesz pewnie pokonywa\u0107 trudne krajobrazy. Zosta\u0142 zaprojektowany tak, aby wytrzyma\u0107 wymagania wspinaczki g\u00f3rskiej, zapewniaj\u0105c trwa\u0142o\u015b\u0107 bez uszczerbku dla komfortu.<\/p>\n<p>Niezale\u017cnie od tego, czy potrzebujesz kurtek, spodni, czy innego sprz\u0119tu do wspinaczki g\u00f3rskiej, nasza tkanina do wspinaczki z nylonu Lycra spandex jest idealnym wyborem. Do\u015bwiadcz idealnego po\u0142\u0105czenia funkcjonalno\u015bci, elastyczno\u015bci i wydajno\u015bci i wznie\u015b swoje zaj\u0119cia na \u015bwie\u017cym powietrzu na nowy poziom. Wybierz nasz\u0105 tkanin\u0119 i odblokuj sw\u00f3j prawdziwy potencja\u0142 na \u015bwie\u017cym powietrzu.<\/p>\n<p>Rozci\u0105ga\u0107 si\u0119 <span style=\"color: #3366ff;\"><a style=\"color: #3366ff;\" href=\"https:\/\/www.sikortex.com\/pl\/tkaniny-kordura\/\">kordura<\/a><\/span> tkanina<\/p>","protected":false},"excerpt":{"rendered":"<p>1000 metr\u00f3w (min. zam\u00f3wienie)<\/p>","protected":false},"featured_media":4183,"comment_status":"closed","ping_status":"closed","template":"","meta":{"_uag_custom_page_level_css":"","site-sidebar-layout":"default","site-content-layout":"default","ast-site-content-layout":"","site-content-style":"default","site-sidebar-style":"default","ast-global-header-display":"","ast-banner-title-visibility":"","ast-main-header-display":"","ast-hfb-above-header-display":"","ast-hfb-below-header-display":"","ast-hfb-mobile-header-display":"","site-post-title":"","ast-breadcrumbs-content":"","ast-featured-img":"","footer-sml-layout":"","theme-transparent-header-meta":"default","adv-header-id-meta":"","stick-header-meta":"default","header-above-stick-meta":"","header-main-stick-meta":"","header-below-stick-meta":"","astra-migrate-meta-layouts":"default","ast-page-background-enabled":"default","ast-page-background-meta":{"desktop":{"background-color":"","background-image":"","background-repeat":"repeat","background-position":"center center","background-size":"auto","background-attachment":"scroll","background-type":"","background-media":"","overlay-type":"","overlay-color":"","overlay-opacity":"","overlay-gradient":""},"tablet":{"background-color":"","background-image":"","background-repeat":"repeat","background-position":"center center","background-size":"auto","background-attachment":"scroll","background-type":"","background-media":"","overlay-type":"","overlay-color":"","overlay-opacity":"","overlay-gradient":""},"mobile":{"background-color":"","background-image":"","background-repeat":"repeat","background-position":"center center","background-size":"auto","background-attachment":"scroll","background-type":"","background-media":"","overlay-type":"","overlay-color":"","overlay-opacity":"","overlay-gradient":""}},"ast-content-background-meta":{"desktop":{"background-color":"var(--ast-global-color-5)","background-image":"","background-repeat":"repeat","background-position":"center center","background-size":"auto","background-attachment":"scroll","background-type":"","background-media":"","overlay-type":"","overlay-color":"","overlay-opacity":"","overlay-gradient":""},"tablet":{"background-color":"var(--ast-global-color-5)","background-image":"","background-repeat":"repeat","background-position":"center center","background-size":"auto","background-attachment":"scroll","background-type":"","background-media":"","overlay-type":"","overlay-color":"","overlay-opacity":"","overlay-gradient":""},"mobile":{"background-color":"var(--ast-global-color-5)","background-image":"","background-repeat":"repeat","background-position":"center center","background-size":"auto","background-attachment":"scroll","background-type":"","background-media":"","overlay-type":"","overlay-color":"","overlay-opacity":"","overlay-gradient":""}}},"product_brand":[],"product_cat":[431,423,428,421,404,420,414],"product_tag":[],"class_list":{"0":"post-4180","1":"product","2":"type-product","3":"status-publish","4":"has-post-thumbnail","6":"product_cat-fabric-for-commuting-clothing","7":"product_cat-fabric-for-military-police","8":"product_cat-fabric-for-outdoor-sports","9":"product_cat-foul-weather-fabrics","10":"product_cat-nylon-fabrics","11":"product_cat-stretch-fabrics","12":"product_cat-waterproof-fabrics","13":"pa_available_colors-911052-spc","14":"desktop-align-left","15":"tablet-align-left","16":"mobile-align-left","17":"ast-product-gallery-layout-vertical-slider","18":"ast-product-tabs-layout-horizontal","20":"first","21":"instock","22":"shipping-taxable","23":"product-type-simple"},"uagb_featured_image_src":{"full":["https:\/\/www.sikortex.com\/wp-content\/uploads\/2023\/06\/O1CN01C4pMgG1zLHBenx7CU_956506697-0-cib.jpg",1024,1024,false],"thumbnail":["https:\/\/www.sikortex.com\/wp-content\/uploads\/2023\/06\/O1CN01C4pMgG1zLHBenx7CU_956506697-0-cib-150x150.jpg",150,150,true],"medium":["https:\/\/www.sikortex.com\/wp-content\/uploads\/2023\/06\/O1CN01C4pMgG1zLHBenx7CU_956506697-0-cib-300x300.jpg",300,300,true],"medium_large":["https:\/\/www.sikortex.com\/wp-content\/uploads\/2023\/06\/O1CN01C4pMgG1zLHBenx7CU_956506697-0-cib-768x768.jpg",768,768,true],"large":["https:\/\/www.sikortex.com\/wp-content\/uploads\/2023\/06\/O1CN01C4pMgG1zLHBenx7CU_956506697-0-cib.jpg",1024,1024,false],"1536x1536":["https:\/\/www.sikortex.com\/wp-content\/uploads\/2023\/06\/O1CN01C4pMgG1zLHBenx7CU_956506697-0-cib.jpg",1024,1024,false],"2048x2048":["https:\/\/www.sikortex.com\/wp-content\/uploads\/2023\/06\/O1CN01C4pMgG1zLHBenx7CU_956506697-0-cib.jpg",1024,1024,false],"trp-custom-language-flag":["https:\/\/www.sikortex.com\/wp-content\/uploads\/2023\/06\/O1CN01C4pMgG1zLHBenx7CU_956506697-0-cib.jpg",12,12,false],"woocommerce_thumbnail":["https:\/\/www.sikortex.com\/wp-content\/uploads\/2023\/06\/O1CN01C4pMgG1zLHBenx7CU_956506697-0-cib-300x300.jpg",300,300,true],"woocommerce_single":["https:\/\/www.sikortex.com\/wp-content\/uploads\/2023\/06\/O1CN01C4pMgG1zLHBenx7CU_956506697-0-cib-600x600.jpg",600,600,true],"woocommerce_gallery_thumbnail":["https:\/\/www.sikortex.com\/wp-content\/uploads\/2023\/06\/O1CN01C4pMgG1zLHBenx7CU_956506697-0-cib-100x100.jpg",100,100,true]},"uagb_author_info":{"display_name":"Perry","author_link":"https:\/\/www.sikortex.com\/pl\/author\/"},"uagb_comment_info":0,"uagb_excerpt":"1000 Meters(Min.Order)","_links":{"self":[{"href":"https:\/\/www.sikortex.com\/pl\/wp-json\/wp\/v2\/product\/4180","targetHints":{"allow":["GET"]}}],"collection":[{"href":"https:\/\/www.sikortex.com\/pl\/wp-json\/wp\/v2\/product"}],"about":[{"href":"https:\/\/www.sikortex.com\/pl\/wp-json\/wp\/v2\/types\/product"}],"replies":[{"embeddable":true,"href":"https:\/\/www.sikortex.com\/pl\/wp-json\/wp\/v2\/comments?post=4180"}],"wp:featuredmedia":[{"embeddable":true,"href":"https:\/\/www.sikortex.com\/pl\/wp-json\/wp\/v2\/media\/4183"}],"wp:attachment":[{"href":"https:\/\/www.sikortex.com\/pl\/wp-json\/wp\/v2\/media?parent=4180"}],"wp:term":[{"taxonomy":"product_brand","embeddable":true,"href":"https:\/\/www.sikortex.com\/pl\/wp-json\/wp\/v2\/product_brand?post=4180"},{"taxonomy":"product_cat","embeddable":true,"href":"https:\/\/www.sikortex.com\/pl\/wp-json\/wp\/v2\/product_cat?post=4180"},{"taxonomy":"product_tag","embeddable":true,"href":"https:\/\/www.sikortex.com\/pl\/wp-json\/wp\/v2\/product_tag?post=4180"}],"curies":[{"name":"wp","href":"https:\/\/api.w.org\/{rel}","templated":true}]}}