{"id":4168,"date":"2023-06-25T15:08:36","date_gmt":"2023-06-25T07:08:36","guid":{"rendered":"http:\/\/shihan.vihsu.com\/?post_type=product&#038;p=4168"},"modified":"2025-02-17T17:44:50","modified_gmt":"2025-02-17T09:44:50","slug":"poliester-600d750d-pasek-zakard-oxford","status":"publish","type":"product","link":"https:\/\/www.sikortex.com\/pl\/produkt\/poliester-600d750d-pasek-zakard-oxford\/","title":{"rendered":"Poliester 600D*750D Tkanina Oxford w paski \u017cakardowe na derki dla koni"},"content":{"rendered":"<p>SIKOR-TEX Poliester 600D*750D Stripe Jacquard Oxford Fabric For Horse Blanket to wysokiej jako\u015bci tkanina, odpowiednia na odzie\u017c motocyklow\u0105, mundury patrolowe, odzie\u017c robocz\u0105 na zewn\u0105trz i inne pola. Jest trwa\u0142a, wodoodporna i oddychaj\u0105ca, a tak\u017ce mo\u017ce by\u0107 stosowana w r\u00f3\u017cnych trudnych warunkach.<\/p>\n<p>W przypadku kombinezon\u00f3w motocyklowych i mundur\u00f3w patrolowych trwa\u0142o\u015b\u0107 i wodoodporno\u015b\u0107 poliestru \u017cakardowego Oxford s\u0105 niezb\u0119dne. Kombinezony motocyklowe i mundury policyjne wymagaj\u0105 materia\u0142\u00f3w, kt\u00f3re wytrzymaj\u0105 r\u00f3\u017cnorodne wyzwania \u015brodowiskowe i fizyczne, a jednocze\u015bnie s\u0105 wodoodporne i wiatroszczelne. Polyeste Jacquard Oxford jest nie tylko mocny i trwa\u0142y, ale tak\u017ce wodoodporny i oddychaj\u0105cy, dzi\u0119ki czemu u\u017cytkownik pozostaje suchy i wygodny.<\/p>\n<p>Je\u015bli chodzi o odzie\u017c robocz\u0105 na \u015bwie\u017cym powietrzu, idealnym materia\u0142em jest r\u00f3wnie\u017c tkanina poliestrowa Oxford. Odzie\u017c robocza do pracy na zewn\u0105trz musi by\u0107 trwa\u0142a, wodoodporna i oddychaj\u0105ca, aby chroni\u0107 bezpiecze\u0144stwo i zdrowie pracownik\u00f3w. Ponadto materia\u0142 mo\u017cna r\u00f3wnie\u017c powleka\u0107 zgodnie z r\u00f3\u017cnymi potrzebami, aby zwi\u0119kszy\u0107 jego wodoodporno\u015b\u0107 i trwa\u0142o\u015b\u0107.<\/p>\n<p><span style=\"color: #3366ff;\"><a style=\"color: #3366ff;\" href=\"https:\/\/www.sikortex.com\/pl\/wyszukiwarka-tkanin\/\">Wyszukiwarka tkanin<\/a><\/span><\/p>","protected":false},"excerpt":{"rendered":"<p>600 metr\u00f3w (min. zam\u00f3wienie)<\/p>","protected":false},"featured_media":4169,"comment_status":"closed","ping_status":"closed","template":"","meta":{"_uag_custom_page_level_css":"","site-sidebar-layout":"default","site-content-layout":"default","ast-site-content-layout":"","site-content-style":"default","site-sidebar-style":"default","ast-global-header-display":"","ast-banner-title-visibility":"","ast-main-header-display":"","ast-hfb-above-header-display":"","ast-hfb-below-header-display":"","ast-hfb-mobile-header-display":"","site-post-title":"","ast-breadcrumbs-content":"","ast-featured-img":"","footer-sml-layout":"","theme-transparent-header-meta":"default","adv-header-id-meta":"","stick-header-meta":"default","header-above-stick-meta":"","header-main-stick-meta":"","header-below-stick-meta":"","astra-migrate-meta-layouts":"default","ast-page-background-enabled":"default","ast-page-background-meta":{"desktop":{"background-color":"","background-image":"","background-repeat":"repeat","background-position":"center center","background-size":"auto","background-attachment":"scroll","background-type":"","background-media":"","overlay-type":"","overlay-color":"","overlay-opacity":"","overlay-gradient":""},"tablet":{"background-color":"","background-image":"","background-repeat":"repeat","background-position":"center center","background-size":"auto","background-attachment":"scroll","background-type":"","background-media":"","overlay-type":"","overlay-color":"","overlay-opacity":"","overlay-gradient":""},"mobile":{"background-color":"","background-image":"","background-repeat":"repeat","background-position":"center center","background-size":"auto","background-attachment":"scroll","background-type":"","background-media":"","overlay-type":"","overlay-color":"","overlay-opacity":"","overlay-gradient":""}},"ast-content-background-meta":{"desktop":{"background-color":"var(--ast-global-color-5)","background-image":"","background-repeat":"repeat","background-position":"center center","background-size":"auto","background-attachment":"scroll","background-type":"","background-media":"","overlay-type":"","overlay-color":"","overlay-opacity":"","overlay-gradient":""},"tablet":{"background-color":"var(--ast-global-color-5)","background-image":"","background-repeat":"repeat","background-position":"center center","background-size":"auto","background-attachment":"scroll","background-type":"","background-media":"","overlay-type":"","overlay-color":"","overlay-opacity":"","overlay-gradient":""},"mobile":{"background-color":"var(--ast-global-color-5)","background-image":"","background-repeat":"repeat","background-position":"center center","background-size":"auto","background-attachment":"scroll","background-type":"","background-media":"","overlay-type":"","overlay-color":"","overlay-opacity":"","overlay-gradient":""}}},"product_brand":[],"product_cat":[1206,1183,430,432,1184,403,433,414],"product_tag":[],"class_list":{"0":"post-4168","1":"product","2":"type-product","3":"status-publish","4":"has-post-thumbnail","6":"product_cat-fabric-for-bag","7":"product_cat-fabric-for-horse-blankets","8":"product_cat-fabric-for-motorwear","9":"product_cat-fabric-for-tent","10":"product_cat-oxford-fabric","11":"product_cat-polyester-fabrics","12":"product_cat-textile-for-industrial","13":"product_cat-waterproof-fabrics","14":"pa_available_colors-1526-05","15":"pa_available_colors-1526-07","16":"pa_available_colors-1526-08","17":"pa_available_colors-8236-2","18":"pa_available_colors-8236-9","19":"pa_available_colors-911052-spc","20":"desktop-align-left","21":"tablet-align-left","22":"mobile-align-left","23":"ast-product-gallery-layout-vertical-slider","24":"ast-product-tabs-layout-horizontal","26":"first","27":"instock","28":"shipping-taxable","29":"product-type-simple"},"uagb_featured_image_src":{"full":["https:\/\/www.sikortex.com\/wp-content\/uploads\/2023\/06\/O1CN01zpS3xR1zLH7zaG7xW_956506697-0-cib.jpg",1024,1024,false],"thumbnail":["https:\/\/www.sikortex.com\/wp-content\/uploads\/2023\/06\/O1CN01zpS3xR1zLH7zaG7xW_956506697-0-cib-150x150.jpg",150,150,true],"medium":["https:\/\/www.sikortex.com\/wp-content\/uploads\/2023\/06\/O1CN01zpS3xR1zLH7zaG7xW_956506697-0-cib-300x300.jpg",300,300,true],"medium_large":["https:\/\/www.sikortex.com\/wp-content\/uploads\/2023\/06\/O1CN01zpS3xR1zLH7zaG7xW_956506697-0-cib-768x768.jpg",768,768,true],"large":["https:\/\/www.sikortex.com\/wp-content\/uploads\/2023\/06\/O1CN01zpS3xR1zLH7zaG7xW_956506697-0-cib.jpg",1024,1024,false],"1536x1536":["https:\/\/www.sikortex.com\/wp-content\/uploads\/2023\/06\/O1CN01zpS3xR1zLH7zaG7xW_956506697-0-cib.jpg",1024,1024,false],"2048x2048":["https:\/\/www.sikortex.com\/wp-content\/uploads\/2023\/06\/O1CN01zpS3xR1zLH7zaG7xW_956506697-0-cib.jpg",1024,1024,false],"trp-custom-language-flag":["https:\/\/www.sikortex.com\/wp-content\/uploads\/2023\/06\/O1CN01zpS3xR1zLH7zaG7xW_956506697-0-cib.jpg",12,12,false],"woocommerce_thumbnail":["https:\/\/www.sikortex.com\/wp-content\/uploads\/2023\/06\/O1CN01zpS3xR1zLH7zaG7xW_956506697-0-cib-300x300.jpg",300,300,true],"woocommerce_single":["https:\/\/www.sikortex.com\/wp-content\/uploads\/2023\/06\/O1CN01zpS3xR1zLH7zaG7xW_956506697-0-cib-600x600.jpg",600,600,true],"woocommerce_gallery_thumbnail":["https:\/\/www.sikortex.com\/wp-content\/uploads\/2023\/06\/O1CN01zpS3xR1zLH7zaG7xW_956506697-0-cib-100x100.jpg",100,100,true]},"uagb_author_info":{"display_name":"Perry","author_link":"https:\/\/www.sikortex.com\/pl\/author\/"},"uagb_comment_info":0,"uagb_excerpt":"600 Meters(Min.Order)","_links":{"self":[{"href":"https:\/\/www.sikortex.com\/pl\/wp-json\/wp\/v2\/product\/4168","targetHints":{"allow":["GET"]}}],"collection":[{"href":"https:\/\/www.sikortex.com\/pl\/wp-json\/wp\/v2\/product"}],"about":[{"href":"https:\/\/www.sikortex.com\/pl\/wp-json\/wp\/v2\/types\/product"}],"replies":[{"embeddable":true,"href":"https:\/\/www.sikortex.com\/pl\/wp-json\/wp\/v2\/comments?post=4168"}],"wp:featuredmedia":[{"embeddable":true,"href":"https:\/\/www.sikortex.com\/pl\/wp-json\/wp\/v2\/media\/4169"}],"wp:attachment":[{"href":"https:\/\/www.sikortex.com\/pl\/wp-json\/wp\/v2\/media?parent=4168"}],"wp:term":[{"taxonomy":"product_brand","embeddable":true,"href":"https:\/\/www.sikortex.com\/pl\/wp-json\/wp\/v2\/product_brand?post=4168"},{"taxonomy":"product_cat","embeddable":true,"href":"https:\/\/www.sikortex.com\/pl\/wp-json\/wp\/v2\/product_cat?post=4168"},{"taxonomy":"product_tag","embeddable":true,"href":"https:\/\/www.sikortex.com\/pl\/wp-json\/wp\/v2\/product_tag?post=4168"}],"curies":[{"name":"wp","href":"https:\/\/api.w.org\/{rel}","templated":true}]}}