{"id":4127,"date":"2023-06-25T10:16:56","date_gmt":"2023-06-25T02:16:56","guid":{"rendered":"http:\/\/shihan.vihsu.com\/?post_type=product&#038;p=4127"},"modified":"2025-01-09T10:18:59","modified_gmt":"2025-01-09T02:18:59","slug":"tkanina-w-kratke-nylon-500d-5mm","status":"publish","type":"product","link":"https:\/\/www.sikortex.com\/pl\/produkt\/tkanina-w-kratke-nylon-500d-5mm\/","title":{"rendered":"Nylonowa tkanina Cordura 500D o grubo\u015bci 5 mm w kratk\u0119"},"content":{"rendered":"<p><a href=\"https:\/\/www.sikortex.com\/pl\/producent-tkanin-nylonowych\/\"><span style=\"color: #3366ff;\">Nylon<\/span><\/a> 500D 5mm Sprawd\u017a balistyczn\u0105 <a href=\"https:\/\/www.sikortex.com\/pl\/tkaniny-kordura\/\"><span style=\"color: #3366ff;\">Cordura<\/span><\/a> Tkanina to materia\u0142 o wysokiej wydajno\u015bci powszechnie stosowany w produkcji toreb, plecak\u00f3w, sprz\u0119tu kempingowego i innego sprz\u0119tu outdoorowego. Jest to trwa\u0142y i wszechstronny materia\u0142, kt\u00f3ry wytrzymuje trudy u\u017cytkowania na zewn\u0105trz, w tym zu\u017cycie, rozdarcie i nara\u017cenie na dzia\u0142anie czynnik\u00f3w atmosferycznych. <a href=\"https:\/\/www.sikortex.com\/pl\/producent-tkanin-nylonowych\/\"><span style=\"color: #3366ff;\">Nylon<\/span><\/a> Tkanina w kratk\u0119 500D o grubo\u015bci 5 mm mo\u017ce by\u0107 r\u00f3wnie\u017c u\u017cywana do produkcji <a href=\"https:\/\/www.sikortex.com\/pl\/tkanina-wojskowa-ripstop\/\"><span style=\"color: #3366ff;\">wojskowy<\/span><\/a> Ubrania i <a href=\"https:\/\/www.sikortex.com\/pl\/tkanina-wojskowa-ripstop\/\"><span style=\"color: #3366ff;\">wojskowy<\/span><\/a> opr\u00f3cz sprz\u0119tu do u\u017cytku na zewn\u0105trz. Jego trwa\u0142o\u015b\u0107 i odporno\u015b\u0107 na warunki atmosferyczne sprawiaj\u0105, \u017ce jest to idealny materia\u0142 do produkt\u00f3w wymagaj\u0105cych tkanin o wysokiej wydajno\u015bci.<\/p>\n<p><a href=\"https:\/\/www.sikortex.com\/pl\/tkanina-wojskowa-ripstop\/\"><span style=\"color: #3366ff;\">Wojskowy<\/span><\/a> Ubrania i wyposa\u017cenie wymagaj\u0105 materia\u0142\u00f3w o wysokiej wydajno\u015bci, odpornych na trudne warunki i zapewniaj\u0105cych \u017co\u0142nierzom ochron\u0119. <a href=\"https:\/\/www.sikortex.com\/pl\/producent-tkanin-nylonowych\/\"><span style=\"color: #3366ff;\">Nylon<\/span><\/a> Tkanina w kratk\u0119 500D o grubo\u015bci 5 mm to odpowiedni materia\u0142 na <a href=\"https:\/\/www.sikortex.com\/pl\/tkanina-wojskowa-ripstop\/\"><span style=\"color: #3366ff;\">wojskowy<\/span><\/a> odzie\u017c i sprz\u0119t ze wzgl\u0119du na ich trwa\u0142o\u015b\u0107, odporno\u015b\u0107 na \u015bcieranie i rozdarcie oraz odporno\u015b\u0107 na dzia\u0142anie czynnik\u00f3w atmosferycznych.<\/p>\n<p>Opr\u00f3cz <a href=\"https:\/\/www.sikortex.com\/pl\/tkanina-wojskowa-ripstop\/\"><span style=\"color: #3366ff;\">wojskowy<\/span><\/a> odzie\u017c, mo\u017cna go r\u00f3wnie\u017c wykorzysta\u0107 do produkcji plecak\u00f3w, <a href=\"https:\/\/www.sikortex.com\/pl\/producenci-tkanin-namiotowych\/\"><span style=\"color: #3366ff;\">namioty<\/span><\/a>i inne <a href=\"https:\/\/www.sikortex.com\/pl\/tkanina-wojskowa-ripstop\/\"><span style=\"color: #3366ff;\">wojskowy<\/span><\/a> sprz\u0119t. Trwa\u0142o\u015b\u0107 tkaniny oraz odporno\u015b\u0107 na \u015bcieranie i rozdarcie sprawiaj\u0105, \u017ce nadaje si\u0119 ona do tych zastosowa\u0144. <a href=\"https:\/\/www.sikortex.com\/pl\/nylonowo-bawelniana-tkanina-ripstop-tkanina-wiatrowka-3\/\"><span style=\"color: #3366ff;\">lekki<\/span><\/a> Dzi\u0119ki temu, \u017ce tkanina jest wykonana z materia\u0142u, mo\u017cna zmniejszy\u0107 obci\u0105\u017cenie sprz\u0119tu, co u\u0142atwia \u017co\u0142nierzom przenoszenie sprz\u0119tu podczas wykonywania zada\u0144.<\/p>","protected":false},"excerpt":{"rendered":"<p>600 metr\u00f3w (min. zam\u00f3wienie)<\/p>","protected":false},"featured_media":4128,"comment_status":"closed","ping_status":"closed","template":"","meta":{"_uag_custom_page_level_css":"","site-sidebar-layout":"default","site-content-layout":"default","ast-site-content-layout":"","site-content-style":"default","site-sidebar-style":"default","ast-global-header-display":"","ast-banner-title-visibility":"","ast-main-header-display":"","ast-hfb-above-header-display":"","ast-hfb-below-header-display":"","ast-hfb-mobile-header-display":"","site-post-title":"","ast-breadcrumbs-content":"","ast-featured-img":"","footer-sml-layout":"","theme-transparent-header-meta":"default","adv-header-id-meta":"","stick-header-meta":"default","header-above-stick-meta":"","header-main-stick-meta":"","header-below-stick-meta":"","astra-migrate-meta-layouts":"default","ast-page-background-enabled":"default","ast-page-background-meta":{"desktop":{"background-color":"","background-image":"","background-repeat":"repeat","background-position":"center center","background-size":"auto","background-attachment":"scroll","background-type":"","background-media":"","overlay-type":"","overlay-color":"","overlay-opacity":"","overlay-gradient":""},"tablet":{"background-color":"","background-image":"","background-repeat":"repeat","background-position":"center center","background-size":"auto","background-attachment":"scroll","background-type":"","background-media":"","overlay-type":"","overlay-color":"","overlay-opacity":"","overlay-gradient":""},"mobile":{"background-color":"","background-image":"","background-repeat":"repeat","background-position":"center center","background-size":"auto","background-attachment":"scroll","background-type":"","background-media":"","overlay-type":"","overlay-color":"","overlay-opacity":"","overlay-gradient":""}},"ast-content-background-meta":{"desktop":{"background-color":"var(--ast-global-color-5)","background-image":"","background-repeat":"repeat","background-position":"center center","background-size":"auto","background-attachment":"scroll","background-type":"","background-media":"","overlay-type":"","overlay-color":"","overlay-opacity":"","overlay-gradient":""},"tablet":{"background-color":"var(--ast-global-color-5)","background-image":"","background-repeat":"repeat","background-position":"center center","background-size":"auto","background-attachment":"scroll","background-type":"","background-media":"","overlay-type":"","overlay-color":"","overlay-opacity":"","overlay-gradient":""},"mobile":{"background-color":"var(--ast-global-color-5)","background-image":"","background-repeat":"repeat","background-position":"center center","background-size":"auto","background-attachment":"scroll","background-type":"","background-media":"","overlay-type":"","overlay-color":"","overlay-opacity":"","overlay-gradient":""}}},"product_brand":[],"product_cat":[423,430,404],"product_tag":[],"class_list":{"0":"post-4127","1":"product","2":"type-product","3":"status-publish","4":"has-post-thumbnail","6":"product_cat-fabric-for-military-police","7":"product_cat-fabric-for-motorwear","8":"product_cat-nylon-fabrics","9":"pa_available_colors-911052-spc","10":"desktop-align-left","11":"tablet-align-left","12":"mobile-align-left","13":"ast-product-gallery-layout-vertical-slider","14":"ast-product-tabs-layout-horizontal","16":"first","17":"instock","18":"shipping-taxable","19":"product-type-simple"},"uagb_featured_image_src":{"full":["https:\/\/www.sikortex.com\/wp-content\/uploads\/2023\/06\/O1CN01M23KH41Bs2g30b9Zb_0-0-cib.jpg",1024,1024,false],"thumbnail":["https:\/\/www.sikortex.com\/wp-content\/uploads\/2023\/06\/O1CN01M23KH41Bs2g30b9Zb_0-0-cib-150x150.jpg",150,150,true],"medium":["https:\/\/www.sikortex.com\/wp-content\/uploads\/2023\/06\/O1CN01M23KH41Bs2g30b9Zb_0-0-cib-300x300.jpg",300,300,true],"medium_large":["https:\/\/www.sikortex.com\/wp-content\/uploads\/2023\/06\/O1CN01M23KH41Bs2g30b9Zb_0-0-cib-768x768.jpg",768,768,true],"large":["https:\/\/www.sikortex.com\/wp-content\/uploads\/2023\/06\/O1CN01M23KH41Bs2g30b9Zb_0-0-cib.jpg",1024,1024,false],"1536x1536":["https:\/\/www.sikortex.com\/wp-content\/uploads\/2023\/06\/O1CN01M23KH41Bs2g30b9Zb_0-0-cib.jpg",1024,1024,false],"2048x2048":["https:\/\/www.sikortex.com\/wp-content\/uploads\/2023\/06\/O1CN01M23KH41Bs2g30b9Zb_0-0-cib.jpg",1024,1024,false],"trp-custom-language-flag":["https:\/\/www.sikortex.com\/wp-content\/uploads\/2023\/06\/O1CN01M23KH41Bs2g30b9Zb_0-0-cib.jpg",12,12,false],"woocommerce_thumbnail":["https:\/\/www.sikortex.com\/wp-content\/uploads\/2023\/06\/O1CN01M23KH41Bs2g30b9Zb_0-0-cib-300x300.jpg",300,300,true],"woocommerce_single":["https:\/\/www.sikortex.com\/wp-content\/uploads\/2023\/06\/O1CN01M23KH41Bs2g30b9Zb_0-0-cib-600x600.jpg",600,600,true],"woocommerce_gallery_thumbnail":["https:\/\/www.sikortex.com\/wp-content\/uploads\/2023\/06\/O1CN01M23KH41Bs2g30b9Zb_0-0-cib-100x100.jpg",100,100,true]},"uagb_author_info":{"display_name":"Perry","author_link":"https:\/\/www.sikortex.com\/pl\/author\/"},"uagb_comment_info":0,"uagb_excerpt":"600 Meters(Min.Order)","_links":{"self":[{"href":"https:\/\/www.sikortex.com\/pl\/wp-json\/wp\/v2\/product\/4127","targetHints":{"allow":["GET"]}}],"collection":[{"href":"https:\/\/www.sikortex.com\/pl\/wp-json\/wp\/v2\/product"}],"about":[{"href":"https:\/\/www.sikortex.com\/pl\/wp-json\/wp\/v2\/types\/product"}],"replies":[{"embeddable":true,"href":"https:\/\/www.sikortex.com\/pl\/wp-json\/wp\/v2\/comments?post=4127"}],"wp:featuredmedia":[{"embeddable":true,"href":"https:\/\/www.sikortex.com\/pl\/wp-json\/wp\/v2\/media\/4128"}],"wp:attachment":[{"href":"https:\/\/www.sikortex.com\/pl\/wp-json\/wp\/v2\/media?parent=4127"}],"wp:term":[{"taxonomy":"product_brand","embeddable":true,"href":"https:\/\/www.sikortex.com\/pl\/wp-json\/wp\/v2\/product_brand?post=4127"},{"taxonomy":"product_cat","embeddable":true,"href":"https:\/\/www.sikortex.com\/pl\/wp-json\/wp\/v2\/product_cat?post=4127"},{"taxonomy":"product_tag","embeddable":true,"href":"https:\/\/www.sikortex.com\/pl\/wp-json\/wp\/v2\/product_tag?post=4127"}],"curies":[{"name":"wp","href":"https:\/\/api.w.org\/{rel}","templated":true}]}}