{"id":4112,"date":"2023-06-25T09:57:21","date_gmt":"2023-06-25T01:57:21","guid":{"rendered":"http:\/\/shihan.vihsu.com\/?post_type=product&#038;p=4112"},"modified":"2025-01-02T13:14:56","modified_gmt":"2025-01-02T05:14:56","slug":"tkanina-powlekana-trudnopalna","status":"publish","type":"product","link":"https:\/\/www.sikortex.com\/pl\/produkt\/tkanina-powlekana-trudnopalna\/","title":{"rendered":"Nylon 550D Tkanina Oxford trudnopalna EN ISO 11612"},"content":{"rendered":"<h6>SIKOR-TEX <span style=\"color: #3366ff;\"><a style=\"color: #3366ff;\" href=\"https:\/\/www.sikortex.com\/pl\/nylonowo-bawelniana-tkanina-ripstop-tkanina-wiatrowka-5\/\">Tkanina oksfordzka<\/a><\/span> producent<\/h6>\n<p>SIKOR-TEX Nylon powlekany PU 550D <a href=\"https:\/\/www.sikortex.com\/pl\/flame-retardant-fabrics\/\"><span style=\"color: #3366ff;\">Trudnopalny<\/span><\/a> Oxford Fabric to wysoce wydajny materia\u0142 trudnopalny o doskona\u0142ej odporno\u015bci na ogie\u0144, trwa\u0142o\u015bci, oddychalno\u015bci, lekko\u015bci i \u0142atwo\u015bci czyszczenia. Dzi\u0119ki temu jest to idealny materia\u0142, kt\u00f3ry mo\u017cna szeroko stosowa\u0107 w r\u00f3\u017cnych scenariuszach.<\/p>\n<p>W dziedzinie wojskowo\u015bci w\u0142a\u015bciwo\u015bci ognioodpornej tkaniny powlekanej PU nylonu 550D sprawiaj\u0105, \u017ce jest ona szeroko stosowana w mundurach wojskowych i sprz\u0119cie wojskowym. Kiedy \u017co\u0142nierze s\u0105 na misji, napotykaj\u0105 r\u00f3\u017cne \u015brodowiska i niebezpiecze\u0144stwa. Dlatego potrzebuj\u0105 wysokiej jako\u015bci materia\u0142u, kt\u00f3ry zapewni im bezpiecze\u0144stwo. Trudnopalna tkanina powlekana PU Nylon 550D ma nie tylko w\u0142a\u015bciwo\u015bci ognioodporne, kt\u00f3re mog\u0105 zapobiega\u0107 zagro\u017ceniom po\u017carowym, ale ma r\u00f3wnie\u017c doskona\u0142\u0105 odporno\u015b\u0107 na \u015bcieranie i rozdarcie, aby wytrzyma\u0107 r\u00f3\u017cne wyzwania \u015brodowiskowe i fizyczne.<\/p>\n<p>Ponadto materia\u0142 ma dobr\u0105 oddychalno\u015b\u0107, dzi\u0119ki czemu \u017co\u0142nierze mog\u0105 by\u0107 suchi i wygodni. Jego lekka cecha mo\u017ce r\u00f3wnie\u017c zmniejszy\u0107 obci\u0105\u017cenie sprz\u0119tu, u\u0142atwiaj\u0105c \u017co\u0142nierzom wykonywanie zada\u0144. Wreszcie trudnopalna tkanina powlekana PU nylonu 550D jest \u0142atwa do czyszczenia, co mo\u017ce zapewni\u0107 czysto\u015b\u0107 i higien\u0119 sprz\u0119tu, zmniejszaj\u0105c ryzyko bakterii i infekcji.<\/p>\n<p><a href=\"https:\/\/www.sikortex.com\/pl\/tkaniny-nylonowe\/\"><span style=\"color: #3366ff;\">Nylon<\/span><\/a> ognioodporna tkanina powlekana PU mo\u017ce by\u0107 r\u00f3wnie\u017c u\u017cywana do produkcji plecak\u00f3w, namiot\u00f3w, \u015bpiwor\u00f3w i innego sprz\u0119tu, a tak\u017ce siedze\u0144 i drzwi pojazd\u00f3w wojskowych. Sprz\u0119t ten musi mie\u0107 wysokie parametry u\u017cytkowe, aby dostosowa\u0107 si\u0119 do r\u00f3\u017cnych \u015brodowisk i zada\u0144, a tak\u017ce musi mie\u0107 odporno\u015b\u0107 na ogie\u0144, trwa\u0142o\u015b\u0107, oddychalno\u015b\u0107, lekko\u015b\u0107 i \u0142atwo\u015b\u0107 czyszczenia, aby chroni\u0107 bezpiecze\u0144stwo i zdrowie \u017co\u0142nierzy.<\/p>","protected":false},"excerpt":{"rendered":"<p>2000 metr\u00f3w (min. zam\u00f3wienie)<\/p>","protected":false},"featured_media":4113,"comment_status":"closed","ping_status":"closed","template":"","meta":{"_uag_custom_page_level_css":"","site-sidebar-layout":"default","site-content-layout":"default","ast-site-content-layout":"","site-content-style":"default","site-sidebar-style":"default","ast-global-header-display":"","ast-banner-title-visibility":"","ast-main-header-display":"","ast-hfb-above-header-display":"","ast-hfb-below-header-display":"","ast-hfb-mobile-header-display":"","site-post-title":"","ast-breadcrumbs-content":"","ast-featured-img":"","footer-sml-layout":"","theme-transparent-header-meta":"default","adv-header-id-meta":"","stick-header-meta":"default","header-above-stick-meta":"","header-main-stick-meta":"","header-below-stick-meta":"","astra-migrate-meta-layouts":"default","ast-page-background-enabled":"default","ast-page-background-meta":{"desktop":{"background-color":"","background-image":"","background-repeat":"repeat","background-position":"center center","background-size":"auto","background-attachment":"scroll","background-type":"","background-media":"","overlay-type":"","overlay-color":"","overlay-opacity":"","overlay-gradient":""},"tablet":{"background-color":"","background-image":"","background-repeat":"repeat","background-position":"center center","background-size":"auto","background-attachment":"scroll","background-type":"","background-media":"","overlay-type":"","overlay-color":"","overlay-opacity":"","overlay-gradient":""},"mobile":{"background-color":"","background-image":"","background-repeat":"repeat","background-position":"center center","background-size":"auto","background-attachment":"scroll","background-type":"","background-media":"","overlay-type":"","overlay-color":"","overlay-opacity":"","overlay-gradient":""}},"ast-content-background-meta":{"desktop":{"background-color":"var(--ast-global-color-5)","background-image":"","background-repeat":"repeat","background-position":"center center","background-size":"auto","background-attachment":"scroll","background-type":"","background-media":"","overlay-type":"","overlay-color":"","overlay-opacity":"","overlay-gradient":""},"tablet":{"background-color":"var(--ast-global-color-5)","background-image":"","background-repeat":"repeat","background-position":"center center","background-size":"auto","background-attachment":"scroll","background-type":"","background-media":"","overlay-type":"","overlay-color":"","overlay-opacity":"","overlay-gradient":""},"mobile":{"background-color":"var(--ast-global-color-5)","background-image":"","background-repeat":"repeat","background-position":"center center","background-size":"auto","background-attachment":"scroll","background-type":"","background-media":"","overlay-type":"","overlay-color":"","overlay-opacity":"","overlay-gradient":""}}},"product_brand":[],"product_cat":[426,430,432,416,404,1184,427,414],"product_tag":[],"class_list":{"0":"post-4112","1":"product","2":"type-product","3":"status-publish","4":"has-post-thumbnail","6":"product_cat-constructionmining","7":"product_cat-fabric-for-motorwear","8":"product_cat-fabric-for-tent","9":"product_cat-fire-retardant-fabrics","10":"product_cat-nylon-fabrics","11":"product_cat-oxford-fabric","12":"product_cat-petroleum-and-petrochemical","13":"product_cat-waterproof-fabrics","14":"pa_available_colors-1526-35","15":"desktop-align-left","16":"tablet-align-left","17":"mobile-align-left","18":"ast-product-gallery-layout-vertical-slider","19":"ast-product-tabs-layout-horizontal","21":"first","22":"instock","23":"shipping-taxable","24":"product-type-simple"},"uagb_featured_image_src":{"full":["https:\/\/www.sikortex.com\/wp-content\/uploads\/2023\/06\/O1CN01tpTTOp1JA5g2HW6m4_3828250987-0-cib.jpg",1024,1024,false],"thumbnail":["https:\/\/www.sikortex.com\/wp-content\/uploads\/2023\/06\/O1CN01tpTTOp1JA5g2HW6m4_3828250987-0-cib-150x150.jpg",150,150,true],"medium":["https:\/\/www.sikortex.com\/wp-content\/uploads\/2023\/06\/O1CN01tpTTOp1JA5g2HW6m4_3828250987-0-cib-300x300.jpg",300,300,true],"medium_large":["https:\/\/www.sikortex.com\/wp-content\/uploads\/2023\/06\/O1CN01tpTTOp1JA5g2HW6m4_3828250987-0-cib-768x768.jpg",768,768,true],"large":["https:\/\/www.sikortex.com\/wp-content\/uploads\/2023\/06\/O1CN01tpTTOp1JA5g2HW6m4_3828250987-0-cib.jpg",1024,1024,false],"1536x1536":["https:\/\/www.sikortex.com\/wp-content\/uploads\/2023\/06\/O1CN01tpTTOp1JA5g2HW6m4_3828250987-0-cib.jpg",1024,1024,false],"2048x2048":["https:\/\/www.sikortex.com\/wp-content\/uploads\/2023\/06\/O1CN01tpTTOp1JA5g2HW6m4_3828250987-0-cib.jpg",1024,1024,false],"trp-custom-language-flag":["https:\/\/www.sikortex.com\/wp-content\/uploads\/2023\/06\/O1CN01tpTTOp1JA5g2HW6m4_3828250987-0-cib.jpg",12,12,false],"woocommerce_thumbnail":["https:\/\/www.sikortex.com\/wp-content\/uploads\/2023\/06\/O1CN01tpTTOp1JA5g2HW6m4_3828250987-0-cib-300x300.jpg",300,300,true],"woocommerce_single":["https:\/\/www.sikortex.com\/wp-content\/uploads\/2023\/06\/O1CN01tpTTOp1JA5g2HW6m4_3828250987-0-cib-600x600.jpg",600,600,true],"woocommerce_gallery_thumbnail":["https:\/\/www.sikortex.com\/wp-content\/uploads\/2023\/06\/O1CN01tpTTOp1JA5g2HW6m4_3828250987-0-cib-100x100.jpg",100,100,true]},"uagb_author_info":{"display_name":"Perry","author_link":"https:\/\/www.sikortex.com\/pl\/author\/"},"uagb_comment_info":0,"uagb_excerpt":"2000 Meters(Min.Order)","_links":{"self":[{"href":"https:\/\/www.sikortex.com\/pl\/wp-json\/wp\/v2\/product\/4112","targetHints":{"allow":["GET"]}}],"collection":[{"href":"https:\/\/www.sikortex.com\/pl\/wp-json\/wp\/v2\/product"}],"about":[{"href":"https:\/\/www.sikortex.com\/pl\/wp-json\/wp\/v2\/types\/product"}],"replies":[{"embeddable":true,"href":"https:\/\/www.sikortex.com\/pl\/wp-json\/wp\/v2\/comments?post=4112"}],"wp:featuredmedia":[{"embeddable":true,"href":"https:\/\/www.sikortex.com\/pl\/wp-json\/wp\/v2\/media\/4113"}],"wp:attachment":[{"href":"https:\/\/www.sikortex.com\/pl\/wp-json\/wp\/v2\/media?parent=4112"}],"wp:term":[{"taxonomy":"product_brand","embeddable":true,"href":"https:\/\/www.sikortex.com\/pl\/wp-json\/wp\/v2\/product_brand?post=4112"},{"taxonomy":"product_cat","embeddable":true,"href":"https:\/\/www.sikortex.com\/pl\/wp-json\/wp\/v2\/product_cat?post=4112"},{"taxonomy":"product_tag","embeddable":true,"href":"https:\/\/www.sikortex.com\/pl\/wp-json\/wp\/v2\/product_tag?post=4112"}],"curies":[{"name":"wp","href":"https:\/\/api.w.org\/{rel}","templated":true}]}}