{"id":4106,"date":"2023-06-25T09:47:51","date_gmt":"2023-06-25T01:47:51","guid":{"rendered":"http:\/\/shihan.vihsu.com\/?post_type=product&#038;p=4106"},"modified":"2023-10-23T13:17:22","modified_gmt":"2023-10-23T05:17:22","slug":"20d-nylon-66-tkanina-w-krate-o-wysokiej-wytrzymalosci","status":"publish","type":"product","link":"https:\/\/www.sikortex.com\/pl\/produkt\/20d-nylon-66-tkanina-w-krate-o-wysokiej-wytrzymalosci\/","title":{"rendered":"Lekka tkanina w krat\u0119 20D Ripstop Nylon 66"},"content":{"rendered":"<p>Lekka tkanina w krat\u0119 SIKOR-TEX 20D Ripstop Nylon 66 jest sztywniejsza i zwykle trwalsza ni\u017c Nylon 6, ma lepsz\u0105 odporno\u015b\u0107 chemiczn\u0105 na nasycony chlorek wapnia, wi\u0119kszy skurcz formy i wy\u017csz\u0105 odporno\u015b\u0107 na \u015bcieranie. Materia\u0142 jest lekki i ma wysok\u0105 wytrzyma\u0142o\u015b\u0107 mechaniczn\u0105, wytrzyma\u0142o\u015b\u0107, sztywno\u015b\u0107 i twardo\u015b\u0107. Ma r\u00f3wnie\u017c dobr\u0105 odporno\u015b\u0107 na zm\u0119czenie i uderzenia, doskona\u0142\u0105 odporno\u015b\u0107 na zu\u017cycie, dobre w\u0142a\u015bciwo\u015bci elektroizolacyjne oraz doskona\u0142\u0105 odporno\u015b\u0107 na paliwo i olej.<\/p>\n<p>Je\u015bli szukasz wszechstronnego i trwa\u0142ego materia\u0142u, nie szukaj dalej ni\u017c Nylon 66. Dzi\u0119ki doskona\u0142ym w\u0142a\u015bciwo\u015bciom mechanicznym, w tym wysokiej wytrzyma\u0142o\u015bci, wytrzyma\u0142o\u015bci i sztywno\u015bci, idealnie nadaje si\u0119 do szerokiego zakresu zastosowa\u0144. Niezale\u017cnie od tego, czy szukasz sprz\u0119tu outdoorowego, wytrzyma\u0142ych toreb czy trwa\u0142ej odzie\u017cy, tkanina Nylon 66 to doskona\u0142y wyb\u00f3r. Doskona\u0142a odporno\u015b\u0107 na paliwo i oleje sprawia, \u017ce idealnie nadaje si\u0119 do zastosowa\u0144 motoryzacyjnych i przemys\u0142owych, a lekka konstrukcja sprawia, \u017ce idealnie nadaje si\u0119 do wszystkiego, co musi by\u0107 zar\u00f3wno mocne, jak i \u0142atwe do przenoszenia. Bior\u0105c pod uwag\u0119 wszystkie te zalety, jasne jest, \u017ce tkanina Nylon 66 to m\u0105dry wyb\u00f3r dla ka\u017cdego, kto chce tworzy\u0107 wysokiej jako\u015bci, trwa\u0142e produkty.<\/p>","protected":false},"excerpt":{"rendered":"<p>1200 metr\u00f3w (min. zam\u00f3wienie)<\/p>","protected":false},"featured_media":4107,"comment_status":"closed","ping_status":"closed","template":"","meta":{"_uag_custom_page_level_css":"","site-sidebar-layout":"default","site-content-layout":"default","ast-site-content-layout":"","site-content-style":"default","site-sidebar-style":"default","ast-global-header-display":"","ast-banner-title-visibility":"","ast-main-header-display":"","ast-hfb-above-header-display":"","ast-hfb-below-header-display":"","ast-hfb-mobile-header-display":"","site-post-title":"","ast-breadcrumbs-content":"","ast-featured-img":"","footer-sml-layout":"","theme-transparent-header-meta":"default","adv-header-id-meta":"","stick-header-meta":"default","header-above-stick-meta":"","header-main-stick-meta":"","header-below-stick-meta":"","astra-migrate-meta-layouts":"default","ast-page-background-enabled":"default","ast-page-background-meta":{"desktop":{"background-color":"","background-image":"","background-repeat":"repeat","background-position":"center center","background-size":"auto","background-attachment":"scroll","background-type":"","background-media":"","overlay-type":"","overlay-color":"","overlay-opacity":"","overlay-gradient":""},"tablet":{"background-color":"","background-image":"","background-repeat":"repeat","background-position":"center center","background-size":"auto","background-attachment":"scroll","background-type":"","background-media":"","overlay-type":"","overlay-color":"","overlay-opacity":"","overlay-gradient":""},"mobile":{"background-color":"","background-image":"","background-repeat":"repeat","background-position":"center center","background-size":"auto","background-attachment":"scroll","background-type":"","background-media":"","overlay-type":"","overlay-color":"","overlay-opacity":"","overlay-gradient":""}},"ast-content-background-meta":{"desktop":{"background-color":"var(--ast-global-color-5)","background-image":"","background-repeat":"repeat","background-position":"center center","background-size":"auto","background-attachment":"scroll","background-type":"","background-media":"","overlay-type":"","overlay-color":"","overlay-opacity":"","overlay-gradient":""},"tablet":{"background-color":"var(--ast-global-color-5)","background-image":"","background-repeat":"repeat","background-position":"center center","background-size":"auto","background-attachment":"scroll","background-type":"","background-media":"","overlay-type":"","overlay-color":"","overlay-opacity":"","overlay-gradient":""},"mobile":{"background-color":"var(--ast-global-color-5)","background-image":"","background-repeat":"repeat","background-position":"center center","background-size":"auto","background-attachment":"scroll","background-type":"","background-media":"","overlay-type":"","overlay-color":"","overlay-opacity":"","overlay-gradient":""}}},"product_brand":[],"product_cat":[431,428,429,432,1145,404,433],"product_tag":[],"class_list":{"0":"post-4106","1":"product","2":"type-product","3":"status-publish","4":"has-post-thumbnail","6":"product_cat-fabric-for-commuting-clothing","7":"product_cat-fabric-for-outdoor-sports","8":"product_cat-fabric-for-sportswear","9":"product_cat-fabric-for-tent","10":"product_cat-lightweight-fabric","11":"product_cat-nylon-fabrics","12":"product_cat-textile-for-industrial","13":"pa_available_colors-1526-03","14":"desktop-align-left","15":"tablet-align-left","16":"mobile-align-left","17":"ast-product-gallery-layout-vertical-slider","18":"ast-product-tabs-layout-horizontal","20":"first","21":"instock","22":"shipping-taxable","23":"product-type-simple"},"uagb_featured_image_src":{"full":["https:\/\/www.sikortex.com\/wp-content\/uploads\/2023\/06\/O1CN010udCfx1JA5cVmpT3h_3828250987-0-cib.jpg",1024,1024,false],"thumbnail":["https:\/\/www.sikortex.com\/wp-content\/uploads\/2023\/06\/O1CN010udCfx1JA5cVmpT3h_3828250987-0-cib-150x150.jpg",150,150,true],"medium":["https:\/\/www.sikortex.com\/wp-content\/uploads\/2023\/06\/O1CN010udCfx1JA5cVmpT3h_3828250987-0-cib-300x300.jpg",300,300,true],"medium_large":["https:\/\/www.sikortex.com\/wp-content\/uploads\/2023\/06\/O1CN010udCfx1JA5cVmpT3h_3828250987-0-cib-768x768.jpg",768,768,true],"large":["https:\/\/www.sikortex.com\/wp-content\/uploads\/2023\/06\/O1CN010udCfx1JA5cVmpT3h_3828250987-0-cib.jpg",1024,1024,false],"1536x1536":["https:\/\/www.sikortex.com\/wp-content\/uploads\/2023\/06\/O1CN010udCfx1JA5cVmpT3h_3828250987-0-cib.jpg",1024,1024,false],"2048x2048":["https:\/\/www.sikortex.com\/wp-content\/uploads\/2023\/06\/O1CN010udCfx1JA5cVmpT3h_3828250987-0-cib.jpg",1024,1024,false],"trp-custom-language-flag":["https:\/\/www.sikortex.com\/wp-content\/uploads\/2023\/06\/O1CN010udCfx1JA5cVmpT3h_3828250987-0-cib.jpg",12,12,false],"woocommerce_thumbnail":["https:\/\/www.sikortex.com\/wp-content\/uploads\/2023\/06\/O1CN010udCfx1JA5cVmpT3h_3828250987-0-cib-300x300.jpg",300,300,true],"woocommerce_single":["https:\/\/www.sikortex.com\/wp-content\/uploads\/2023\/06\/O1CN010udCfx1JA5cVmpT3h_3828250987-0-cib-600x600.jpg",600,600,true],"woocommerce_gallery_thumbnail":["https:\/\/www.sikortex.com\/wp-content\/uploads\/2023\/06\/O1CN010udCfx1JA5cVmpT3h_3828250987-0-cib-100x100.jpg",100,100,true]},"uagb_author_info":{"display_name":"Perry","author_link":"https:\/\/www.sikortex.com\/pl\/author\/"},"uagb_comment_info":0,"uagb_excerpt":"1200 Meters(Min.Order)","_links":{"self":[{"href":"https:\/\/www.sikortex.com\/pl\/wp-json\/wp\/v2\/product\/4106","targetHints":{"allow":["GET"]}}],"collection":[{"href":"https:\/\/www.sikortex.com\/pl\/wp-json\/wp\/v2\/product"}],"about":[{"href":"https:\/\/www.sikortex.com\/pl\/wp-json\/wp\/v2\/types\/product"}],"replies":[{"embeddable":true,"href":"https:\/\/www.sikortex.com\/pl\/wp-json\/wp\/v2\/comments?post=4106"}],"wp:featuredmedia":[{"embeddable":true,"href":"https:\/\/www.sikortex.com\/pl\/wp-json\/wp\/v2\/media\/4107"}],"wp:attachment":[{"href":"https:\/\/www.sikortex.com\/pl\/wp-json\/wp\/v2\/media?parent=4106"}],"wp:term":[{"taxonomy":"product_brand","embeddable":true,"href":"https:\/\/www.sikortex.com\/pl\/wp-json\/wp\/v2\/product_brand?post=4106"},{"taxonomy":"product_cat","embeddable":true,"href":"https:\/\/www.sikortex.com\/pl\/wp-json\/wp\/v2\/product_cat?post=4106"},{"taxonomy":"product_tag","embeddable":true,"href":"https:\/\/www.sikortex.com\/pl\/wp-json\/wp\/v2\/product_tag?post=4106"}],"curies":[{"name":"wp","href":"https:\/\/api.w.org\/{rel}","templated":true}]}}