{"id":3977,"date":"2023-06-21T17:35:03","date_gmt":"2023-06-21T09:35:03","guid":{"rendered":"http:\/\/shihan.vihsu.com\/?post_type=product&#038;p=3977"},"modified":"2025-01-09T11:34:18","modified_gmt":"2025-01-09T03:34:18","slug":"dupont-supplex-nylon-66-taslan","status":"publish","type":"product","link":"https:\/\/www.sikortex.com\/pl\/produkt\/dupont-supplex-nylon-66-taslan\/","title":{"rendered":"Tkanina DuPont SUPPLEX Nylon 66 Taslan"},"content":{"rendered":"<p><a href=\"https:\/\/www.sikortex.com\/pl\/profil-firmy\/\"><span style=\"color: #3366ff;\">SIKOR-TEX<\/span><\/a> Tkanina DuPont SUPPLEX Nylon 66 Taslan to materia\u0142 syntetyczny, kt\u00f3ry jest bardziej mi\u0119kki i wygodniejszy w noszeniu ni\u017c standardowy nylon. W\u0142\u00f3kna nylonu Supplex s\u0105 cie\u0144sze i liczniejsze ni\u017c w\u0142\u00f3kna standardowego nylonu, co sprawia, \u017ce produkt jest bardziej mi\u0119kki i bardziej <a href=\"https:\/\/www.sikortex.com\/pl\/wodoodporny-wodoodporny-odporny-na-dzialanie-wody\/\"><span style=\"color: #3366ff;\">wodoodporny<\/span><\/a>. Nylon Supplex jest stosowany g\u0142\u00f3wnie w produkcji odzie\u017cy, szczeg\u00f3lnie w strojach k\u0105pielowych i odzie\u017cy sportowej. Tkaniny tkane w\u0142\u00f3knem Supplex s\u0105 sprzedawane jako \u0142\u0105cz\u0105ce komfort bawe\u0142ny z trwa\u0142o\u015bci\u0105 nylonu.<\/p>\n<p>Zalety stosowania tkanin nylonowych Nylon 66 obejmuj\u0105 ich mi\u0119kko\u015b\u0107, trwa\u0142o\u015b\u0107, <a href=\"https:\/\/www.sikortex.com\/pl\/wodoodporny-wodoodporny-odporny-na-dzialanie-wody\/\"><span style=\"color: #3366ff;\">hydrofobowo\u015b\u0107<\/span><\/a>i komfort. Te tkaniny s\u0105 powszechnie stosowane w odzie\u017cy sportowej i strojach k\u0105pielowych ze wzgl\u0119du na ich zdolno\u015b\u0107 do wytrzymywania wilgoci i tarcia. S\u0105 r\u00f3wnie\u017c odporne na blakni\u0119cie kolor\u00f3w i kurczenie si\u0119, co czyni je idealnymi do aktywno\u015bci na \u015bwie\u017cym powietrzu i sport\u00f3w o wysokiej intensywno\u015bci.<\/p>","protected":false},"excerpt":{"rendered":"<p>600 metr\u00f3w (min. zam\u00f3wienie)<\/p>","protected":false},"featured_media":3978,"comment_status":"closed","ping_status":"closed","template":"","meta":{"_uag_custom_page_level_css":"","site-sidebar-layout":"default","site-content-layout":"default","ast-site-content-layout":"","site-content-style":"default","site-sidebar-style":"default","ast-global-header-display":"","ast-banner-title-visibility":"","ast-main-header-display":"","ast-hfb-above-header-display":"","ast-hfb-below-header-display":"","ast-hfb-mobile-header-display":"","site-post-title":"","ast-breadcrumbs-content":"","ast-featured-img":"","footer-sml-layout":"","theme-transparent-header-meta":"default","adv-header-id-meta":"","stick-header-meta":"default","header-above-stick-meta":"","header-main-stick-meta":"","header-below-stick-meta":"","astra-migrate-meta-layouts":"default","ast-page-background-enabled":"default","ast-page-background-meta":{"desktop":{"background-color":"","background-image":"","background-repeat":"repeat","background-position":"center center","background-size":"auto","background-attachment":"scroll","background-type":"","background-media":"","overlay-type":"","overlay-color":"","overlay-opacity":"","overlay-gradient":""},"tablet":{"background-color":"","background-image":"","background-repeat":"repeat","background-position":"center center","background-size":"auto","background-attachment":"scroll","background-type":"","background-media":"","overlay-type":"","overlay-color":"","overlay-opacity":"","overlay-gradient":""},"mobile":{"background-color":"","background-image":"","background-repeat":"repeat","background-position":"center center","background-size":"auto","background-attachment":"scroll","background-type":"","background-media":"","overlay-type":"","overlay-color":"","overlay-opacity":"","overlay-gradient":""}},"ast-content-background-meta":{"desktop":{"background-color":"var(--ast-global-color-5)","background-image":"","background-repeat":"repeat","background-position":"center center","background-size":"auto","background-attachment":"scroll","background-type":"","background-media":"","overlay-type":"","overlay-color":"","overlay-opacity":"","overlay-gradient":""},"tablet":{"background-color":"var(--ast-global-color-5)","background-image":"","background-repeat":"repeat","background-position":"center center","background-size":"auto","background-attachment":"scroll","background-type":"","background-media":"","overlay-type":"","overlay-color":"","overlay-opacity":"","overlay-gradient":""},"mobile":{"background-color":"var(--ast-global-color-5)","background-image":"","background-repeat":"repeat","background-position":"center center","background-size":"auto","background-attachment":"scroll","background-type":"","background-media":"","overlay-type":"","overlay-color":"","overlay-opacity":"","overlay-gradient":""}}},"product_brand":[],"product_cat":[426,431,423,430,428,432,404,433],"product_tag":[],"class_list":{"0":"post-3977","1":"product","2":"type-product","3":"status-publish","4":"has-post-thumbnail","6":"product_cat-constructionmining","7":"product_cat-fabric-for-commuting-clothing","8":"product_cat-fabric-for-military-police","9":"product_cat-fabric-for-motorwear","10":"product_cat-fabric-for-outdoor-sports","11":"product_cat-fabric-for-tent","12":"product_cat-nylon-fabrics","13":"product_cat-textile-for-industrial","14":"pa_available_colors-911052-spc","15":"desktop-align-left","16":"tablet-align-left","17":"mobile-align-left","18":"ast-product-gallery-layout-vertical-slider","19":"ast-product-tabs-layout-horizontal","21":"first","22":"instock","23":"shipping-taxable","24":"product-type-simple"},"uagb_featured_image_src":{"full":["https:\/\/www.sikortex.com\/wp-content\/uploads\/2023\/06\/3842142952_1642631480.jpg",1024,1024,false],"thumbnail":["https:\/\/www.sikortex.com\/wp-content\/uploads\/2023\/06\/3842142952_1642631480-150x150.jpg",150,150,true],"medium":["https:\/\/www.sikortex.com\/wp-content\/uploads\/2023\/06\/3842142952_1642631480-300x300.jpg",300,300,true],"medium_large":["https:\/\/www.sikortex.com\/wp-content\/uploads\/2023\/06\/3842142952_1642631480-768x768.jpg",768,768,true],"large":["https:\/\/www.sikortex.com\/wp-content\/uploads\/2023\/06\/3842142952_1642631480.jpg",1024,1024,false],"1536x1536":["https:\/\/www.sikortex.com\/wp-content\/uploads\/2023\/06\/3842142952_1642631480.jpg",1024,1024,false],"2048x2048":["https:\/\/www.sikortex.com\/wp-content\/uploads\/2023\/06\/3842142952_1642631480.jpg",1024,1024,false],"trp-custom-language-flag":["https:\/\/www.sikortex.com\/wp-content\/uploads\/2023\/06\/3842142952_1642631480.jpg",12,12,false],"woocommerce_thumbnail":["https:\/\/www.sikortex.com\/wp-content\/uploads\/2023\/06\/3842142952_1642631480-300x300.jpg",300,300,true],"woocommerce_single":["https:\/\/www.sikortex.com\/wp-content\/uploads\/2023\/06\/3842142952_1642631480-600x600.jpg",600,600,true],"woocommerce_gallery_thumbnail":["https:\/\/www.sikortex.com\/wp-content\/uploads\/2023\/06\/3842142952_1642631480-100x100.jpg",100,100,true]},"uagb_author_info":{"display_name":"Perry","author_link":"https:\/\/www.sikortex.com\/pl\/author\/"},"uagb_comment_info":0,"uagb_excerpt":"600 Meters(Min.Order)","_links":{"self":[{"href":"https:\/\/www.sikortex.com\/pl\/wp-json\/wp\/v2\/product\/3977","targetHints":{"allow":["GET"]}}],"collection":[{"href":"https:\/\/www.sikortex.com\/pl\/wp-json\/wp\/v2\/product"}],"about":[{"href":"https:\/\/www.sikortex.com\/pl\/wp-json\/wp\/v2\/types\/product"}],"replies":[{"embeddable":true,"href":"https:\/\/www.sikortex.com\/pl\/wp-json\/wp\/v2\/comments?post=3977"}],"wp:featuredmedia":[{"embeddable":true,"href":"https:\/\/www.sikortex.com\/pl\/wp-json\/wp\/v2\/media\/3978"}],"wp:attachment":[{"href":"https:\/\/www.sikortex.com\/pl\/wp-json\/wp\/v2\/media?parent=3977"}],"wp:term":[{"taxonomy":"product_brand","embeddable":true,"href":"https:\/\/www.sikortex.com\/pl\/wp-json\/wp\/v2\/product_brand?post=3977"},{"taxonomy":"product_cat","embeddable":true,"href":"https:\/\/www.sikortex.com\/pl\/wp-json\/wp\/v2\/product_cat?post=3977"},{"taxonomy":"product_tag","embeddable":true,"href":"https:\/\/www.sikortex.com\/pl\/wp-json\/wp\/v2\/product_tag?post=3977"}],"curies":[{"name":"wp","href":"https:\/\/api.w.org\/{rel}","templated":true}]}}