{"id":3960,"date":"2023-06-21T17:12:31","date_gmt":"2023-06-21T09:12:31","guid":{"rendered":"http:\/\/shihan.vihsu.com\/?post_type=product&#038;p=3960"},"modified":"2023-10-28T09:33:22","modified_gmt":"2023-10-28T01:33:22","slug":"nylon-30d-ripstop-podwojna-tkanina-w-krate-pokryta-silikonem","status":"publish","type":"product","link":"https:\/\/www.sikortex.com\/pl\/produkt\/nylon-30d-ripstop-podwojna-tkanina-w-krate-pokryta-silikonem\/","title":{"rendered":"Tkanina w krat\u0119 Ripstop Silnylon 30D z podw\u00f3jn\u0105 nitk\u0105 powlekana silikonem"},"content":{"rendered":"<p>Producent tkanin u\u017cytkowych SIKOR-TEX<\/p>\n<p>Tkanina w krat\u0119 Ripstop Silnylon 30D z podw\u00f3jn\u0105 nitk\u0105 powlekana silikonem<br \/>\nTen odporny na rozdarcie nylon ripstop, znany r\u00f3wnie\u017c jako silnylon, z pow\u0142ok\u0105 silikonow\u0105 jest nie tylko wodoodporny (3000 mm), ale tak\u017ce zwi\u0119ksza odporno\u015b\u0107 materia\u0142u na zu\u017cycie, doskonale nadaje si\u0119 do produkcji namiot\u00f3w, plandek, peleryn przeciwdeszczowych, kemping\u00f3w i ultralekkich materia\u0142\u00f3w przeciwdeszczowych . Dwustronna, jednocz\u0119\u015bciowa, dwuwarstwowa pow\u0142oka silikonowa sprawia, \u017ce tkanina jest wodoszczelna i wyj\u0105tkowo odporna na rozdarcia, przy jednoczesnym zachowaniu niskiej wagi, szczeg\u00f3lnie w przypadku dna namiotu nara\u017conego na du\u017ce tarcie.<\/p>\n<p>Tkanina Ripstop Silnylon rozci\u0105ga si\u0119 po zamoczeniu, dzi\u0119ki czemu idealnie nadaje si\u0119 do stosowania w ka\u017cdych warunkach pogodowych. Ponadto jest szybkoschn\u0105cy, nierozci\u0105gliwy i odporny na wiatr, co czyni go uniwersalnym wyborem do ka\u017cdego sprz\u0119tu outdoorowego.<\/p>\n<p>Wa\u017cy zaledwie 40 g\/m\u00b2, jest wyj\u0105tkowo lekki i \u0142atwy do przenoszenia, dzi\u0119ki czemu idealnie nadaje si\u0119 do plecak\u00f3w i innego sprz\u0119tu. Spe\u0142nia tak\u017ce wymagania Oeko-Tex Standard 100 klasa II oraz certyfikat REACH, zapewniaj\u0105cy jego bezpiecze\u0144stwo i jako\u015b\u0107.<\/p>\n<p>Nale\u017cy pami\u0119ta\u0107, \u017ce pow\u0142oka silikonowa zwi\u0119ksza odporno\u015b\u0107 tkaniny na promieniowanie UV, jednak ze wzgl\u0119du na cienko\u015b\u0107 tkaniny nie nadaje si\u0119 do d\u0142ugotrwa\u0142ego u\u017cytkowania w bezpo\u015brednim \u015bwietle s\u0142onecznym.<\/p>","protected":false},"excerpt":{"rendered":"<p>600 metr\u00f3w (min. zam\u00f3wienie)<\/p>","protected":false},"featured_media":3961,"comment_status":"closed","ping_status":"closed","template":"","meta":{"_uag_custom_page_level_css":"","site-sidebar-layout":"default","site-content-layout":"default","ast-site-content-layout":"","site-content-style":"default","site-sidebar-style":"default","ast-global-header-display":"","ast-banner-title-visibility":"","ast-main-header-display":"","ast-hfb-above-header-display":"","ast-hfb-below-header-display":"","ast-hfb-mobile-header-display":"","site-post-title":"","ast-breadcrumbs-content":"","ast-featured-img":"","footer-sml-layout":"","theme-transparent-header-meta":"default","adv-header-id-meta":"","stick-header-meta":"default","header-above-stick-meta":"","header-main-stick-meta":"","header-below-stick-meta":"","astra-migrate-meta-layouts":"default","ast-page-background-enabled":"default","ast-page-background-meta":{"desktop":{"background-color":"","background-image":"","background-repeat":"repeat","background-position":"center center","background-size":"auto","background-attachment":"scroll","background-type":"","background-media":"","overlay-type":"","overlay-color":"","overlay-opacity":"","overlay-gradient":""},"tablet":{"background-color":"","background-image":"","background-repeat":"repeat","background-position":"center center","background-size":"auto","background-attachment":"scroll","background-type":"","background-media":"","overlay-type":"","overlay-color":"","overlay-opacity":"","overlay-gradient":""},"mobile":{"background-color":"","background-image":"","background-repeat":"repeat","background-position":"center center","background-size":"auto","background-attachment":"scroll","background-type":"","background-media":"","overlay-type":"","overlay-color":"","overlay-opacity":"","overlay-gradient":""}},"ast-content-background-meta":{"desktop":{"background-color":"var(--ast-global-color-5)","background-image":"","background-repeat":"repeat","background-position":"center center","background-size":"auto","background-attachment":"scroll","background-type":"","background-media":"","overlay-type":"","overlay-color":"","overlay-opacity":"","overlay-gradient":""},"tablet":{"background-color":"var(--ast-global-color-5)","background-image":"","background-repeat":"repeat","background-position":"center center","background-size":"auto","background-attachment":"scroll","background-type":"","background-media":"","overlay-type":"","overlay-color":"","overlay-opacity":"","overlay-gradient":""},"mobile":{"background-color":"var(--ast-global-color-5)","background-image":"","background-repeat":"repeat","background-position":"center center","background-size":"auto","background-attachment":"scroll","background-type":"","background-media":"","overlay-type":"","overlay-color":"","overlay-opacity":"","overlay-gradient":""}}},"product_brand":[],"product_cat":[428,432,1145,404,415,407,433,414],"product_tag":[],"class_list":{"0":"post-3960","1":"product","2":"type-product","3":"status-publish","4":"has-post-thumbnail","6":"product_cat-fabric-for-outdoor-sports","7":"product_cat-fabric-for-tent","8":"product_cat-lightweight-fabric","9":"product_cat-nylon-fabrics","10":"product_cat-oil-repellent-fabric","11":"product_cat-recycled-fabric","12":"product_cat-textile-for-industrial","13":"product_cat-waterproof-fabrics","14":"pa_available_colors-h-black","15":"desktop-align-left","16":"tablet-align-left","17":"mobile-align-left","18":"ast-product-gallery-layout-vertical-slider","19":"ast-product-tabs-layout-horizontal","21":"first","22":"instock","23":"shipping-taxable","24":"product-type-simple"},"uagb_featured_image_src":{"full":["https:\/\/www.sikortex.com\/wp-content\/uploads\/2023\/06\/9169665160_1058445396.jpg",1024,1024,false],"thumbnail":["https:\/\/www.sikortex.com\/wp-content\/uploads\/2023\/06\/9169665160_1058445396-150x150.jpg",150,150,true],"medium":["https:\/\/www.sikortex.com\/wp-content\/uploads\/2023\/06\/9169665160_1058445396-300x300.jpg",300,300,true],"medium_large":["https:\/\/www.sikortex.com\/wp-content\/uploads\/2023\/06\/9169665160_1058445396-768x768.jpg",768,768,true],"large":["https:\/\/www.sikortex.com\/wp-content\/uploads\/2023\/06\/9169665160_1058445396.jpg",1024,1024,false],"1536x1536":["https:\/\/www.sikortex.com\/wp-content\/uploads\/2023\/06\/9169665160_1058445396.jpg",1024,1024,false],"2048x2048":["https:\/\/www.sikortex.com\/wp-content\/uploads\/2023\/06\/9169665160_1058445396.jpg",1024,1024,false],"trp-custom-language-flag":["https:\/\/www.sikortex.com\/wp-content\/uploads\/2023\/06\/9169665160_1058445396.jpg",12,12,false],"woocommerce_thumbnail":["https:\/\/www.sikortex.com\/wp-content\/uploads\/2023\/06\/9169665160_1058445396-300x300.jpg",300,300,true],"woocommerce_single":["https:\/\/www.sikortex.com\/wp-content\/uploads\/2023\/06\/9169665160_1058445396-600x600.jpg",600,600,true],"woocommerce_gallery_thumbnail":["https:\/\/www.sikortex.com\/wp-content\/uploads\/2023\/06\/9169665160_1058445396-100x100.jpg",100,100,true]},"uagb_author_info":{"display_name":"Perry","author_link":"https:\/\/www.sikortex.com\/pl\/author\/"},"uagb_comment_info":0,"uagb_excerpt":"600 Meters(Min.Order)","_links":{"self":[{"href":"https:\/\/www.sikortex.com\/pl\/wp-json\/wp\/v2\/product\/3960","targetHints":{"allow":["GET"]}}],"collection":[{"href":"https:\/\/www.sikortex.com\/pl\/wp-json\/wp\/v2\/product"}],"about":[{"href":"https:\/\/www.sikortex.com\/pl\/wp-json\/wp\/v2\/types\/product"}],"replies":[{"embeddable":true,"href":"https:\/\/www.sikortex.com\/pl\/wp-json\/wp\/v2\/comments?post=3960"}],"wp:featuredmedia":[{"embeddable":true,"href":"https:\/\/www.sikortex.com\/pl\/wp-json\/wp\/v2\/media\/3961"}],"wp:attachment":[{"href":"https:\/\/www.sikortex.com\/pl\/wp-json\/wp\/v2\/media?parent=3960"}],"wp:term":[{"taxonomy":"product_brand","embeddable":true,"href":"https:\/\/www.sikortex.com\/pl\/wp-json\/wp\/v2\/product_brand?post=3960"},{"taxonomy":"product_cat","embeddable":true,"href":"https:\/\/www.sikortex.com\/pl\/wp-json\/wp\/v2\/product_cat?post=3960"},{"taxonomy":"product_tag","embeddable":true,"href":"https:\/\/www.sikortex.com\/pl\/wp-json\/wp\/v2\/product_tag?post=3960"}],"curies":[{"name":"wp","href":"https:\/\/api.w.org\/{rel}","templated":true}]}}