{"id":3943,"date":"2023-06-21T16:57:58","date_gmt":"2023-06-21T08:57:58","guid":{"rendered":"http:\/\/shihan.vihsu.com\/?post_type=product&#038;p=3943"},"modified":"2023-10-20T13:47:54","modified_gmt":"2023-10-20T05:47:54","slug":"nylon-20d-tkanina-w-krate","status":"publish","type":"product","link":"https:\/\/www.sikortex.com\/pl\/produkt\/nylon-20d-tkanina-w-krate\/","title":{"rendered":"Lekka tkanina w krat\u0119 z nylonowej tafty 20D na kurtk\u0119 puchow\u0105"},"content":{"rendered":"<h5>Seria najl\u017cejszych tkanin SIKOR-TEX<\/h5>\n<p>Najl\u017cejsza tkanina w krat\u0119 z tafty nylonowej 20D na kurtk\u0119 puchow\u0105 to ultracienka, elastyczna tkanina, kt\u00f3ra idealnie nadaje si\u0119 na kurtki i odzie\u017c chroni\u0105c\u0105 przed s\u0142o\u0144cem. Dzi\u0119ki wodoodpornej pow\u0142oce tkanina ta idealnie nadaje si\u0119 do aktywno\u015bci na \u015bwie\u017cym powietrzu. Wykonany z wysokiej jako\u015bci nylonu, materia\u0142 ten jest trwa\u0142y i trwa\u0142y. Jego elastyczno\u015b\u0107 pozwala na wygodne dopasowanie, dzi\u0119ki czemu idealnie nadaje si\u0119 do odzie\u017cy sportowej. U\u017cyj tego materia\u0142u, aby stworzy\u0107 kurtki, kt\u00f3re s\u0105 zar\u00f3wno stylowe, jak i funkcjonalne. Zam\u00f3w ju\u017c teraz i przekonaj si\u0119 sam o zaletach tej wysokiej jako\u015bci tkaniny!<\/p>\n<p>Posiadamy r\u00f3wnie\u017c inne ultracienkie tkaniny nylonowe 100. Najdelikatniejsza prz\u0119dza ma grubo\u015b\u0107 zaledwie 10 denier\u00f3w, co rozpala nasz\u0105 wyobra\u017ani\u0119 i zapewnia niesamowite wra\u017cenie grawitacji \u201e0\u201d.<\/p>","protected":false},"excerpt":{"rendered":"<p>1200 metr\u00f3w (min. zam\u00f3wienie)<\/p>","protected":false},"featured_media":3944,"comment_status":"closed","ping_status":"closed","template":"","meta":{"_uag_custom_page_level_css":"","site-sidebar-layout":"default","site-content-layout":"default","ast-site-content-layout":"","site-content-style":"default","site-sidebar-style":"default","ast-global-header-display":"","ast-banner-title-visibility":"","ast-main-header-display":"","ast-hfb-above-header-display":"","ast-hfb-below-header-display":"","ast-hfb-mobile-header-display":"","site-post-title":"","ast-breadcrumbs-content":"","ast-featured-img":"","footer-sml-layout":"","theme-transparent-header-meta":"default","adv-header-id-meta":"","stick-header-meta":"default","header-above-stick-meta":"","header-main-stick-meta":"","header-below-stick-meta":"","astra-migrate-meta-layouts":"default","ast-page-background-enabled":"default","ast-page-background-meta":{"desktop":{"background-color":"","background-image":"","background-repeat":"repeat","background-position":"center center","background-size":"auto","background-attachment":"scroll","background-type":"","background-media":"","overlay-type":"","overlay-color":"","overlay-opacity":"","overlay-gradient":""},"tablet":{"background-color":"","background-image":"","background-repeat":"repeat","background-position":"center center","background-size":"auto","background-attachment":"scroll","background-type":"","background-media":"","overlay-type":"","overlay-color":"","overlay-opacity":"","overlay-gradient":""},"mobile":{"background-color":"","background-image":"","background-repeat":"repeat","background-position":"center center","background-size":"auto","background-attachment":"scroll","background-type":"","background-media":"","overlay-type":"","overlay-color":"","overlay-opacity":"","overlay-gradient":""}},"ast-content-background-meta":{"desktop":{"background-color":"var(--ast-global-color-5)","background-image":"","background-repeat":"repeat","background-position":"center center","background-size":"auto","background-attachment":"scroll","background-type":"","background-media":"","overlay-type":"","overlay-color":"","overlay-opacity":"","overlay-gradient":""},"tablet":{"background-color":"var(--ast-global-color-5)","background-image":"","background-repeat":"repeat","background-position":"center center","background-size":"auto","background-attachment":"scroll","background-type":"","background-media":"","overlay-type":"","overlay-color":"","overlay-opacity":"","overlay-gradient":""},"mobile":{"background-color":"var(--ast-global-color-5)","background-image":"","background-repeat":"repeat","background-position":"center center","background-size":"auto","background-attachment":"scroll","background-type":"","background-media":"","overlay-type":"","overlay-color":"","overlay-opacity":"","overlay-gradient":""}}},"product_brand":[],"product_cat":[431,428,432,1145,404,415,407,433,414],"product_tag":[],"class_list":{"0":"post-3943","1":"product","2":"type-product","3":"status-publish","4":"has-post-thumbnail","6":"product_cat-fabric-for-commuting-clothing","7":"product_cat-fabric-for-outdoor-sports","8":"product_cat-fabric-for-tent","9":"product_cat-lightweight-fabric","10":"product_cat-nylon-fabrics","11":"product_cat-oil-repellent-fabric","12":"product_cat-recycled-fabric","13":"product_cat-textile-for-industrial","14":"product_cat-waterproof-fabrics","15":"pa_available_colors-1526-25","16":"desktop-align-left","17":"tablet-align-left","18":"mobile-align-left","19":"ast-product-gallery-layout-vertical-slider","20":"ast-product-tabs-layout-horizontal","22":"first","23":"instock","24":"shipping-taxable","25":"product-type-simple"},"uagb_featured_image_src":{"full":["https:\/\/www.sikortex.com\/wp-content\/uploads\/2023\/06\/O1CN01jL9IdM1g9OD14mkyH_2207443834099-0-cib.jpg",1024,1024,false],"thumbnail":["https:\/\/www.sikortex.com\/wp-content\/uploads\/2023\/06\/O1CN01jL9IdM1g9OD14mkyH_2207443834099-0-cib-150x150.jpg",150,150,true],"medium":["https:\/\/www.sikortex.com\/wp-content\/uploads\/2023\/06\/O1CN01jL9IdM1g9OD14mkyH_2207443834099-0-cib-300x300.jpg",300,300,true],"medium_large":["https:\/\/www.sikortex.com\/wp-content\/uploads\/2023\/06\/O1CN01jL9IdM1g9OD14mkyH_2207443834099-0-cib-768x768.jpg",768,768,true],"large":["https:\/\/www.sikortex.com\/wp-content\/uploads\/2023\/06\/O1CN01jL9IdM1g9OD14mkyH_2207443834099-0-cib.jpg",1024,1024,false],"1536x1536":["https:\/\/www.sikortex.com\/wp-content\/uploads\/2023\/06\/O1CN01jL9IdM1g9OD14mkyH_2207443834099-0-cib.jpg",1024,1024,false],"2048x2048":["https:\/\/www.sikortex.com\/wp-content\/uploads\/2023\/06\/O1CN01jL9IdM1g9OD14mkyH_2207443834099-0-cib.jpg",1024,1024,false],"trp-custom-language-flag":["https:\/\/www.sikortex.com\/wp-content\/uploads\/2023\/06\/O1CN01jL9IdM1g9OD14mkyH_2207443834099-0-cib.jpg",12,12,false],"woocommerce_thumbnail":["https:\/\/www.sikortex.com\/wp-content\/uploads\/2023\/06\/O1CN01jL9IdM1g9OD14mkyH_2207443834099-0-cib-300x300.jpg",300,300,true],"woocommerce_single":["https:\/\/www.sikortex.com\/wp-content\/uploads\/2023\/06\/O1CN01jL9IdM1g9OD14mkyH_2207443834099-0-cib-600x600.jpg",600,600,true],"woocommerce_gallery_thumbnail":["https:\/\/www.sikortex.com\/wp-content\/uploads\/2023\/06\/O1CN01jL9IdM1g9OD14mkyH_2207443834099-0-cib-100x100.jpg",100,100,true]},"uagb_author_info":{"display_name":"Perry","author_link":"https:\/\/www.sikortex.com\/pl\/author\/"},"uagb_comment_info":0,"uagb_excerpt":"1200 Meters(Min.Order)","_links":{"self":[{"href":"https:\/\/www.sikortex.com\/pl\/wp-json\/wp\/v2\/product\/3943","targetHints":{"allow":["GET"]}}],"collection":[{"href":"https:\/\/www.sikortex.com\/pl\/wp-json\/wp\/v2\/product"}],"about":[{"href":"https:\/\/www.sikortex.com\/pl\/wp-json\/wp\/v2\/types\/product"}],"replies":[{"embeddable":true,"href":"https:\/\/www.sikortex.com\/pl\/wp-json\/wp\/v2\/comments?post=3943"}],"wp:featuredmedia":[{"embeddable":true,"href":"https:\/\/www.sikortex.com\/pl\/wp-json\/wp\/v2\/media\/3944"}],"wp:attachment":[{"href":"https:\/\/www.sikortex.com\/pl\/wp-json\/wp\/v2\/media?parent=3943"}],"wp:term":[{"taxonomy":"product_brand","embeddable":true,"href":"https:\/\/www.sikortex.com\/pl\/wp-json\/wp\/v2\/product_brand?post=3943"},{"taxonomy":"product_cat","embeddable":true,"href":"https:\/\/www.sikortex.com\/pl\/wp-json\/wp\/v2\/product_cat?post=3943"},{"taxonomy":"product_tag","embeddable":true,"href":"https:\/\/www.sikortex.com\/pl\/wp-json\/wp\/v2\/product_tag?post=3943"}],"curies":[{"name":"wp","href":"https:\/\/api.w.org\/{rel}","templated":true}]}}