{"id":2397,"date":"2023-06-02T17:02:11","date_gmt":"2023-06-02T09:02:11","guid":{"rendered":"http:\/\/203.196.10.64:3021\/?post_type=product&#038;p=2397"},"modified":"2024-12-31T14:35:39","modified_gmt":"2024-12-31T06:35:39","slug":"sk8283-rozciagliwy-poliester","status":"publish","type":"product","link":"https:\/\/www.sikortex.com\/pl\/produkt\/sk8283-rozciagliwy-poliester\/","title":{"rendered":"T800 Tkanina poliestrowa o splocie diagonalnym 100%"},"content":{"rendered":"<h5>SIKOR-TEX to wysokiej klasy producent tkanin z siedzib\u0105 w Chinach.<\/h5>\n<h5>T800 Tkanina poliestrowa o splocie diagonalnym 100%<\/h5>\n<p>Tkanina T800 to bardzo wszechstronny materia\u0142, kt\u00f3ry oferuje zar\u00f3wno trwa\u0142o\u015b\u0107, jak i elastyczno\u015b\u0107. Wykonany jest z poliestru 100% i laminowany foli\u0105 TPU, dzi\u0119ki czemu jest wodoodporny. Rozci\u0105gliwy wz\u00f3r rombowego diagonalu tkaniny T800 zapewnia doskona\u0142\u0105 elastyczno\u015b\u0107, dzi\u0119ki czemu idealnie nadaje si\u0119 do stosowania w produktach wymagaj\u0105cych wysokiego stopnia elastyczno\u015bci. Pomimo swojej rozci\u0105gliwo\u015bci, tkanina T800 jest mi\u0119kka w dotyku przypominaj\u0105ca bawe\u0142n\u0119, dzi\u0119ki czemu jest wygodna w noszeniu.<\/p>\n<p>Tkanina diagonalna 100%Piestrowa rozci\u0105gliwa bawe\u0142na T800 jest idealna na r\u00f3\u017cnorodne produkty, w tym kurtki, p\u0142aszcze i torby. Jego wodoodporne w\u0142a\u015bciwo\u015bci sprawiaj\u0105, \u017ce jest to doskona\u0142y wyb\u00f3r do sprz\u0119tu outdoorowego, a jego rozci\u0105gliwo\u015b\u0107 i wygodna tekstura sprawiaj\u0105, \u017ce idealnie nadaje si\u0119 do odzie\u017cy aktywnej. Tkanin\u0119 T800 mo\u017cna dostosowa\u0107 do konkretnych wymaga\u0144 i mo\u017cna j\u0105 kupi\u0107 w rolkach z r\u00f3\u017cnymi opcjami pakowania.<\/p>\n<p>Je\u015bli szukasz elastycznej tkaniny poliestrowej, kt\u00f3ra oferuje zar\u00f3wno trwa\u0142o\u015b\u0107, jak i elastyczno\u015b\u0107, tkanina T800 jest idealnym wyborem. Jej unikalne po\u0142\u0105czenie rozci\u0105gliwo\u015bci i mi\u0119kko\u015bci sprawia, \u017ce idealnie nadaje si\u0119 do szerokiej gamy produkt\u00f3w, od sprz\u0119tu outdoorowego po odzie\u017c sportow\u0105. Skontaktuj si\u0119 z nami ju\u017c dzi\u015b, aby dowiedzie\u0107 si\u0119 wi\u0119cej o tym, jak tkanina T800 mo\u017ce ulepszy\u0107 Tw\u00f3j kolejny projekt.<\/p>\n<p>Oferujemy r\u00f3wnie\u017c gumy poliestrowe <a href=\"https:\/\/www.sikortex.com\/pl\/produkt\/sk8344-poliester-bawelna-stretch-tkanina-2\/\"><span style=\"color: #3366ff;\">T400<\/span><\/a> tkanina<\/p>","protected":false},"excerpt":{"rendered":"<p>1000 metr\u00f3w (min. zam\u00f3wienie)<\/p>","protected":false},"featured_media":4053,"comment_status":"closed","ping_status":"closed","template":"","meta":{"_uag_custom_page_level_css":"","site-sidebar-layout":"default","site-content-layout":"default","ast-site-content-layout":"","site-content-style":"default","site-sidebar-style":"default","ast-global-header-display":"","ast-banner-title-visibility":"","ast-main-header-display":"","ast-hfb-above-header-display":"","ast-hfb-below-header-display":"","ast-hfb-mobile-header-display":"","site-post-title":"","ast-breadcrumbs-content":"","ast-featured-img":"","footer-sml-layout":"","theme-transparent-header-meta":"default","adv-header-id-meta":"","stick-header-meta":"default","header-above-stick-meta":"","header-main-stick-meta":"","header-below-stick-meta":"","astra-migrate-meta-layouts":"default","ast-page-background-enabled":"default","ast-page-background-meta":{"desktop":{"background-color":"","background-image":"","background-repeat":"repeat","background-position":"center center","background-size":"auto","background-attachment":"scroll","background-type":"","background-media":"","overlay-type":"","overlay-color":"","overlay-opacity":"","overlay-gradient":""},"tablet":{"background-color":"","background-image":"","background-repeat":"repeat","background-position":"center center","background-size":"auto","background-attachment":"scroll","background-type":"","background-media":"","overlay-type":"","overlay-color":"","overlay-opacity":"","overlay-gradient":""},"mobile":{"background-color":"","background-image":"","background-repeat":"repeat","background-position":"center center","background-size":"auto","background-attachment":"scroll","background-type":"","background-media":"","overlay-type":"","overlay-color":"","overlay-opacity":"","overlay-gradient":""}},"ast-content-background-meta":{"desktop":{"background-color":"var(--ast-global-color-5)","background-image":"","background-repeat":"repeat","background-position":"center center","background-size":"auto","background-attachment":"scroll","background-type":"","background-media":"","overlay-type":"","overlay-color":"","overlay-opacity":"","overlay-gradient":""},"tablet":{"background-color":"var(--ast-global-color-5)","background-image":"","background-repeat":"repeat","background-position":"center center","background-size":"auto","background-attachment":"scroll","background-type":"","background-media":"","overlay-type":"","overlay-color":"","overlay-opacity":"","overlay-gradient":""},"mobile":{"background-color":"var(--ast-global-color-5)","background-image":"","background-repeat":"repeat","background-position":"center center","background-size":"auto","background-attachment":"scroll","background-type":"","background-media":"","overlay-type":"","overlay-color":"","overlay-opacity":"","overlay-gradient":""}}},"product_brand":[],"product_cat":[431,428,403,407,420,414],"product_tag":[],"class_list":{"0":"post-2397","1":"product","2":"type-product","3":"status-publish","4":"has-post-thumbnail","6":"product_cat-fabric-for-commuting-clothing","7":"product_cat-fabric-for-outdoor-sports","8":"product_cat-polyester-fabrics","9":"product_cat-recycled-fabric","10":"product_cat-stretch-fabrics","11":"product_cat-waterproof-fabrics","12":"pa_available_colors-1526-03","13":"pa_available_colors-1526-05","14":"pa_available_colors-1526-10","15":"pa_available_colors-1526-13","16":"pa_available_colors-1526-17","17":"pa_available_colors-1526-28","18":"pa_available_colors-1526-31","19":"pa_available_colors-1526-32","20":"pa_available_colors-1526-33","21":"pa_available_colors-1526-35","22":"pa_available_colors-1526-38","23":"pa_available_colors-1526-45","24":"pa_available_colors-1526-49","25":"pa_available_colors-1526-59","26":"pa_available_colors-1526-60","27":"pa_available_colors-911052-spc","28":"pa_available_colors-000020-wht","29":"desktop-align-left","30":"tablet-align-left","31":"mobile-align-left","32":"ast-product-gallery-layout-vertical-slider","33":"ast-product-tabs-layout-horizontal","35":"first","36":"instock","37":"shipping-taxable","38":"product-type-simple"},"uagb_featured_image_src":{"full":["https:\/\/www.sikortex.com\/wp-content\/uploads\/2023\/06\/IMG_5580-scaled.jpg",2560,2560,false],"thumbnail":["https:\/\/www.sikortex.com\/wp-content\/uploads\/2023\/06\/IMG_5580-150x150.jpg",150,150,true],"medium":["https:\/\/www.sikortex.com\/wp-content\/uploads\/2023\/06\/IMG_5580-300x300.jpg",300,300,true],"medium_large":["https:\/\/www.sikortex.com\/wp-content\/uploads\/2023\/06\/IMG_5580-768x768.jpg",768,768,true],"large":["https:\/\/www.sikortex.com\/wp-content\/uploads\/2023\/06\/IMG_5580-1024x1024.jpg",1024,1024,true],"1536x1536":["https:\/\/www.sikortex.com\/wp-content\/uploads\/2023\/06\/IMG_5580-1536x1536.jpg",1536,1536,true],"2048x2048":["https:\/\/www.sikortex.com\/wp-content\/uploads\/2023\/06\/IMG_5580-2048x2048.jpg",2048,2048,true],"trp-custom-language-flag":["https:\/\/www.sikortex.com\/wp-content\/uploads\/2023\/06\/IMG_5580-scaled.jpg",12,12,false],"woocommerce_thumbnail":["https:\/\/www.sikortex.com\/wp-content\/uploads\/2023\/06\/IMG_5580-300x300.jpg",300,300,true],"woocommerce_single":["https:\/\/www.sikortex.com\/wp-content\/uploads\/2023\/06\/IMG_5580-600x600.jpg",600,600,true],"woocommerce_gallery_thumbnail":["https:\/\/www.sikortex.com\/wp-content\/uploads\/2023\/06\/IMG_5580-100x100.jpg",100,100,true]},"uagb_author_info":{"display_name":"Perry","author_link":"https:\/\/www.sikortex.com\/pl\/author\/"},"uagb_comment_info":0,"uagb_excerpt":"1000 Meters(Min.Order)","_links":{"self":[{"href":"https:\/\/www.sikortex.com\/pl\/wp-json\/wp\/v2\/product\/2397","targetHints":{"allow":["GET"]}}],"collection":[{"href":"https:\/\/www.sikortex.com\/pl\/wp-json\/wp\/v2\/product"}],"about":[{"href":"https:\/\/www.sikortex.com\/pl\/wp-json\/wp\/v2\/types\/product"}],"replies":[{"embeddable":true,"href":"https:\/\/www.sikortex.com\/pl\/wp-json\/wp\/v2\/comments?post=2397"}],"wp:featuredmedia":[{"embeddable":true,"href":"https:\/\/www.sikortex.com\/pl\/wp-json\/wp\/v2\/media\/4053"}],"wp:attachment":[{"href":"https:\/\/www.sikortex.com\/pl\/wp-json\/wp\/v2\/media?parent=2397"}],"wp:term":[{"taxonomy":"product_brand","embeddable":true,"href":"https:\/\/www.sikortex.com\/pl\/wp-json\/wp\/v2\/product_brand?post=2397"},{"taxonomy":"product_cat","embeddable":true,"href":"https:\/\/www.sikortex.com\/pl\/wp-json\/wp\/v2\/product_cat?post=2397"},{"taxonomy":"product_tag","embeddable":true,"href":"https:\/\/www.sikortex.com\/pl\/wp-json\/wp\/v2\/product_tag?post=2397"}],"curies":[{"name":"wp","href":"https:\/\/api.w.org\/{rel}","templated":true}]}}