{"id":2388,"date":"2023-06-02T16:47:44","date_gmt":"2023-06-02T08:47:44","guid":{"rendered":"http:\/\/203.196.10.64:3021\/?post_type=product&#038;p=2388"},"modified":"2023-11-21T17:22:58","modified_gmt":"2023-11-21T09:22:58","slug":"sk8282-poliester-stretch","status":"publish","type":"product","link":"https:\/\/www.sikortex.com\/pl\/produkt\/sk8282-poliester-stretch\/","title":{"rendered":"Rozci\u0105gliwa tkanina poliestrowa \u017cakardowa T400"},"content":{"rendered":"<h4>czy 100 poliester si\u0119 rozci\u0105ga?<\/h4>\n<p>Poliester T400 to bardzo elastyczne teksturowane w\u0142\u00f3kno wynalezione przez firm\u0119 DuPont i znane ze swojej d\u0142ugotrwa\u0142ej elastyczno\u015bci, kt\u00f3ra rozk\u0142ada si\u0119 wolniej ni\u017c spandeks. Materia\u0142 doskonale nadaje si\u0119 do produkcji p\u0142aszczy casualowych, wiatr\u00f3wek, kurtek puchowych itp. i jest popularny ze wzgl\u0119du na swoj\u0105 mi\u0119kko\u015b\u0107, przewiewno\u015b\u0107 i trwa\u0142o\u015b\u0107.<\/p>\n<p>W por\u00f3wnaniu z materia\u0142em bawe\u0142nianym, w\u0142\u00f3kno poliestru Stretch T400 jest bardziej puszyste, dzi\u0119ki czemu mo\u017ce utrzyma\u0107 cia\u0142o w cieple, co czyni go bardzo popularnym w\u015br\u00f3d os\u00f3b lubi\u0105cych sport i ludzi, kt\u00f3rzy wychodz\u0105 na d\u0142ugie spacery w ch\u0142odne dni, poniewa\u017c materia\u0142 ten mo\u017ce utrzyma\u0107 ciep\u0142y. Ponadto materia\u0142 jest wodoodporny, wi\u0119c nie wch\u0142ania si\u0119 przez ubranie, gdy si\u0119 pocisz, dzi\u0119ki czemu idealnie nadaje si\u0119 do odzie\u017cy sportowej.<\/p>\n<p>Specjalne elastyczne w\u0142a\u015bciwo\u015bci poliestru T400 pozwalaj\u0105 na naturalne rozci\u0105ganie podczas noszenia. Producenci uczynili ten materia\u0142 bardziej komfortowym, bior\u0105c pod uwag\u0119 t\u0119 cech\u0119. Bez wzgl\u0119du na to, jak bardzo jest rozci\u0105gni\u0119ty podczas noszenia, materia\u0142 powraca do swojego pierwotnego kszta\u0142tu i rozmiaru po zdj\u0119ciu. To \u015bwietna wiadomo\u015b\u0107, poniewa\u017c nie musisz si\u0119 martwi\u0107, \u017ce ubrania treningowe lub legginsy pewnego dnia stan\u0105 si\u0119 dwa rozmiary wi\u0119ksze.<\/p>\n<p>Odzie\u017c z czystego poliestru kurczy si\u0119 bardzo ma\u0142o, wi\u0119c skurczenie takiej odzie\u017cy, je\u015bli to konieczne, jest trudne. Odzie\u017c, kt\u00f3ra jest mieszank\u0105 poliestru z w\u0142\u00f3knami naturalnymi, mo\u017ce si\u0119 mniej rozci\u0105ga\u0107.<\/p>","protected":false},"excerpt":{"rendered":"<p>600 metr\u00f3w (min. zam\u00f3wienie)<\/p>","protected":false},"featured_media":3934,"comment_status":"closed","ping_status":"closed","template":"","meta":{"_uag_custom_page_level_css":"","site-sidebar-layout":"default","site-content-layout":"default","ast-site-content-layout":"","site-content-style":"default","site-sidebar-style":"default","ast-global-header-display":"","ast-banner-title-visibility":"","ast-main-header-display":"","ast-hfb-above-header-display":"","ast-hfb-below-header-display":"","ast-hfb-mobile-header-display":"","site-post-title":"","ast-breadcrumbs-content":"","ast-featured-img":"","footer-sml-layout":"","theme-transparent-header-meta":"default","adv-header-id-meta":"","stick-header-meta":"default","header-above-stick-meta":"","header-main-stick-meta":"","header-below-stick-meta":"","astra-migrate-meta-layouts":"default","ast-page-background-enabled":"default","ast-page-background-meta":{"desktop":{"background-color":"","background-image":"","background-repeat":"repeat","background-position":"center center","background-size":"auto","background-attachment":"scroll","background-type":"","background-media":"","overlay-type":"","overlay-color":"","overlay-opacity":"","overlay-gradient":""},"tablet":{"background-color":"","background-image":"","background-repeat":"repeat","background-position":"center center","background-size":"auto","background-attachment":"scroll","background-type":"","background-media":"","overlay-type":"","overlay-color":"","overlay-opacity":"","overlay-gradient":""},"mobile":{"background-color":"","background-image":"","background-repeat":"repeat","background-position":"center center","background-size":"auto","background-attachment":"scroll","background-type":"","background-media":"","overlay-type":"","overlay-color":"","overlay-opacity":"","overlay-gradient":""}},"ast-content-background-meta":{"desktop":{"background-color":"var(--ast-global-color-5)","background-image":"","background-repeat":"repeat","background-position":"center center","background-size":"auto","background-attachment":"scroll","background-type":"","background-media":"","overlay-type":"","overlay-color":"","overlay-opacity":"","overlay-gradient":""},"tablet":{"background-color":"var(--ast-global-color-5)","background-image":"","background-repeat":"repeat","background-position":"center center","background-size":"auto","background-attachment":"scroll","background-type":"","background-media":"","overlay-type":"","overlay-color":"","overlay-opacity":"","overlay-gradient":""},"mobile":{"background-color":"var(--ast-global-color-5)","background-image":"","background-repeat":"repeat","background-position":"center center","background-size":"auto","background-attachment":"scroll","background-type":"","background-media":"","overlay-type":"","overlay-color":"","overlay-opacity":"","overlay-gradient":""}}},"product_brand":[],"product_cat":[431,428,429,415,403,407,420,414],"product_tag":[],"class_list":{"0":"post-2388","1":"product","2":"type-product","3":"status-publish","4":"has-post-thumbnail","6":"product_cat-fabric-for-commuting-clothing","7":"product_cat-fabric-for-outdoor-sports","8":"product_cat-fabric-for-sportswear","9":"product_cat-oil-repellent-fabric","10":"product_cat-polyester-fabrics","11":"product_cat-recycled-fabric","12":"product_cat-stretch-fabrics","13":"product_cat-waterproof-fabrics","14":"pa_available_colors-1526-03","15":"pa_available_colors-1526-04","16":"pa_available_colors-1526-05","17":"pa_available_colors-1526-18","18":"pa_available_colors-1526-19","19":"pa_available_colors-1526-29","20":"pa_available_colors-1526-30","21":"pa_available_colors-1526-32","22":"pa_available_colors-1526-35","23":"pa_available_colors-1526-37","24":"pa_available_colors-1526-38","25":"pa_available_colors-1526-43","26":"pa_available_colors-1526-44","27":"pa_available_colors-1526-45","28":"pa_available_colors-1526-47","29":"pa_available_colors-1526-53","30":"pa_available_colors-1526-59","31":"pa_available_colors-911052-spc","32":"pa_available_colors-000020-wht","33":"desktop-align-left","34":"tablet-align-left","35":"mobile-align-left","36":"ast-product-gallery-layout-vertical-slider","37":"ast-product-tabs-layout-horizontal","39":"first","40":"instock","41":"shipping-taxable","42":"product-type-simple"},"uagb_featured_image_src":{"full":["https:\/\/www.sikortex.com\/wp-content\/uploads\/2023\/06\/O1CN01lDjgLz1g9ODZoSSEQ_2207443834099-0-cib-1.jpg",1024,1024,false],"thumbnail":["https:\/\/www.sikortex.com\/wp-content\/uploads\/2023\/06\/O1CN01lDjgLz1g9ODZoSSEQ_2207443834099-0-cib-1-150x150.jpg",150,150,true],"medium":["https:\/\/www.sikortex.com\/wp-content\/uploads\/2023\/06\/O1CN01lDjgLz1g9ODZoSSEQ_2207443834099-0-cib-1-300x300.jpg",300,300,true],"medium_large":["https:\/\/www.sikortex.com\/wp-content\/uploads\/2023\/06\/O1CN01lDjgLz1g9ODZoSSEQ_2207443834099-0-cib-1-768x768.jpg",768,768,true],"large":["https:\/\/www.sikortex.com\/wp-content\/uploads\/2023\/06\/O1CN01lDjgLz1g9ODZoSSEQ_2207443834099-0-cib-1.jpg",1024,1024,false],"1536x1536":["https:\/\/www.sikortex.com\/wp-content\/uploads\/2023\/06\/O1CN01lDjgLz1g9ODZoSSEQ_2207443834099-0-cib-1.jpg",1024,1024,false],"2048x2048":["https:\/\/www.sikortex.com\/wp-content\/uploads\/2023\/06\/O1CN01lDjgLz1g9ODZoSSEQ_2207443834099-0-cib-1.jpg",1024,1024,false],"trp-custom-language-flag":["https:\/\/www.sikortex.com\/wp-content\/uploads\/2023\/06\/O1CN01lDjgLz1g9ODZoSSEQ_2207443834099-0-cib-1.jpg",12,12,false],"woocommerce_thumbnail":["https:\/\/www.sikortex.com\/wp-content\/uploads\/2023\/06\/O1CN01lDjgLz1g9ODZoSSEQ_2207443834099-0-cib-1-300x300.jpg",300,300,true],"woocommerce_single":["https:\/\/www.sikortex.com\/wp-content\/uploads\/2023\/06\/O1CN01lDjgLz1g9ODZoSSEQ_2207443834099-0-cib-1-600x600.jpg",600,600,true],"woocommerce_gallery_thumbnail":["https:\/\/www.sikortex.com\/wp-content\/uploads\/2023\/06\/O1CN01lDjgLz1g9ODZoSSEQ_2207443834099-0-cib-1-100x100.jpg",100,100,true]},"uagb_author_info":{"display_name":"Perry","author_link":"https:\/\/www.sikortex.com\/pl\/author\/"},"uagb_comment_info":0,"uagb_excerpt":"600 Meters(Min.Order)","_links":{"self":[{"href":"https:\/\/www.sikortex.com\/pl\/wp-json\/wp\/v2\/product\/2388","targetHints":{"allow":["GET"]}}],"collection":[{"href":"https:\/\/www.sikortex.com\/pl\/wp-json\/wp\/v2\/product"}],"about":[{"href":"https:\/\/www.sikortex.com\/pl\/wp-json\/wp\/v2\/types\/product"}],"replies":[{"embeddable":true,"href":"https:\/\/www.sikortex.com\/pl\/wp-json\/wp\/v2\/comments?post=2388"}],"wp:featuredmedia":[{"embeddable":true,"href":"https:\/\/www.sikortex.com\/pl\/wp-json\/wp\/v2\/media\/3934"}],"wp:attachment":[{"href":"https:\/\/www.sikortex.com\/pl\/wp-json\/wp\/v2\/media?parent=2388"}],"wp:term":[{"taxonomy":"product_brand","embeddable":true,"href":"https:\/\/www.sikortex.com\/pl\/wp-json\/wp\/v2\/product_brand?post=2388"},{"taxonomy":"product_cat","embeddable":true,"href":"https:\/\/www.sikortex.com\/pl\/wp-json\/wp\/v2\/product_cat?post=2388"},{"taxonomy":"product_tag","embeddable":true,"href":"https:\/\/www.sikortex.com\/pl\/wp-json\/wp\/v2\/product_tag?post=2388"}],"curies":[{"name":"wp","href":"https:\/\/api.w.org\/{rel}","templated":true}]}}