{"id":2352,"date":"2023-06-02T16:28:38","date_gmt":"2023-06-02T08:28:38","guid":{"rendered":"http:\/\/203.196.10.64:3021\/?post_type=product&#038;p=2352"},"modified":"2024-11-30T12:32:55","modified_gmt":"2024-11-30T04:32:55","slug":"sk8278-poliester-150d","status":"publish","type":"product","link":"https:\/\/www.sikortex.com\/pl\/produkt\/sk8278-poliester-150d\/","title":{"rendered":"Poliester 150D Matowy, wysoce elastyczny materia\u0142 na namioty"},"content":{"rendered":"<p>Ta matowa, wysokoelastyczna tkanina poliestrowa 150D na namioty ma sk\u0142ad poliestru 150D * 150D i jest wykonana z poliestru 100%. Jest dost\u0119pny w r\u00f3\u017cnych szeroko\u015bciach i gramaturach, jest wodoodporny i oddychaj\u0105cy. Materia\u0142 jest uniwersalny i mo\u017cna go stosowa\u0107 na kurtki i odzie\u017c sportow\u0105 outdoorow\u0105, a tak\u017ce t\u0142a i namioty.<\/p>\n<p>Wyprodukowana przy u\u017cyciu wysokiej jako\u015bci materia\u0142\u00f3w tkanina poliestrowa Pongee Oxford 100% laminowana TPU zosta\u0142a zaprojektowana tak, aby wytrzyma\u0107 trudy codziennego u\u017cytkowania. Jest trwa\u0142y i trwa\u0142y, dzi\u0119ki czemu Tw\u00f3j projekt b\u0119dzie wygl\u0105da\u0142 \u015bwietnie przez wiele lat.<\/p>\n<p>Oferujemy szerok\u0105 gam\u0119 r\u00f3\u017cnych wyko\u0144cze\u0144, w tym WR, powlekane, drukowane, cire i laminowanie TPU. Wybieraj\u0105c tkanin\u0119 do swojego projektu, wa\u017cne jest, aby wzi\u0105\u0107 pod uwag\u0119 sk\u0142ad i cechy materia\u0142u. Tkanina poliestrowa Pongee Oxford 100% z laminowaniem TPU oferuje unikalne po\u0142\u0105czenie trwa\u0142o\u015bci, wodoodporno\u015bci i oddychalno\u015bci. Co wi\u0119cej, tkanina jest dost\u0119pna w szerokiej gamie kolor\u00f3w i wyko\u0144cze\u0144, dzi\u0119ki czemu mo\u017cesz dopasowa\u0107 j\u0105 do swoich potrzeb.<\/p>","protected":false},"excerpt":{"rendered":"<p>1000 metr\u00f3w (min. zam\u00f3wienie)<\/p>","protected":false},"featured_media":3914,"comment_status":"closed","ping_status":"closed","template":"","meta":{"_uag_custom_page_level_css":"","site-sidebar-layout":"default","site-content-layout":"default","ast-site-content-layout":"","site-content-style":"default","site-sidebar-style":"default","ast-global-header-display":"","ast-banner-title-visibility":"","ast-main-header-display":"","ast-hfb-above-header-display":"","ast-hfb-below-header-display":"","ast-hfb-mobile-header-display":"","site-post-title":"","ast-breadcrumbs-content":"","ast-featured-img":"","footer-sml-layout":"","theme-transparent-header-meta":"default","adv-header-id-meta":"","stick-header-meta":"default","header-above-stick-meta":"","header-main-stick-meta":"","header-below-stick-meta":"","astra-migrate-meta-layouts":"default","ast-page-background-enabled":"default","ast-page-background-meta":{"desktop":{"background-color":"","background-image":"","background-repeat":"repeat","background-position":"center center","background-size":"auto","background-attachment":"scroll","background-type":"","background-media":"","overlay-type":"","overlay-color":"","overlay-opacity":"","overlay-gradient":""},"tablet":{"background-color":"","background-image":"","background-repeat":"repeat","background-position":"center center","background-size":"auto","background-attachment":"scroll","background-type":"","background-media":"","overlay-type":"","overlay-color":"","overlay-opacity":"","overlay-gradient":""},"mobile":{"background-color":"","background-image":"","background-repeat":"repeat","background-position":"center center","background-size":"auto","background-attachment":"scroll","background-type":"","background-media":"","overlay-type":"","overlay-color":"","overlay-opacity":"","overlay-gradient":""}},"ast-content-background-meta":{"desktop":{"background-color":"var(--ast-global-color-5)","background-image":"","background-repeat":"repeat","background-position":"center center","background-size":"auto","background-attachment":"scroll","background-type":"","background-media":"","overlay-type":"","overlay-color":"","overlay-opacity":"","overlay-gradient":""},"tablet":{"background-color":"var(--ast-global-color-5)","background-image":"","background-repeat":"repeat","background-position":"center center","background-size":"auto","background-attachment":"scroll","background-type":"","background-media":"","overlay-type":"","overlay-color":"","overlay-opacity":"","overlay-gradient":""},"mobile":{"background-color":"var(--ast-global-color-5)","background-image":"","background-repeat":"repeat","background-position":"center center","background-size":"auto","background-attachment":"scroll","background-type":"","background-media":"","overlay-type":"","overlay-color":"","overlay-opacity":"","overlay-gradient":""}}},"product_brand":[],"product_cat":[431,428,429,1184,403,420,414],"product_tag":[],"class_list":{"0":"post-2352","1":"product","2":"type-product","3":"status-publish","4":"has-post-thumbnail","6":"product_cat-fabric-for-commuting-clothing","7":"product_cat-fabric-for-outdoor-sports","8":"product_cat-fabric-for-sportswear","9":"product_cat-oxford-fabric","10":"product_cat-polyester-fabrics","11":"product_cat-stretch-fabrics","12":"product_cat-waterproof-fabrics","13":"pa_available_colors-911052-spc","14":"desktop-align-left","15":"tablet-align-left","16":"mobile-align-left","17":"ast-product-gallery-layout-vertical-slider","18":"ast-product-tabs-layout-horizontal","20":"first","21":"instock","22":"shipping-taxable","23":"product-type-simple"},"uagb_featured_image_src":{"full":["https:\/\/www.sikortex.com\/wp-content\/uploads\/2023\/06\/O1CN01Ip0Q3r1g9OICuZDNc_2207443834099-0-cib-1.jpg",1024,1024,false],"thumbnail":["https:\/\/www.sikortex.com\/wp-content\/uploads\/2023\/06\/O1CN01Ip0Q3r1g9OICuZDNc_2207443834099-0-cib-1-150x150.jpg",150,150,true],"medium":["https:\/\/www.sikortex.com\/wp-content\/uploads\/2023\/06\/O1CN01Ip0Q3r1g9OICuZDNc_2207443834099-0-cib-1-300x300.jpg",300,300,true],"medium_large":["https:\/\/www.sikortex.com\/wp-content\/uploads\/2023\/06\/O1CN01Ip0Q3r1g9OICuZDNc_2207443834099-0-cib-1-768x768.jpg",768,768,true],"large":["https:\/\/www.sikortex.com\/wp-content\/uploads\/2023\/06\/O1CN01Ip0Q3r1g9OICuZDNc_2207443834099-0-cib-1.jpg",1024,1024,false],"1536x1536":["https:\/\/www.sikortex.com\/wp-content\/uploads\/2023\/06\/O1CN01Ip0Q3r1g9OICuZDNc_2207443834099-0-cib-1.jpg",1024,1024,false],"2048x2048":["https:\/\/www.sikortex.com\/wp-content\/uploads\/2023\/06\/O1CN01Ip0Q3r1g9OICuZDNc_2207443834099-0-cib-1.jpg",1024,1024,false],"trp-custom-language-flag":["https:\/\/www.sikortex.com\/wp-content\/uploads\/2023\/06\/O1CN01Ip0Q3r1g9OICuZDNc_2207443834099-0-cib-1.jpg",12,12,false],"woocommerce_thumbnail":["https:\/\/www.sikortex.com\/wp-content\/uploads\/2023\/06\/O1CN01Ip0Q3r1g9OICuZDNc_2207443834099-0-cib-1-300x300.jpg",300,300,true],"woocommerce_single":["https:\/\/www.sikortex.com\/wp-content\/uploads\/2023\/06\/O1CN01Ip0Q3r1g9OICuZDNc_2207443834099-0-cib-1-600x600.jpg",600,600,true],"woocommerce_gallery_thumbnail":["https:\/\/www.sikortex.com\/wp-content\/uploads\/2023\/06\/O1CN01Ip0Q3r1g9OICuZDNc_2207443834099-0-cib-1-100x100.jpg",100,100,true]},"uagb_author_info":{"display_name":"Perry","author_link":"https:\/\/www.sikortex.com\/pl\/author\/"},"uagb_comment_info":0,"uagb_excerpt":"1000 Meters(Min.Order)","_links":{"self":[{"href":"https:\/\/www.sikortex.com\/pl\/wp-json\/wp\/v2\/product\/2352","targetHints":{"allow":["GET"]}}],"collection":[{"href":"https:\/\/www.sikortex.com\/pl\/wp-json\/wp\/v2\/product"}],"about":[{"href":"https:\/\/www.sikortex.com\/pl\/wp-json\/wp\/v2\/types\/product"}],"replies":[{"embeddable":true,"href":"https:\/\/www.sikortex.com\/pl\/wp-json\/wp\/v2\/comments?post=2352"}],"wp:featuredmedia":[{"embeddable":true,"href":"https:\/\/www.sikortex.com\/pl\/wp-json\/wp\/v2\/media\/3914"}],"wp:attachment":[{"href":"https:\/\/www.sikortex.com\/pl\/wp-json\/wp\/v2\/media?parent=2352"}],"wp:term":[{"taxonomy":"product_brand","embeddable":true,"href":"https:\/\/www.sikortex.com\/pl\/wp-json\/wp\/v2\/product_brand?post=2352"},{"taxonomy":"product_cat","embeddable":true,"href":"https:\/\/www.sikortex.com\/pl\/wp-json\/wp\/v2\/product_cat?post=2352"},{"taxonomy":"product_tag","embeddable":true,"href":"https:\/\/www.sikortex.com\/pl\/wp-json\/wp\/v2\/product_tag?post=2352"}],"curies":[{"name":"wp","href":"https:\/\/api.w.org\/{rel}","templated":true}]}}