{"id":2317,"date":"2023-06-02T16:10:54","date_gmt":"2023-06-02T08:10:54","guid":{"rendered":"http:\/\/203.196.10.64:3021\/?post_type=product&#038;p=2317"},"modified":"2025-01-06T13:38:32","modified_gmt":"2025-01-06T05:38:32","slug":"sk8272-2","status":"publish","type":"product","link":"https:\/\/www.sikortex.com\/pl\/produkt\/sk8272-2\/","title":{"rendered":"\u017bakardowa tkanina Oxford powlekana piank\u0105 nylonow\u0105 z PVC"},"content":{"rendered":"<h6>SIKOR-TEX <span style=\"color: #3366ff;\"><a style=\"color: #3366ff;\" href=\"https:\/\/www.sikortex.com\/pl\/nylonowo-bawelniana-tkanina-ripstop-tkanina-wiatrowka-5\/\">Tkanina oksfordzka<\/a><\/span> producent<\/h6>\n<p>\u017bakardowa tkanina Oxford pokryta piank\u0105 nylonow\u0105 na baga\u017c! Tkanina ta jest idealna dla os\u00f3b poszukuj\u0105cych wysokiej jako\u015bci, trwa\u0142ego materia\u0142u na swoje baga\u017ce. Dzi\u0119ki wysokiej odporno\u015bci na rozdarcie, dobrej trwa\u0142o\u015bci kolor\u00f3w i wysokiej wodoodporno\u015bci tkanina ta zosta\u0142a zaprojektowana tak, aby wytrzyma\u0107 trudy podr\u00f3\u017cy. Ponadto jest przyjazny dla \u015brodowiska i nie zawiera AZO, dzi\u0119ki czemu mo\u017cesz czu\u0107 si\u0119 dobrze z zakupem.<\/p>\n<p>Ta tkanina jest nie tylko najwy\u017cszej jako\u015bci, ale jest r\u00f3wnie\u017c dost\u0119pna w r\u00f3\u017cnych grubo\u015bciach prz\u0119dzy, pow\u0142okach, szeroko\u015bciach i gramaturach. Oznacza to, \u017ce mo\u017cesz dostosowa\u0107 sw\u00f3j baga\u017c do swoich dok\u0142adnych specyfikacji. Nasz profesjonalny producent tkanin poliestrowych i nylonowych 100% produkuje t\u0119 tkanin\u0119 we w\u0142asnej fabryce tkania i powlekania, zapewniaj\u0105c stabiln\u0105 jako\u015b\u0107 i konkurencyjne ceny. Dzi\u0119ki wieloletniemu do\u015bwiadczeniu gwarantujemy naszym klientom najwy\u017csz\u0105 jako\u015b\u0107 us\u0142ug.<\/p>\n<p>Wi\u0119c je\u015bli szukasz niezawodnej i wysokiej jako\u015bci tkaniny do swoich potrzeb baga\u017cowych, nie szukaj dalej ni\u017c najnowszy \u017cakardowy nylonowy materia\u0142 piankowy PVC do baga\u017cu. Skontaktuj si\u0119 z nami za po\u015brednictwem naszej strony internetowej, aby dowiedzie\u0107 si\u0119 wi\u0119cej o naszych liniach produkt\u00f3w i zasadach wysy\u0142ki.<\/p>","protected":false},"excerpt":{"rendered":"<p>600 metr\u00f3w (min. zam\u00f3wienie)<\/p>","protected":false},"featured_media":3902,"comment_status":"closed","ping_status":"closed","template":"","meta":{"_uag_custom_page_level_css":"","site-sidebar-layout":"default","site-content-layout":"default","ast-site-content-layout":"","site-content-style":"default","site-sidebar-style":"default","ast-global-header-display":"","ast-banner-title-visibility":"","ast-main-header-display":"","ast-hfb-above-header-display":"","ast-hfb-below-header-display":"","ast-hfb-mobile-header-display":"","site-post-title":"","ast-breadcrumbs-content":"","ast-featured-img":"","footer-sml-layout":"","theme-transparent-header-meta":"default","adv-header-id-meta":"","stick-header-meta":"default","header-above-stick-meta":"","header-main-stick-meta":"","header-below-stick-meta":"","astra-migrate-meta-layouts":"default","ast-page-background-enabled":"default","ast-page-background-meta":{"desktop":{"background-color":"","background-image":"","background-repeat":"repeat","background-position":"center center","background-size":"auto","background-attachment":"scroll","background-type":"","background-media":"","overlay-type":"","overlay-color":"","overlay-opacity":"","overlay-gradient":""},"tablet":{"background-color":"","background-image":"","background-repeat":"repeat","background-position":"center center","background-size":"auto","background-attachment":"scroll","background-type":"","background-media":"","overlay-type":"","overlay-color":"","overlay-opacity":"","overlay-gradient":""},"mobile":{"background-color":"","background-image":"","background-repeat":"repeat","background-position":"center center","background-size":"auto","background-attachment":"scroll","background-type":"","background-media":"","overlay-type":"","overlay-color":"","overlay-opacity":"","overlay-gradient":""}},"ast-content-background-meta":{"desktop":{"background-color":"var(--ast-global-color-5)","background-image":"","background-repeat":"repeat","background-position":"center center","background-size":"auto","background-attachment":"scroll","background-type":"","background-media":"","overlay-type":"","overlay-color":"","overlay-opacity":"","overlay-gradient":""},"tablet":{"background-color":"var(--ast-global-color-5)","background-image":"","background-repeat":"repeat","background-position":"center center","background-size":"auto","background-attachment":"scroll","background-type":"","background-media":"","overlay-type":"","overlay-color":"","overlay-opacity":"","overlay-gradient":""},"mobile":{"background-color":"var(--ast-global-color-5)","background-image":"","background-repeat":"repeat","background-position":"center center","background-size":"auto","background-attachment":"scroll","background-type":"","background-media":"","overlay-type":"","overlay-color":"","overlay-opacity":"","overlay-gradient":""}}},"product_brand":[],"product_cat":[404,407,433,414],"product_tag":[],"class_list":{"0":"post-2317","1":"product","2":"type-product","3":"status-publish","4":"has-post-thumbnail","6":"product_cat-nylon-fabrics","7":"product_cat-recycled-fabric","8":"product_cat-textile-for-industrial","9":"product_cat-waterproof-fabrics","10":"pa_available_colors-h-black","11":"desktop-align-left","12":"tablet-align-left","13":"mobile-align-left","14":"ast-product-gallery-layout-vertical-slider","15":"ast-product-tabs-layout-horizontal","17":"first","18":"instock","19":"shipping-taxable","20":"product-type-simple"},"uagb_featured_image_src":{"full":["https:\/\/www.sikortex.com\/wp-content\/uploads\/2023\/06\/4002372872_496900300-1.jpg",1024,1024,false],"thumbnail":["https:\/\/www.sikortex.com\/wp-content\/uploads\/2023\/06\/4002372872_496900300-1-150x150.jpg",150,150,true],"medium":["https:\/\/www.sikortex.com\/wp-content\/uploads\/2023\/06\/4002372872_496900300-1-300x300.jpg",300,300,true],"medium_large":["https:\/\/www.sikortex.com\/wp-content\/uploads\/2023\/06\/4002372872_496900300-1-768x768.jpg",768,768,true],"large":["https:\/\/www.sikortex.com\/wp-content\/uploads\/2023\/06\/4002372872_496900300-1.jpg",1024,1024,false],"1536x1536":["https:\/\/www.sikortex.com\/wp-content\/uploads\/2023\/06\/4002372872_496900300-1.jpg",1024,1024,false],"2048x2048":["https:\/\/www.sikortex.com\/wp-content\/uploads\/2023\/06\/4002372872_496900300-1.jpg",1024,1024,false],"trp-custom-language-flag":["https:\/\/www.sikortex.com\/wp-content\/uploads\/2023\/06\/4002372872_496900300-1.jpg",12,12,false],"woocommerce_thumbnail":["https:\/\/www.sikortex.com\/wp-content\/uploads\/2023\/06\/4002372872_496900300-1-300x300.jpg",300,300,true],"woocommerce_single":["https:\/\/www.sikortex.com\/wp-content\/uploads\/2023\/06\/4002372872_496900300-1-600x600.jpg",600,600,true],"woocommerce_gallery_thumbnail":["https:\/\/www.sikortex.com\/wp-content\/uploads\/2023\/06\/4002372872_496900300-1-100x100.jpg",100,100,true]},"uagb_author_info":{"display_name":"Perry","author_link":"https:\/\/www.sikortex.com\/pl\/author\/"},"uagb_comment_info":0,"uagb_excerpt":"600 Meters(Min.Order)","_links":{"self":[{"href":"https:\/\/www.sikortex.com\/pl\/wp-json\/wp\/v2\/product\/2317","targetHints":{"allow":["GET"]}}],"collection":[{"href":"https:\/\/www.sikortex.com\/pl\/wp-json\/wp\/v2\/product"}],"about":[{"href":"https:\/\/www.sikortex.com\/pl\/wp-json\/wp\/v2\/types\/product"}],"replies":[{"embeddable":true,"href":"https:\/\/www.sikortex.com\/pl\/wp-json\/wp\/v2\/comments?post=2317"}],"wp:featuredmedia":[{"embeddable":true,"href":"https:\/\/www.sikortex.com\/pl\/wp-json\/wp\/v2\/media\/3902"}],"wp:attachment":[{"href":"https:\/\/www.sikortex.com\/pl\/wp-json\/wp\/v2\/media?parent=2317"}],"wp:term":[{"taxonomy":"product_brand","embeddable":true,"href":"https:\/\/www.sikortex.com\/pl\/wp-json\/wp\/v2\/product_brand?post=2317"},{"taxonomy":"product_cat","embeddable":true,"href":"https:\/\/www.sikortex.com\/pl\/wp-json\/wp\/v2\/product_cat?post=2317"},{"taxonomy":"product_tag","embeddable":true,"href":"https:\/\/www.sikortex.com\/pl\/wp-json\/wp\/v2\/product_tag?post=2317"}],"curies":[{"name":"wp","href":"https:\/\/api.w.org\/{rel}","templated":true}]}}