{"id":2288,"date":"2023-06-02T16:00:53","date_gmt":"2023-06-02T08:00:53","guid":{"rendered":"http:\/\/203.196.10.64:3021\/?post_type=product&#038;p=2288"},"modified":"2025-02-17T17:45:35","modified_gmt":"2025-02-17T09:45:35","slug":"420d-nylonowa-tkanina-pu-powloka-oxford","status":"publish","type":"product","link":"https:\/\/www.sikortex.com\/pl\/produkt\/420d-nylonowa-tkanina-pu-powloka-oxford\/","title":{"rendered":"Tkanina nylonowa 420D z pow\u0142ok\u0105 PU Oxford"},"content":{"rendered":"<h3 class=\"header-vfC6AV auto-hide-last-sibling-br\">Tkanina nylonowa 420D: niezawodny wyb\u00f3r na odzie\u017c na z\u0142\u0105 pogod\u0119<\/h3>\n<p>&nbsp;<\/p>\n<h4 class=\"header-vfC6AV auto-hide-last-sibling-br\">Skrupulatne wykonanie, podstawa trwa\u0142o\u015bci<\/h4>\n<div class=\"auto-hide-last-sibling-br paragraph-JOTKXA paragraph-element br-paragraph-space\">Nasza tkanina nylonowa 420D wyr\u00f3\u017cnia si\u0119 od samego pocz\u0105tku procesem tkania. Prz\u0119dze s\u0105 \u015bci\u015ble splecione, tworz\u0105c stabiln\u0105 fizyczn\u0105 ram\u0119 dla tkaniny i k\u0142ad\u0105c solidny fundament dla jej trwa\u0142o\u015bci. Na to wszystko nak\u0142adamy dwuwarstwow\u0105 pow\u0142ok\u0119 PU. To nie jest zwyk\u0142y \u015brodek. Dwuwarstwowa pow\u0142oka jest jak na\u0142o\u017cenie dw\u00f3ch warstw solidnej zbroi na tkanin\u0119. Nie tylko kompleksowo zwi\u0119ksza og\u00f3ln\u0105 wytrzyma\u0142o\u015b\u0107 tkaniny, ale tak\u017ce znacznie poprawia jej odporno\u015b\u0107 na rozdarcie. Wyobra\u017a sobie, \u017ce podczas wyprawy na \u015bwie\u017cym powietrzu sprz\u0119t cz\u0119sto styka si\u0119 z ostrymi ska\u0142ami i ga\u0142\u0119ziami. Zwyk\u0142e tkaniny \u0142atwo by zarysowa\u0142y, ale nasza tkanina nylonowa 420D z dwuwarstwow\u0105 pow\u0142ok\u0105 PU mo\u017ce wytrzyma\u0107 te uderzenia, zapewniaj\u0105c integralno\u015b\u0107 sprz\u0119tu i niezawodn\u0105 gwarancj\u0119 na Twoje wyprawy na \u015bwie\u017cym powietrzu.<\/div>\n<div><\/div>\n<h4 class=\"header-vfC6AV auto-hide-last-sibling-br\">Podw\u00f3jna funkcja wodoodporno\u015bci, zapewniaj\u0105ca sucho\u015b\u0107<\/h4>\n<div class=\"auto-hide-last-sibling-br paragraph-JOTKXA paragraph-element br-paragraph-space\">Opr\u00f3cz doskona\u0142ej trwa\u0142o\u015bci, nasz nylonowy materia\u0142 420D jest jeszcze bardziej wodoodporny. Zosta\u0142 poddany obr\u00f3bce DWR (Durable Water Repellent), tworz\u0105c specjaln\u0105 mikroskopijn\u0105 struktur\u0119 na powierzchni materia\u0142u. Gdy krople wody dotkn\u0105 materia\u0142u, szybko zbieraj\u0105 si\u0119 w kulki i sp\u0142ywaj\u0105. W po\u0142\u0105czeniu z dwuwarstwow\u0105 pow\u0142ok\u0105 PU, te dwa \u015brodki dzia\u0142aj\u0105 razem, aby osi\u0105gn\u0105\u0107 najlepsz\u0105 <a href=\"https:\/\/www.sikortex.com\/pl\/czasopismo\/wodoodporny-i-wodoodporny\/\"><span style=\"color: #3366ff;\">wodoodporny<\/span><\/a> efekt. Niezale\u017cnie od tego, czy jest to ulewny deszcz, czy g\u0119sta mg\u0142a, tkanina mo\u017ce ca\u0142kowicie zablokowa\u0107 wilgo\u0107, dzi\u0119ki czemu przedmioty wewn\u0105trz sprz\u0119tu pozostaj\u0105 suche przez ca\u0142y czas. Ta najwy\u017csza wodoodporno\u015b\u0107 to kluczowa ochrona, jak\u0105 zapewnia nasza tkanina nylonowa 420D dla sprz\u0119tu u\u017cywanego w trudnych warunkach pogodowych.<\/div>\n<div><\/div>\n<h4 class=\"header-vfC6AV auto-hide-last-sibling-br\">Wyj\u0105tkowa odporno\u015b\u0107 na \u015bcieranie, utrzymanie d\u0142ugotrwa\u0142ej ochrony<\/h4>\n<div class=\"auto-hide-last-sibling-br paragraph-JOTKXA paragraph-element br-paragraph-space\">W z\u0142o\u017conym \u015brodowisku zewn\u0119trznym tarcie jest wszechobecne. Nasza tkanina nylonowa 420D wykazuje niezwyk\u0142\u0105 odporno\u015b\u0107 na \u015bcieranie dzi\u0119ki unikalnym w\u0142a\u015bciwo\u015bciom materia\u0142u i \u015bcis\u0142ej strukturze splotu. Nawet po licznych zastosowaniach i d\u0142ugich w\u0119dr\u00f3wkach, znosz\u0105c intensywne tarcie przez d\u0142u\u017cszy czas, mo\u017ce nadal zachowywa\u0107 dobre w\u0142a\u015bciwo\u015bci fizyczne bez zmniejszania swojego ochronnego wp\u0142ywu na sprz\u0119t. Ka\u017cde tarcie jest testem jego jako\u015bci, a nasza tkanina nylonowa 420D zawsze udowadnia swoj\u0105 wyj\u0105tkow\u0105 wydajno\u015b\u0107.<\/div>\n<div><\/div>\n<h4 class=\"header-vfC6AV auto-hide-last-sibling-br\">Szerokie zastosowanie, zaufanie we wszystkich scenariuszach<\/h4>\n<div class=\"auto-hide-last-sibling-br paragraph-JOTKXA paragraph-element br-paragraph-space\">Dzi\u0119ki licznym, wy\u017cej wymienionym, wyj\u0105tkowym zaletom, nasza tkanina nylonowa 420D ma szeroki zakres zastosowa\u0144, szczeg\u00f3lnie w produkcji sprz\u0119tu, kt\u00f3ry musi wytrzyma\u0107 trudne warunki pogodowe. Niezale\u017cnie od tego, czy jest to plecak g\u00f3rski, kt\u00f3ry musi wytrzyma\u0107 wiatr, deszcz i tarcie ska\u0142 podczas wspinaczki na szczyt, czy namiot terenowy, kt\u00f3ry musi wytrzyma\u0107 r\u00f3\u017cne z\u0142o\u017cone warunki pogodowe, nasza tkanina nylonowa 420D mo\u017ce zapewni\u0107 niezawodn\u0105 ochron\u0119 tego sprz\u0119tu dzi\u0119ki swojej doskona\u0142ej wydajno\u015bci. Dzi\u0119ki temu u\u017cytkownicy mog\u0105 cieszy\u0107 si\u0119 aktywno\u015bci\u0105 na \u015bwie\u017cym powietrzu ze spokojem ducha nawet w trudnych warunkach pogodowych.<\/div>\n<p>&nbsp;<\/p>\n<div class=\"auto-hide-last-sibling-br paragraph-JOTKXA paragraph-element br-paragraph-space\">Nasz nylonowy materia\u0142 420D, dzi\u0119ki swojej trwa\u0142o\u015bci, odporno\u015bci na rozdarcie, podw\u00f3jnej funkcji wodoodporno\u015bci i wyj\u0105tkowej odporno\u015bci na \u015bcieranie, uzyskany dzi\u0119ki starannemu wykonaniu, sta\u0142 si\u0119 niezast\u0105pionym, wysokiej jako\u015bci wyborem w dziedzinie sprz\u0119tu na trudne warunki pogodowe, kompleksowo wspomagaj\u0105cego wyprawy przygodowe mi\u0142o\u015bnik\u00f3w aktywnego wypoczynku na \u015bwie\u017cym powietrzu.<\/div>","protected":false},"excerpt":{"rendered":"<p>1000 metr\u00f3w (min. zam\u00f3wienie)<\/p>","protected":false},"featured_media":6451,"comment_status":"closed","ping_status":"closed","template":"","meta":{"_uag_custom_page_level_css":"","site-sidebar-layout":"default","site-content-layout":"default","ast-site-content-layout":"","site-content-style":"default","site-sidebar-style":"default","ast-global-header-display":"","ast-banner-title-visibility":"","ast-main-header-display":"","ast-hfb-above-header-display":"","ast-hfb-below-header-display":"","ast-hfb-mobile-header-display":"","site-post-title":"","ast-breadcrumbs-content":"","ast-featured-img":"","footer-sml-layout":"","theme-transparent-header-meta":"default","adv-header-id-meta":"","stick-header-meta":"default","header-above-stick-meta":"","header-main-stick-meta":"","header-below-stick-meta":"","astra-migrate-meta-layouts":"default","ast-page-background-enabled":"default","ast-page-background-meta":{"desktop":{"background-color":"","background-image":"","background-repeat":"repeat","background-position":"center center","background-size":"auto","background-attachment":"scroll","background-type":"","background-media":"","overlay-type":"","overlay-color":"","overlay-opacity":"","overlay-gradient":""},"tablet":{"background-color":"","background-image":"","background-repeat":"repeat","background-position":"center center","background-size":"auto","background-attachment":"scroll","background-type":"","background-media":"","overlay-type":"","overlay-color":"","overlay-opacity":"","overlay-gradient":""},"mobile":{"background-color":"","background-image":"","background-repeat":"repeat","background-position":"center center","background-size":"auto","background-attachment":"scroll","background-type":"","background-media":"","overlay-type":"","overlay-color":"","overlay-opacity":"","overlay-gradient":""}},"ast-content-background-meta":{"desktop":{"background-color":"var(--ast-global-color-5)","background-image":"","background-repeat":"repeat","background-position":"center center","background-size":"auto","background-attachment":"scroll","background-type":"","background-media":"","overlay-type":"","overlay-color":"","overlay-opacity":"","overlay-gradient":""},"tablet":{"background-color":"var(--ast-global-color-5)","background-image":"","background-repeat":"repeat","background-position":"center center","background-size":"auto","background-attachment":"scroll","background-type":"","background-media":"","overlay-type":"","overlay-color":"","overlay-opacity":"","overlay-gradient":""},"mobile":{"background-color":"var(--ast-global-color-5)","background-image":"","background-repeat":"repeat","background-position":"center center","background-size":"auto","background-attachment":"scroll","background-type":"","background-media":"","overlay-type":"","overlay-color":"","overlay-opacity":"","overlay-gradient":""}}},"product_brand":[],"product_cat":[426,1206,423,430,432,404,1184,433,414],"product_tag":[],"class_list":{"0":"post-2288","1":"product","2":"type-product","3":"status-publish","4":"has-post-thumbnail","6":"product_cat-constructionmining","7":"product_cat-fabric-for-bag","8":"product_cat-fabric-for-military-police","9":"product_cat-fabric-for-motorwear","10":"product_cat-fabric-for-tent","11":"product_cat-nylon-fabrics","12":"product_cat-oxford-fabric","13":"product_cat-textile-for-industrial","14":"product_cat-waterproof-fabrics","15":"pa_available_colors-911052-spc","16":"desktop-align-left","17":"tablet-align-left","18":"mobile-align-left","19":"ast-product-gallery-layout-vertical-slider","20":"ast-product-tabs-layout-horizontal","22":"first","23":"instock","24":"shipping-taxable","25":"product-type-simple"},"uagb_featured_image_src":{"full":["https:\/\/www.sikortex.com\/wp-content\/uploads\/2023\/06\/nylon-oxford.jpg",800,800,false],"thumbnail":["https:\/\/www.sikortex.com\/wp-content\/uploads\/2023\/06\/nylon-oxford-150x150.jpg",150,150,true],"medium":["https:\/\/www.sikortex.com\/wp-content\/uploads\/2023\/06\/nylon-oxford-300x300.jpg",300,300,true],"medium_large":["https:\/\/www.sikortex.com\/wp-content\/uploads\/2023\/06\/nylon-oxford-768x768.jpg",768,768,true],"large":["https:\/\/www.sikortex.com\/wp-content\/uploads\/2023\/06\/nylon-oxford.jpg",800,800,false],"1536x1536":["https:\/\/www.sikortex.com\/wp-content\/uploads\/2023\/06\/nylon-oxford.jpg",800,800,false],"2048x2048":["https:\/\/www.sikortex.com\/wp-content\/uploads\/2023\/06\/nylon-oxford.jpg",800,800,false],"trp-custom-language-flag":["https:\/\/www.sikortex.com\/wp-content\/uploads\/2023\/06\/nylon-oxford-12x12.jpg",12,12,true],"woocommerce_thumbnail":["https:\/\/www.sikortex.com\/wp-content\/uploads\/2023\/06\/nylon-oxford-300x300.jpg",300,300,true],"woocommerce_single":["https:\/\/www.sikortex.com\/wp-content\/uploads\/2023\/06\/nylon-oxford-600x600.jpg",600,600,true],"woocommerce_gallery_thumbnail":["https:\/\/www.sikortex.com\/wp-content\/uploads\/2023\/06\/nylon-oxford-100x100.jpg",100,100,true]},"uagb_author_info":{"display_name":"Perry","author_link":"https:\/\/www.sikortex.com\/pl\/author\/"},"uagb_comment_info":0,"uagb_excerpt":"1000 Meters(Min.Order)","_links":{"self":[{"href":"https:\/\/www.sikortex.com\/pl\/wp-json\/wp\/v2\/product\/2288","targetHints":{"allow":["GET"]}}],"collection":[{"href":"https:\/\/www.sikortex.com\/pl\/wp-json\/wp\/v2\/product"}],"about":[{"href":"https:\/\/www.sikortex.com\/pl\/wp-json\/wp\/v2\/types\/product"}],"replies":[{"embeddable":true,"href":"https:\/\/www.sikortex.com\/pl\/wp-json\/wp\/v2\/comments?post=2288"}],"wp:featuredmedia":[{"embeddable":true,"href":"https:\/\/www.sikortex.com\/pl\/wp-json\/wp\/v2\/media\/6451"}],"wp:attachment":[{"href":"https:\/\/www.sikortex.com\/pl\/wp-json\/wp\/v2\/media?parent=2288"}],"wp:term":[{"taxonomy":"product_brand","embeddable":true,"href":"https:\/\/www.sikortex.com\/pl\/wp-json\/wp\/v2\/product_brand?post=2288"},{"taxonomy":"product_cat","embeddable":true,"href":"https:\/\/www.sikortex.com\/pl\/wp-json\/wp\/v2\/product_cat?post=2288"},{"taxonomy":"product_tag","embeddable":true,"href":"https:\/\/www.sikortex.com\/pl\/wp-json\/wp\/v2\/product_tag?post=2288"}],"curies":[{"name":"wp","href":"https:\/\/api.w.org\/{rel}","templated":true}]}}