{"id":2252,"date":"2023-06-02T15:51:39","date_gmt":"2023-06-02T07:51:39","guid":{"rendered":"http:\/\/203.196.10.64:3021\/?post_type=product&#038;p=2252"},"modified":"2023-10-10T16:15:51","modified_gmt":"2023-10-10T08:15:51","slug":"sk8331-nylonowo-bawelniana-tkanina-odporna-na-zuzycie","status":"publish","type":"product","link":"https:\/\/www.sikortex.com\/pl\/produkt\/sk8331-nylonowo-bawelniana-tkanina-odporna-na-zuzycie\/","title":{"rendered":"Mieszanka nylonu i bawe\u0142ny 50\/50 Wysoka wytrzyma\u0142o\u015b\u0107 Odporna na zu\u017cycie tkanina"},"content":{"rendered":"<h5>Najlepsze tkaniny wojskowe \u2013 mieszanki nylonowej bawe\u0142ny<\/h5>\n<p>Szukasz tkaniny o wysokiej wytrzyma\u0142o\u015bci, kt\u00f3ra wytrzyma trudne warunki? Nie szukaj dalej ni\u017c prze\u0142omowa mieszanka tkanin SIKOR-TEX z nylonu 50% i bawe\u0142ny 50%. Ta innowacyjna mieszanka \u0142\u0105czy w sobie to, co najlepsze z obu \u015bwiat\u00f3w, \u0142\u0105cz\u0105c oddychalno\u015b\u0107 bawe\u0142ny z wyj\u0105tkow\u0105 trwa\u0142o\u015bci\u0105 i wytrzyma\u0142o\u015bci\u0105 nylonu.<br \/>\nDodanie wzoru w kratk\u0119 nie tylko wykazuje niezwyk\u0142\u0105 odporno\u015b\u0107 na zu\u017cycie, ale tak\u017ce znacznie poprawia odporno\u015b\u0107 na rozdarcie. Ta wyj\u0105tkowa konstrukcja gwarantuje, \u017ce tkanina wytrzyma nawet najtrudniejsze warunki, co czyni j\u0105 idealnym wyborem dla tych, kt\u00f3rzy potrzebuj\u0105, aby ich odzie\u017c by\u0142a odporna na codzienne zu\u017cycie.<br \/>\nSIKOR-TEX Nylon Tkanina bawe\u0142niana to co\u015b wi\u0119cej ni\u017c tylko trwa\u0142o\u015b\u0107. Jego odporno\u015b\u0107 na zu\u017cycie jest ponad trzykrotnie wi\u0119ksza ni\u017c w przypadku tkaniny poliestrowej lub bawe\u0142nianej 100%, co czyni j\u0105 idealnym wyborem dla tych, kt\u00f3rzy wymagaj\u0105 materia\u0142\u00f3w o wysokiej wydajno\u015bci. Dost\u0119pne s\u0105 r\u00f3wnie\u017c opcje nadruku i specjalne funkcjonalne wyko\u0144czenia, co czyni t\u0119 tkanin\u0119 jedn\u0105 z najbardziej wszechstronnych na rynku.<br \/>\nNiezale\u017cnie od tego, czy pracujesz w wojsku, policji, ochronie czy bran\u017cy odzie\u017cy roboczej, nasza tkanina jest dla Ciebie idealnym wyborem. Unikalna mieszanka materia\u0142\u00f3w i wzornictwa sprawia, \u017ce jest to najlepszy wyb\u00f3r dla tych, kt\u00f3rzy wymagaj\u0105 najwy\u017cszej jako\u015bci i trwa\u0142o\u015bci. Wybierz nasz\u0105 mieszank\u0119 tkanin z nylonu 50% i bawe\u0142ny 50% do swojego nast\u0119pnego projektu i przekonaj si\u0119 sam.<\/p>","protected":false},"excerpt":{"rendered":"<p>3000 metr\u00f3w (min. zam\u00f3wienie)<\/p>","protected":false},"featured_media":3877,"comment_status":"closed","ping_status":"closed","template":"","meta":{"_uag_custom_page_level_css":"","site-sidebar-layout":"default","site-content-layout":"default","ast-site-content-layout":"","site-content-style":"default","site-sidebar-style":"default","ast-global-header-display":"","ast-banner-title-visibility":"","ast-main-header-display":"","ast-hfb-above-header-display":"","ast-hfb-below-header-display":"","ast-hfb-mobile-header-display":"","site-post-title":"","ast-breadcrumbs-content":"","ast-featured-img":"","footer-sml-layout":"","theme-transparent-header-meta":"default","adv-header-id-meta":"","stick-header-meta":"default","header-above-stick-meta":"","header-main-stick-meta":"","header-below-stick-meta":"","astra-migrate-meta-layouts":"default","ast-page-background-enabled":"default","ast-page-background-meta":{"desktop":{"background-color":"","background-image":"","background-repeat":"repeat","background-position":"center center","background-size":"auto","background-attachment":"scroll","background-type":"","background-media":"","overlay-type":"","overlay-color":"","overlay-opacity":"","overlay-gradient":""},"tablet":{"background-color":"","background-image":"","background-repeat":"repeat","background-position":"center center","background-size":"auto","background-attachment":"scroll","background-type":"","background-media":"","overlay-type":"","overlay-color":"","overlay-opacity":"","overlay-gradient":""},"mobile":{"background-color":"","background-image":"","background-repeat":"repeat","background-position":"center center","background-size":"auto","background-attachment":"scroll","background-type":"","background-media":"","overlay-type":"","overlay-color":"","overlay-opacity":"","overlay-gradient":""}},"ast-content-background-meta":{"desktop":{"background-color":"var(--ast-global-color-5)","background-image":"","background-repeat":"repeat","background-position":"center center","background-size":"auto","background-attachment":"scroll","background-type":"","background-media":"","overlay-type":"","overlay-color":"","overlay-opacity":"","overlay-gradient":""},"tablet":{"background-color":"var(--ast-global-color-5)","background-image":"","background-repeat":"repeat","background-position":"center center","background-size":"auto","background-attachment":"scroll","background-type":"","background-media":"","overlay-type":"","overlay-color":"","overlay-opacity":"","overlay-gradient":""},"mobile":{"background-color":"var(--ast-global-color-5)","background-image":"","background-repeat":"repeat","background-position":"center center","background-size":"auto","background-attachment":"scroll","background-type":"","background-media":"","overlay-type":"","overlay-color":"","overlay-opacity":"","overlay-gradient":""}}},"product_brand":[],"product_cat":[419,426,423,428,406,427],"product_tag":[],"class_list":{"0":"post-2252","1":"product","2":"type-product","3":"status-publish","4":"has-post-thumbnail","6":"product_cat-anti-infrared-fabrics","7":"product_cat-constructionmining","8":"product_cat-fabric-for-military-police","9":"product_cat-fabric-for-outdoor-sports","10":"product_cat-nylon-cotton","11":"product_cat-petroleum-and-petrochemical","12":"pa_available_colors-911052-spc","13":"desktop-align-left","14":"tablet-align-left","15":"mobile-align-left","16":"ast-product-gallery-layout-vertical-slider","17":"ast-product-tabs-layout-horizontal","19":"first","20":"instock","21":"shipping-taxable","22":"product-type-simple"},"uagb_featured_image_src":{"full":["https:\/\/www.sikortex.com\/wp-content\/uploads\/2023\/06\/O1CN01wzQMQw1eKGJIlXM7q_969893852-0-cib-1.jpg",1024,1024,false],"thumbnail":["https:\/\/www.sikortex.com\/wp-content\/uploads\/2023\/06\/O1CN01wzQMQw1eKGJIlXM7q_969893852-0-cib-1-150x150.jpg",150,150,true],"medium":["https:\/\/www.sikortex.com\/wp-content\/uploads\/2023\/06\/O1CN01wzQMQw1eKGJIlXM7q_969893852-0-cib-1-300x300.jpg",300,300,true],"medium_large":["https:\/\/www.sikortex.com\/wp-content\/uploads\/2023\/06\/O1CN01wzQMQw1eKGJIlXM7q_969893852-0-cib-1-768x768.jpg",768,768,true],"large":["https:\/\/www.sikortex.com\/wp-content\/uploads\/2023\/06\/O1CN01wzQMQw1eKGJIlXM7q_969893852-0-cib-1.jpg",1024,1024,false],"1536x1536":["https:\/\/www.sikortex.com\/wp-content\/uploads\/2023\/06\/O1CN01wzQMQw1eKGJIlXM7q_969893852-0-cib-1.jpg",1024,1024,false],"2048x2048":["https:\/\/www.sikortex.com\/wp-content\/uploads\/2023\/06\/O1CN01wzQMQw1eKGJIlXM7q_969893852-0-cib-1.jpg",1024,1024,false],"trp-custom-language-flag":["https:\/\/www.sikortex.com\/wp-content\/uploads\/2023\/06\/O1CN01wzQMQw1eKGJIlXM7q_969893852-0-cib-1.jpg",12,12,false],"woocommerce_thumbnail":["https:\/\/www.sikortex.com\/wp-content\/uploads\/2023\/06\/O1CN01wzQMQw1eKGJIlXM7q_969893852-0-cib-1-300x300.jpg",300,300,true],"woocommerce_single":["https:\/\/www.sikortex.com\/wp-content\/uploads\/2023\/06\/O1CN01wzQMQw1eKGJIlXM7q_969893852-0-cib-1-600x600.jpg",600,600,true],"woocommerce_gallery_thumbnail":["https:\/\/www.sikortex.com\/wp-content\/uploads\/2023\/06\/O1CN01wzQMQw1eKGJIlXM7q_969893852-0-cib-1-100x100.jpg",100,100,true]},"uagb_author_info":{"display_name":"Perry","author_link":"https:\/\/www.sikortex.com\/pl\/author\/"},"uagb_comment_info":0,"uagb_excerpt":"3000 Meters(Min.Order)","_links":{"self":[{"href":"https:\/\/www.sikortex.com\/pl\/wp-json\/wp\/v2\/product\/2252","targetHints":{"allow":["GET"]}}],"collection":[{"href":"https:\/\/www.sikortex.com\/pl\/wp-json\/wp\/v2\/product"}],"about":[{"href":"https:\/\/www.sikortex.com\/pl\/wp-json\/wp\/v2\/types\/product"}],"replies":[{"embeddable":true,"href":"https:\/\/www.sikortex.com\/pl\/wp-json\/wp\/v2\/comments?post=2252"}],"wp:featuredmedia":[{"embeddable":true,"href":"https:\/\/www.sikortex.com\/pl\/wp-json\/wp\/v2\/media\/3877"}],"wp:attachment":[{"href":"https:\/\/www.sikortex.com\/pl\/wp-json\/wp\/v2\/media?parent=2252"}],"wp:term":[{"taxonomy":"product_brand","embeddable":true,"href":"https:\/\/www.sikortex.com\/pl\/wp-json\/wp\/v2\/product_brand?post=2252"},{"taxonomy":"product_cat","embeddable":true,"href":"https:\/\/www.sikortex.com\/pl\/wp-json\/wp\/v2\/product_cat?post=2252"},{"taxonomy":"product_tag","embeddable":true,"href":"https:\/\/www.sikortex.com\/pl\/wp-json\/wp\/v2\/product_tag?post=2252"}],"curies":[{"name":"wp","href":"https:\/\/api.w.org\/{rel}","templated":true}]}}