{"id":2246,"date":"2023-06-02T15:50:33","date_gmt":"2023-06-02T07:50:33","guid":{"rendered":"http:\/\/203.196.10.64:3021\/?post_type=product&#038;p=2246"},"modified":"2024-12-17T11:02:43","modified_gmt":"2024-12-17T03:02:43","slug":"sk8266-1680d-nylon-skosny-zakard-tkanina","status":"publish","type":"product","link":"https:\/\/www.sikortex.com\/pl\/produkt\/sk8266-1680d-nylon-skosny-zakard-tkanina\/","title":{"rendered":"1680D Tkanina Oxford Twill \u017bakardowy Nylon Oxford"},"content":{"rendered":"<p>Wysokiej jako\u015bci tkanina znana z wyj\u0105tkowej wytrzyma\u0142o\u015bci, trwa\u0142o\u015bci i wodoodporno\u015bci. Ta tkanina o splocie p\u0142\u00f3ciennym z podw\u00f3jn\u0105 osnow\u0105 i podw\u00f3jnym w\u0105tkiem zosta\u0142a zaprojektowana tak, aby spe\u0142nia\u0107 najwy\u017csze standardy jako\u015bci.<\/p>\n<p>Wykonana z nylonu tkanina Oxford 1680D wykorzystuje unikalny proces produkcyjny. Dwa nylonowe w\u0142\u00f3kna 420D s\u0105 \u015bci\u015ble nawini\u0119te i skr\u0119cone razem, tworz\u0105c wytrzyma\u0142e w\u0142\u00f3kno 840D. Dzi\u0119ki metodzie tkania z podw\u00f3jn\u0105 osnow\u0105 i podw\u00f3jnym w\u0105tkiem uzyskana tkanina sk\u0142ada si\u0119 z dw\u00f3ch w\u0142\u00f3kien 840D, co zapewnia wytrzyma\u0142o\u015b\u0107 i g\u0119sto\u015b\u0107 podw\u00f3jnej nici 1680D.<\/p>\n<p>Twill Jacquard Nylon 1680D Oxford Fabric charakteryzuje si\u0119 wyj\u0105tkow\u0105 wytrzyma\u0142o\u015bci\u0105 na rozci\u0105ganie i odporno\u015bci\u0105 na zu\u017cycie, dzi\u0119ki czemu idealnie nadaje si\u0119 do zastosowa\u0144 wymagaj\u0105cych du\u017cych napr\u0119\u017ce\u0144. Jego struktura o du\u017cej g\u0119sto\u015bci zapewnia doskona\u0142\u0105 wodoodporno\u015b\u0107, cz\u0119sto spe\u0142niaj\u0105c standardy wodoodporno\u015bci IPX3 lub IPX4. Dodatkowo tkanina charakteryzuje si\u0119 szlachetnym po\u0142yskiem, dodaj\u0105c elegancji wysokiej klasy produktom i torebom outdoorowym.<\/p>\n<p>Aby jeszcze bardziej zwi\u0119kszy\u0107 jego wydajno\u015b\u0107, nasza tkanina Oxford 1680D mo\u017ce by\u0107 poddawana r\u00f3\u017cnym zabiegom wyka\u0144czaj\u0105cym. Opcje obejmuj\u0105 mi\u0119dzy innymi kalandrowany PVC, pow\u0142ok\u0119 PU, kompozyt EVA, a tak\u017ce druk transferowy, walcowanie na gor\u0105co i sitodruk.<\/p>\n<p>Oferujemy r\u00f3wnie\u017c opcj\u0119 dwuwarstwowej tkaniny Oxford 1680D z dodatkiem poliestru, zapewniaj\u0105c dodatkowe opcje dostosowane do konkretnych potrzeb.<\/p>","protected":false},"excerpt":{"rendered":"<p>600 metr\u00f3w (min. zam\u00f3wienie)<\/p>","protected":false},"featured_media":3839,"comment_status":"closed","ping_status":"closed","template":"","meta":{"_uag_custom_page_level_css":"","site-sidebar-layout":"default","site-content-layout":"default","ast-site-content-layout":"","site-content-style":"default","site-sidebar-style":"default","ast-global-header-display":"","ast-banner-title-visibility":"","ast-main-header-display":"","ast-hfb-above-header-display":"","ast-hfb-below-header-display":"","ast-hfb-mobile-header-display":"","site-post-title":"","ast-breadcrumbs-content":"","ast-featured-img":"","footer-sml-layout":"","theme-transparent-header-meta":"default","adv-header-id-meta":"","stick-header-meta":"default","header-above-stick-meta":"","header-main-stick-meta":"","header-below-stick-meta":"","astra-migrate-meta-layouts":"default","ast-page-background-enabled":"default","ast-page-background-meta":{"desktop":{"background-color":"","background-image":"","background-repeat":"repeat","background-position":"center center","background-size":"auto","background-attachment":"scroll","background-type":"","background-media":"","overlay-type":"","overlay-color":"","overlay-opacity":"","overlay-gradient":""},"tablet":{"background-color":"","background-image":"","background-repeat":"repeat","background-position":"center center","background-size":"auto","background-attachment":"scroll","background-type":"","background-media":"","overlay-type":"","overlay-color":"","overlay-opacity":"","overlay-gradient":""},"mobile":{"background-color":"","background-image":"","background-repeat":"repeat","background-position":"center center","background-size":"auto","background-attachment":"scroll","background-type":"","background-media":"","overlay-type":"","overlay-color":"","overlay-opacity":"","overlay-gradient":""}},"ast-content-background-meta":{"desktop":{"background-color":"var(--ast-global-color-5)","background-image":"","background-repeat":"repeat","background-position":"center center","background-size":"auto","background-attachment":"scroll","background-type":"","background-media":"","overlay-type":"","overlay-color":"","overlay-opacity":"","overlay-gradient":""},"tablet":{"background-color":"var(--ast-global-color-5)","background-image":"","background-repeat":"repeat","background-position":"center center","background-size":"auto","background-attachment":"scroll","background-type":"","background-media":"","overlay-type":"","overlay-color":"","overlay-opacity":"","overlay-gradient":""},"mobile":{"background-color":"var(--ast-global-color-5)","background-image":"","background-repeat":"repeat","background-position":"center center","background-size":"auto","background-attachment":"scroll","background-type":"","background-media":"","overlay-type":"","overlay-color":"","overlay-opacity":"","overlay-gradient":""}}},"product_brand":[],"product_cat":[432,404,433,414],"product_tag":[],"class_list":{"0":"post-2246","1":"product","2":"type-product","3":"status-publish","4":"has-post-thumbnail","6":"product_cat-fabric-for-tent","7":"product_cat-nylon-fabrics","8":"product_cat-textile-for-industrial","9":"product_cat-waterproof-fabrics","10":"pa_available_colors-8236-8","11":"pa_available_colors-000014-wht","12":"pa_available_colors-royal-blue","13":"pa_available_colors-911052-spc","14":"desktop-align-left","15":"tablet-align-left","16":"mobile-align-left","17":"ast-product-gallery-layout-vertical-slider","18":"ast-product-tabs-layout-horizontal","20":"first","21":"instock","22":"shipping-taxable","23":"product-type-simple"},"uagb_featured_image_src":{"full":["https:\/\/www.sikortex.com\/wp-content\/uploads\/2023\/06\/3984757527_496900300-1.jpg",1024,1024,false],"thumbnail":["https:\/\/www.sikortex.com\/wp-content\/uploads\/2023\/06\/3984757527_496900300-1-150x150.jpg",150,150,true],"medium":["https:\/\/www.sikortex.com\/wp-content\/uploads\/2023\/06\/3984757527_496900300-1-300x300.jpg",300,300,true],"medium_large":["https:\/\/www.sikortex.com\/wp-content\/uploads\/2023\/06\/3984757527_496900300-1-768x768.jpg",768,768,true],"large":["https:\/\/www.sikortex.com\/wp-content\/uploads\/2023\/06\/3984757527_496900300-1.jpg",1024,1024,false],"1536x1536":["https:\/\/www.sikortex.com\/wp-content\/uploads\/2023\/06\/3984757527_496900300-1.jpg",1024,1024,false],"2048x2048":["https:\/\/www.sikortex.com\/wp-content\/uploads\/2023\/06\/3984757527_496900300-1.jpg",1024,1024,false],"trp-custom-language-flag":["https:\/\/www.sikortex.com\/wp-content\/uploads\/2023\/06\/3984757527_496900300-1.jpg",12,12,false],"woocommerce_thumbnail":["https:\/\/www.sikortex.com\/wp-content\/uploads\/2023\/06\/3984757527_496900300-1-300x300.jpg",300,300,true],"woocommerce_single":["https:\/\/www.sikortex.com\/wp-content\/uploads\/2023\/06\/3984757527_496900300-1-600x600.jpg",600,600,true],"woocommerce_gallery_thumbnail":["https:\/\/www.sikortex.com\/wp-content\/uploads\/2023\/06\/3984757527_496900300-1-100x100.jpg",100,100,true]},"uagb_author_info":{"display_name":"Perry","author_link":"https:\/\/www.sikortex.com\/pl\/author\/"},"uagb_comment_info":0,"uagb_excerpt":"600 Meters(Min.Order)","_links":{"self":[{"href":"https:\/\/www.sikortex.com\/pl\/wp-json\/wp\/v2\/product\/2246","targetHints":{"allow":["GET"]}}],"collection":[{"href":"https:\/\/www.sikortex.com\/pl\/wp-json\/wp\/v2\/product"}],"about":[{"href":"https:\/\/www.sikortex.com\/pl\/wp-json\/wp\/v2\/types\/product"}],"replies":[{"embeddable":true,"href":"https:\/\/www.sikortex.com\/pl\/wp-json\/wp\/v2\/comments?post=2246"}],"wp:featuredmedia":[{"embeddable":true,"href":"https:\/\/www.sikortex.com\/pl\/wp-json\/wp\/v2\/media\/3839"}],"wp:attachment":[{"href":"https:\/\/www.sikortex.com\/pl\/wp-json\/wp\/v2\/media?parent=2246"}],"wp:term":[{"taxonomy":"product_brand","embeddable":true,"href":"https:\/\/www.sikortex.com\/pl\/wp-json\/wp\/v2\/product_brand?post=2246"},{"taxonomy":"product_cat","embeddable":true,"href":"https:\/\/www.sikortex.com\/pl\/wp-json\/wp\/v2\/product_cat?post=2246"},{"taxonomy":"product_tag","embeddable":true,"href":"https:\/\/www.sikortex.com\/pl\/wp-json\/wp\/v2\/product_tag?post=2246"}],"curies":[{"name":"wp","href":"https:\/\/api.w.org\/{rel}","templated":true}]}}