{"id":2230,"date":"2023-06-02T15:47:05","date_gmt":"2023-06-02T07:47:05","guid":{"rendered":"http:\/\/203.196.10.64:3021\/?post_type=product&#038;p=2230"},"modified":"2024-09-13T17:32:59","modified_gmt":"2024-09-13T09:32:59","slug":"sk8265","status":"publish","type":"product","link":"https:\/\/www.sikortex.com\/pl\/produkt\/sk8265\/","title":{"rendered":"Tkanina poliestrowa 1200D Audio"},"content":{"rendered":"<h6>SIKOR-TEX to wysokiej klasy producent tkanin z siedzib\u0105 w Chinach<\/h6>\n<p>Poliestrowa tkanina audio 1200D, wysokowydajna tkanina zaprojektowana specjalnie w celu poprawy wra\u017ce\u0144 d\u017awi\u0119kowych i zapewnienia wyj\u0105tkowej trwa\u0142o\u015bci.<\/p>\n<p>Wykonana z precyzj\u0105 i dba\u0142o\u015bci\u0105 o szczeg\u00f3\u0142y, nasza tkanina jest wykonana z poliestru 1200D, co zapewnia doskona\u0142\u0105 wytrzyma\u0142o\u015b\u0107 i odporno\u015b\u0107 na zu\u017cycie. Zosta\u0142 zaprojektowany tak, aby sprosta\u0107 wymaganiom sprz\u0119tu audio i powi\u0105zanych zastosowa\u0144.<\/p>\n<p>Poliestrowa tkanina audio 1200D oferuje unikalne po\u0142\u0105czenie w\u0142a\u015bciwo\u015bci akustycznych i w\u0142a\u015bciwo\u015bci tekstylnych. Pomaga zminimalizowa\u0107 niepo\u017c\u0105dane wibracje i rezonanse, zapewniaj\u0105c optymaln\u0105 jako\u015b\u0107 i klarowno\u015b\u0107 d\u017awi\u0119ku. Dodatkowo g\u0119sta struktura materia\u0142u pomaga zmniejszy\u0107 wyciek d\u017awi\u0119ku, zapewniaj\u0105c bardziej wci\u0105gaj\u0105ce wra\u017cenia d\u017awi\u0119kowe.<\/p>\n<p>Nasza tkanina wyr\u00f3\u017cnia si\u0119 nie tylko w\u0142a\u015bciwo\u015bciami akustycznymi, ale tak\u017ce doskona\u0142\u0105 trwa\u0142o\u015bci\u0105 i d\u0142ugowieczno\u015bci\u0105. Jest odporny na strz\u0119pienie, \u015bcieranie i rozdzieranie, dzi\u0119ki czemu nadaje si\u0119 do zastosowa\u0144 wymagaj\u0105cych d\u0142ugotrwa\u0142ej wydajno\u015bci.<\/p>\n<p>Niezale\u017cnie od tego, czy projektujesz os\u0142ony g\u0142o\u015bnik\u00f3w, obudowy sprz\u0119tu audio, czy inne produkty zwi\u0105zane z d\u017awi\u0119kiem, nasza poliestrowa tkanina audio 1200D jest idealnym wyborem. Do\u015bwiadcz lepszej jako\u015bci d\u017awi\u0119ku, trwa\u0142o\u015bci i niezawodno\u015bci w swoich przedsi\u0119wzi\u0119ciach audio. Podnie\u015b poziom swojego sprz\u0119tu audio dzi\u0119ki tkaninie zaprojektowanej z my\u015bl\u0105 o optymalnej wydajno\u015bci.<\/p>","protected":false},"excerpt":{"rendered":"<p>600 metr\u00f3w (min. zam\u00f3wienie)<\/p>","protected":false},"featured_media":3837,"comment_status":"closed","ping_status":"closed","template":"","meta":{"_uag_custom_page_level_css":"","site-sidebar-layout":"default","site-content-layout":"default","ast-site-content-layout":"","site-content-style":"default","site-sidebar-style":"default","ast-global-header-display":"","ast-banner-title-visibility":"","ast-main-header-display":"","ast-hfb-above-header-display":"","ast-hfb-below-header-display":"","ast-hfb-mobile-header-display":"","site-post-title":"","ast-breadcrumbs-content":"","ast-featured-img":"","footer-sml-layout":"","theme-transparent-header-meta":"default","adv-header-id-meta":"","stick-header-meta":"default","header-above-stick-meta":"","header-main-stick-meta":"","header-below-stick-meta":"","astra-migrate-meta-layouts":"default","ast-page-background-enabled":"default","ast-page-background-meta":{"desktop":{"background-color":"","background-image":"","background-repeat":"repeat","background-position":"center center","background-size":"auto","background-attachment":"scroll","background-type":"","background-media":"","overlay-type":"","overlay-color":"","overlay-opacity":"","overlay-gradient":""},"tablet":{"background-color":"","background-image":"","background-repeat":"repeat","background-position":"center center","background-size":"auto","background-attachment":"scroll","background-type":"","background-media":"","overlay-type":"","overlay-color":"","overlay-opacity":"","overlay-gradient":""},"mobile":{"background-color":"","background-image":"","background-repeat":"repeat","background-position":"center center","background-size":"auto","background-attachment":"scroll","background-type":"","background-media":"","overlay-type":"","overlay-color":"","overlay-opacity":"","overlay-gradient":""}},"ast-content-background-meta":{"desktop":{"background-color":"var(--ast-global-color-5)","background-image":"","background-repeat":"repeat","background-position":"center center","background-size":"auto","background-attachment":"scroll","background-type":"","background-media":"","overlay-type":"","overlay-color":"","overlay-opacity":"","overlay-gradient":""},"tablet":{"background-color":"var(--ast-global-color-5)","background-image":"","background-repeat":"repeat","background-position":"center center","background-size":"auto","background-attachment":"scroll","background-type":"","background-media":"","overlay-type":"","overlay-color":"","overlay-opacity":"","overlay-gradient":""},"mobile":{"background-color":"var(--ast-global-color-5)","background-image":"","background-repeat":"repeat","background-position":"center center","background-size":"auto","background-attachment":"scroll","background-type":"","background-media":"","overlay-type":"","overlay-color":"","overlay-opacity":"","overlay-gradient":""}}},"product_brand":[],"product_cat":[403,433,414],"product_tag":[],"class_list":{"0":"post-2230","1":"product","2":"type-product","3":"status-publish","4":"has-post-thumbnail","6":"product_cat-polyester-fabrics","7":"product_cat-textile-for-industrial","8":"product_cat-waterproof-fabrics","9":"pa_available_colors-911052-spc","10":"pa_available_colors-000020-wht","11":"desktop-align-left","12":"tablet-align-left","13":"mobile-align-left","14":"ast-product-gallery-layout-vertical-slider","15":"ast-product-tabs-layout-horizontal","17":"first","18":"instock","19":"shipping-taxable","20":"product-type-simple"},"uagb_featured_image_src":{"full":["https:\/\/www.sikortex.com\/wp-content\/uploads\/2023\/06\/23597621616_496900300-1.jpg",1024,1024,false],"thumbnail":["https:\/\/www.sikortex.com\/wp-content\/uploads\/2023\/06\/23597621616_496900300-1-150x150.jpg",150,150,true],"medium":["https:\/\/www.sikortex.com\/wp-content\/uploads\/2023\/06\/23597621616_496900300-1-300x300.jpg",300,300,true],"medium_large":["https:\/\/www.sikortex.com\/wp-content\/uploads\/2023\/06\/23597621616_496900300-1-768x768.jpg",768,768,true],"large":["https:\/\/www.sikortex.com\/wp-content\/uploads\/2023\/06\/23597621616_496900300-1.jpg",1024,1024,false],"1536x1536":["https:\/\/www.sikortex.com\/wp-content\/uploads\/2023\/06\/23597621616_496900300-1.jpg",1024,1024,false],"2048x2048":["https:\/\/www.sikortex.com\/wp-content\/uploads\/2023\/06\/23597621616_496900300-1.jpg",1024,1024,false],"trp-custom-language-flag":["https:\/\/www.sikortex.com\/wp-content\/uploads\/2023\/06\/23597621616_496900300-1.jpg",12,12,false],"woocommerce_thumbnail":["https:\/\/www.sikortex.com\/wp-content\/uploads\/2023\/06\/23597621616_496900300-1-300x300.jpg",300,300,true],"woocommerce_single":["https:\/\/www.sikortex.com\/wp-content\/uploads\/2023\/06\/23597621616_496900300-1-600x600.jpg",600,600,true],"woocommerce_gallery_thumbnail":["https:\/\/www.sikortex.com\/wp-content\/uploads\/2023\/06\/23597621616_496900300-1-100x100.jpg",100,100,true]},"uagb_author_info":{"display_name":"Perry","author_link":"https:\/\/www.sikortex.com\/pl\/author\/"},"uagb_comment_info":0,"uagb_excerpt":"600 Meters(Min.Order)","_links":{"self":[{"href":"https:\/\/www.sikortex.com\/pl\/wp-json\/wp\/v2\/product\/2230","targetHints":{"allow":["GET"]}}],"collection":[{"href":"https:\/\/www.sikortex.com\/pl\/wp-json\/wp\/v2\/product"}],"about":[{"href":"https:\/\/www.sikortex.com\/pl\/wp-json\/wp\/v2\/types\/product"}],"replies":[{"embeddable":true,"href":"https:\/\/www.sikortex.com\/pl\/wp-json\/wp\/v2\/comments?post=2230"}],"wp:featuredmedia":[{"embeddable":true,"href":"https:\/\/www.sikortex.com\/pl\/wp-json\/wp\/v2\/media\/3837"}],"wp:attachment":[{"href":"https:\/\/www.sikortex.com\/pl\/wp-json\/wp\/v2\/media?parent=2230"}],"wp:term":[{"taxonomy":"product_brand","embeddable":true,"href":"https:\/\/www.sikortex.com\/pl\/wp-json\/wp\/v2\/product_brand?post=2230"},{"taxonomy":"product_cat","embeddable":true,"href":"https:\/\/www.sikortex.com\/pl\/wp-json\/wp\/v2\/product_cat?post=2230"},{"taxonomy":"product_tag","embeddable":true,"href":"https:\/\/www.sikortex.com\/pl\/wp-json\/wp\/v2\/product_tag?post=2230"}],"curies":[{"name":"wp","href":"https:\/\/api.w.org\/{rel}","templated":true}]}}