{"id":2218,"date":"2023-06-02T15:43:54","date_gmt":"2023-06-02T07:43:54","guid":{"rendered":"http:\/\/203.196.10.64:3021\/?post_type=product&#038;p=2218"},"modified":"2023-10-09T09:33:56","modified_gmt":"2023-10-09T01:33:56","slug":"sk8263-nylonowa-bawelniana-tkanina-na-odziez-robocza","status":"publish","type":"product","link":"https:\/\/www.sikortex.com\/pl\/produkt\/sk8263-nylonowa-bawelniana-tkanina-na-odziez-robocza\/","title":{"rendered":"210D Nylon Bawe\u0142na przeplatana tkanina na odzie\u017c robocz\u0105"},"content":{"rendered":"<p>210D Nylon Cotton Przeplatana tkanina na odzie\u017c robocz\u0105, wyj\u0105tkowe po\u0142\u0105czenie wytrzyma\u0142o\u015bci, wygody i stylu. Ta tkanina \u0142\u0105czy w sobie to, co najlepsze z obu \u015bwiat\u00f3w, wykorzystuj\u0105c w\u0142\u00f3kna nylonowe osnowy 210D i prz\u0119dz\u0119 bawe\u0142nian\u0105 w\u0105tku 32S, tworz\u0105c wyra\u017an\u0105 splecion\u0105 struktur\u0119, kt\u00f3ra odr\u00f3\u017cnia j\u0105 od tradycyjnych tkanin mieszanych.<\/p>\n<p>Poczuj niezwyk\u0142\u0105 faktur\u0119 naszej tkaniny, kt\u00f3ra prezentuje g\u0142adko\u015b\u0107 i odporno\u015b\u0107 na \u015bcieranie nylonu osnowowego, jednocze\u015bnie oferuj\u0105c subteln\u0105 nut\u0119 naturalnej tekstury prz\u0119dzy bawe\u0142nianej. Uciele\u015bnia najlepsze cechy obu materia\u0142\u00f3w, zapewniaj\u0105c wysok\u0105 wytrzyma\u0142o\u015b\u0107, w\u0142a\u015bciwo\u015bci przeciwzmarszczkowe, a tak\u017ce przyjazny dla sk\u00f3ry i oddychaj\u0105cy charakter zbli\u017cony do bawe\u0142ny.<\/p>\n<p>Ta wyj\u0105tkowa tkanina jest idealna do tworzenia uniwersalnych ubra\u0144, takich jak ubrania robocze, wiatr\u00f3wki, kurtki i modne elementy. Zapewnia trwa\u0142o\u015b\u0107, zapewniaj\u0105c, \u017ce odzie\u017c wytrzyma rygorystyczne u\u017cytkowanie, a jednocze\u015bnie zapewnia poziom komfortu, dzi\u0119ki kt\u00f3remu czujesz si\u0119 swobodnie przez ca\u0142y dzie\u0144.<\/p>","protected":false},"excerpt":{"rendered":"<p>600 metr\u00f3w (min. zam\u00f3wienie)<\/p>","protected":false},"featured_media":3835,"comment_status":"closed","ping_status":"closed","template":"","meta":{"_uag_custom_page_level_css":"","site-sidebar-layout":"default","site-content-layout":"default","ast-site-content-layout":"","site-content-style":"default","site-sidebar-style":"default","ast-global-header-display":"","ast-banner-title-visibility":"","ast-main-header-display":"","ast-hfb-above-header-display":"","ast-hfb-below-header-display":"","ast-hfb-mobile-header-display":"","site-post-title":"","ast-breadcrumbs-content":"","ast-featured-img":"","footer-sml-layout":"","theme-transparent-header-meta":"default","adv-header-id-meta":"","stick-header-meta":"default","header-above-stick-meta":"","header-main-stick-meta":"","header-below-stick-meta":"","astra-migrate-meta-layouts":"default","ast-page-background-enabled":"default","ast-page-background-meta":{"desktop":{"background-color":"","background-image":"","background-repeat":"repeat","background-position":"center center","background-size":"auto","background-attachment":"scroll","background-type":"","background-media":"","overlay-type":"","overlay-color":"","overlay-opacity":"","overlay-gradient":""},"tablet":{"background-color":"","background-image":"","background-repeat":"repeat","background-position":"center center","background-size":"auto","background-attachment":"scroll","background-type":"","background-media":"","overlay-type":"","overlay-color":"","overlay-opacity":"","overlay-gradient":""},"mobile":{"background-color":"","background-image":"","background-repeat":"repeat","background-position":"center center","background-size":"auto","background-attachment":"scroll","background-type":"","background-media":"","overlay-type":"","overlay-color":"","overlay-opacity":"","overlay-gradient":""}},"ast-content-background-meta":{"desktop":{"background-color":"var(--ast-global-color-5)","background-image":"","background-repeat":"repeat","background-position":"center center","background-size":"auto","background-attachment":"scroll","background-type":"","background-media":"","overlay-type":"","overlay-color":"","overlay-opacity":"","overlay-gradient":""},"tablet":{"background-color":"var(--ast-global-color-5)","background-image":"","background-repeat":"repeat","background-position":"center center","background-size":"auto","background-attachment":"scroll","background-type":"","background-media":"","overlay-type":"","overlay-color":"","overlay-opacity":"","overlay-gradient":""},"mobile":{"background-color":"var(--ast-global-color-5)","background-image":"","background-repeat":"repeat","background-position":"center center","background-size":"auto","background-attachment":"scroll","background-type":"","background-media":"","overlay-type":"","overlay-color":"","overlay-opacity":"","overlay-gradient":""}}},"product_brand":[],"product_cat":[426,431,428,406,425],"product_tag":[],"class_list":{"0":"post-2218","1":"product","2":"type-product","3":"status-publish","4":"has-post-thumbnail","6":"product_cat-constructionmining","7":"product_cat-fabric-for-commuting-clothing","8":"product_cat-fabric-for-outdoor-sports","9":"product_cat-nylon-cotton","10":"product_cat-security-emergencies-road-services","11":"pa_available_colors-911052-spc","12":"desktop-align-left","13":"tablet-align-left","14":"mobile-align-left","15":"ast-product-gallery-layout-vertical-slider","16":"ast-product-tabs-layout-horizontal","18":"first","19":"instock","20":"shipping-taxable","21":"product-type-simple"},"uagb_featured_image_src":{"full":["https:\/\/www.sikortex.com\/wp-content\/uploads\/2023\/06\/21239103998_130013987-1.jpg",1024,1024,false],"thumbnail":["https:\/\/www.sikortex.com\/wp-content\/uploads\/2023\/06\/21239103998_130013987-1-150x150.jpg",150,150,true],"medium":["https:\/\/www.sikortex.com\/wp-content\/uploads\/2023\/06\/21239103998_130013987-1-300x300.jpg",300,300,true],"medium_large":["https:\/\/www.sikortex.com\/wp-content\/uploads\/2023\/06\/21239103998_130013987-1-768x768.jpg",768,768,true],"large":["https:\/\/www.sikortex.com\/wp-content\/uploads\/2023\/06\/21239103998_130013987-1.jpg",1024,1024,false],"1536x1536":["https:\/\/www.sikortex.com\/wp-content\/uploads\/2023\/06\/21239103998_130013987-1.jpg",1024,1024,false],"2048x2048":["https:\/\/www.sikortex.com\/wp-content\/uploads\/2023\/06\/21239103998_130013987-1.jpg",1024,1024,false],"trp-custom-language-flag":["https:\/\/www.sikortex.com\/wp-content\/uploads\/2023\/06\/21239103998_130013987-1.jpg",12,12,false],"woocommerce_thumbnail":["https:\/\/www.sikortex.com\/wp-content\/uploads\/2023\/06\/21239103998_130013987-1-300x300.jpg",300,300,true],"woocommerce_single":["https:\/\/www.sikortex.com\/wp-content\/uploads\/2023\/06\/21239103998_130013987-1-600x600.jpg",600,600,true],"woocommerce_gallery_thumbnail":["https:\/\/www.sikortex.com\/wp-content\/uploads\/2023\/06\/21239103998_130013987-1-100x100.jpg",100,100,true]},"uagb_author_info":{"display_name":"Perry","author_link":"https:\/\/www.sikortex.com\/pl\/author\/"},"uagb_comment_info":0,"uagb_excerpt":"600 Meters(Min.Order)","_links":{"self":[{"href":"https:\/\/www.sikortex.com\/pl\/wp-json\/wp\/v2\/product\/2218","targetHints":{"allow":["GET"]}}],"collection":[{"href":"https:\/\/www.sikortex.com\/pl\/wp-json\/wp\/v2\/product"}],"about":[{"href":"https:\/\/www.sikortex.com\/pl\/wp-json\/wp\/v2\/types\/product"}],"replies":[{"embeddable":true,"href":"https:\/\/www.sikortex.com\/pl\/wp-json\/wp\/v2\/comments?post=2218"}],"wp:featuredmedia":[{"embeddable":true,"href":"https:\/\/www.sikortex.com\/pl\/wp-json\/wp\/v2\/media\/3835"}],"wp:attachment":[{"href":"https:\/\/www.sikortex.com\/pl\/wp-json\/wp\/v2\/media?parent=2218"}],"wp:term":[{"taxonomy":"product_brand","embeddable":true,"href":"https:\/\/www.sikortex.com\/pl\/wp-json\/wp\/v2\/product_brand?post=2218"},{"taxonomy":"product_cat","embeddable":true,"href":"https:\/\/www.sikortex.com\/pl\/wp-json\/wp\/v2\/product_cat?post=2218"},{"taxonomy":"product_tag","embeddable":true,"href":"https:\/\/www.sikortex.com\/pl\/wp-json\/wp\/v2\/product_tag?post=2218"}],"curies":[{"name":"wp","href":"https:\/\/api.w.org\/{rel}","templated":true}]}}