{"id":2206,"date":"2023-06-02T15:40:35","date_gmt":"2023-06-02T07:40:35","guid":{"rendered":"http:\/\/203.196.10.64:3021\/?post_type=product&#038;p=2206"},"modified":"2025-01-06T13:39:24","modified_gmt":"2025-01-06T05:39:24","slug":"sk8262","status":"publish","type":"product","link":"https:\/\/www.sikortex.com\/pl\/produkt\/sk8262\/","title":{"rendered":"Nylonowa tkanina Oxford 90D * 200D"},"content":{"rendered":"<p>Nylonowa tkanina Oxford 90D*200D, si\u0142a nap\u0119dowa, odporno\u015b\u0107 na zu\u017cycie i wodoodporno\u015b\u0107. Zaprojektowany, aby wyr\u00f3\u017cnia\u0107 si\u0119 w wymagaj\u0105cych zastosowaniach, ten materia\u0142 jest najlepszym wyborem na torby, w\u00f3zki i kurtki.<\/p>\n<p>Wykonany z niezwyk\u0142\u0105 dba\u0142o\u015bci\u0105 o szczeg\u00f3\u0142y, nasz materia\u0142 ma nylonow\u0105 konstrukcj\u0119 oxford 90D*200D, zapewniaj\u0105c\u0105 wyj\u0105tkow\u0105 trwa\u0142o\u015b\u0107 i d\u0142ugotrwa\u0142\u0105 odporno\u015b\u0107 na zu\u017cycie. Zosta\u0142 zbudowany tak, aby wytrzyma\u0107 najci\u0119\u017csze warunki i przetrwa\u0107 pr\u00f3b\u0119 czasu.<\/p>\n<p>Dzi\u0119ki gramaturze 320 (g\/\u33a1) nasz materia\u0142 zapewnia idealn\u0105 r\u00f3wnowag\u0119 pomi\u0119dzy wytrzyma\u0142o\u015bci\u0105 i lekko\u015bci\u0105 funkcjonalno\u015bci. Oferuje solidn\u0105 konstrukcj\u0119 bez uszczerbku dla komfortu i wygody.<\/p>\n<p>Ciesz si\u0119 pewno\u015bci\u0105 najwy\u017cszej wodoodporno\u015bci. Nasz materia\u0142 chroni Twoje rzeczy, w\u00f3zki i kurtki przed wilgoci\u0105, zapewniaj\u0105c, \u017ce pozostan\u0105 suche i nienaruszone nawet w wilgotnym otoczeniu.<\/p>","protected":false},"excerpt":{"rendered":"<p>600 metr\u00f3w (min. zam\u00f3wienie)<\/p>","protected":false},"featured_media":3833,"comment_status":"closed","ping_status":"closed","template":"","meta":{"_uag_custom_page_level_css":"","site-sidebar-layout":"default","site-content-layout":"default","ast-site-content-layout":"","site-content-style":"default","site-sidebar-style":"default","ast-global-header-display":"","ast-banner-title-visibility":"","ast-main-header-display":"","ast-hfb-above-header-display":"","ast-hfb-below-header-display":"","ast-hfb-mobile-header-display":"","site-post-title":"","ast-breadcrumbs-content":"","ast-featured-img":"","footer-sml-layout":"","theme-transparent-header-meta":"default","adv-header-id-meta":"","stick-header-meta":"default","header-above-stick-meta":"","header-main-stick-meta":"","header-below-stick-meta":"","astra-migrate-meta-layouts":"default","ast-page-background-enabled":"default","ast-page-background-meta":{"desktop":{"background-color":"","background-image":"","background-repeat":"repeat","background-position":"center center","background-size":"auto","background-attachment":"scroll","background-type":"","background-media":"","overlay-type":"","overlay-color":"","overlay-opacity":"","overlay-gradient":""},"tablet":{"background-color":"","background-image":"","background-repeat":"repeat","background-position":"center center","background-size":"auto","background-attachment":"scroll","background-type":"","background-media":"","overlay-type":"","overlay-color":"","overlay-opacity":"","overlay-gradient":""},"mobile":{"background-color":"","background-image":"","background-repeat":"repeat","background-position":"center center","background-size":"auto","background-attachment":"scroll","background-type":"","background-media":"","overlay-type":"","overlay-color":"","overlay-opacity":"","overlay-gradient":""}},"ast-content-background-meta":{"desktop":{"background-color":"var(--ast-global-color-5)","background-image":"","background-repeat":"repeat","background-position":"center center","background-size":"auto","background-attachment":"scroll","background-type":"","background-media":"","overlay-type":"","overlay-color":"","overlay-opacity":"","overlay-gradient":""},"tablet":{"background-color":"var(--ast-global-color-5)","background-image":"","background-repeat":"repeat","background-position":"center center","background-size":"auto","background-attachment":"scroll","background-type":"","background-media":"","overlay-type":"","overlay-color":"","overlay-opacity":"","overlay-gradient":""},"mobile":{"background-color":"var(--ast-global-color-5)","background-image":"","background-repeat":"repeat","background-position":"center center","background-size":"auto","background-attachment":"scroll","background-type":"","background-media":"","overlay-type":"","overlay-color":"","overlay-opacity":"","overlay-gradient":""}}},"product_brand":[],"product_cat":[404,433,414],"product_tag":[],"class_list":{"0":"post-2206","1":"product","2":"type-product","3":"status-publish","4":"has-post-thumbnail","6":"product_cat-nylon-fabrics","7":"product_cat-textile-for-industrial","8":"product_cat-waterproof-fabrics","9":"pa_available_colors-911052-spc","10":"desktop-align-left","11":"tablet-align-left","12":"mobile-align-left","13":"ast-product-gallery-layout-vertical-slider","14":"ast-product-tabs-layout-horizontal","16":"first","17":"instock","18":"shipping-taxable","19":"product-type-simple"},"uagb_featured_image_src":{"full":["https:\/\/www.sikortex.com\/wp-content\/uploads\/2023\/06\/O1CN01usiHOQ1MK769STn1M_2207532241415-0-cib-1.jpg",1024,1024,false],"thumbnail":["https:\/\/www.sikortex.com\/wp-content\/uploads\/2023\/06\/O1CN01usiHOQ1MK769STn1M_2207532241415-0-cib-1-150x150.jpg",150,150,true],"medium":["https:\/\/www.sikortex.com\/wp-content\/uploads\/2023\/06\/O1CN01usiHOQ1MK769STn1M_2207532241415-0-cib-1-300x300.jpg",300,300,true],"medium_large":["https:\/\/www.sikortex.com\/wp-content\/uploads\/2023\/06\/O1CN01usiHOQ1MK769STn1M_2207532241415-0-cib-1-768x768.jpg",768,768,true],"large":["https:\/\/www.sikortex.com\/wp-content\/uploads\/2023\/06\/O1CN01usiHOQ1MK769STn1M_2207532241415-0-cib-1.jpg",1024,1024,false],"1536x1536":["https:\/\/www.sikortex.com\/wp-content\/uploads\/2023\/06\/O1CN01usiHOQ1MK769STn1M_2207532241415-0-cib-1.jpg",1024,1024,false],"2048x2048":["https:\/\/www.sikortex.com\/wp-content\/uploads\/2023\/06\/O1CN01usiHOQ1MK769STn1M_2207532241415-0-cib-1.jpg",1024,1024,false],"trp-custom-language-flag":["https:\/\/www.sikortex.com\/wp-content\/uploads\/2023\/06\/O1CN01usiHOQ1MK769STn1M_2207532241415-0-cib-1.jpg",12,12,false],"woocommerce_thumbnail":["https:\/\/www.sikortex.com\/wp-content\/uploads\/2023\/06\/O1CN01usiHOQ1MK769STn1M_2207532241415-0-cib-1-300x300.jpg",300,300,true],"woocommerce_single":["https:\/\/www.sikortex.com\/wp-content\/uploads\/2023\/06\/O1CN01usiHOQ1MK769STn1M_2207532241415-0-cib-1-600x600.jpg",600,600,true],"woocommerce_gallery_thumbnail":["https:\/\/www.sikortex.com\/wp-content\/uploads\/2023\/06\/O1CN01usiHOQ1MK769STn1M_2207532241415-0-cib-1-100x100.jpg",100,100,true]},"uagb_author_info":{"display_name":"Perry","author_link":"https:\/\/www.sikortex.com\/pl\/author\/"},"uagb_comment_info":0,"uagb_excerpt":"600 Meters(Min.Order)","_links":{"self":[{"href":"https:\/\/www.sikortex.com\/pl\/wp-json\/wp\/v2\/product\/2206","targetHints":{"allow":["GET"]}}],"collection":[{"href":"https:\/\/www.sikortex.com\/pl\/wp-json\/wp\/v2\/product"}],"about":[{"href":"https:\/\/www.sikortex.com\/pl\/wp-json\/wp\/v2\/types\/product"}],"replies":[{"embeddable":true,"href":"https:\/\/www.sikortex.com\/pl\/wp-json\/wp\/v2\/comments?post=2206"}],"wp:featuredmedia":[{"embeddable":true,"href":"https:\/\/www.sikortex.com\/pl\/wp-json\/wp\/v2\/media\/3833"}],"wp:attachment":[{"href":"https:\/\/www.sikortex.com\/pl\/wp-json\/wp\/v2\/media?parent=2206"}],"wp:term":[{"taxonomy":"product_brand","embeddable":true,"href":"https:\/\/www.sikortex.com\/pl\/wp-json\/wp\/v2\/product_brand?post=2206"},{"taxonomy":"product_cat","embeddable":true,"href":"https:\/\/www.sikortex.com\/pl\/wp-json\/wp\/v2\/product_cat?post=2206"},{"taxonomy":"product_tag","embeddable":true,"href":"https:\/\/www.sikortex.com\/pl\/wp-json\/wp\/v2\/product_tag?post=2206"}],"curies":[{"name":"wp","href":"https:\/\/api.w.org\/{rel}","templated":true}]}}