{"id":2194,"date":"2023-06-02T15:37:11","date_gmt":"2023-06-02T07:37:11","guid":{"rendered":"http:\/\/203.196.10.64:3021\/?post_type=product&#038;p=2194"},"modified":"2023-10-09T10:31:10","modified_gmt":"2023-10-09T02:31:10","slug":"sk8339-tkanina-z-twarda-skorupa","status":"publish","type":"product","link":"https:\/\/www.sikortex.com\/pl\/produkt\/sk8339-tkanina-z-twarda-skorupa\/","title":{"rendered":"Recyklingowany nylon 228T Taslon w kamufla\u017cu Twarda skorupa"},"content":{"rendered":"<p>Producent tkanin u\u017cytkowych SIKOR-TEX<\/p>\n<p>SIKOR -TEX Nylon 228T Taslon Camouflage Hard Shell to trwa\u0142y i wszechstronny materia\u0142, kt\u00f3ry wytrzymuje trudy u\u017cytkowania na zewn\u0105trz, w tym zu\u017cycie, rozdarcie i nara\u017cenie na dzia\u0142anie czynnik\u00f3w atmosferycznych. Unikalny wz\u00f3r kamufla\u017cu zwi\u0119ksza atrakcyjno\u015b\u0107 wizualn\u0105, jednocze\u015bnie zwi\u0119kszaj\u0105c trwa\u0142o\u015b\u0107 tkaniny. Tkanina jest lekka i przeno\u015bna, dzi\u0119ki czemu idealnie nadaje si\u0119 na plecaki i inny sprz\u0119t outdoorowy.<br \/>\nProces laminowania dzianiny TPU+ zwi\u0119ksza grubo\u015b\u0107 tkaniny, jest jednocze\u015bnie wodoodporny i oddychaj\u0105cy, eliminuj\u0105c jednocze\u015bnie potrzeb\u0119 stosowania podszewki, co upraszcza trudno\u015b\u0107 w produkcji odzie\u017cy; pow\u0142oka TPU zapewnia doskona\u0142\u0105 wodoodporno\u015b\u0107, a warstwa dzianiny zapewnia dobr\u0105 oddychalno\u015b\u0107 i mi\u0119kko\u015b\u0107, dzi\u0119ki czemu u\u017cytkownik pozostaje suchy i wygodny nawet w wilgotnych warunkach. Materia\u0142 jest r\u00f3wnie\u017c trwa\u0142y i \u0142atwy w piel\u0119gnacji, dzi\u0119ki czemu jest praktycznym wyborem do noszenia na zewn\u0105trz.<\/p>","protected":false},"excerpt":{"rendered":"<p>1000 metr\u00f3w (min. zam\u00f3wienie)<\/p>","protected":false},"featured_media":3859,"comment_status":"closed","ping_status":"closed","template":"","meta":{"_uag_custom_page_level_css":"","site-sidebar-layout":"default","site-content-layout":"default","ast-site-content-layout":"","site-content-style":"default","site-sidebar-style":"default","ast-global-header-display":"","ast-banner-title-visibility":"","ast-main-header-display":"","ast-hfb-above-header-display":"","ast-hfb-below-header-display":"","ast-hfb-mobile-header-display":"","site-post-title":"","ast-breadcrumbs-content":"","ast-featured-img":"","footer-sml-layout":"","theme-transparent-header-meta":"default","adv-header-id-meta":"","stick-header-meta":"default","header-above-stick-meta":"","header-main-stick-meta":"","header-below-stick-meta":"","astra-migrate-meta-layouts":"default","ast-page-background-enabled":"default","ast-page-background-meta":{"desktop":{"background-color":"","background-image":"","background-repeat":"repeat","background-position":"center center","background-size":"auto","background-attachment":"scroll","background-type":"","background-media":"","overlay-type":"","overlay-color":"","overlay-opacity":"","overlay-gradient":""},"tablet":{"background-color":"","background-image":"","background-repeat":"repeat","background-position":"center center","background-size":"auto","background-attachment":"scroll","background-type":"","background-media":"","overlay-type":"","overlay-color":"","overlay-opacity":"","overlay-gradient":""},"mobile":{"background-color":"","background-image":"","background-repeat":"repeat","background-position":"center center","background-size":"auto","background-attachment":"scroll","background-type":"","background-media":"","overlay-type":"","overlay-color":"","overlay-opacity":"","overlay-gradient":""}},"ast-content-background-meta":{"desktop":{"background-color":"var(--ast-global-color-5)","background-image":"","background-repeat":"repeat","background-position":"center center","background-size":"auto","background-attachment":"scroll","background-type":"","background-media":"","overlay-type":"","overlay-color":"","overlay-opacity":"","overlay-gradient":""},"tablet":{"background-color":"var(--ast-global-color-5)","background-image":"","background-repeat":"repeat","background-position":"center center","background-size":"auto","background-attachment":"scroll","background-type":"","background-media":"","overlay-type":"","overlay-color":"","overlay-opacity":"","overlay-gradient":""},"mobile":{"background-color":"var(--ast-global-color-5)","background-image":"","background-repeat":"repeat","background-position":"center center","background-size":"auto","background-attachment":"scroll","background-type":"","background-media":"","overlay-type":"","overlay-color":"","overlay-opacity":"","overlay-gradient":""}}},"product_brand":[],"product_cat":[431,423,428,421,404,415,407,414],"product_tag":[],"class_list":{"0":"post-2194","1":"product","2":"type-product","3":"status-publish","4":"has-post-thumbnail","6":"product_cat-fabric-for-commuting-clothing","7":"product_cat-fabric-for-military-police","8":"product_cat-fabric-for-outdoor-sports","9":"product_cat-foul-weather-fabrics","10":"product_cat-nylon-fabrics","11":"product_cat-oil-repellent-fabric","12":"product_cat-recycled-fabric","13":"product_cat-waterproof-fabrics","14":"pa_available_colors-911052-spc","15":"desktop-align-left","16":"tablet-align-left","17":"mobile-align-left","18":"ast-product-gallery-layout-vertical-slider","19":"ast-product-tabs-layout-horizontal","21":"first","22":"instock","23":"shipping-taxable","24":"product-type-simple"},"uagb_featured_image_src":{"full":["https:\/\/www.sikortex.com\/wp-content\/uploads\/2023\/06\/10715141684_1244074369-1.jpg",1024,1024,false],"thumbnail":["https:\/\/www.sikortex.com\/wp-content\/uploads\/2023\/06\/10715141684_1244074369-1-150x150.jpg",150,150,true],"medium":["https:\/\/www.sikortex.com\/wp-content\/uploads\/2023\/06\/10715141684_1244074369-1-300x300.jpg",300,300,true],"medium_large":["https:\/\/www.sikortex.com\/wp-content\/uploads\/2023\/06\/10715141684_1244074369-1-768x768.jpg",768,768,true],"large":["https:\/\/www.sikortex.com\/wp-content\/uploads\/2023\/06\/10715141684_1244074369-1.jpg",1024,1024,false],"1536x1536":["https:\/\/www.sikortex.com\/wp-content\/uploads\/2023\/06\/10715141684_1244074369-1.jpg",1024,1024,false],"2048x2048":["https:\/\/www.sikortex.com\/wp-content\/uploads\/2023\/06\/10715141684_1244074369-1.jpg",1024,1024,false],"trp-custom-language-flag":["https:\/\/www.sikortex.com\/wp-content\/uploads\/2023\/06\/10715141684_1244074369-1.jpg",12,12,false],"woocommerce_thumbnail":["https:\/\/www.sikortex.com\/wp-content\/uploads\/2023\/06\/10715141684_1244074369-1-300x300.jpg",300,300,true],"woocommerce_single":["https:\/\/www.sikortex.com\/wp-content\/uploads\/2023\/06\/10715141684_1244074369-1-600x600.jpg",600,600,true],"woocommerce_gallery_thumbnail":["https:\/\/www.sikortex.com\/wp-content\/uploads\/2023\/06\/10715141684_1244074369-1-100x100.jpg",100,100,true]},"uagb_author_info":{"display_name":"Perry","author_link":"https:\/\/www.sikortex.com\/pl\/author\/"},"uagb_comment_info":0,"uagb_excerpt":"1000 Meters(Min.Order)","_links":{"self":[{"href":"https:\/\/www.sikortex.com\/pl\/wp-json\/wp\/v2\/product\/2194","targetHints":{"allow":["GET"]}}],"collection":[{"href":"https:\/\/www.sikortex.com\/pl\/wp-json\/wp\/v2\/product"}],"about":[{"href":"https:\/\/www.sikortex.com\/pl\/wp-json\/wp\/v2\/types\/product"}],"replies":[{"embeddable":true,"href":"https:\/\/www.sikortex.com\/pl\/wp-json\/wp\/v2\/comments?post=2194"}],"wp:featuredmedia":[{"embeddable":true,"href":"https:\/\/www.sikortex.com\/pl\/wp-json\/wp\/v2\/media\/3859"}],"wp:attachment":[{"href":"https:\/\/www.sikortex.com\/pl\/wp-json\/wp\/v2\/media?parent=2194"}],"wp:term":[{"taxonomy":"product_brand","embeddable":true,"href":"https:\/\/www.sikortex.com\/pl\/wp-json\/wp\/v2\/product_brand?post=2194"},{"taxonomy":"product_cat","embeddable":true,"href":"https:\/\/www.sikortex.com\/pl\/wp-json\/wp\/v2\/product_cat?post=2194"},{"taxonomy":"product_tag","embeddable":true,"href":"https:\/\/www.sikortex.com\/pl\/wp-json\/wp\/v2\/product_tag?post=2194"}],"curies":[{"name":"wp","href":"https:\/\/api.w.org\/{rel}","templated":true}]}}