{"id":2190,"date":"2023-06-02T15:37:28","date_gmt":"2023-06-02T07:37:28","guid":{"rendered":"http:\/\/203.196.10.64:3021\/?post_type=product&#038;p=2190"},"modified":"2023-10-24T08:59:51","modified_gmt":"2023-10-24T00:59:51","slug":"sk8261-nylon-lycra-material-alpinistyczny","status":"publish","type":"product","link":"https:\/\/www.sikortex.com\/pl\/produkt\/sk8261-nylon-lycra-material-alpinistyczny\/","title":{"rendered":"Nylon Spandex Lycra Elastyczna tkanina alpinistyczna"},"content":{"rendered":"<p>SIKOR-TEX Nylon Lycra Stretch Mountaineering Fabric, najlepszy towarzysz dla entuzjast\u00f3w outdooru i poszukiwaczy przyg\u00f3d. Zaprojektowany z precyzj\u0105 i innowacjami, ten materia\u0142 zosta\u0142 zaprojektowany, aby wzmocni\u0107 Ci\u0119 podczas g\u00f3rskich podr\u00f3\u017cy.<\/p>\n<p>Wykonany z wysokiej jako\u015bci mieszanki nylonu i lycry, nasz materia\u0142 zapewnia wyj\u0105tkow\u0105 rozci\u0105gliwo\u015b\u0107 i elastyczno\u015b\u0107, zapewniaj\u0105c nieograniczony ruch i zwinno\u015b\u0107 nawet w najtrudniejszym terenie. Ciesz si\u0119 swobod\u0105 przekraczania granic przy zachowaniu optymalnego komfortu.<\/p>\n<p>Dzi\u0119ki zaawansowanym w\u0142a\u015bciwo\u015bciom odprowadzania wilgoci nasza tkanina zapewnia sucho\u015b\u0107 i wygod\u0119, pozwalaj\u0105c Twojemu cia\u0142u oddycha\u0107 podczas intensywnych \u0107wicze\u0144 fizycznych. Po\u017cegnaj si\u0119 z dyskomfortem powodowanym przez pot i przywitaj zwi\u0119kszon\u0105 wydajno\u015b\u0107.<\/p>\n<p>Trwa\u0142a konstrukcja naszej tkaniny zapewnia d\u0142ugotrwa\u0142\u0105 odporno\u015b\u0107 na zu\u017cycie, dzi\u0119ki czemu mo\u017cesz \u015bmia\u0142o podbija\u0107 surowe krajobrazy. Zosta\u0142 zaprojektowany, aby sprosta\u0107 wymaganiom alpinizmu, zapewniaj\u0105c trwa\u0142o\u015b\u0107 bez uszczerbku dla komfortu.<\/p>\n<p>Niezale\u017cnie od tego, czy potrzebujesz kurtek, spodni czy innego sprz\u0119tu do wspinaczki g\u00f3rskiej, nasz materia\u0142 Nylon Lycra Stretch Mountaineering to doskona\u0142y wyb\u00f3r. Do\u015bwiadcz idealnego po\u0142\u0105czenia funkcjonalno\u015bci, elastyczno\u015bci i wydajno\u015bci i wznie\u015b swoje zaj\u0119cia na \u015bwie\u017cym powietrzu na nowy poziom. Wybierz nasz\u0105 tkanin\u0119 i odblokuj sw\u00f3j prawdziwy potencja\u0142 na \u015bwie\u017cym powietrzu.<\/p>","protected":false},"excerpt":{"rendered":"<p>600 metr\u00f3w (min. zam\u00f3wienie)<\/p>","protected":false},"featured_media":3827,"comment_status":"closed","ping_status":"closed","template":"","meta":{"_uag_custom_page_level_css":"","site-sidebar-layout":"default","site-content-layout":"default","ast-site-content-layout":"","site-content-style":"default","site-sidebar-style":"default","ast-global-header-display":"","ast-banner-title-visibility":"","ast-main-header-display":"","ast-hfb-above-header-display":"","ast-hfb-below-header-display":"","ast-hfb-mobile-header-display":"","site-post-title":"","ast-breadcrumbs-content":"","ast-featured-img":"","footer-sml-layout":"","theme-transparent-header-meta":"default","adv-header-id-meta":"","stick-header-meta":"default","header-above-stick-meta":"","header-main-stick-meta":"","header-below-stick-meta":"","astra-migrate-meta-layouts":"default","ast-page-background-enabled":"default","ast-page-background-meta":{"desktop":{"background-color":"","background-image":"","background-repeat":"repeat","background-position":"center center","background-size":"auto","background-attachment":"scroll","background-type":"","background-media":"","overlay-type":"","overlay-color":"","overlay-opacity":"","overlay-gradient":""},"tablet":{"background-color":"","background-image":"","background-repeat":"repeat","background-position":"center center","background-size":"auto","background-attachment":"scroll","background-type":"","background-media":"","overlay-type":"","overlay-color":"","overlay-opacity":"","overlay-gradient":""},"mobile":{"background-color":"","background-image":"","background-repeat":"repeat","background-position":"center center","background-size":"auto","background-attachment":"scroll","background-type":"","background-media":"","overlay-type":"","overlay-color":"","overlay-opacity":"","overlay-gradient":""}},"ast-content-background-meta":{"desktop":{"background-color":"var(--ast-global-color-5)","background-image":"","background-repeat":"repeat","background-position":"center center","background-size":"auto","background-attachment":"scroll","background-type":"","background-media":"","overlay-type":"","overlay-color":"","overlay-opacity":"","overlay-gradient":""},"tablet":{"background-color":"var(--ast-global-color-5)","background-image":"","background-repeat":"repeat","background-position":"center center","background-size":"auto","background-attachment":"scroll","background-type":"","background-media":"","overlay-type":"","overlay-color":"","overlay-opacity":"","overlay-gradient":""},"mobile":{"background-color":"var(--ast-global-color-5)","background-image":"","background-repeat":"repeat","background-position":"center center","background-size":"auto","background-attachment":"scroll","background-type":"","background-media":"","overlay-type":"","overlay-color":"","overlay-opacity":"","overlay-gradient":""}}},"product_brand":[],"product_cat":[426,431,430,428,429,404,425,420],"product_tag":[],"class_list":{"0":"post-2190","1":"product","2":"type-product","3":"status-publish","4":"has-post-thumbnail","6":"product_cat-constructionmining","7":"product_cat-fabric-for-commuting-clothing","8":"product_cat-fabric-for-motorwear","9":"product_cat-fabric-for-outdoor-sports","10":"product_cat-fabric-for-sportswear","11":"product_cat-nylon-fabrics","12":"product_cat-security-emergencies-road-services","13":"product_cat-stretch-fabrics","14":"pa_available_colors-911052-spc","15":"desktop-align-left","16":"tablet-align-left","17":"mobile-align-left","18":"ast-product-gallery-layout-vertical-slider","19":"ast-product-tabs-layout-horizontal","21":"first","22":"instock","23":"shipping-taxable","24":"product-type-simple"},"uagb_featured_image_src":{"full":["https:\/\/www.sikortex.com\/wp-content\/uploads\/2023\/06\/O1CN01NXwjK91G9E49z8yIh_2212913800579-0-cib-1.jpg",1024,1024,false],"thumbnail":["https:\/\/www.sikortex.com\/wp-content\/uploads\/2023\/06\/O1CN01NXwjK91G9E49z8yIh_2212913800579-0-cib-1-150x150.jpg",150,150,true],"medium":["https:\/\/www.sikortex.com\/wp-content\/uploads\/2023\/06\/O1CN01NXwjK91G9E49z8yIh_2212913800579-0-cib-1-300x300.jpg",300,300,true],"medium_large":["https:\/\/www.sikortex.com\/wp-content\/uploads\/2023\/06\/O1CN01NXwjK91G9E49z8yIh_2212913800579-0-cib-1-768x768.jpg",768,768,true],"large":["https:\/\/www.sikortex.com\/wp-content\/uploads\/2023\/06\/O1CN01NXwjK91G9E49z8yIh_2212913800579-0-cib-1.jpg",1024,1024,false],"1536x1536":["https:\/\/www.sikortex.com\/wp-content\/uploads\/2023\/06\/O1CN01NXwjK91G9E49z8yIh_2212913800579-0-cib-1.jpg",1024,1024,false],"2048x2048":["https:\/\/www.sikortex.com\/wp-content\/uploads\/2023\/06\/O1CN01NXwjK91G9E49z8yIh_2212913800579-0-cib-1.jpg",1024,1024,false],"trp-custom-language-flag":["https:\/\/www.sikortex.com\/wp-content\/uploads\/2023\/06\/O1CN01NXwjK91G9E49z8yIh_2212913800579-0-cib-1.jpg",12,12,false],"woocommerce_thumbnail":["https:\/\/www.sikortex.com\/wp-content\/uploads\/2023\/06\/O1CN01NXwjK91G9E49z8yIh_2212913800579-0-cib-1-300x300.jpg",300,300,true],"woocommerce_single":["https:\/\/www.sikortex.com\/wp-content\/uploads\/2023\/06\/O1CN01NXwjK91G9E49z8yIh_2212913800579-0-cib-1-600x600.jpg",600,600,true],"woocommerce_gallery_thumbnail":["https:\/\/www.sikortex.com\/wp-content\/uploads\/2023\/06\/O1CN01NXwjK91G9E49z8yIh_2212913800579-0-cib-1-100x100.jpg",100,100,true]},"uagb_author_info":{"display_name":"Perry","author_link":"https:\/\/www.sikortex.com\/pl\/author\/"},"uagb_comment_info":0,"uagb_excerpt":"600 Meters(Min.Order)","_links":{"self":[{"href":"https:\/\/www.sikortex.com\/pl\/wp-json\/wp\/v2\/product\/2190","targetHints":{"allow":["GET"]}}],"collection":[{"href":"https:\/\/www.sikortex.com\/pl\/wp-json\/wp\/v2\/product"}],"about":[{"href":"https:\/\/www.sikortex.com\/pl\/wp-json\/wp\/v2\/types\/product"}],"replies":[{"embeddable":true,"href":"https:\/\/www.sikortex.com\/pl\/wp-json\/wp\/v2\/comments?post=2190"}],"wp:featuredmedia":[{"embeddable":true,"href":"https:\/\/www.sikortex.com\/pl\/wp-json\/wp\/v2\/media\/3827"}],"wp:attachment":[{"href":"https:\/\/www.sikortex.com\/pl\/wp-json\/wp\/v2\/media?parent=2190"}],"wp:term":[{"taxonomy":"product_brand","embeddable":true,"href":"https:\/\/www.sikortex.com\/pl\/wp-json\/wp\/v2\/product_brand?post=2190"},{"taxonomy":"product_cat","embeddable":true,"href":"https:\/\/www.sikortex.com\/pl\/wp-json\/wp\/v2\/product_cat?post=2190"},{"taxonomy":"product_tag","embeddable":true,"href":"https:\/\/www.sikortex.com\/pl\/wp-json\/wp\/v2\/product_tag?post=2190"}],"curies":[{"name":"wp","href":"https:\/\/api.w.org\/{rel}","templated":true}]}}